{"id":381,"date":"2014-07-24T18:50:02","date_gmt":"2014-07-24T16:50:02","guid":{"rendered":"http:\/\/www.light-style.eu\/Blog\/?page_id=381"},"modified":"2014-07-30T11:55:35","modified_gmt":"2014-07-30T09:55:35","slug":"unsere-umfrage","status":"publish","type":"page","link":"https:\/\/www.light-style.eu\/Blog\/unsere-umfrage\/","title":{"rendered":"Umfrage \/ Gewinnspiel"},"content":{"rendered":"<p>Beantwortet nur die 2 kleinen Fragen was Euch an unseren Fotoarbeiten interessiert, und Ihr k\u00f6nnt an unserem Gewinnspiel teilnehmen und\u00a0 je einen <strong>Fotogutschein <\/strong>in H\u00f6he von <em><strong>100\u20ac \/ 50\u20ac \/ 25\u20ac<\/strong> <\/em>gewinnen<em> &#8211;\u00a0 f\u00fcr alle Fotoshootings bei uns, au\u00dfer Pa\u00df &amp; Bewerbungsfotos.<strong><br \/>\n<\/strong><\/em><\/p>\n<p><strong>Endet am 15.9.2014<\/strong><\/p>\n<hr \/>\n<p><a href=\"https:\/\/i0.wp.com\/www.light-style.eu\/Blog\/wp-content\/uploads\/2014\/07\/Gewinnspiel-Gutschein.jpg?ssl=1\"><img data-recalc-dims=\"1\" loading=\"lazy\" decoding=\"async\" data-attachment-id=\"400\" data-permalink=\"https:\/\/www.light-style.eu\/Blog\/unsere-umfrage\/gewinnspiel-gutschein\/#main\" data-orig-file=\"https:\/\/i0.wp.com\/www.light-style.eu\/Blog\/wp-content\/uploads\/2014\/07\/Gewinnspiel-Gutschein.jpg?fit=1496%2C500&amp;ssl=1\" data-orig-size=\"1496,500\" data-comments-opened=\"1\" data-image-meta=\"{&quot;aperture&quot;:&quot;0&quot;,&quot;credit&quot;:&quot;&quot;,&quot;camera&quot;:&quot;&quot;,&quot;caption&quot;:&quot;&quot;,&quot;created_timestamp&quot;:&quot;0&quot;,&quot;copyright&quot;:&quot;&quot;,&quot;focal_length&quot;:&quot;0&quot;,&quot;iso&quot;:&quot;0&quot;,&quot;shutter_speed&quot;:&quot;0&quot;,&quot;title&quot;:&quot;&quot;,&quot;orientation&quot;:&quot;1&quot;}\" data-image-title=\"Gewinnspiel-Gutschein\" data-image-description=\"\" data-image-caption=\"&lt;p&gt;Gutscheine f\u00fcr alle Arten an Shootings zu bekommen&lt;\/p&gt;\n\" data-large-file=\"https:\/\/i0.wp.com\/www.light-style.eu\/Blog\/wp-content\/uploads\/2014\/07\/Gewinnspiel-Gutschein.jpg?fit=1170%2C391&amp;ssl=1\" class=\"alignnone wp-image-400 \" src=\"https:\/\/i0.wp.com\/www.light-style.eu\/Blog\/wp-content\/uploads\/2014\/07\/Gewinnspiel-Gutschein.jpg?resize=438%2C146&#038;ssl=1\" alt=\"Gewinnspiel-Gutschein\" width=\"438\" height=\"146\" \/><\/a><\/p>\n<p>Ich w\u00fcrde mich sehr freuen wenn Ihr mir eine kleine Info gebt welche Fotoarbeiten von uns Euch am Meisten interessieren. Die Angabe der Daten wie Name , Mail ist rein optional, und erm\u00f6glicht uns lediglich die Kontaktaufnahme wenn Ihr es w\u00fcnscht.\u00a0 Es w\u00fcrde mich einfach mal interessieren, wonach Ihr schaut. Und somit kann ich besser auf Eure W\u00fcnsche eingehen.<\/p>\n<p><strong>Wenn Ihr an dem Gewinnspiel teilnehmen wollt, tragt bitte eure Mailadresse ein, Ihr bekommt dann umgehend eine Mail mit dem Link zum Gewinnspiel und dem ben\u00f6tigten Passwort.<\/strong><\/p>\n<p>Euer Andi<\/p>\n<p><em><strong>Daten Angabe ist rein optional, gerne auch ohne weitere Daten<\/strong><\/em><\/p>\n<p>erst bei der Teilnahme am Gewinnspiel brauchen wir Eure Daten um Euch als eventl. Gewinner benachrichtigen zu k\u00f6nnen. Die Daten werden dann beim Spiel abgefragt.<\/p>\n<hr \/>\n<style type=\"text\/css\">\t\t\t\tdiv.mlw_qmn_quiz input[type=radio],\r\n\t\t\t\tdiv.mlw_qmn_quiz input[type=submit],\r\n\t\t\t\tdiv.mlw_qmn_quiz label {\r\n\t\t\t\t\tcursor: pointer;\r\n\t\t\t\t}\r\n\t\t\t\tdiv.mlw_qmn_quiz input:not([type=submit]):focus,\r\n\t\t\t\tdiv.mlw_qmn_quiz textarea:focus {\r\n\t\t\t\t\tbackground: #eaeaea;\r\n\t\t\t\t}\r\n\t\t\t\tdiv.mlw_qmn_quiz {\r\n\t\t\t\t\ttext-align: left;\r\n\t\t\t\t}\r\n\t\t\t\tdiv.quiz_section {\r\n\t\t\t\t\t\r\n\t\t\t\t}\r\n\t\t\t\tdiv.mlw_qmn_timer {\r\n\t\t\t\t\tposition:fixed;\r\n\t\t\t\t\ttop:200px;\r\n\t\t\t\t\tright:0px;\r\n\t\t\t\t\twidth:130px;\r\n\t\t\t\t\tcolor:#0444FF;\r\n\t\t\t\t\tborder-radius: 15px;\r\n\t\t\t\t\tbackground:#000000;\r\n\t\t\t\t\ttext-align: center;\r\n\t\t\t\t\tpadding: 15px 15px 15px 15px\r\n\t\t\t\t}\r\n\t\t\t\tdiv.mlw_qmn_quiz input[type=submit],\r\n\t\t\t\ta.mlw_qmn_quiz_link\r\n\t\t\t\t{\r\n\t\t\t\t\t    border-radius: 4px;\r\n\t\t\t\t\t    position: relative;\r\n\t\t\t\t\t    background-image: linear-gradient(#fff,#dedede);\r\n\t\t\t\t\t\tbackground-color: #5e5e5f;\r\n\t\t\t\t\t\tborder: #ccc solid 1px;\r\n\t\t\t\t\t\tcolor: #5e5e5f;\r\n\t\t\t\t\t\ttext-shadow: 0 1px 0 rgba(255,255,255,.5);\r\n\t\t\t\t\t\tbox-sizing: border-box;\r\n\t\t\t\t\t    display: inline-block;\r\n\t\t\t\t\t    padding: 5px 5px 5px 5px;\r\n   \t\t\t\t\t\tmargin: auto;\r\n\t\t\t\t}<\/style><script>\n                            if (window.qmn_quiz_data === undefined) {\n                                    window.qmn_quiz_data = new Object();\n                            }\n                    <\/script><script>window.qmn_quiz_data[\"1\"] = {\"quiz_id\":\"1\",\"quiz_name\":\"1.Umfrage\",\"disable_answer\":\"0\",\"ajax_show_correct\":\"0\",\"progress_bar\":0,\"contact_info_location\":\"1\",\"qpages\":[],\"skip_validation_time_expire\":0,\"timer_limit_val\":\"0\",\"disable_scroll_next_previous_click\":0,\"disable_scroll_on_result\":0,\"disable_first_page\":0,\"enable_result_after_timer_end\":0,\"enable_quick_result_mc\":1,\"end_quiz_if_wrong\":0,\"form_disable_autofill\":0,\"disable_mathjax\":0,\"enable_quick_correct_answer_info\":0,\"quick_result_correct_answer_text\":\"Correct! You have selected correct answer.\",\"quick_result_wrong_answer_text\":\"Wrong! You have selected wrong answer.\",\"quiz_processing_message\":\"\",\"quiz_limit_choice\":\"Limit of choice is reached.\",\"not_allow_after_expired_time\":0,\"scheduled_time_end\":false,\"prevent_reload\":0,\"limit_email_based_submission\":0,\"total_user_tries\":\"1\",\"is_logged_in\":false,\"error_messages\":{\"email_error_text\":\"Not a valid e-mail address!\",\"number_error_text\":\"This field must be a number!\",\"incorrect_error_text\":\"The entered text is not correct!\",\"empty_error_text\":\"Please complete all required fields!\",\"contact_field_required_error_text\":\"Please complete all required fields!\",\"url_error_text\":\"The entered URL is not valid!\",\"minlength_error_text\":\"Required atleast %minlength% characters.\",\"maxlength_error_text\":\"Maximum %maxlength% characters allowed.\",\"recaptcha_error_text\":\"ReCaptcha is missing\",\"phone_error_text\":\"Phone number is invalid\"},\"question_list\":{\"1\":{\"question_id\":\"1\",\"quiz_id\":\"1\",\"question_name\":\"Welche Fotoarbeiten von uns interessieren Euch am Meisten? Klickt einfach das an was Euch interessiert. So k\\u00f6nnen wir den am Meisten interessanten Bereich f\\u00fcr Euch noch attraktiver gestalten.\",\"answer_array\":\"a:7:{i:0;a:3:{i:0;s:14:\\\"Hochzeitsfotos\\\";i:1;i:0;i:2;i:0;}i:1;a:3:{i:0;s:8:\\\"Aktfotos\\\";i:1;i:0;i:2;i:0;}i:2;a:3:{i:0;s:9:\\\"Portr\\u00e4ts\\\";i:1;i:0;i:2;i:0;}i:3;a:3:{i:0;s:12:\\\"Outdoorfotos\\\";i:1;i:0;i:2;i:0;}i:4;a:3:{i:0;s:13:\\\"Tierportr\\u00e4ts\\\";i:1;i:0;i:2;i:0;}i:5;a:3:{i:0;s:20:\\\"Beauty &amp; Glamour\\\";i:1;i:0;i:2;i:0;}i:6;a:3:{i:0;s:25:\\\"Werbe &amp; Businessfotos\\\";i:1;i:0;i:2;i:0;}}\",\"answer_one\":\"\",\"answer_one_points\":\"0\",\"answer_two\":\"\",\"answer_two_points\":\"0\",\"answer_three\":\"\",\"answer_three_points\":\"0\",\"answer_four\":\"\",\"answer_four_points\":\"0\",\"answer_five\":\"\",\"answer_five_points\":\"0\",\"answer_six\":\"\",\"answer_six_points\":\"0\",\"correct_answer\":\"0\",\"question_answer_info\":\"\",\"comments\":\"0\",\"hints\":\"\",\"question_order\":\"1\",\"question_type\":\"0\",\"question_type_new\":\"0\",\"question_settings\":\"\",\"category\":\"\",\"linked_question\":\"\",\"deleted\":\"0\",\"deleted_question_bank\":\"0\",\"answers\":[[\"Hochzeitsfotos\",0,0],[\"Aktfotos\",0,0],[\"Portr\\u00e4ts\",0,0],[\"Outdoorfotos\",0,0],[\"Tierportr\\u00e4ts\",0,0],[\"Beauty &amp; Glamour\",0,0],[\"Werbe &amp; Businessfotos\",0,0]]},\"5\":{\"question_id\":\"5\",\"quiz_id\":\"1\",\"question_name\":\"Durften wir Dich schon mal als Kunde bei uns begr\\u00fc\\u00dfen?\",\"answer_array\":\"a:2:{i:0;a:3:{i:0;s:2:\\\"JA\\\";i:1;i:0;i:2;i:0;}i:1;a:3:{i:0;s:4:\\\"NEIN\\\";i:1;i:0;i:2;i:0;}}\",\"answer_one\":\"\",\"answer_one_points\":\"0\",\"answer_two\":\"\",\"answer_two_points\":\"0\",\"answer_three\":\"\",\"answer_three_points\":\"0\",\"answer_four\":\"\",\"answer_four_points\":\"0\",\"answer_five\":\"\",\"answer_five_points\":\"0\",\"answer_six\":\"\",\"answer_six_points\":\"0\",\"correct_answer\":\"0\",\"question_answer_info\":\"\",\"comments\":\"1\",\"hints\":\"\",\"question_order\":\"1\",\"question_type\":\"0\",\"question_type_new\":\"0\",\"question_settings\":\"\",\"category\":\"\",\"linked_question\":\"\",\"deleted\":\"0\",\"deleted_question_bank\":\"0\",\"answers\":[[\"JA\",0,0],[\"NEIN\",0,0]]}},\"first_page\":true,\"questions_settings\":[]}\n                    <\/script>\t\t<div class='qsm-quiz-container qsm-quiz-container-1 qmn_quiz_container mlw_qmn_quiz  quiz_theme_default  '>\n\t\t\t\t\t\t\t\t<form name=\"quizForm1\" id=\"quizForm1\" action=\"\/Blog\/wp-json\/wp\/v2\/pages\/381\" method=\"POST\" class=\"qsm-quiz-form qmn_quiz_form mlw_quiz_form\" novalidate enctype=\"multipart\/form-data\">\n\t\t\t\t<input type=\"hidden\" name=\"qsm_hidden_questions\" id=\"qsm_hidden_questions\" value=\"\">\n\t\t\t\t<input type=\"hidden\" name=\"qsm_nonce\" id=\"qsm_nonce_1\" value=\"60d0315858\">\n\t\t\t\t<input type=\"hidden\" name=\"qsm_unique_key\" id=\"qsm_unique_key_1\" value=\"69ea9cba828e5\">\n\t\t\t\t<div id=\"mlw_error_message\" class=\"qsm-error-message qmn_error_message_section\"><\/div>\n\t\t\t\t<span id=\"mlw_top_of_quiz\"><\/span>\n\t\t\t\t\t\t\t<div class=\"qsm-auto-page-row quiz_section quiz_begin \">\n\t\t\t\t\t\t\t\t<div class='mlw_qmn_message_before'>\n\t\t\t\t\t<p>Danke dass Du an der Umfrage teilnimmst und uns damit hilfst <\/p>\n\t\t\t\t<\/div>\n\t\t\t\t\t\t\t\t\t<\/div>\n\t\t\t\t\t\t<div class=\"quiz_section qsm-question-wrapper question-type-0  question-section-id-1 slide1 \">\n\t\t\t\t\t<div class='mlw_qmn_question ' >\n\t\t<p>Welche Fotoarbeiten von uns interessieren Euch am Meisten? Klickt einfach das an was Euch interessiert. So k\u00f6nnen wir den am Meisten interessanten Bereich f\u00fcr Euch noch attraktiver gestalten.<\/p>\n\t<\/div>\n\t\t<fieldset>\n\t\t<legend><\/legend>\n\t<div class='qmn_radio_answers '>\n\t\t\t\t\t\t\t\t<div class=\"qmn_mc_answer_wrap  mrq_checkbox_class\" id=\"question1-1 \">\n\t\t\t\t\t\t\t\t\t\t\t<input type='radio' class='qmn_quiz_radio qmn-multiple-choice-input ' name=\"question1\" id=\"question1_1\" value=\"0\" \/>\n\t\t\t\t\t<label class=\"qsm-input-label\" for=\"question1_1\">\n\t\t\t\t\tHochzeitsfotos\t\t\t\t\t<\/label>\n\t\t\t\t\t \t\t\t\t<\/div>\n\t\t\t\t\t\t\t\t\t\t\t<div class=\"qmn_mc_answer_wrap  mrq_checkbox_class\" id=\"question1-2 \">\n\t\t\t\t\t\t\t\t\t\t\t<input type='radio' class='qmn_quiz_radio qmn-multiple-choice-input ' name=\"question1\" id=\"question1_2\" value=\"1\" \/>\n\t\t\t\t\t<label class=\"qsm-input-label\" for=\"question1_2\">\n\t\t\t\t\tAktfotos\t\t\t\t\t<\/label>\n\t\t\t\t\t \t\t\t\t<\/div>\n\t\t\t\t\t\t\t\t\t\t\t<div class=\"qmn_mc_answer_wrap  mrq_checkbox_class\" id=\"question1-3 \">\n\t\t\t\t\t\t\t\t\t\t\t<input type='radio' class='qmn_quiz_radio qmn-multiple-choice-input ' name=\"question1\" id=\"question1_3\" value=\"2\" \/>\n\t\t\t\t\t<label class=\"qsm-input-label\" for=\"question1_3\">\n\t\t\t\t\tPortr\u00e4ts\t\t\t\t\t<\/label>\n\t\t\t\t\t \t\t\t\t<\/div>\n\t\t\t\t\t\t\t\t\t\t\t<div class=\"qmn_mc_answer_wrap  mrq_checkbox_class\" id=\"question1-4 \">\n\t\t\t\t\t\t\t\t\t\t\t<input type='radio' class='qmn_quiz_radio qmn-multiple-choice-input ' name=\"question1\" id=\"question1_4\" value=\"3\" \/>\n\t\t\t\t\t<label class=\"qsm-input-label\" for=\"question1_4\">\n\t\t\t\t\tOutdoorfotos\t\t\t\t\t<\/label>\n\t\t\t\t\t \t\t\t\t<\/div>\n\t\t\t\t\t\t\t\t\t\t\t<div class=\"qmn_mc_answer_wrap  mrq_checkbox_class\" id=\"question1-5 \">\n\t\t\t\t\t\t\t\t\t\t\t<input type='radio' class='qmn_quiz_radio qmn-multiple-choice-input ' name=\"question1\" id=\"question1_5\" value=\"4\" \/>\n\t\t\t\t\t<label class=\"qsm-input-label\" for=\"question1_5\">\n\t\t\t\t\tTierportr\u00e4ts\t\t\t\t\t<\/label>\n\t\t\t\t\t \t\t\t\t<\/div>\n\t\t\t\t\t\t\t\t\t\t\t<div class=\"qmn_mc_answer_wrap  mrq_checkbox_class\" id=\"question1-6 \">\n\t\t\t\t\t\t\t\t\t\t\t<input type='radio' class='qmn_quiz_radio qmn-multiple-choice-input ' name=\"question1\" id=\"question1_6\" value=\"5\" \/>\n\t\t\t\t\t<label class=\"qsm-input-label\" for=\"question1_6\">\n\t\t\t\t\tBeauty &amp; Glamour\t\t\t\t\t<\/label>\n\t\t\t\t\t \t\t\t\t<\/div>\n\t\t\t\t\t\t\t\t\t\t\t<div class=\"qmn_mc_answer_wrap  mrq_checkbox_class\" id=\"question1-7 \">\n\t\t\t\t\t\t\t\t\t\t\t<input type='radio' class='qmn_quiz_radio qmn-multiple-choice-input ' name=\"question1\" id=\"question1_7\" value=\"6\" \/>\n\t\t\t\t\t<label class=\"qsm-input-label\" for=\"question1_7\">\n\t\t\t\t\tWerbe &amp; Businessfotos\t\t\t\t\t<\/label>\n\t\t\t\t\t \t\t\t\t<\/div>\n\t\t\t\t\t \t\t\t<label style=\"display: none !important;\" for=\"question1_none\">None<\/label>\n\t\t\t<input type=\"radio\" style=\"display: none;\" name=\"question1\" id=\"question1_none\" checked=\"checked\" value=\"\" \/>\n\t\t\t\t<\/div>\n\t<\/fieldset>\n\t<input type=\"hidden\" name=\"answer_limit_keys_1\" value=\"\" \/>\n\t\t\t\t\t\t<label class=\"qsm_accessibility_label\" for=\"mlwComment1\">Comment<\/label>\n\t\t\t\t\t<input type=\"text\" class=\"mlw_qmn_question_comment\" id=\"mlwComment1\" name=\"mlwComment1\" placeholder=\"Kommentar\" onclick=\"qmnClearField(this)\" \/><br \/>\n\t\t\t\t\t\t\t\t<\/div><!-- .quiz_section -->\n\t\t\t\t\t\t<div class=\"quiz_section qsm-question-wrapper question-type-0  question-section-id-5 slide2 \">\n\t\t\t\t\t<div class='mlw_qmn_question ' >\n\t\t<p>Durften wir Dich schon mal als Kunde bei uns begr\u00fc\u00dfen?<\/p>\n\t<\/div>\n\t\t<fieldset>\n\t\t<legend><\/legend>\n\t<div class='qmn_radio_answers '>\n\t\t\t\t\t\t\t\t<div class=\"qmn_mc_answer_wrap  mrq_checkbox_class\" id=\"question5-1 \">\n\t\t\t\t\t\t\t\t\t\t\t<input type='radio' class='qmn_quiz_radio qmn-multiple-choice-input ' name=\"question5\" id=\"question5_1\" value=\"0\" \/>\n\t\t\t\t\t<label class=\"qsm-input-label\" for=\"question5_1\">\n\t\t\t\t\tJA\t\t\t\t\t<\/label>\n\t\t\t\t\t \t\t\t\t<\/div>\n\t\t\t\t\t\t\t\t\t\t\t<div class=\"qmn_mc_answer_wrap  mrq_checkbox_class\" id=\"question5-2 \">\n\t\t\t\t\t\t\t\t\t\t\t<input type='radio' class='qmn_quiz_radio qmn-multiple-choice-input ' name=\"question5\" id=\"question5_2\" value=\"1\" \/>\n\t\t\t\t\t<label class=\"qsm-input-label\" for=\"question5_2\">\n\t\t\t\t\tNEIN\t\t\t\t\t<\/label>\n\t\t\t\t\t \t\t\t\t<\/div>\n\t\t\t\t\t \t\t\t<label style=\"display: none !important;\" for=\"question5_none\">None<\/label>\n\t\t\t<input type=\"radio\" style=\"display: none;\" name=\"question5\" id=\"question5_none\" checked=\"checked\" value=\"\" \/>\n\t\t\t\t<\/div>\n\t<\/fieldset>\n\t<input type=\"hidden\" name=\"answer_limit_keys_5\" value=\"\" \/>\n\t\t\t\t<\/div><!-- .quiz_section -->\n\t\t\t\t\t<input type=\"hidden\" name=\"qmn_question_list\" value=\"1Q5Q\" \/>\n\t\t\t\t\t<br \/>\n\t\t\t<div class=\"qsm-auto-page-row quiz_section quiz_end \">\n\t\t\t\t\t\t\t\t\t<span class='mlw_qmn_message_end'>\n\t\t\t\t\t<p>Danke Dir f\u00fcr Deine Hilfe<\/p>\n\t\t\t\t\t<\/span>\n\t\t\t\t\t<br \/><br \/>\n\t\t\t\t\t\t\t\t\t<span class='mlw_qmn_question qsm_question'>Name<\/span>\n\t\t\t\t<input  type='text' class='' name='mlwUserName' placeholder=\"Name\" value='' \/>\n\t\t\t\t\t\t\t\t<span class='mlw_qmn_question qsm_question'>Beruf<\/span>\n\t\t\t\t<input  type='text' class='' name='mlwUserComp' placeholder=\"Beruf\" value='' \/>\n\t\t\t\t\t\t\t\t<span class='mlw_qmn_question qsm_question'>Email<\/span>\n\t\t\t\t<input  type='email' class='mlwEmail ' name='mlwUserEmail' placeholder=\"Email\" value='' \/>\n\t\t\t\t\t\t\t\t\t\t\t\t\t<input type='submit' class='qsm-btn qsm-submit-btn qmn_btn' value=\"Senden\" \/>\n\t\t\t\t\t\t\t<\/div>\n\t\t\t\t\t\t\t\t<div id=\"mlw_error_message_bottom\" class=\"qsm-error-message qmn_error_message_section\"><\/div>\n\t\t\t\t\t<input type=\"hidden\" name=\"qmn_all_questions_count\" id=\"qmn_all_questions_count\" value=\"2\" \/>\n\t\t\t\t\t<input type=\"hidden\" name=\"total_questions\" id=\"total_questions\" value=\"2\" \/>\n\t\t\t\t\t<input type=\"hidden\" name=\"timer\" id=\"timer\" value=\"0\" \/>\n\t\t\t\t\t<input type=\"hidden\" name=\"timer_ms\" id=\"timer_ms\" value=\"0\"\/>\n\t\t\t\t\t<input type=\"hidden\" class=\"qmn_quiz_id\" name=\"qmn_quiz_id\" id=\"qmn_quiz_id\" value=\"1\" \/>\n\t\t\t\t\t<input type='hidden' name='complete_quiz' value='confirmation' \/>\n\t\t\t\t\t\t\t\t\t<\/form>\n\t\t\t\t\t\t<\/div>\n\t\t<div style=\"display: none;\" class=\"qsm-popup qsm-popup-slide\" id=\"modal-4\" aria-hidden=\"false\"><div class=\"qsm-popup__overlay\" tabindex=\"-1\" data-micromodal-close=\"\"><div class=\"qsm-popup__container qmn_quiz_container\" role=\"dialog\" aria-modal=\"true\"><div class=\"qsm-popup__content\"><img data-recalc-dims=\"1\" decoding=\"async\" src=\"https:\/\/i0.wp.com\/www.light-style.eu\/Blog\/wp-content\/plugins\/quiz-master-next\/assets\/clock.png?w=1170&#038;ssl=1\" alt=\"clock.png\"\/><p class=\"qsm-time-up-text\"> Time's up<\/p><\/div><footer class=\"qsm-popup__footer\"><button class=\"qsm-popup-secondary-button qmn_btn\" data-micromodal-close=\"\" aria-label=\"Close this dialog window\" onclick=\"location.reload();\">Cancel<\/button><\/footer><\/div><\/div><\/div>\n<p style=\"text-align: center;\"><a href=\"https:\/\/i0.wp.com\/www.light-style.eu\/Blog\/wp-content\/uploads\/2014\/07\/M%C3%BCnchensurf1.jpg?ssl=1\"><img data-recalc-dims=\"1\" loading=\"lazy\" decoding=\"async\" data-attachment-id=\"393\" data-permalink=\"https:\/\/www.light-style.eu\/Blog\/unsere-umfrage\/muenchensurf1\/#main\" data-orig-file=\"https:\/\/i0.wp.com\/www.light-style.eu\/Blog\/wp-content\/uploads\/2014\/07\/M%C3%BCnchensurf1.jpg?fit=600%2C900&amp;ssl=1\" data-orig-size=\"600,900\" data-comments-opened=\"1\" data-image-meta=\"{&quot;aperture&quot;:&quot;5&quot;,&quot;credit&quot;:&quot;Photographer: www.light-style.eu&quot;,&quot;camera&quot;:&quot;Canon EOS 5D Mark II&quot;,&quot;caption&quot;:&quot;&quot;,&quot;created_timestamp&quot;:&quot;1374488057&quot;,&quot;copyright&quot;:&quot;www.light-style.eu&quot;,&quot;focal_length&quot;:&quot;100&quot;,&quot;iso&quot;:&quot;100&quot;,&quot;shutter_speed&quot;:&quot;0.00125&quot;,&quot;title&quot;:&quot;&quot;,&quot;orientation&quot;:&quot;1&quot;}\" data-image-title=\"M\u00fcnchensurf1\" data-image-description=\"\" data-image-caption=\"\" data-large-file=\"https:\/\/i0.wp.com\/www.light-style.eu\/Blog\/wp-content\/uploads\/2014\/07\/M%C3%BCnchensurf1.jpg?fit=600%2C900&amp;ssl=1\" class=\"aligncenter wp-image-393 size-medium\" src=\"https:\/\/i0.wp.com\/www.light-style.eu\/Blog\/wp-content\/uploads\/2014\/07\/M%C3%BCnchensurf1.jpg?resize=200%2C300&#038;ssl=1\" alt=\"M\u00fcnchensurf1\" width=\"200\" height=\"300\" \/><\/a>Der Rechtsweg ist nat\u00fcrlich wie immer ausgeschlossen .<\/p>\n","protected":false},"excerpt":{"rendered":"<p>Beantwortet nur die 2 kleinen Fragen was Euch an unseren Fotoarbeiten interessiert, und Ihr k\u00f6nnt an unserem Gewinnspiel teilnehmen und\u00a0 je einen Fotogutschein in H\u00f6he von 100\u20ac \/ 50\u20ac \/ 25\u20ac gewinnen &#8211;\u00a0 f\u00fcr alle Fotoshootings bei uns, au\u00dfer Pa\u00df &amp; Bewerbungsfotos. Endet am 15.9.2014 Ich w\u00fcrde mich sehr freuen wenn Ihr mir eine kleine<span class=\"post-excerpt-end\">&hellip;<\/span><\/p>\n<p class=\"more-link\"><a href=\"https:\/\/www.light-style.eu\/Blog\/unsere-umfrage\/\" class=\"themebutton\">Read More<\/a><\/p>\n","protected":false},"author":2,"featured_media":0,"parent":0,"menu_order":0,"comment_status":"open","ping_status":"open","template":"","meta":{"jetpack_post_was_ever_published":false,"footnotes":""},"categories":[],"tags":[],"class_list":["post-381","page","type-page","status-publish","hentry"],"jetpack_sharing_enabled":true,"jetpack_shortlink":"https:\/\/wp.me\/P4Ojrv-69","jetpack-related-posts":[{"id":8947,"url":"https:\/\/www.light-style.eu\/Blog\/unsere-fotoshootings-im-studio\/","url_meta":{"origin":381,"position":0},"title":"Unsere Fotoshootings im Studio","author":"Andi M\u00f6ller","date":"15. Mai 2025","format":false,"excerpt":"Klicke auf den jeweiligen Titel, um zur entsprechenden Studioseite zu gelangen. Portr\u00e4t Damit wir genau das richtige Foto f\u00fcr Euch schie\u00dfen, nehmen wir uns immer Zeit f\u00fcr ein kleines Gespr\u00e4ch. So k\u00f6nnen wir herausfinden, was f\u00fcr eine Art Portr\u00e4t am besten zu Euch und dem Anlass passt. Vielf\u00e4ltige Portr\u00e4tstile Individuelle\u2026","rel":"","context":"\u00c4hnlicher Beitrag","block_context":{"text":"\u00c4hnlicher Beitrag","link":""},"img":{"alt_text":"","src":"https:\/\/i0.wp.com\/www.light-style.eu\/Blog\/wp-content\/uploads\/2025\/03\/P25S0102-14.jpg?resize=350%2C200&ssl=1","width":350,"height":200,"srcset":"https:\/\/i0.wp.com\/www.light-style.eu\/Blog\/wp-content\/uploads\/2025\/03\/P25S0102-14.jpg?resize=350%2C200&ssl=1 1x, https:\/\/i0.wp.com\/www.light-style.eu\/Blog\/wp-content\/uploads\/2025\/03\/P25S0102-14.jpg?resize=525%2C300&ssl=1 1.5x, https:\/\/i0.wp.com\/www.light-style.eu\/Blog\/wp-content\/uploads\/2025\/03\/P25S0102-14.jpg?resize=700%2C400&ssl=1 2x"},"classes":[]},{"id":8992,"url":"https:\/\/www.light-style.eu\/Blog\/durchstoebere-unseren-blog-in-ruhe\/","url_meta":{"origin":381,"position":1},"title":"Durchst\u00f6bere unseren Blog in Ruhe","author":"Andi M\u00f6ller","date":"16. Mai 2025","format":false,"excerpt":"Auf dem Handy sind Fotos ganz nett, aber wirklich Details seht Ihr nur auf dem PC oder mindestens Tablet. Hier hast Du nun die M\u00f6glichkeit gezielt nach den Themen zu suchen, welche Dich interessieren. Viel Spa\u00df und ich freue mich \u00fcber Kommentare :-) Euer Andi","rel":"","context":"\u00c4hnlicher Beitrag","block_context":{"text":"\u00c4hnlicher Beitrag","link":""},"img":{"alt_text":"","src":"https:\/\/i0.wp.com\/www.light-style.eu\/Blog\/wp-content\/uploads\/2021\/12\/Alberto-Fashion-Maennerportraet-2021-53.jpg?resize=350%2C200&ssl=1","width":350,"height":200,"srcset":"https:\/\/i0.wp.com\/www.light-style.eu\/Blog\/wp-content\/uploads\/2021\/12\/Alberto-Fashion-Maennerportraet-2021-53.jpg?resize=350%2C200&ssl=1 1x, https:\/\/i0.wp.com\/www.light-style.eu\/Blog\/wp-content\/uploads\/2021\/12\/Alberto-Fashion-Maennerportraet-2021-53.jpg?resize=525%2C300&ssl=1 1.5x, https:\/\/i0.wp.com\/www.light-style.eu\/Blog\/wp-content\/uploads\/2021\/12\/Alberto-Fashion-Maennerportraet-2021-53.jpg?resize=700%2C400&ssl=1 2x, https:\/\/i0.wp.com\/www.light-style.eu\/Blog\/wp-content\/uploads\/2021\/12\/Alberto-Fashion-Maennerportraet-2021-53.jpg?resize=1050%2C600&ssl=1 3x"},"classes":[]},{"id":4582,"url":"https:\/\/www.light-style.eu\/Blog\/translate-our-site\/","url_meta":{"origin":381,"position":2},"title":"Translate our site","author":"Andi M\u00f6ller","date":"2. Mai 2019","format":false,"excerpt":"select Your language below to enjoy our blog :-) Zur\u00fcck zur Startseite Die gro\u00dfen Hotelanlagen, man kann dort auch das Ambiente zum Essen oder Trinken genie\u00dfen. Nichts abgesperrt","rel":"","context":"\u00c4hnlicher Beitrag","block_context":{"text":"\u00c4hnlicher Beitrag","link":""},"img":{"alt_text":"mauritius","src":"https:\/\/i0.wp.com\/www.light-style.eu\/Blog\/wp-content\/uploads\/2018\/01\/Mauritius-2018-2124-Bearbeitet-1.jpg?resize=350%2C200&ssl=1","width":350,"height":200,"srcset":"https:\/\/i0.wp.com\/www.light-style.eu\/Blog\/wp-content\/uploads\/2018\/01\/Mauritius-2018-2124-Bearbeitet-1.jpg?resize=350%2C200&ssl=1 1x, https:\/\/i0.wp.com\/www.light-style.eu\/Blog\/wp-content\/uploads\/2018\/01\/Mauritius-2018-2124-Bearbeitet-1.jpg?resize=525%2C300&ssl=1 1.5x, https:\/\/i0.wp.com\/www.light-style.eu\/Blog\/wp-content\/uploads\/2018\/01\/Mauritius-2018-2124-Bearbeitet-1.jpg?resize=700%2C400&ssl=1 2x, https:\/\/i0.wp.com\/www.light-style.eu\/Blog\/wp-content\/uploads\/2018\/01\/Mauritius-2018-2124-Bearbeitet-1.jpg?resize=1050%2C600&ssl=1 3x"},"classes":[]},{"id":7,"url":"https:\/\/www.light-style.eu\/Blog\/impressum\/","url_meta":{"origin":381,"position":3},"title":"Impressum","author":"Andi M\u00f6ller","date":"5. Mai 2014","format":false,"excerpt":"Impressum IMPRESSUM Inhaltlich Verantwortlicher Angaben gem\u00e4\u00df \u00a7 5 TMG:Fotostudio Light-Style Andreas M\u00f6ller Jahnstra\u00dfe 7 63517 Rodenbach USt-IdNr.: DE243380881 Tel: (06184) 930505 E-Mail: contact@studio-light-style.de \u00a0 Haftungsausschluss: Haftung f\u00fcr Inhalte Die Inhalte unserer Seiten wurden mit gr\u00f6sster Sorgfalt erstellt. F\u00fcr die Richtigkeit, Vollst\u00e4ndigkeit und Aktualit\u00e4t der Inhalte k\u00f6nnen wir jedoch keine Gew\u00e4hr\u2026","rel":"","context":"\u00c4hnlicher Beitrag","block_context":{"text":"\u00c4hnlicher Beitrag","link":""},"img":{"alt_text":"","src":"","width":0,"height":0},"classes":[]},{"id":3463,"url":"https:\/\/www.light-style.eu\/Blog\/impressum\/datenschutzerklaerung\/","url_meta":{"origin":381,"position":4},"title":"Datenschutzerkl\u00e4rung","author":"Andi M\u00f6ller","date":"13. Juni 2018","format":false,"excerpt":"Wer wir sind Die Adresse unserer Website ist: https:\/\/www.light-style.eu\/Blog. Welche personenbezogenen Daten wir sammeln und warum wir sie sammeln Kommentare Wenn Besucher Kommentare auf der Website schreiben, sammeln wir die Daten, die im Kommentar-Formular angezeigt werden, au\u00dferdem die IP-Adresse des Besuchers und den User-Agent-String (damit wird der Browser identifiziert), um\u2026","rel":"","context":"\u00c4hnlicher Beitrag","block_context":{"text":"\u00c4hnlicher Beitrag","link":""},"img":{"alt_text":"","src":"","width":0,"height":0},"classes":[]}],"_links":{"self":[{"href":"https:\/\/www.light-style.eu\/Blog\/wp-json\/wp\/v2\/pages\/381","targetHints":{"allow":["GET"]}}],"collection":[{"href":"https:\/\/www.light-style.eu\/Blog\/wp-json\/wp\/v2\/pages"}],"about":[{"href":"https:\/\/www.light-style.eu\/Blog\/wp-json\/wp\/v2\/types\/page"}],"author":[{"embeddable":true,"href":"https:\/\/www.light-style.eu\/Blog\/wp-json\/wp\/v2\/users\/2"}],"replies":[{"embeddable":true,"href":"https:\/\/www.light-style.eu\/Blog\/wp-json\/wp\/v2\/comments?post=381"}],"version-history":[{"count":0,"href":"https:\/\/www.light-style.eu\/Blog\/wp-json\/wp\/v2\/pages\/381\/revisions"}],"wp:attachment":[{"href":"https:\/\/www.light-style.eu\/Blog\/wp-json\/wp\/v2\/media?parent=381"}],"wp:term":[{"taxonomy":"category","embeddable":true,"href":"https:\/\/www.light-style.eu\/Blog\/wp-json\/wp\/v2\/categories?post=381"},{"taxonomy":"post_tag","embeddable":true,"href":"https:\/\/www.light-style.eu\/Blog\/wp-json\/wp\/v2\/tags?post=381"}],"curies":[{"name":"wp","href":"https:\/\/api.w.org\/{rel}","templated":true}]}}