{"id":4582,"date":"2019-05-02T11:10:11","date_gmt":"2019-05-02T09:10:11","guid":{"rendered":"https:\/\/www.light-style.eu\/Blog\/?page_id=4582"},"modified":"2025-05-14T12:15:05","modified_gmt":"2025-05-14T10:15:05","slug":"translate-our-site","status":"publish","type":"page","link":"https:\/\/www.light-style.eu\/Blog\/translate-our-site\/","title":{"rendered":"Translate our site"},"content":{"rendered":"\n<p class=\"has-large-font-size\"><strong><em>select Your language below to enjoy our blog \ud83d\ude42<\/em><\/strong><\/p>\n\n\n\n<p class=\"has-text-align-center has-vivid-red-color has-text-color has-link-color has-medium-font-size wp-elements-119ed9c34ae44875818cc34b1fa43c93\"> <aside class=\"widget widget_prisna-google-website-translator amr_widget\"><h3 class=\"widget-title prisna-gwt-align-left\">select Your language<\/h3>\n<style type=\"text\/css\">\n<!--\n\n.prisna-gwt-align-left {\n\ttext-align: left !important;\n}\n.prisna-gwt-align-right {\n\ttext-align: right !important;\n}\n\n\n\n#goog-gt-tt,\n.goog-tooltip,\n.goog-tooltip:hover {\n\tdisplay: none !important;\n}\n.goog-text-highlight {\n\tbackground-color: transparent !important;\n\tborder: none !important;\n\tbox-shadow: none !important;\n}\n.translated-rtl font,\n.translated-ltr font {\n\tbackground-color: transparent !important;\n\tbox-shadow: none !important;\n\tbox-sizing: border-box !important;\n\t-webkit-box-sizing: border-box !important;\n\t-moz-box-sizing: border-box !important;\n}\n\n-->\n<\/style>\n\n\n\n<div id=\"google_translate_element\" class=\"prisna-gwt-align-left\"><\/div>\n<script type=\"text\/javascript\">\n\/*<![CDATA[*\/\nfunction initializeGoogleTranslateElement() {\n\tnew google.translate.TranslateElement({\n\t\tpageLanguage: \"de\",\n\t\tautoDisplay: false,\n\t\tmultilanguagePage: true,\n\t\tlayout: google.translate.TranslateElement.InlineLayout.SIMPLE\n\t}, \"google_translate_element\");\n}\n\/*]]>*\/\n<\/script>\n<script type=\"text\/javascript\" src=\"\/\/translate.google.com\/translate_a\/element.js?cb=initializeGoogleTranslateElement\"><\/script><\/aside> <\/p>\n\n\n\n<p class=\"has-text-align-center\"><strong><a href=\"https:\/\/www.light-style.eu\/Blog\" data-type=\"link\" data-id=\"https:\/\/www.light-style.eu\/Blog\">Zur\u00fcck zur Startseite<\/a><\/strong><\/p>\n\n\n<div class=\"wp-block-image\">\n<figure class=\"aligncenter is-resized\"><img data-recalc-dims=\"1\" loading=\"lazy\" decoding=\"async\" width=\"1170\" height=\"780\" data-attachment-id=\"3278\" data-permalink=\"https:\/\/www.light-style.eu\/Blog\/mauritius-2018-reisebericht-fotos\/mauritius-2018-2124\/#main\" data-orig-file=\"https:\/\/i0.wp.com\/www.light-style.eu\/Blog\/wp-content\/uploads\/2018\/01\/Mauritius-2018-2124-Bearbeitet-1.jpg?fit=1200%2C800&amp;ssl=1\" data-orig-size=\"1200,800\" data-comments-opened=\"1\" data-image-meta=\"{&quot;aperture&quot;:&quot;0&quot;,&quot;credit&quot;:&quot;Fotostudio Light-Style\\rAndi Moel&quot;,&quot;camera&quot;:&quot;&quot;,&quot;caption&quot;:&quot;&quot;,&quot;created_timestamp&quot;:&quot;0&quot;,&quot;copyright&quot;:&quot;www.light-style.eu&quot;,&quot;focal_length&quot;:&quot;0&quot;,&quot;iso&quot;:&quot;0&quot;,&quot;shutter_speed&quot;:&quot;0&quot;,&quot;title&quot;:&quot;&quot;,&quot;orientation&quot;:&quot;0&quot;}\" data-image-title=\"Mauritius 2018-2124\" data-image-description=\"\" data-image-caption=\"&lt;p&gt;Die gro\u00dfen Hotelanlagen, man kann dort auch das Ambiente zum Essen oder Trinken genie\u00dfen. Nichts abgesperrt&lt;\/p&gt;\n\" data-large-file=\"https:\/\/i0.wp.com\/www.light-style.eu\/Blog\/wp-content\/uploads\/2018\/01\/Mauritius-2018-2124-Bearbeitet-1.jpg?fit=1170%2C780&amp;ssl=1\" src=\"https:\/\/i0.wp.com\/www.light-style.eu\/Blog\/wp-content\/uploads\/2018\/01\/Mauritius-2018-2124-Bearbeitet-1.jpg?resize=1170%2C780&#038;ssl=1\" alt=\"mauritius\" class=\"wp-image-3278\" style=\"width:407px;height:auto\" srcset=\"https:\/\/i0.wp.com\/www.light-style.eu\/Blog\/wp-content\/uploads\/2018\/01\/Mauritius-2018-2124-Bearbeitet-1.jpg?w=1200&amp;ssl=1 1200w, https:\/\/i0.wp.com\/www.light-style.eu\/Blog\/wp-content\/uploads\/2018\/01\/Mauritius-2018-2124-Bearbeitet-1.jpg?resize=600%2C400&amp;ssl=1 600w, https:\/\/i0.wp.com\/www.light-style.eu\/Blog\/wp-content\/uploads\/2018\/01\/Mauritius-2018-2124-Bearbeitet-1.jpg?resize=768%2C512&amp;ssl=1 768w\" sizes=\"auto, (max-width: 1170px) 100vw, 1170px\" \/><figcaption class=\"wp-element-caption\">Die gro\u00dfen Hotelanlagen, man kann dort auch das Ambiente zum Essen oder Trinken genie\u00dfen. Nichts abgesperrt<\/figcaption><\/figure>\n<\/div>","protected":false},"excerpt":{"rendered":"<p>select Your language below to enjoy our blog \ud83d\ude42 Zur\u00fcck zur Startseite<\/p>\n","protected":false},"author":2,"featured_media":0,"parent":0,"menu_order":0,"comment_status":"closed","ping_status":"closed","template":"","meta":{"jetpack_post_was_ever_published":false,"footnotes":""},"categories":[],"tags":[],"class_list":["post-4582","page","type-page","status-publish","hentry"],"jetpack_sharing_enabled":false,"jetpack_shortlink":"https:\/\/wp.me\/P4Ojrv-1bU","jetpack-related-posts":[{"id":6,"url":"https:\/\/www.light-style.eu\/Blog\/meinungen\/","url_meta":{"origin":4582,"position":0},"title":"Unsere Google Bewertungen","author":"Andi M\u00f6ller","date":"5. Mai 2014","format":false,"excerpt":"In Zeiten wo Google & Co unsere Suchen beeinflussen, sind Bewertungen f\u00fcr uns Unternehmer enorm wichtig geworden, denn danach entscheidet Google, ob Ihr den Eintrag sehen wollt oder ob er irrelevant ist. \u00a0 Hier seht Ihr nun immer unsere letzten aktuellen Bewertungen bei Google :-) Bewertungen \/ Rezessionen bei Google\u2026","rel":"","context":"Mit 3 Kommentaren","block_context":{"text":"Mit 3 Kommentaren","link":"https:\/\/www.light-style.eu\/Blog\/meinungen\/#comments"},"img":{"alt_text":"","src":"https:\/\/i0.wp.com\/www.light-style.eu\/Blog\/wp-content\/uploads\/2014\/07\/MG_0135_0541Mehlstaub1.jpg?resize=350%2C200&ssl=1","width":350,"height":200,"srcset":"https:\/\/i0.wp.com\/www.light-style.eu\/Blog\/wp-content\/uploads\/2014\/07\/MG_0135_0541Mehlstaub1.jpg?resize=350%2C200&ssl=1 1x, https:\/\/i0.wp.com\/www.light-style.eu\/Blog\/wp-content\/uploads\/2014\/07\/MG_0135_0541Mehlstaub1.jpg?resize=525%2C300&ssl=1 1.5x, https:\/\/i0.wp.com\/www.light-style.eu\/Blog\/wp-content\/uploads\/2014\/07\/MG_0135_0541Mehlstaub1.jpg?resize=700%2C400&ssl=1 2x"},"classes":[]},{"id":7,"url":"https:\/\/www.light-style.eu\/Blog\/impressum\/","url_meta":{"origin":4582,"position":1},"title":"Impressum","author":"Andi M\u00f6ller","date":"5. Mai 2014","format":false,"excerpt":"Impressum IMPRESSUM Inhaltlich Verantwortlicher Angaben gem\u00e4\u00df \u00a7 5 TMG:Fotostudio Light-Style Andreas M\u00f6ller Jahnstra\u00dfe 7 63517 Rodenbach USt-IdNr.: DE243380881 Tel: (06184) 930505 E-Mail: contact@studio-light-style.de \u00a0 Haftungsausschluss: Haftung f\u00fcr Inhalte Die Inhalte unserer Seiten wurden mit gr\u00f6sster Sorgfalt erstellt. F\u00fcr die Richtigkeit, Vollst\u00e4ndigkeit und Aktualit\u00e4t der Inhalte k\u00f6nnen wir jedoch keine Gew\u00e4hr\u2026","rel":"","context":"\u00c4hnlicher Beitrag","block_context":{"text":"\u00c4hnlicher Beitrag","link":""},"img":{"alt_text":"","src":"","width":0,"height":0},"classes":[]},{"id":3463,"url":"https:\/\/www.light-style.eu\/Blog\/impressum\/datenschutzerklaerung\/","url_meta":{"origin":4582,"position":2},"title":"Datenschutzerkl\u00e4rung","author":"Andi M\u00f6ller","date":"13. Juni 2018","format":false,"excerpt":"Wer wir sind Die Adresse unserer Website ist: https:\/\/www.light-style.eu\/Blog. Welche personenbezogenen Daten wir sammeln und warum wir sie sammeln Kommentare Wenn Besucher Kommentare auf der Website schreiben, sammeln wir die Daten, die im Kommentar-Formular angezeigt werden, au\u00dferdem die IP-Adresse des Besuchers und den User-Agent-String (damit wird der Browser identifiziert), um\u2026","rel":"","context":"\u00c4hnlicher Beitrag","block_context":{"text":"\u00c4hnlicher Beitrag","link":""},"img":{"alt_text":"","src":"","width":0,"height":0},"classes":[]},{"id":8992,"url":"https:\/\/www.light-style.eu\/Blog\/durchstoebere-unseren-blog-in-ruhe\/","url_meta":{"origin":4582,"position":3},"title":"Durchst\u00f6bere unseren Blog in Ruhe","author":"Andi M\u00f6ller","date":"16. Mai 2025","format":false,"excerpt":"Auf dem Handy sind Fotos ganz nett, aber wirklich Details seht Ihr nur auf dem PC oder mindestens Tablet. Hier hast Du nun die M\u00f6glichkeit gezielt nach den Themen zu suchen, welche Dich interessieren. Viel Spa\u00df und ich freue mich \u00fcber Kommentare :-) Euer Andi","rel":"","context":"\u00c4hnlicher Beitrag","block_context":{"text":"\u00c4hnlicher Beitrag","link":""},"img":{"alt_text":"","src":"https:\/\/i0.wp.com\/www.light-style.eu\/Blog\/wp-content\/uploads\/2021\/12\/Alberto-Fashion-Maennerportraet-2021-53.jpg?resize=350%2C200&ssl=1","width":350,"height":200,"srcset":"https:\/\/i0.wp.com\/www.light-style.eu\/Blog\/wp-content\/uploads\/2021\/12\/Alberto-Fashion-Maennerportraet-2021-53.jpg?resize=350%2C200&ssl=1 1x, https:\/\/i0.wp.com\/www.light-style.eu\/Blog\/wp-content\/uploads\/2021\/12\/Alberto-Fashion-Maennerportraet-2021-53.jpg?resize=525%2C300&ssl=1 1.5x, https:\/\/i0.wp.com\/www.light-style.eu\/Blog\/wp-content\/uploads\/2021\/12\/Alberto-Fashion-Maennerportraet-2021-53.jpg?resize=700%2C400&ssl=1 2x, https:\/\/i0.wp.com\/www.light-style.eu\/Blog\/wp-content\/uploads\/2021\/12\/Alberto-Fashion-Maennerportraet-2021-53.jpg?resize=1050%2C600&ssl=1 3x"},"classes":[]},{"id":660,"url":"https:\/\/www.light-style.eu\/Blog\/make-an-appointment\/","url_meta":{"origin":4582,"position":4},"title":"Make an Appointment","author":"Andi M\u00f6ller","date":"15. April 2015","format":false,"excerpt":"[app_my_appointments] [app_services] [app_service_providers] [app_monthly_schedule] [app_monthly_schedule add=\"1\"] [app_pagination step=\"2\" month=\"1\"] [app_login] [app_confirmation] [app_paypal]","rel":"","context":"\u00c4hnlicher Beitrag","block_context":{"text":"\u00c4hnlicher Beitrag","link":""},"img":{"alt_text":"","src":"","width":0,"height":0},"classes":[]},{"id":8969,"url":"https:\/\/www.light-style.eu\/Blog\/wir-bei-youtube\/","url_meta":{"origin":4582,"position":5},"title":"Wir bei YouTube","author":"Andi M\u00f6ller","date":"15. Mai 2025","format":false,"excerpt":"Willkommen auf dem unserem neuen YouTube-Kanal ! Hier landet alles, was einfach zu schade ist, um nur einmal in einer WhatsApp-Gruppe aufzublitzen \u2013 von epischen 12-Sekunden-Kunstwerken bis zu echten Herzensprojekten wie Hochzeiten oder einem Blick hinter die Kulissen. Was dich erwartet? WhatsApp-Shorts, die gute Laune machen Hochzeitsvideos, bei denen nicht\u2026","rel":"","context":"\u00c4hnlicher Beitrag","block_context":{"text":"\u00c4hnlicher Beitrag","link":""},"img":{"alt_text":"","src":"","width":0,"height":0},"classes":[]}],"_links":{"self":[{"href":"https:\/\/www.light-style.eu\/Blog\/wp-json\/wp\/v2\/pages\/4582","targetHints":{"allow":["GET"]}}],"collection":[{"href":"https:\/\/www.light-style.eu\/Blog\/wp-json\/wp\/v2\/pages"}],"about":[{"href":"https:\/\/www.light-style.eu\/Blog\/wp-json\/wp\/v2\/types\/page"}],"author":[{"embeddable":true,"href":"https:\/\/www.light-style.eu\/Blog\/wp-json\/wp\/v2\/users\/2"}],"replies":[{"embeddable":true,"href":"https:\/\/www.light-style.eu\/Blog\/wp-json\/wp\/v2\/comments?post=4582"}],"version-history":[{"count":0,"href":"https:\/\/www.light-style.eu\/Blog\/wp-json\/wp\/v2\/pages\/4582\/revisions"}],"wp:attachment":[{"href":"https:\/\/www.light-style.eu\/Blog\/wp-json\/wp\/v2\/media?parent=4582"}],"wp:term":[{"taxonomy":"category","embeddable":true,"href":"https:\/\/www.light-style.eu\/Blog\/wp-json\/wp\/v2\/categories?post=4582"},{"taxonomy":"post_tag","embeddable":true,"href":"https:\/\/www.light-style.eu\/Blog\/wp-json\/wp\/v2\/tags?post=4582"}],"curies":[{"name":"wp","href":"https:\/\/api.w.org\/{rel}","templated":true}]}}