{"id":8992,"date":"2025-05-16T11:02:22","date_gmt":"2025-05-16T09:02:22","guid":{"rendered":"https:\/\/www.light-style.eu\/Blog\/?page_id=8992"},"modified":"2025-11-04T10:15:34","modified_gmt":"2025-11-04T09:15:34","slug":"durchstoebere-unseren-blog-in-ruhe","status":"publish","type":"page","link":"https:\/\/www.light-style.eu\/Blog\/durchstoebere-unseren-blog-in-ruhe\/","title":{"rendered":"Durchst\u00f6bere unseren Blog in Ruhe"},"content":{"rendered":"<div class=\"wp-block-image\">\n<figure class=\"aligncenter size-full is-resized\"><a href=\"https:\/\/www.light-style.eu\/Blog\/frohe-weihnachten-einen-guten-start-in-2022\/alberto-fashion-maennerportraet-2021-53-2\/#main\"><img data-recalc-dims=\"1\" loading=\"lazy\" decoding=\"async\" width=\"1170\" height=\"780\" data-attachment-id=\"6313\" data-permalink=\"https:\/\/www.light-style.eu\/Blog\/frohe-weihnachten-einen-guten-start-in-2022\/alberto-fashion-maennerportraet-2021-53-2\/#main\" data-orig-file=\"https:\/\/i0.wp.com\/www.light-style.eu\/Blog\/wp-content\/uploads\/2021\/12\/Alberto-Fashion-Maennerportraet-2021-53.jpg?fit=1200%2C800&amp;ssl=1\" data-orig-size=\"1200,800\" data-comments-opened=\"1\" data-image-meta=\"{&quot;aperture&quot;:&quot;0&quot;,&quot;credit&quot;:&quot;Fotostudio Light-Style\\rAndi Moel&quot;,&quot;camera&quot;:&quot;&quot;,&quot;caption&quot;:&quot;&quot;,&quot;created_timestamp&quot;:&quot;0&quot;,&quot;copyright&quot;:&quot;www.light-style.eu&quot;,&quot;focal_length&quot;:&quot;0&quot;,&quot;iso&quot;:&quot;0&quot;,&quot;shutter_speed&quot;:&quot;0&quot;,&quot;title&quot;:&quot;&quot;,&quot;orientation&quot;:&quot;0&quot;}\" data-image-title=\"Alberto-Fashion-M\u00e4nnerportr\u00e4t 2021-53\" data-image-description=\"\" data-image-caption=\"\" data-large-file=\"https:\/\/i0.wp.com\/www.light-style.eu\/Blog\/wp-content\/uploads\/2021\/12\/Alberto-Fashion-Maennerportraet-2021-53.jpg?fit=1170%2C780&amp;ssl=1\" src=\"https:\/\/i0.wp.com\/www.light-style.eu\/Blog\/wp-content\/uploads\/2021\/12\/Alberto-Fashion-Maennerportraet-2021-53.jpg?resize=1170%2C780&#038;ssl=1\" alt=\"\" class=\"wp-image-6313\" style=\"width:535px;height:auto\" srcset=\"https:\/\/i0.wp.com\/www.light-style.eu\/Blog\/wp-content\/uploads\/2021\/12\/Alberto-Fashion-Maennerportraet-2021-53.jpg?w=1200&amp;ssl=1 1200w, https:\/\/i0.wp.com\/www.light-style.eu\/Blog\/wp-content\/uploads\/2021\/12\/Alberto-Fashion-Maennerportraet-2021-53.jpg?resize=600%2C400&amp;ssl=1 600w, https:\/\/i0.wp.com\/www.light-style.eu\/Blog\/wp-content\/uploads\/2021\/12\/Alberto-Fashion-Maennerportraet-2021-53.jpg?resize=768%2C512&amp;ssl=1 768w\" sizes=\"auto, (max-width: 1170px) 100vw, 1170px\" \/><\/a><\/figure>\n<\/div>\n\n\n<p class=\"has-text-align-center\">Auf dem Handy sind Fotos ganz nett, aber wirklich Details seht Ihr nur auf dem PC oder mindestens Tablet. <\/p>\n\n\n<form role=\"search\" method=\"get\" action=\"https:\/\/www.light-style.eu\/Blog\/\" class=\"wp-block-search__button-outside wp-block-search__text-button wp-block-search\"    ><label class=\"wp-block-search__label\" for=\"wp-block-search__input-1\" ><strong><em>Suche im gesamten Blog:<\/em><\/strong><\/label><div class=\"wp-block-search__inside-wrapper\"  style=\"width: 100%\"><input class=\"wp-block-search__input\" id=\"wp-block-search__input-1\" placeholder=\"\" value=\"\" type=\"search\" name=\"s\" required \/><button aria-label=\"Suchen\" class=\"wp-block-search__button has-background has-vivid-green-cyan-background-color wp-element-button\" type=\"submit\" >Suchen<\/button><\/div><\/form>\n\n\n<p>Hier hast Du nun die M\u00f6glichkeit gezielt nach den Themen zu suchen, welche Dich interessieren. Viel Spa\u00df und ich freue mich \u00fcber Kommentare \ud83d\ude42<\/p>\n\n\n\n<p class=\"has-text-align-right\"><strong>Euer Andi<\/strong><\/p>\n\n\n<div class=\"wp-block-image\">\n<figure class=\"aligncenter size-full is-resized\"><a href=\"https:\/\/www.light-style.eu\/Blog\/teneriffa\/teneriffa-24-1857\/#main\"><img data-recalc-dims=\"1\" loading=\"lazy\" decoding=\"async\" width=\"1170\" height=\"780\" data-attachment-id=\"8738\" data-permalink=\"https:\/\/www.light-style.eu\/Blog\/teneriffa\/teneriffa-24-1857\/#main\" data-orig-file=\"https:\/\/i0.wp.com\/www.light-style.eu\/Blog\/wp-content\/uploads\/2024\/11\/Teneriffa-24-1857.jpg?fit=1200%2C800&amp;ssl=1\" data-orig-size=\"1200,800\" data-comments-opened=\"1\" data-image-meta=\"{&quot;aperture&quot;:&quot;0&quot;,&quot;credit&quot;:&quot;www.light-style.eu&quot;,&quot;camera&quot;:&quot;&quot;,&quot;caption&quot;:&quot;&quot;,&quot;created_timestamp&quot;:&quot;0&quot;,&quot;copyright&quot;:&quot;www.light-style.eu&quot;,&quot;focal_length&quot;:&quot;0&quot;,&quot;iso&quot;:&quot;0&quot;,&quot;shutter_speed&quot;:&quot;0&quot;,&quot;title&quot;:&quot;&quot;,&quot;orientation&quot;:&quot;0&quot;}\" data-image-title=\"Teneriffa 24-1857\" data-image-description=\"\" data-image-caption=\"\" data-large-file=\"https:\/\/i0.wp.com\/www.light-style.eu\/Blog\/wp-content\/uploads\/2024\/11\/Teneriffa-24-1857.jpg?fit=1170%2C780&amp;ssl=1\" src=\"https:\/\/i0.wp.com\/www.light-style.eu\/Blog\/wp-content\/uploads\/2024\/11\/Teneriffa-24-1857.jpg?resize=1170%2C780&#038;ssl=1\" alt=\"\" class=\"wp-image-8738\" style=\"width:559px;height:auto\" srcset=\"https:\/\/i0.wp.com\/www.light-style.eu\/Blog\/wp-content\/uploads\/2024\/11\/Teneriffa-24-1857.jpg?w=1200&amp;ssl=1 1200w, https:\/\/i0.wp.com\/www.light-style.eu\/Blog\/wp-content\/uploads\/2024\/11\/Teneriffa-24-1857.jpg?resize=600%2C400&amp;ssl=1 600w, https:\/\/i0.wp.com\/www.light-style.eu\/Blog\/wp-content\/uploads\/2024\/11\/Teneriffa-24-1857.jpg?resize=768%2C512&amp;ssl=1 768w, https:\/\/i0.wp.com\/www.light-style.eu\/Blog\/wp-content\/uploads\/2024\/11\/Teneriffa-24-1857.jpg?resize=1140%2C760&amp;ssl=1 1140w, https:\/\/i0.wp.com\/www.light-style.eu\/Blog\/wp-content\/uploads\/2024\/11\/Teneriffa-24-1857.jpg?resize=570%2C380&amp;ssl=1 570w, https:\/\/i0.wp.com\/www.light-style.eu\/Blog\/wp-content\/uploads\/2024\/11\/Teneriffa-24-1857.jpg?resize=380%2C254&amp;ssl=1 380w, https:\/\/i0.wp.com\/www.light-style.eu\/Blog\/wp-content\/uploads\/2024\/11\/Teneriffa-24-1857.jpg?resize=285%2C190&amp;ssl=1 285w\" sizes=\"auto, (max-width: 1170px) 100vw, 1170px\" \/><\/a><\/figure>\n<\/div>","protected":false},"excerpt":{"rendered":"<p>Auf dem Handy sind Fotos ganz nett, aber wirklich Details seht Ihr nur auf dem PC oder mindestens Tablet. Hier hast Du nun die M\u00f6glichkeit gezielt nach den Themen zu suchen, welche Dich interessieren. Viel Spa\u00df und ich freue mich \u00fcber Kommentare \ud83d\ude42 Euer Andi<\/p>\n","protected":false},"author":499,"featured_media":0,"parent":0,"menu_order":0,"comment_status":"closed","ping_status":"closed","template":"","meta":{"jetpack_post_was_ever_published":false,"footnotes":""},"categories":[],"tags":[],"class_list":["post-8992","page","type-page","status-publish","hentry"],"jetpack_sharing_enabled":true,"jetpack_shortlink":"https:\/\/wp.me\/P4Ojrv-2l2","jetpack-related-posts":[],"_links":{"self":[{"href":"https:\/\/www.light-style.eu\/Blog\/wp-json\/wp\/v2\/pages\/8992","targetHints":{"allow":["GET"]}}],"collection":[{"href":"https:\/\/www.light-style.eu\/Blog\/wp-json\/wp\/v2\/pages"}],"about":[{"href":"https:\/\/www.light-style.eu\/Blog\/wp-json\/wp\/v2\/types\/page"}],"author":[{"embeddable":true,"href":"https:\/\/www.light-style.eu\/Blog\/wp-json\/wp\/v2\/users\/499"}],"replies":[{"embeddable":true,"href":"https:\/\/www.light-style.eu\/Blog\/wp-json\/wp\/v2\/comments?post=8992"}],"version-history":[{"count":0,"href":"https:\/\/www.light-style.eu\/Blog\/wp-json\/wp\/v2\/pages\/8992\/revisions"}],"wp:attachment":[{"href":"https:\/\/www.light-style.eu\/Blog\/wp-json\/wp\/v2\/media?parent=8992"}],"wp:term":[{"taxonomy":"category","embeddable":true,"href":"https:\/\/www.light-style.eu\/Blog\/wp-json\/wp\/v2\/categories?post=8992"},{"taxonomy":"post_tag","embeddable":true,"href":"https:\/\/www.light-style.eu\/Blog\/wp-json\/wp\/v2\/tags?post=8992"}],"curies":[{"name":"wp","href":"https:\/\/api.w.org\/{rel}","templated":true}]}}