{"id":78234,"date":"2025-01-13T11:43:44","date_gmt":"2025-01-13T10:43:44","guid":{"rendered":"https:\/\/www.light-style.eu\/tienda\/carrito\/"},"modified":"2025-01-13T11:43:44","modified_gmt":"2025-01-13T10:43:44","slug":"carrito","status":"publish","type":"page","link":"https:\/\/www.light-style.eu\/es\/tienda\/carrito\/","title":{"rendered":"Carrito"},"content":{"rendered":"<p style=\"text-align: center;\">Freut mich, dass Ihr etwas Passendes gefunden habt.<\/p>\n<p style=\"text-align: center;\">Hier seht Ihr nun die \u00dcbersicht \u00fcber Eure ausgesuchten Wandbilder.<\/p>\n<p style=\"text-align: center;\">Alle Wandbilder in diesem Shop werden gewissenhaft f\u00fcr Euch individuell gefertigt, daher sind R\u00fccknahmen nur bei besch\u00e4digt gelieferten Bildern oder groben Laborfehlern m\u00f6glich.<\/p>\n<p style=\"text-align: center;\"><strong><\/strong><\/p>\n","protected":false},"excerpt":{"rendered":"<p>Freut mich, dass Ihr etwas Passendes gefunden habt. Hier seht Ihr nun die \u00dcbersicht \u00fcber Eure ausgesuchten Wandbilder. Alle Wandbilder in diesem Shop werden gewissenhaft f\u00fcr Euch individuell gefertigt, daher sind R\u00fccknahmen nur bei besch\u00e4digt gelieferten Bildern oder groben Laborfehlern m\u00f6glich.<\/p>\n","protected":false},"author":596,"featured_media":0,"parent":77899,"menu_order":0,"comment_status":"closed","ping_status":"closed","template":"","meta":{"advanced_seo_description":"","jetpack_seo_html_title":"","jetpack_seo_noindex":false,"ngg_post_thumbnail":0,"footnotes":""},"class_list":["post-78234","page","type-page","status-publish","hentry","entry","no-media"],"jetpack_likes_enabled":true,"jetpack_sharing_enabled":true,"_links":{"self":[{"href":"https:\/\/www.light-style.eu\/es\/wp-json\/wp\/v2\/pages\/78234","targetHints":{"allow":["GET"]}}],"collection":[{"href":"https:\/\/www.light-style.eu\/es\/wp-json\/wp\/v2\/pages"}],"about":[{"href":"https:\/\/www.light-style.eu\/es\/wp-json\/wp\/v2\/types\/page"}],"author":[{"embeddable":true,"href":"https:\/\/www.light-style.eu\/es\/wp-json\/wp\/v2\/users\/596"}],"replies":[{"embeddable":true,"href":"https:\/\/www.light-style.eu\/es\/wp-json\/wp\/v2\/comments?post=78234"}],"version-history":[{"count":0,"href":"https:\/\/www.light-style.eu\/es\/wp-json\/wp\/v2\/pages\/78234\/revisions"}],"up":[{"embeddable":true,"href":"https:\/\/www.light-style.eu\/es\/wp-json\/wp\/v2\/pages\/77899"}],"wp:attachment":[{"href":"https:\/\/www.light-style.eu\/es\/wp-json\/wp\/v2\/media?parent=78234"}],"curies":[{"name":"wp","href":"https:\/\/api.w.org\/{rel}","templated":true}]}}