{"id":78236,"date":"2025-01-13T11:43:45","date_gmt":"2025-01-13T10:43:45","guid":{"rendered":"https:\/\/www.light-style.eu\/tienda\/mi-cuenta\/"},"modified":"2025-02-08T12:03:42","modified_gmt":"2025-02-08T11:03:42","slug":"mi-cuenta","status":"publish","type":"page","link":"https:\/\/www.light-style.eu\/es\/tienda\/mi-cuenta\/","title":{"rendered":"Mi cuenta"},"content":{"rendered":"\n<h2 class=\"wp-block-heading\"><em><strong>Mein Konto<\/strong><\/em><\/h2>\n\n<hr class=\"wp-block-separator has-css-opacity is-style-wide\"\/>\n\n<p class=\"has-text-align-center\">Hier erf\u00e4hrst Du alles rund um Dein Konto. Bestellungen, Passwort uvm.<\/p>\n\n<figure class=\"wp-block-image aligncenter\"><a href=\"https:\/\/i0.wp.com\/www.light-style.eu\/studiosite\/wp-content\/uploads\/2018\/12\/Schlafzimmer-2.jpg?ssl=1\"><img data-recalc-dims=\"1\" loading=\"lazy\" decoding=\"async\" width=\"846\" height=\"583\" src=\"https:\/\/i0.wp.com\/www.light-style.eu\/studiosite\/wp-content\/uploads\/2018\/12\/Schlafzimmer-2.jpg?resize=846%2C583&#038;ssl=1\" alt=\"\" class=\"wp-image-4602\" srcset=\"https:\/\/i0.wp.com\/www.light-style.eu\/studiosite\/wp-content\/uploads\/2018\/12\/Schlafzimmer-2.jpg?w=300&amp;ssl=1 300w, https:\/\/i0.wp.com\/www.light-style.eu\/studiosite\/wp-content\/uploads\/2018\/12\/Schlafzimmer-2.jpg?w=768&amp;ssl=1 768w, https:\/\/i0.wp.com\/www.light-style.eu\/studiosite\/wp-content\/uploads\/2018\/12\/Schlafzimmer-2.jpg?w=600&amp;ssl=1 600w, https:\/\/i0.wp.com\/www.light-style.eu\/studiosite\/wp-content\/uploads\/2018\/12\/Schlafzimmer-2.jpg?w=846&amp;ssl=1 846w\" sizes=\"auto, (max-width: 846px) 100vw, 846px\" \/><\/a><\/figure>\n\n<p class=\"has-text-align-center\"><strong>Warum ein Konto anlegen? <\/strong><em>Du beh\u00e4ltst Deine Bestellungen und deren Status im \u00dcberblick, Du kannst von \u00fcberall auf Deinen Warenkorb &amp; Termine zugreifen, Du sparst Dir die wiederholte Eingabe Deiner Daten bei der n\u00e4chsten Bestellung. Wir k\u00f6nnen Dich \u00fcber Aktionen informieren.<\/em><\/p>\n\n<p><strong>Um uns auf unserem  Blog zu folgen, trage einfach Deine Mail-Adresse   hier ein:<\/strong> <a href=\"https:\/\/www.light-style.eu\/Blog\/\" data-type=\"URL\" data-id=\"https:\/\/www.light-style.eu\/Blog\/\">Unser Blog<\/a><\/p>\n\n<hr class=\"wp-block-separator has-css-opacity is-style-wide\"\/>\n\n<p class=\"has-text-align-center\"><strong><div class=\"woocommerce\"><\/div><\/strong><\/p>\n\n<hr class=\"wp-block-separator has-css-opacity is-style-wide\"\/>\n\n<div class=\"wp-block-buttons has-custom-font-size has-small-font-size is-horizontal is-content-justification-space-between is-layout-flex wp-container-core-buttons-is-layout-d5572140 wp-block-buttons-is-layout-flex\">\n<div class=\"wp-block-button is-style-outline is-style-outline--1\"><a class=\"wp-block-button__link wp-element-button\" href=\"https:\/\/www.light-style.eu\/my-account\/deine-galerie-zur-auswahl\/\" target=\"_blank\" rel=\"noreferrer noopener\">Deine Galerie<\/a><\/div>\n<\/div>\n\n<h4 class=\"wp-block-heading alignfull has-text-align-center\">Deine Termine<\/h4>\n\n<div class=\"wp-block-bookly-appointments-list\">    <form name=\"loginform\" id=\"loginform\" action=\"https:\/\/www.light-style.eu\/es\/studiosite\/wp-login.php\" method=\"post\"><p class=\"login-username\">\n\t\t\t\t<label for=\"user_login\">Nombre de usuario o correo electr\u00f3nico<\/label>\n\t\t\t\t<input type=\"text\" name=\"log\" id=\"user_login\" autocomplete=\"username\" class=\"input\" value=\"\" size=\"20\" \/>\n\t\t\t<\/p><p class=\"login-password\">\n\t\t\t\t<label for=\"user_pass\">Contrase\u00f1a<\/label>\n\t\t\t\t<input type=\"password\" name=\"pwd\" id=\"user_pass\" autocomplete=\"current-password\" spellcheck=\"false\" class=\"input\" value=\"\" size=\"20\" \/>\n\t\t\t<\/p><p class=\"aiowps-captcha\"><label for=\"aiowps-captcha-answer-69f28f6d19b61\">Por favor, introduce una respuesta en d\u00edgitos:<\/label><div class=\"aiowps-captcha-equation\"><strong>uno &#215; tres = <input type=\"hidden\" name=\"aiowps-captcha-string-info\" class=\"aiowps-captcha-string-info\" value=\"g1lxwmx3lh\" \/><input type=\"hidden\" name=\"aiowps-captcha-temp-string\" class=\"aiowps-captcha-temp-string\" value=\"1777504109\" \/><input type=\"text\" size=\"2\" id=\"aiowps-captcha-answer-69f28f6d19b61\" class=\"aiowps-captcha-answer\" name=\"aiowps-captcha-answer\" value=\"\" autocomplete=\"off\" \/><\/strong><\/div><p class=\"login-remember\"><label><input name=\"rememberme\" type=\"checkbox\" id=\"rememberme\" value=\"forever\" \/> Recu\u00e9rdame<\/label><\/p><p class=\"login-submit\">\n\t\t\t\t<input type=\"submit\" name=\"wp-submit\" id=\"wp-submit\" class=\"button button-primary\" value=\"Acceder\" \/>\n\t\t\t\t<input type=\"hidden\" name=\"redirect_to\" value=\"https:\/\/www.light-style.eu\/es\/wp-json\/wp\/v2\/pages\/78236\" \/>\n\t\t\t<\/p><\/form><\/div>\n\n<h4 class=\"wp-block-heading has-text-align-center\">Neuer Termin gef\u00e4llig ? <\/h4>\n<script type=\"text\/javascript\">\n    (function (win, fn) {\n        var done = false, top = true,\n            doc = win.document,\n            root = doc.documentElement,\n            modern = doc.addEventListener,\n            add = modern ? 'addEventListener' : 'attachEvent',\n            rem = modern ? 'removeEventListener' : 'detachEvent',\n            pre = modern ? '' : 'on',\n            init = function (e) {\n                if (e.type == 'readystatechange') if (doc.readyState != 'complete') return;\n                (e.type == 'load' ? win : doc)[rem](pre + e.type, init, false);\n                if (!done) {\n                    done = true;\n                    fn.call(win, e.type || e);\n                }\n            },\n            poll = function () {\n                try {\n                    root.doScroll('left');\n                } catch (e) {\n                    setTimeout(poll, 50);\n                    return;\n                }\n                init('poll');\n            };\n        if (doc.readyState == 'complete') fn.call(win, 'lazy');\n        else {\n            if (!modern) if (root.doScroll) {\n                try {\n                    top = !win.frameElement;\n                } catch (e) {\n                }\n                if (top) poll();\n            }\n            doc[add](pre + 'DOMContentLoaded', init, false);\n            doc[add](pre + 'readystatechange', init, false);\n            win[add](pre + 'load', init, false);\n        }\n    })(window, function () {\n        window.BooklyServicesForm.showForm(\"bookly-services-form-dein-termin-486\", \"bookly-services-form-dein-termin-486-69f28f6d82cd7\", {\"main_color\":\"#8080ff\",\"service_card_width\":260,\"service_header_height\":120,\"staff_card_width\":260,\"hide_borders\":false,\"show_book_more\":true,\"show_qr_code\":true,\"show_calendar\":true,\"show_services_filter\":true,\"show_staff_filter\":false,\"show_staff_rating\":false,\"show_timezone\":false,\"show_receipt_on_cart\":true,\"show_receipt_on_payment\":true,\"skip_cart_step\":false,\"use_cart_local_storage\":true,\"default_service\":null,\"default_staff\":\"1\",\"service_card_show_badge\":false,\"package_card_show_badge\":true,\"gift_card_show_badge\":true,\"services_fields_order\":[\"service\",\"duration\",\"price\",\"staff\"],\"services_fields_show\":[\"service\",\"duration\",\"price\"],\"packages_fields_order\":[\"package\",\"service\",\"duration\",\"price\"],\"packages_fields_show\":[\"package\",\"service\",\"duration\",\"price\"],\"gift_cards_fields_order\":[\"title\",\"price\"],\"gift_cards_fields_show\":[\"title\",\"price\"],\"show_first_slot_only\":false,\"show_gift_cards\":true,\"show_add_to_calendar\":true,\"show_slot_info\":false,\"sell_services\":true,\"sell_gift_cards\":false,\"full_name_required\":true,\"first_name_required\":true,\"last_name_required\":true,\"email_required\":true,\"phone_required\":true,\"address_required\":false,\"birthday_required\":false,\"verify_credentials\":false,\"show_summary_service\":true,\"show_summary_staff\":false,\"show_summary_date\":true,\"show_summary_price\":true,\"show_blocked_slots\":false,\"show_change_date\":false,\"initial_view\":\"form\",\"hidden_services\":[],\"hidden_gift_cards\":[],\"details_fields_order\":[\"text\",\"full_name\",\"first_name\",\"last_name\",\"email\",\"phone\",\"address\",\"notes\",\"custom_fields\",\"terms\",\"birthday\",\"google_maps\"],\"details_fields_width\":{\"text\":12,\"full_name\":12,\"first_name\":8,\"last_name\":6,\"email\":6,\"phone\":6,\"google_maps\":12,\"address\":12,\"notes\":12,\"birthday\":12,\"terms\":12,\"custom_fields\":{\"16234\":12,\"25275\":12,\"39851\":12,\"44706\":12,\"44808\":12,\"69725\":12,\"71323\":12,\"79796\":12,\"89353\":12,\"93945\":12}},\"details_fields_show\":[\"text\",\"first_name\",\"last_name\",\"email\",\"phone\",\"custom_fields\",\"notes\",\"terms\"],\"cards_display_mode\":\"all\",\"available_dates\":\"with_slots\",\"show_services_mode\":\"only_any\",\"address\":{\"order\":[\"country\",\"state\",\"postcode\",\"city\",\"street\",\"street_number\",\"additional_address\"],\"show\":[\"country\",\"state\",\"postcode\",\"city\",\"street\",\"street_number\",\"additional_address\"],\"labels\":{\"country\":\"Land\",\"state\":\"Staat\\\/Region\",\"postcode\":\"Postleitzahl\",\"city\":\"Stadt\",\"street\":\"Stra\\u00dfenadresse\",\"street_number\":\"Hausnummer\",\"additional_address\":\"Zus\\u00e4tzliche Adresse\"}},\"l10n\":{\"steps\":{\"calendar\":\"Comenzar\",\"extras\":\"Extras\",\"slots\":\"Uhrzeit\",\"cart\":\"Warenkorb\",\"details\":\"Detalles\",\"payment\":\"Zahlung\",\"done\":\"Fertigstellen\"},\"steps_descriptions\":{\"calendar\":\"Seleccione un servicio\",\"extras\":\"Extras hinzuf\\u00fcgen\",\"slots\":\"Zeitfenster ausw\\u00e4hlen\",\"cart\":\"Warenkorb \\u00fcberpr\\u00fcfen\",\"details\":\"Ihre Daten\",\"payment\":\"Kauf abschlie\\u00dfen\",\"done\":\"Abgeschlossen\"},\"address_label\":\"DIRECCI\\u00d3N\",\"address_placeholders\":{\"country\":\"pa\\u00eds\",\"state\":\"Estado\\\/Regi\\u00f3n\",\"postcode\":\"C\\u00f3digo Postal\",\"city\":\"Ciudad\",\"street\":\"Direcci\\u00f3n de la calle\",\"street_number\":\"N\\u00famero de casa\",\"additional_address\":\"Direcci\\u00f3n adicional\"},\"notes\":\"Hinweise \\\/ W\\u00fcnsche:\",\"birthday\":\"Geburtstag\",\"staff\":\"\",\"any_staff\":\"\",\"service\":\"Sesiones de fotos\",\"gift_card\":\"Vale de regalo\",\"gift_card_title\":\"Vale de regalo\",\"date\":\"Fecha\",\"time\":\"Uhrzeit\",\"price\":\"Precio\",\"next\":\"Continuar\",\"back\":\"Zur\\u00fcck\",\"select_service\":\"Elige tu tipo de disparo\",\"select_staff\":\"\",\"book_now\":\"Reserva ahora\",\"buy_now\":\"Jetzt verbindlich buchen\",\"book_more\":\"Reservar m\\u00e1s\",\"close\":\"Abbrechen\",\"full_name\":\"Nombre completo\",\"full_name_error_required\":\"Necesario\",\"first_name\":\"Nombre de pila\",\"first_name_error_required\":\"Necesario\",\"last_name\":\"Apellido\",\"last_name_error_required\":\"Necesario\",\"email\":\"Correo electr\\u00f3nico\",\"email_error_required\":\"Necesario\",\"phone\":\"tel\\u00e9fono\",\"phone_error_required\":\"Necesario\",\"address_field_required\":\"Necesario\",\"birthday_error_required\":\"Necesario\",\"no_slots\":\"Keine Zeitfenster verf\\u00fcgbar \\\/ versuche einen anderen Tag\",\"slot_not_available\":\"Franja horaria ya reservada\",\"no_results\":\"Leider kein passender Termin an diesem Tag frei\",\"nop\":\"N\\u00famero de personas\",\"booking_success\":\"\\u00a1Gracias!\",\"booking_error\":\"\\u00a1Ups!\",\"booking_completed\":\"Danke! Deine Buchung ist abgeschlossen.\",\"order_id\":\"Ihre Bestellnummer\",\"gift_card_booking_completed\":\"Su vale de regalo ha sido creado.\",\"processing\":\"Su pago ha sido aceptado para su procesamiento.\",\"group_skip_payment\":\"Se omiti\\u00f3 el pago.\",\"payment_impossible\":\"No hay m\\u00e9todos de pago disponibles. Por favor, p\\u00f3ngase en contacto con el proveedor.\",\"appointments_limit_reached\":\"Intentas utilizar este servicio con demasiada frecuencia. Por favor, p\\u00f3ngase en contacto con nosotros para realizar una reserva.\",\"terms_text\":\"Acepto los t\\u00e9rminos y condiciones de uso\",\"text_calendar\":\"Datum aussuchen und auf das Bild \\\/ Dienstleistung klicken\",\"text_extras\":\"W\\u00e4hle Deine Extras, die Du m\\u00f6chtest (Mehrfachauswahl)\",\"text_slots\":\"Haga clic en un horario para continuar con la reserva.\",\"text_details\":\"Bitte gib Deine Daten in das folgende Formular ein, um mit der Buchung fortzufahren\",\"text_payment\":\"Por favor, h\\u00e1ganos saber c\\u00f3mo le gustar\\u00eda pagar.\",\"gift_card_label\":\"Vale de regalo\",\"gift_card_button\":\"Aplicar\",\"gift_card_text\":\"Tu c\\u00f3digo de cup\\u00f3n de regalo, si tienes uno\",\"gift_card_expired\":\"Esta tarjeta de regalo ha expirado\",\"gift_card_invalid\":\"Este vale regalo no se puede utilizar para el pedido actual.\",\"gift_card_low_balance\":\"El saldo del vale regalo es insuficiente\",\"gift_card_not_found\":\"No se pudo encontrar el vale de regalo\",\"timezone\":\"Tu zona horaria\",\"select_city\":\"Seleccione ciudad\",\"add_to_calendar\":\"A\\u00f1adir al calendario\",\"total\":\"Gesamtbetrag\\n\",\"sub_total\":\"Zwischensumme\",\"discount\":\"Rabatt\",\"to_pay\":\"Zu zahlender Betrag\",\"verify_code\":\"Verifizierungscode\",\"verify_email\":\"Verifizierungscode aus der E-Mail eingeben\",\"verify_phone\":\"Verifizierungscode aus der SMS eingeben\",\"verify_resend\":\"Code erneut senden\",\"verify_apply\":\"Aplicar\",\"verify_code_incorrect\":\"C\\u00f3digo de verificaci\\u00f3n incorrecto\",\"cart_item_not_available\":\"Die ausgew\\u00e4hlte Zeit ist nicht mehr verf\\u00fcgbar\",\"initial_view_button_title\":\"Anzeigen\",\"summary\":\"Resumen\",\"categories\":\"Categor\\u00eda\",\"text_categories\":\"Por favor seleccione una categor\\u00eda para su cita\",\"text_services\":\"Bitte w\\u00e4hle eine Dienstleistung \\\/ Extras aus\",\"more\":\"+%d m\\u00e1s\",\"payment_system_local\":\"Ich bezahle vor Ort (Karte \\\/ Bar(\",\"payment_system_paypal\":\"Quiero pagar con PayPal ahora\"},\"type\":\"services-form\",\"show_extras_price\":true,\"show_extras_summary\":true,\"category_card_width\":260,\"category_header_height\":180,\"category_body_height\":404,\"step_service_card_width\":350,\"step_service_card_header_height\":120,\"step_service_card_body_height\":600,\"categories_list\":[\"1\",\"8\",\"10\",\"7\",\"9\",\"2\",\"11\"],\"services_list\":null,\"skip_categories_step\":false,\"skip_services_step\":false,\"show_terms\":false,\"show_address\":false,\"show_notes\":false,\"staff_any\":false,\"name\":\"Dein Termin\",\"categories_any\":false,\"events_any\":false,\"custom_css\":\".bookly-css-root .bookly\\\\:bg-white {\\n\\tbackground-color: #cbcece !important;\\n}\\n.bookly-css-root .bookly\\\\:border-gray-200 {\\n\\tborder-color: rgba(135, 87, 174, 1) !important;\\n}\",\"token\":\"dein-termin-486\"});\n    });\n    var ajaxurl = \"https:\/\/www.light-style.eu\/studiosite\/wp-admin\/admin-ajax.php?lang=es\";\n<\/script>\n<style>\n    .bookly-services-form-dein-termin-486-69f28f6d82cd7 {\n        --bookly-color: #8080ff;\n    }\n\n    :root {\n        --bookly-flags-url: url(https:\/\/www.light-style.eu\/studiosite\/wp-content\/plugins\/bookly-responsive-appointment-booking-tool\/frontend\/resources\/images\/flags.png);\n        --bookly-flags2x-url: url(https:\/\/www.light-style.eu\/studiosite\/wp-content\/plugins\/bookly-responsive-appointment-booking-tool\/frontend\/resources\/images\/flags@2x.png);\n        --rtl-phone-align: left;\n    }\n<\/style>\n    <style>\n        .bookly-css-root .bookly\\:bg-white {\n\tbackground-color: #cbcece !important;\n}\n.bookly-css-root .bookly\\:border-gray-200 {\n\tborder-color: rgba(135, 87, 174, 1) !important;\n}    <\/style>\n<div id=\"bookly-services-form-dein-termin-486-69f28f6d82cd7\" class=\"bookly-services-form-container bookly-services-form-dein-termin-486-69f28f6d82cd7\"><\/div>\n\n<hr class=\"wp-block-separator has-alpha-channel-opacity is-style-wide\"\/>\n\n<p><\/p>\n\n<h2 class=\"wp-block-heading\">Stornierung<\/h2>\n<div id=\"bookly-tbs\" class=\"bookly-js-cancellation-confirmation\">\n            <div class=\"text-center\">\n            <div>\n                <i class=\"fa fa-fw fas fa-exclamation-triangle fa-2x text-danger\"><\/i> \u00a1Vaya!            <\/div>\n            <div>Esta cita no existe.<\/div>\n        <\/div>\n    <\/div>\n<script type=\"text\/javascript\">\n    let booklyCancelConfirmationUrl = \"https:\\\/\\\/www.light-style.eu\\\/studiosite\\\/wp-admin\\\/admin-ajax.php?action=bookly_cancel_appointment\";\n    \/\/ Click on 'Do not cancel' button\n    let links = document.getElementsByClassName('bookly-js-cancellation-confirmation-no');\n    for (var i = 0; i < links.length; i++) {\n        if (links[i].onclick == undefined) {\n            links[i].onclick = function (e) {\n                e.preventDefault();\n                var container = this.closest('.bookly-js-cancellation-confirmation'),\n                    buttons = container.getElementsByClassName('bookly-js-cancellation-confirmation-buttons')[0],\n                    message = container.getElementsByClassName('bookly-js-cancellation-confirmation-message')[0];\n                buttons.style.display = 'none';\n                message.style.display = 'inline';\n            };\n        }\n    }\n    \/\/ Click on 'Confirm cancellation' button\n    links = document.getElementsByClassName('bookly-js-cancellation-confirmation-yes');\n    for (i = 0; i < links.length; i++) {\n        if (links[i].onclick == undefined) {\n            links[i].onclick = function (e) {\n                e.preventDefault();\n                var url = booklyCancelConfirmationUrl + String.fromCharCode(38) + 'token=' + this.dataset.token,\n                    $reason = this.closest('.bookly-js-cancellation-confirmation-buttons').querySelector('.bookly-js-cancellation-confirmation-reason');\n                if ($reason !== null) {\n                    url += String.fromCharCode(38) + 'reason=' + encodeURIComponent($reason.value)\n                }\n                window.location.replace(url)\n            };\n        }\n    }\n    <\/script>\n","protected":false},"excerpt":{"rendered":"<p>Mein Konto Hier erf\u00e4hrst Du alles rund um Dein Konto. Bestellungen, Passwort uvm. Warum ein Konto anlegen? Du beh\u00e4ltst Deine Bestellungen und deren Status im \u00dcberblick, Du kannst von \u00fcberall auf Deinen Warenkorb &amp; Termine zugreifen, Du sparst Dir die wiederholte Eingabe Deiner Daten bei der n\u00e4chsten Bestellung. Wir k\u00f6nnen Dich \u00fcber Aktionen informieren. Um&hellip;<\/p>\n","protected":false},"author":596,"featured_media":0,"parent":77899,"menu_order":0,"comment_status":"closed","ping_status":"closed","template":"","meta":{"advanced_seo_description":"","jetpack_seo_html_title":"","jetpack_seo_noindex":false,"ngg_post_thumbnail":0,"footnotes":""},"class_list":["post-78236","page","type-page","status-publish","hentry","entry","no-media"],"jetpack_likes_enabled":true,"jetpack_sharing_enabled":true,"_links":{"self":[{"href":"https:\/\/www.light-style.eu\/es\/wp-json\/wp\/v2\/pages\/78236","targetHints":{"allow":["GET"]}}],"collection":[{"href":"https:\/\/www.light-style.eu\/es\/wp-json\/wp\/v2\/pages"}],"about":[{"href":"https:\/\/www.light-style.eu\/es\/wp-json\/wp\/v2\/types\/page"}],"author":[{"embeddable":true,"href":"https:\/\/www.light-style.eu\/es\/wp-json\/wp\/v2\/users\/596"}],"replies":[{"embeddable":true,"href":"https:\/\/www.light-style.eu\/es\/wp-json\/wp\/v2\/comments?post=78236"}],"version-history":[{"count":0,"href":"https:\/\/www.light-style.eu\/es\/wp-json\/wp\/v2\/pages\/78236\/revisions"}],"up":[{"embeddable":true,"href":"https:\/\/www.light-style.eu\/es\/wp-json\/wp\/v2\/pages\/77899"}],"wp:attachment":[{"href":"https:\/\/www.light-style.eu\/es\/wp-json\/wp\/v2\/media?parent=78236"}],"curies":[{"name":"wp","href":"https:\/\/api.w.org\/{rel}","templated":true}]}}