{"id":78237,"date":"2025-01-13T11:46:15","date_gmt":"2025-01-13T10:46:15","guid":{"rendered":"https:\/\/www.light-style.eu\/reserva-una-cita-ahora\/"},"modified":"2026-03-11T17:04:48","modified_gmt":"2026-03-11T16:04:48","slug":"reserva-una-cita-ahora","status":"publish","type":"page","link":"https:\/\/www.light-style.eu\/es\/fotografia\/reserva-una-cita-ahora\/","title":{"rendered":"Reserva tu cita f\u00e1cilmente"},"content":{"rendered":"\n<div class=\"wp-block-group is-layout-flow wp-block-group-is-layout-flow\">\n<div class=\"wp-block-columns is-layout-flex wp-container-core-columns-is-layout-28f84493 wp-block-columns-is-layout-flex\">\n<div class=\"wp-block-column is-layout-flow wp-block-column-is-layout-flow\" style=\"flex-basis:100%\">\n<figure class=\"wp-block-gallery has-nested-images columns-6 is-cropped wp-block-gallery-1 is-layout-flex wp-block-gallery-is-layout-flex\">\n<figure class=\"wp-block-image size-thumbnail\"><img data-recalc-dims=\"1\" loading=\"lazy\" decoding=\"async\" width=\"150\" height=\"150\" data-id=\"46335\" src=\"https:\/\/i0.wp.com\/www.light-style.eu\/studiosite\/wp-content\/uploads\/2021\/08\/hochzeitsfotos-1.jpg?resize=150%2C150&#038;ssl=1\" alt=\"\" class=\"wp-image-46335\" srcset=\"https:\/\/i0.wp.com\/www.light-style.eu\/studiosite\/wp-content\/uploads\/2021\/08\/hochzeitsfotos-1.jpg?resize=150%2C150&amp;ssl=1 150w, https:\/\/i0.wp.com\/www.light-style.eu\/studiosite\/wp-content\/uploads\/2021\/08\/hochzeitsfotos-1.jpg?resize=300%2C300&amp;ssl=1 300w, https:\/\/i0.wp.com\/www.light-style.eu\/studiosite\/wp-content\/uploads\/2021\/08\/hochzeitsfotos-1.jpg?resize=100%2C100&amp;ssl=1 100w, https:\/\/i0.wp.com\/www.light-style.eu\/studiosite\/wp-content\/uploads\/2021\/08\/hochzeitsfotos-1.jpg?zoom=3&amp;resize=150%2C150&amp;ssl=1 450w\" sizes=\"auto, (max-width: 150px) 100vw, 150px\" \/><\/figure>\n\n\n\n<figure class=\"wp-block-image size-thumbnail\"><img data-recalc-dims=\"1\" loading=\"lazy\" decoding=\"async\" width=\"150\" height=\"150\" data-id=\"45469\" src=\"https:\/\/i0.wp.com\/www.light-style.eu\/studiosite\/wp-content\/uploads\/2021\/01\/tierportraets-faces-14.jpg?resize=150%2C150&#038;ssl=1\" alt=\"Retratos de animales - Rostros\" class=\"wp-image-45469\" srcset=\"https:\/\/i0.wp.com\/www.light-style.eu\/studiosite\/wp-content\/uploads\/2021\/01\/tierportraets-faces-14.jpg?resize=150%2C150&amp;ssl=1 150w, https:\/\/i0.wp.com\/www.light-style.eu\/studiosite\/wp-content\/uploads\/2021\/01\/tierportraets-faces-14.jpg?resize=300%2C300&amp;ssl=1 300w, https:\/\/i0.wp.com\/www.light-style.eu\/studiosite\/wp-content\/uploads\/2021\/01\/tierportraets-faces-14.jpg?resize=100%2C100&amp;ssl=1 100w, https:\/\/i0.wp.com\/www.light-style.eu\/studiosite\/wp-content\/uploads\/2021\/01\/tierportraets-faces-14.jpg?zoom=3&amp;resize=150%2C150&amp;ssl=1 450w\" sizes=\"auto, (max-width: 150px) 100vw, 150px\" \/><\/figure>\n\n\n\n<figure class=\"wp-block-image size-thumbnail\"><img data-recalc-dims=\"1\" loading=\"lazy\" decoding=\"async\" width=\"980\" height=\"653\" data-id=\"45308\" src=\"https:\/\/i0.wp.com\/www.light-style.eu\/studiosite\/wp-content\/uploads\/2020\/12\/Irisfoto-37.jpg?resize=980%2C653&#038;ssl=1\" alt=\"\" class=\"wp-image-45308\" srcset=\"https:\/\/i0.wp.com\/www.light-style.eu\/studiosite\/wp-content\/uploads\/2020\/12\/Irisfoto-37.jpg?w=300&amp;ssl=1 300w, https:\/\/i0.wp.com\/www.light-style.eu\/studiosite\/wp-content\/uploads\/2020\/12\/Irisfoto-37.jpg?w=768&amp;ssl=1 768w, https:\/\/i0.wp.com\/www.light-style.eu\/studiosite\/wp-content\/uploads\/2020\/12\/Irisfoto-37.jpg?w=600&amp;ssl=1 600w, https:\/\/i0.wp.com\/www.light-style.eu\/studiosite\/wp-content\/uploads\/2020\/12\/Irisfoto-37.jpg?w=1200&amp;ssl=1 1200w\" sizes=\"auto, (max-width: 980px) 100vw, 980px\" \/><\/figure>\n\n\n\n<figure class=\"wp-block-image size-thumbnail\"><img data-recalc-dims=\"1\" loading=\"lazy\" decoding=\"async\" width=\"800\" height=\"1200\" data-id=\"40657\" src=\"https:\/\/i0.wp.com\/www.light-style.eu\/studiosite\/wp-content\/uploads\/2020\/09\/baby-babybauch-4.jpg?resize=800%2C1200&#038;ssl=1\" alt=\"Beb&#xE9; y barriga\" class=\"wp-image-40657\" srcset=\"https:\/\/i0.wp.com\/www.light-style.eu\/studiosite\/wp-content\/uploads\/2020\/09\/baby-babybauch-4.jpg?w=800&amp;ssl=1 800w, https:\/\/i0.wp.com\/www.light-style.eu\/studiosite\/wp-content\/uploads\/2020\/09\/baby-babybauch-4.jpg?resize=200%2C300&amp;ssl=1 200w, https:\/\/i0.wp.com\/www.light-style.eu\/studiosite\/wp-content\/uploads\/2020\/09\/baby-babybauch-4.jpg?resize=768%2C1152&amp;ssl=1 768w, https:\/\/i0.wp.com\/www.light-style.eu\/studiosite\/wp-content\/uploads\/2020\/09\/baby-babybauch-4.jpg?resize=600%2C900&amp;ssl=1 600w\" sizes=\"auto, (max-width: 800px) 100vw, 800px\" \/><\/figure>\n\n\n\n<figure class=\"wp-block-image size-thumbnail\"><img data-recalc-dims=\"1\" loading=\"lazy\" decoding=\"async\" width=\"150\" height=\"150\" data-id=\"39156\" src=\"https:\/\/i0.wp.com\/www.light-style.eu\/studiosite\/wp-content\/uploads\/2018\/11\/50th-glamour-2016-375.jpg?resize=150%2C150&#038;ssl=1\" alt=\"50&#xBA; Glamour 2016 - 375\" class=\"wp-image-39156\" srcset=\"https:\/\/i0.wp.com\/www.light-style.eu\/studiosite\/wp-content\/uploads\/2018\/11\/50th-glamour-2016-375.jpg?resize=150%2C150&amp;ssl=1 150w, https:\/\/i0.wp.com\/www.light-style.eu\/studiosite\/wp-content\/uploads\/2018\/11\/50th-glamour-2016-375.jpg?resize=300%2C300&amp;ssl=1 300w, https:\/\/i0.wp.com\/www.light-style.eu\/studiosite\/wp-content\/uploads\/2018\/11\/50th-glamour-2016-375.jpg?resize=100%2C100&amp;ssl=1 100w, https:\/\/i0.wp.com\/www.light-style.eu\/studiosite\/wp-content\/uploads\/2018\/11\/50th-glamour-2016-375.jpg?zoom=3&amp;resize=150%2C150&amp;ssl=1 450w\" sizes=\"auto, (max-width: 150px) 100vw, 150px\" \/><\/figure>\n\n\n\n<figure class=\"wp-block-image size-thumbnail\"><img data-recalc-dims=\"1\" data-attachment-id=\"37668\" data-permalink=\"https:\/\/www.light-style.eu\/es\/%d8%b5%d9%88%d8%b1-%d8%a7%d9%84%d8%b1%d8%ac%d8%a7%d9%84-9\/\" data-orig-file=\"https:\/\/i0.wp.com\/www.light-style.eu\/studiosite\/wp-content\/uploads\/2020\/07\/m%C3%A4nnerportr%C3%A4ts-19.jpg?fit=800%2C1200&amp;ssl=1\" data-orig-size=\"800,1200\" data-comments-opened=\"1\" data-image-meta=\"{&quot;aperture&quot;:&quot;0&quot;,&quot;credit&quot;:&quot;Fotostudio Light-Style,Andi Moel&quot;,&quot;camera&quot;:&quot;&quot;,&quot;caption&quot;:&quot;&quot;,&quot;created_timestamp&quot;:&quot;0&quot;,&quot;copyright&quot;:&quot;&quot;,&quot;focal_length&quot;:&quot;0&quot;,&quot;iso&quot;:&quot;0&quot;,&quot;shutter_speed&quot;:&quot;0&quot;,&quot;title&quot;:&quot;&quot;,&quot;orientation&quot;:&quot;0&quot;}\" data-image-title=\"\u0635\u0648\u0631 \u0627\u0644\u0631\u062c\u0627\u0644\" data-image-description=\"\" data-image-caption=\"\" data-large-file=\"https:\/\/i0.wp.com\/www.light-style.eu\/studiosite\/wp-content\/uploads\/2020\/07\/m%C3%A4nnerportr%C3%A4ts-19.jpg?fit=800%2C1200&amp;ssl=1\" decoding=\"async\" data-id=\"37668\" src=\"https:\/\/i0.wp.com\/www.light-style.eu\/studiosite\/wp-content\/uploads\/2020\/07\/m%C3%A4nnerportr%C3%A4ts-19.jpg?w=980&#038;ssl=1\" alt=\"&#x635;&#x648;&#x631; &#x627;&#x644;&#x631;&#x62C;&#x627;&#x644;\" class=\"wp-image-37668\"\/><\/figure>\n<\/figure>\n<\/div>\n<\/div>\n<\/div>\n\n<p class=\"has-text-align-center has-black-color has-text-color has-background\" style=\"background-color:#deccef;font-size:18px\"><a href=\"#Buchung\" data-type=\"internal\" data-id=\"#Buchung\"><strong><em>\u00a1Tu reserva en l\u00ednea!<\/em><\/strong><\/a><\/p>\n\n<p>\u00abNos tomamos mucho tiempo para tus fotos perfectas, \u00a1para que todo est\u00e9 bien! Solo tienes que reservar una cita y disfrutar de una experiencia inolvidable. Aqu\u00ed puedes planificar la mayor\u00eda de las sesiones fotogr\u00e1ficas y charlas informativas de forma r\u00e1pida, sencilla y clara. \u00a1Te esperamos!\u00bb   <\/p>\n\n<p class=\"has-text-align-center has-vivid-purple-color has-text-color has-link-color wp-elements-5b79d8d5d3455d3979c8ba2410afaf46\">Por supuesto, tambi\u00e9n es posible por tel\u00e9fono al <a href=\"tel:06184930505\">+(49)-(0)6184-930505<\/a><\/p>\n\n<hr class=\"wp-block-separator has-text-color has-luminous-vivid-orange-color has-css-opacity has-luminous-vivid-orange-background-color has-background is-style-wide\"\/>\n\n<p class=\"has-text-align-center has-vivid-purple-color has-text-color\" style=\"font-size:21px\"><strong><em>Aqu\u00ed est\u00e1 su reserva en l\u00ednea, f\u00e1cil y confirmada de inmediato<\/em><\/strong>,  <\/p>\n\n<p class=\"has-text-align-center has-black-color has-text-color\" style=\"font-size:21px\">Los precios se le mostrar\u00e1n en el proceso de pedido antes de reserva, por supuesto, incl. del rodaje.<\/p>\n\n<p class=\"has-text-align-center\"><strong>\u00bfProblemas? \u2013 Ll\u00e1manos. <\/strong><\/p>\n\n<p class=\"has-text-align-center has-small-font-size\">\u00a1Los servicios y las citas se est\u00e1n cargando! Danos unos segundos \ud83d\ude09 <\/p>\n\n<div class=\"wp-block-bookly-form\"><!--\nPlugin Name: Bookly - Responsive WordPress Appointment Booking and Scheduling Plugin\nPlugin URI: https:\/\/www.booking-wp-plugin.com\/?utm_source=bookly_admin&utm_medium=plugins_page&utm_campaign=plugins_page\nVersion: 27.5-->\n<style type=\"text\/css\">\n    :root {\n        --bookly-main-color: #bd78e8 !important;\n        --bookly-color: #bd78e8 !important;\n    }\n\n        .bookly-form {color: Black! important; \/ * to change the color * \/\nfont-size: 25px! important; \/ * to change the font size * \/}\n\n.bookly-label-error {\n   \n   font-size: 19px !important; \/*  to change the font size *\/\n   background: #f0aaa5;\n   color: #fa0707 !important;   \/* to change the color *\/\n\n\n}\n.bookly-form {\n     background: #FFFAF0;\n     color: #0b0a0a;\n}\n\n .bookly-extra-step .bookly-extras-item {\n    display: inline-block;\n    width: 25%;\n    margin: 0 -2px !important;\n        margin-bottom: 0px;\n    margin-bottom: 2px !important;\n    vertical-align: bottom !important;\n       background: #fcfbfc;\n}\n .bookly-extra-step div.bookly-extras-thumb.bookly-extras-selected {\n    border: 3px solid #bf7de8 !important;\n    background: #f5ecf9;\n}\n.bookly-loading-indicator::after {\n    content: \"Dienstleistungen & Termine werden geladen...\";\n    display: block;\n    margin-top: 15px;\n    font-size: 14px;\n    color: #333;\n    text-align: center;\n    font-weight: bold;\n}    <\/style><div class=\"bookly-css-root\">\n    <div id=\"bookly-form-container-69fb193e24b55\" class=\"bookly-form\" data-form_id=\"\" aria-live=\"polite\">\n        <div style=\"text-align: center\"><img data-recalc-dims=\"1\" src=\"https:\/\/i0.wp.com\/www.light-style.eu\/studiosite\/wp-includes\/js\/tinymce\/skins\/lightgray\/img\/loader.gif?w=980&#038;ssl=1\" alt=\"Cargando ...\"\/><\/div>\n    <\/div>\n<\/div>\n<script type=\"text\/javascript\">\n    (function (win, fn) {\n        var done = false, top = true,\n            doc = win.document,\n            root = doc.documentElement,\n            modern = doc.addEventListener,\n            add = modern ? 'addEventListener' : 'attachEvent',\n            rem = modern ? 'removeEventListener' : 'detachEvent',\n            pre = modern ? '' : 'on',\n            init = function (e) {\n                if (e.type == 'readystatechange') if (doc.readyState != 'complete') return;\n                (e.type == 'load' ? win : doc)[rem](pre + e.type, init, false);\n                if (!done) {\n                    done = true;\n                    fn.call(win, e.type || e);\n                }\n            },\n            poll = function () {\n                try {\n                    root.doScroll('left');\n                } catch (e) {\n                    setTimeout(poll, 50);\n                    return;\n                }\n                init('poll');\n            };\n        if (doc.readyState == 'complete') fn.call(win, 'lazy');\n        else {\n            if (!modern) if (root.doScroll) {\n                try {\n                    top = !win.frameElement;\n                } catch (e) {\n                }\n                if (top) poll();\n            }\n            doc[add](pre + 'DOMContentLoaded', init, false);\n            doc[add](pre + 'readystatechange', init, false);\n            win[add](pre + 'load', init, false);\n        }\n    })(window, function () {\n        window.bookly( {\"form_id\":\"69fb193e24b55\",\"form_data\":{\"skip_service_step\":0,\"hide_service_part1\":0,\"hide_service_part2\":0,\"defaults\":{\"service_id\":0,\"staff_id\":0,\"location_id\":0,\"category_id\":0,\"units\":0,\"date_from\":0,\"time_from\":0,\"time_to\":0}},\"status\":{\"booking\":\"new\"},\"form_token\":null,\"skip_steps\":{\"service_part1\":0,\"service_part2\":0,\"extras\":0,\"time\":0,\"repeat\":1,\"cart\":1},\"errors\":{\"session_error\":\"Error de sesi\\u00f3n.\",\"form_id_error\":\"Error Identificaci\\u00f3n formulario.\",\"cart_item_not_available\":\"Die eingestellte Zeit ist nicht mehr vorhanden. Bitte w\\u00e4hlen Sie eine andere Zeit.\",\"pay_locally_not_available\":\"Pagu\\u00e9 no est\\u00e1 disponible.\",\"invalid_gateway\":\"Puerta de enlace no es v\\u00e1lido.\",\"payment_error\":\"Error.\",\"incorrect_username_password\":\"Nombre de usuario o contrase\\u00f1a incorrectos.\"},\"form_attributes\":{\"hide_categories\":false,\"hide_services\":false,\"hide_staff_members\":true,\"show_number_of_persons\":false,\"hide_service_duration\":true,\"hide_locations\":true,\"hide_quantity\":true,\"hide_date\":false,\"hide_week_days\":false,\"hide_time_range\":false},\"use_client_time_zone\":0,\"defaults\":{\"service_id\":0,\"staff_id\":0,\"location_id\":0,\"category_id\":0},\"datepicker_mode\":\"bg-accent\",\"facebook\":{\"enabled\":1,\"appId\":\"\"},\"step_extras\":\"before_step_time\"} );\n    });\n<\/script><\/div>\n\n<hr class=\"wp-block-separator has-text-color has-luminous-vivid-orange-color has-css-opacity has-luminous-vivid-orange-background-color has-background is-style-wide\"\/>\n\n<p class=\"has-text-align-center\">Todav\u00eda  <em>\u00bfindeciso? Aqu\u00ed puedes encontrar nuestras <a href=\"https:\/\/www.light-style.eu\/Blog\/meinungen\/\" target=\"_blank\" rel=\"noreferrer noopener\">rese\u00f1as de Google.<\/a><\/em><\/p>\n\n<p class=\"has-text-align-center has-black-color has-text-color has-background\" style=\"background-color:#c4f3e0;font-size:18px\"><em><a href=\"https:\/\/www.light-style.eu\/es\/fotografia\/por-que-somos-diferentes\/bienvenido\/fotografia-publicitaria-y-de-negocios\/\" data-type=\"page\" data-id=\"201\" target=\"_blank\" rel=\"noreferrer noopener\">Las fotos de productos y publicidad no se pueden reservar online, ya que hay demasiados factores que prefiero discutir en persona<\/a>. Sin embargo, tambi\u00e9n puede reservar una cita para una charla preliminar en l\u00ednea aqu\u00ed.  <strong>Si una cita (excepto las fotos de pasaporte) no encaja seg\u00fan la herramienta de reservas, ll\u00e1menos y veremos si podemos organizar algo.  <\/strong><\/em><\/p>\n\n<p>Esto nos permite planificar mucho mejor los proyectos y rodajes que se llevan a cabo fuera de nuestro estudio, as\u00ed como los rodajes m\u00e1s grandes. Y no veng\u00e1is al estudio si lamentablemente no tenemos tiempo para vosotros, lo cual ser\u00eda una pena.<\/p>\n\n<p class=\"has-text-align-center has-black-color has-text-color has-background\" style=\"background-color:#cac2d1\">Tambi\u00e9n puede concertar citas por tel\u00e9fono al +49 (0)6184-930505. Contestador autom\u00e1tico si estoy en una sesi\u00f3n de fotos \/ reuni\u00f3n con un cliente, etc.<\/p>\n\n<p class=\"has-text-align-center\"><a href=\"#Buchung\" data-type=\"internal\" data-id=\"#Buchung\">Volver a la herramienta de reservas<\/a><\/p>\n\n<figure class=\"wp-block-image aligncenter size-large is-resized\"><a href=\"https:\/\/www.light-style.eu\/bonjour\/willkommen\/baby-babybauch\/b18t0101-18-bearbeitet2018-babyfotos-freigabe-durch-kunden-kundenmappe-newborn-tahlheimer\/\"><img data-recalc-dims=\"1\" loading=\"lazy\" decoding=\"async\" width=\"800\" height=\"1200\" src=\"https:\/\/i0.wp.com\/www.light-style.eu\/studiosite\/wp-content\/uploads\/2020\/07\/baby-babybauch-31.jpg?resize=800%2C1200&#038;ssl=1\" alt=\"Beb&#xE9; y barriga\" class=\"wp-image-33777\" style=\"width:200px;height:300px\" srcset=\"https:\/\/i0.wp.com\/www.light-style.eu\/studiosite\/wp-content\/uploads\/2020\/07\/baby-babybauch-31.jpg?w=200&amp;ssl=1 200w, https:\/\/i0.wp.com\/www.light-style.eu\/studiosite\/wp-content\/uploads\/2020\/07\/baby-babybauch-31.jpg?w=768&amp;ssl=1 768w, https:\/\/i0.wp.com\/www.light-style.eu\/studiosite\/wp-content\/uploads\/2020\/07\/baby-babybauch-31.jpg?w=600&amp;ssl=1 600w, https:\/\/i0.wp.com\/www.light-style.eu\/studiosite\/wp-content\/uploads\/2020\/07\/baby-babybauch-31.jpg?w=800&amp;ssl=1 800w\" sizes=\"auto, (max-width: 800px) 100vw, 800px\" \/><\/a><\/figure>\n\n<p class=\"has-text-align-right\">Tu Andi<\/p>\n","protected":false},"excerpt":{"rendered":"<p>\u00a1Tu reserva en l\u00ednea! \u00abNos tomamos mucho tiempo para tus fotos perfectas, \u00a1para que todo est\u00e9 bien! Solo tienes que reservar una cita y disfrutar de una experiencia inolvidable. Aqu\u00ed puedes planificar la mayor\u00eda de las sesiones fotogr\u00e1ficas y charlas informativas de forma r\u00e1pida, sencilla y clara. \u00a1Te esperamos!\u00bb Por supuesto, tambi\u00e9n es posible por&hellip;<\/p>\n","protected":false},"author":1,"featured_media":78265,"parent":78313,"menu_order":0,"comment_status":"closed","ping_status":"closed","template":"","meta":{"advanced_seo_description":"","jetpack_seo_html_title":"","jetpack_seo_noindex":false,"ngg_post_thumbnail":0,"footnotes":""},"class_list":["post-78237","page","type-page","status-publish","has-post-thumbnail","hentry","entry","has-media"],"jetpack_likes_enabled":true,"jetpack_sharing_enabled":true,"_links":{"self":[{"href":"https:\/\/www.light-style.eu\/es\/wp-json\/wp\/v2\/pages\/78237","targetHints":{"allow":["GET"]}}],"collection":[{"href":"https:\/\/www.light-style.eu\/es\/wp-json\/wp\/v2\/pages"}],"about":[{"href":"https:\/\/www.light-style.eu\/es\/wp-json\/wp\/v2\/types\/page"}],"author":[{"embeddable":true,"href":"https:\/\/www.light-style.eu\/es\/wp-json\/wp\/v2\/users\/1"}],"replies":[{"embeddable":true,"href":"https:\/\/www.light-style.eu\/es\/wp-json\/wp\/v2\/comments?post=78237"}],"version-history":[{"count":0,"href":"https:\/\/www.light-style.eu\/es\/wp-json\/wp\/v2\/pages\/78237\/revisions"}],"up":[{"embeddable":true,"href":"https:\/\/www.light-style.eu\/es\/wp-json\/wp\/v2\/pages\/78313"}],"wp:featuredmedia":[{"embeddable":true,"href":"https:\/\/www.light-style.eu\/es\/wp-json\/wp\/v2\/media\/78265"}],"wp:attachment":[{"href":"https:\/\/www.light-style.eu\/es\/wp-json\/wp\/v2\/media?parent=78237"}],"curies":[{"name":"wp","href":"https:\/\/api.w.org\/{rel}","templated":true}]}}