{"id":78336,"date":"2025-01-13T11:46:51","date_gmt":"2025-01-13T10:46:51","guid":{"rendered":"https:\/\/www.light-style.eu\/subasta-de-arte\/"},"modified":"2025-01-13T11:47:00","modified_gmt":"2025-01-13T10:47:00","slug":"subasta-de-arte","status":"publish","type":"page","link":"https:\/\/www.light-style.eu\/es\/subasta-de-arte\/","title":{"rendered":"Subasta de arte"},"content":{"rendered":"\n<p class=\"has-text-align-center has-vivid-cyan-blue-color has-text-color has-large-font-size\">\u2014<strong>3\u20142\u20141\u2014TUYO \ud83d\ude09<\/strong><\/p>\n\n<p class=\"has-text-align-center\">En esta p\u00e1gina hay subastas normales de nuestro arte.<\/p>\n\n<p class=\"has-text-align-center\">Pero tambi\u00e9n habr\u00e1 una o dos de nuestras obras de arte de alta calidad de <a href=\"https:\/\/www.light-style.eu\/unser-foto-shop\/\" data-type=\"URL\" data-id=\"https:\/\/www.light-style.eu\/unser-foto-shop\/\">nuestra tienda en l\u00ednea<\/a>, as\u00ed como motivos in\u00e9ditos, para comprar aqu\u00ed, de vez en cuando.  <\/p>\n\n<p class=\"has-text-align-center\">Si hay alg\u00fan problema, ll\u00e1mame al estudio y resolveremos el problema lo antes posible.<\/p>\n\n<figure class=\"wp-block-image aligncenter size-full is-resized\"><img data-recalc-dims=\"1\" loading=\"lazy\" decoding=\"async\" width=\"846\" height=\"583\" src=\"https:\/\/i0.wp.com\/www.light-style.eu\/studiosite\/wp-content\/uploads\/2018\/12\/Wohnzimmer-klein2.jpg?resize=846%2C583&#038;ssl=1\" alt=\"\" class=\"wp-image-4599\" style=\"width:423px;height:292px\" srcset=\"https:\/\/i0.wp.com\/www.light-style.eu\/studiosite\/wp-content\/uploads\/2018\/12\/Wohnzimmer-klein2.jpg?w=300&amp;ssl=1 300w, https:\/\/i0.wp.com\/www.light-style.eu\/studiosite\/wp-content\/uploads\/2018\/12\/Wohnzimmer-klein2.jpg?w=768&amp;ssl=1 768w, https:\/\/i0.wp.com\/www.light-style.eu\/studiosite\/wp-content\/uploads\/2018\/12\/Wohnzimmer-klein2.jpg?w=600&amp;ssl=1 600w, https:\/\/i0.wp.com\/www.light-style.eu\/studiosite\/wp-content\/uploads\/2018\/12\/Wohnzimmer-klein2.jpg?w=846&amp;ssl=1 846w\" sizes=\"auto, (max-width: 846px) 100vw, 846px\" \/><figcaption class=\"wp-element-caption\">La misma calidad y materiales que en nuestra tienda online, producidos en un laboratorio especializado y fotografiados con amor.  <\/figcaption><\/figure>\n\n<hr class=\"wp-block-separator has-css-opacity\"\/>\n\n<p><\/p>\n<div class=\"container-auw\">\n\t\t<div class=\"auction-table-design\">\n\t\t\t<div class=\"auction-table-header\">\n\t\t\t\t<ul>\n\t\t\t\t\t<li class=\"prod_img\">Imagen<\/li>\n\t\t\t\t\t<li class=\"prod_summary\">Product Summary<\/li>\n\t\t\t\t\t<li class=\"cur-price\">Precio Actual<\/li>\n\t\t\t\t\t<li class=\"bid_place\">Ofertas realizadas<\/li>\n\t\t\t\t\t<li class=\"end-time\">Finalizado<\/li>\n\t\t\t\t\t<li class=\"bids_now-btn\">Bids Now<\/li>\n\t\t\t\t<\/ul>\n\t\t\t<\/div>\n\t\t\t\n\t\t<\/div>\n\n\t<div class=\"product-details-content\">\n\t\t\t<\/div>\n<\/div>\n\n\n\n\n<p class=\"has-text-align-right\">Tu Andi<\/p>\n","protected":false},"excerpt":{"rendered":"<p>\u20143\u20142\u20141\u2014TUYO \ud83d\ude09 En esta p\u00e1gina hay subastas normales de nuestro arte. Pero tambi\u00e9n habr\u00e1 una o dos de nuestras obras de arte de alta calidad de nuestra tienda en l\u00ednea, as\u00ed como motivos in\u00e9ditos, para comprar aqu\u00ed, de vez en cuando. Si hay alg\u00fan problema, ll\u00e1mame al estudio y resolveremos el problema lo antes posible.&hellip;<\/p>\n","protected":false},"author":1,"featured_media":0,"parent":0,"menu_order":0,"comment_status":"closed","ping_status":"closed","template":"","meta":{"advanced_seo_description":"","jetpack_seo_html_title":"","jetpack_seo_noindex":false,"ngg_post_thumbnail":0,"footnotes":""},"class_list":["post-78336","page","type-page","status-publish","hentry","entry","no-media"],"jetpack_likes_enabled":true,"jetpack_sharing_enabled":true,"_links":{"self":[{"href":"https:\/\/www.light-style.eu\/es\/wp-json\/wp\/v2\/pages\/78336","targetHints":{"allow":["GET"]}}],"collection":[{"href":"https:\/\/www.light-style.eu\/es\/wp-json\/wp\/v2\/pages"}],"about":[{"href":"https:\/\/www.light-style.eu\/es\/wp-json\/wp\/v2\/types\/page"}],"author":[{"embeddable":true,"href":"https:\/\/www.light-style.eu\/es\/wp-json\/wp\/v2\/users\/1"}],"replies":[{"embeddable":true,"href":"https:\/\/www.light-style.eu\/es\/wp-json\/wp\/v2\/comments?post=78336"}],"version-history":[{"count":0,"href":"https:\/\/www.light-style.eu\/es\/wp-json\/wp\/v2\/pages\/78336\/revisions"}],"wp:attachment":[{"href":"https:\/\/www.light-style.eu\/es\/wp-json\/wp\/v2\/media?parent=78336"}],"curies":[{"name":"wp","href":"https:\/\/api.w.org\/{rel}","templated":true}]}}