{"id":78511,"date":"2025-01-13T11:47:17","date_gmt":"2025-01-13T10:47:17","guid":{"rendered":"https:\/\/www.light-style.eu\/bienvenido\/"},"modified":"2025-12-07T19:19:34","modified_gmt":"2025-12-07T18:19:34","slug":"bienvenido","status":"publish","type":"page","link":"https:\/\/www.light-style.eu\/es\/fotografia\/por-que-somos-diferentes\/bienvenido\/","title":{"rendered":"Bienvenido"},"content":{"rendered":"\n<p class=\"has-text-align-center\"><span style=\"color: #ff9900;\"><a href=\"https:\/\/www.light-style.eu\/es\/fotografia\/reserva-una-cita-ahora\/\">\u00a1Solo con cita previa! Puedes encontrar m\u00e1s informaci\u00f3n aqu\u00ed <\/a><\/span><\/p>\n\n<p class=\"has-text-align-center\"><span style=\"color: #800080;\"><strong><a href=\"https:\/\/www.light-style.eu\/unser-foto-shop\/\" data-type=\"page\" data-id=\"1534\">Visite tambi\u00e9n nuestra galer\u00eda de arte con murales exclusivos para el hogar y el negocio.<\/a><br\/><\/strong><\/span><\/p>\n\n<p class=\"has-text-align-center\"><span style=\"font-family: georgia,palatino;\"><em><span style=\"font-size: 21px;\">Hola y gracias por visitar nuestro sitio.<\/span><\/em><\/span><\/p>\n\n<p><span style=\"font-family: georgia,palatino;\"><em><span style=\"font-size: 21px;\">  Me dedico a la fotograf\u00eda desde los 19 a\u00f1os. (As\u00ed que han pasado unos d\u00edas \ud83d\ude09 ) Me encanta la fotograf\u00eda, que espero que se pueda ver en las fotos. Para m\u00ed, la fotograf\u00eda es mucho m\u00e1s que pulsar el bot\u00f3n del obturador, la fotograf\u00eda significa dibujar con luz. Y eso es exactamente lo que me gusta. Dar forma con luces y sombras. Para resaltar los aspectos positivos y ocultar peque\u00f1as imperfecciones en las sombras. Donde hay luz, siempre hay sombra. Eso es lo que hace a un fot\u00f3grafo si puede hacer eso. Las fotos sin sombra de bonitas modelos posando de forma independiente pueden ser tomadas por cualquiera \ud83d\ude09 Mi convicci\u00f3n es que no existe tal cosa como \u00abno fotog\u00e9nico\u00bb, sino solo el estilo incorrecto y el fot\u00f3grafo equivocado. En t\u00e9rminos de estilismo, maquillaje, peinado, estaremos encantados de ayudarte y mi maquillador te maquillar\u00e1 perfectamente para todas las sesiones si lo deseas.         <\/span><\/em><\/span><\/p>\n\n<figure class=\"wp-block-image aligncenter size-large is-resized\"><a href=\"https:\/\/www.light-style.eu\/es\/fotografia\/por-que-somos-diferentes\/bienvenido\/retratos\/glamur\/tamara-3-kopie-2\/\"><img data-recalc-dims=\"1\" loading=\"lazy\" decoding=\"async\" width=\"800\" height=\"1024\" src=\"https:\/\/i0.wp.com\/www.light-style.eu\/studiosite\/wp-content\/uploads\/2016\/09\/glamour-42.jpg?resize=800%2C1024&#038;ssl=1\" alt=\"Glamur\" class=\"wp-image-394\" style=\"width:227px;height:auto\"\/><\/a><\/figure>\n\n<p class=\"has-medium-font-size\">\u00abNo solo tenemos los muchos tipos de fotos geniales que puedes descubrir en el men\u00fa de enlace de la izquierda, sino que tambi\u00e9n tomamos fotos de pasaporte y fotos de aplicaciones profesionales que son realmente convincentes. Ya sea en el estudio o en el lugar, estamos a su lado para crear juntos las fotos perfectas. Y para momentos especiales como bautizos, fiestas de cumplea\u00f1os o celebraciones de empresa, \u00a1tambi\u00e9n somos los socios adecuados para una fotograf\u00eda de eventos inolvidable!  <\/p>\n\n<p class=\"has-medium-font-size\">Por cierto: no tenemos fotos de modelos posadas o fotos de talleres, sino fotos reales de clientes reales, \u00a1por supuesto solo con su consentimiento para la publicaci\u00f3n! De lo contrario, sus fotos permanecer\u00e1n seguras en nuestro archivo secreto, \u00a1lo prometemos!\u00bb <\/p>\n\n<figure class=\"wp-block-image alignleft size-large is-resized is-style-default\"><a href=\"https:\/\/www.light-style.eu\/bonjour\/willkommen\/portraets\/coole-sportlerportraets\/sp18f0104-312018-florian-freigabe-durch-kunden-model-sportlerfotos\/\"><img data-recalc-dims=\"1\" decoding=\"async\" src=\"https:\/\/i0.wp.com\/www.light-style.eu\/studiosite\/wp-content\/uploads\/2020\/07\/coole-sportlerportr%C3%A4ts-14.jpg?w=980&#038;ssl=1\" alt=\"Retratos geniales de atletas\" class=\"wp-image-33738\" style=\"width:286px;height:429px\"\/><\/a><\/figure>\n\n<p><span style=\"font-size: 21px; font-family: georgia,palatino;\"><em>Nuestro estudio se encuentra en Rodenbach, pero, por supuesto, tambi\u00e9n estamos a su disposici\u00f3n como fot\u00f3grafos en Hanau, Frankfurt, Langenselbold, Freigericht, Erlensee, etc. Y para la fotograf\u00eda de bodas o de negocios, se puede reservar en todo el pa\u00eds o ahora tambi\u00e9n en todo el mundo \ud83d\ude42 <\/em><\/span><\/p>\n\n<figure class=\"wp-block-image alignright is-style-default\"><a href=\"https:\/\/www.light-style.eu\/bonjour\/willkommen\/portraets\/p15r0206-6-2\/\"><img data-recalc-dims=\"1\" height=\"200\" width=\"300\" decoding=\"async\" src=\"https:\/\/i0.wp.com\/www.light-style.eu\/studiosite\/wp-content\/uploads\/2016\/09\/portr%C3%A4ts-38.jpg?resize=300%2C200&#038;ssl=1\" alt=\"P15R0206-6\" class=\"wp-image-504\"\/><\/a><\/figure>\n\n<p><span style=\"font-family: georgia,palatino; font-size: 21px;\"><em>En la mayor\u00eda de las sesiones, se le presentar\u00e1 una selecci\u00f3n de fotos terminadas despu\u00e9s de unos d\u00edas, de las cuales puede elegir las fotos que le gusten. Fotos de aplicaci\u00f3n aprox. 30min despu\u00e9s de la sesi\u00f3n. <\/em><span style=\"font-family: georgia,palatino; font-size: 21px;\"><\/span><\/span><\/p>\n\n<figure class=\"wp-block-image alignleft is-style-default\"><a href=\"https:\/\/www.light-style.eu\/bonjour\/willkommen\/portraets\/s17b0208-13\/\"><img data-recalc-dims=\"1\" height=\"200\" width=\"300\" decoding=\"async\" src=\"https:\/\/i0.wp.com\/www.light-style.eu\/studiosite\/wp-content\/uploads\/2016\/09\/portr%C3%A4ts-99.jpg?resize=300%2C200&#038;ssl=1\" alt=\"\" class=\"wp-image-1123\"\/><\/a><\/figure>\n\n<p class=\"has-medium-font-size\">\u00ab\u00bfSab\u00edas que las fotos son m\u00e1s que simples recuerdos? A esto se le llama <em>psicolog\u00eda fotogr\u00e1fica<\/em> y, para ser sincero, me enter\u00e9 hace poco. Lo que me pareci\u00f3 particularmente emocionante: las fotos que est\u00e1n en el caj\u00f3n o en la PC son agradables, pero no tienen una influencia real en nuestra vida cotidiana. Solo cuando una foto cuelga de la pared, por la que pasamos una y otra vez, tiene el poder de suministrarnos inconscientemente hormonas de la felicidad. Estas peque\u00f1as \u00abinyecciones de endorfinas\u00bb ocurren cada vez que percibimos la imagen sin darnos cuenta. Solo colgamos fotos que realmente nos gustan, ya sean fotos de vacaciones, fotos familiares o momentos especiales. \u00a1Pru\u00e9balo y experim\u00e9ntalo por ti mismo!\u00bb      <\/p>\n\n<p class=\"has-medium-font-size\"><em><span style=\"font-family: georgia,palatino; font-size: 21px;\">As\u00ed que ahora prefiero dejarte a ti con las p\u00e1ginas y dejar que las fotos hablen por s\u00ed mismas.<\/span><\/em><\/p>\n\n<p><em><span style=\"font-family: georgia,palatino; font-size: 21px;\"> <\/span><\/em><\/p>\n\n<p><em><span style=\"font-family: georgia,palatino; font-size: 21px;\">Gracias Andi<\/span><\/em><\/p>\n","protected":false},"excerpt":{"rendered":"<p>\u00a1Solo con cita previa! Puedes encontrar m\u00e1s informaci\u00f3n aqu\u00ed Visite tambi\u00e9n nuestra galer\u00eda de arte con murales exclusivos para el hogar y el negocio. Hola y gracias por visitar nuestro sitio. Me dedico a la fotograf\u00eda desde los 19 a\u00f1os. (As\u00ed que han pasado unos d\u00edas \ud83d\ude09 ) Me encanta la fotograf\u00eda, que espero que&hellip;<\/p>\n","protected":false},"author":1,"featured_media":0,"parent":78561,"menu_order":0,"comment_status":"closed","ping_status":"closed","template":"","meta":{"advanced_seo_description":"","jetpack_seo_html_title":"","jetpack_seo_noindex":false,"ngg_post_thumbnail":0,"footnotes":""},"class_list":["post-78511","page","type-page","status-publish","hentry","entry","no-media"],"jetpack_likes_enabled":true,"jetpack_sharing_enabled":true,"_links":{"self":[{"href":"https:\/\/www.light-style.eu\/es\/wp-json\/wp\/v2\/pages\/78511","targetHints":{"allow":["GET"]}}],"collection":[{"href":"https:\/\/www.light-style.eu\/es\/wp-json\/wp\/v2\/pages"}],"about":[{"href":"https:\/\/www.light-style.eu\/es\/wp-json\/wp\/v2\/types\/page"}],"author":[{"embeddable":true,"href":"https:\/\/www.light-style.eu\/es\/wp-json\/wp\/v2\/users\/1"}],"replies":[{"embeddable":true,"href":"https:\/\/www.light-style.eu\/es\/wp-json\/wp\/v2\/comments?post=78511"}],"version-history":[{"count":0,"href":"https:\/\/www.light-style.eu\/es\/wp-json\/wp\/v2\/pages\/78511\/revisions"}],"up":[{"embeddable":true,"href":"https:\/\/www.light-style.eu\/es\/wp-json\/wp\/v2\/pages\/78561"}],"wp:attachment":[{"href":"https:\/\/www.light-style.eu\/es\/wp-json\/wp\/v2\/media?parent=78511"}],"curies":[{"name":"wp","href":"https:\/\/api.w.org\/{rel}","templated":true}]}}