{"id":79036,"date":"2025-01-13T11:48:15","date_gmt":"2025-01-13T10:48:15","guid":{"rendered":"https:\/\/www.light-style.eu\/fotografia\/otros-servicios\/"},"modified":"2025-01-13T11:48:23","modified_gmt":"2025-01-13T10:48:23","slug":"otros-servicios","status":"publish","type":"page","link":"https:\/\/www.light-style.eu\/es\/fotografia\/otros-servicios\/","title":{"rendered":"Otros servicios"},"content":{"rendered":"\n<p class=\"has-text-align-center\"><span style=\"font-size: 21px;\"><strong>Te ofrecemos m\u00e1s servicio que \u00abs\u00f3lo\u00bb tomar fotos<\/strong><\/span><\/p>\n\n<p class=\"has-text-align-center\"><span style=\"font-size: 18px;\"><strong>Digitalizaci\u00f3n de pel\u00edculas \/ diapositivas<\/strong><\/span><\/p>\n\n<p class=\"has-text-align-center\"><span style=\"font-size: 18px;\">Junto con nuestro fuerte socio Helo Film, le ofrecemos desde hace a\u00f1os el servicio de digitalizar todas las pel\u00edculas en la m\u00e1xima calidad. Puedes ver exactamente qu\u00e9 pel\u00edculas son y cu\u00e1nto cuestan aqu\u00ed en <a href=\"http:\/\/filme-sichern.de\/preise.html\" target=\"_blank\" rel=\"noopener noreferrer\">Helo en el sitio web<\/a>. Por supuesto, te ofrecemos los mismos precios que Helo, solo que se a\u00f1ade el env\u00edo como paquete asegurado. Ya sea un casete o 20 piezas, estamos a su disposici\u00f3n. Simplemente deje las pel\u00edculas en nuestro estudio, y despu\u00e9s de unos 10-14 d\u00edas tendr\u00e1 la versi\u00f3n digital en sus manos.    <\/span><\/p>\n\n<p class=\"has-text-align-center\"><span style=\"font-size: 18px;\"><strong>Cuadros para funerales<\/strong><\/span><\/p>\n\n<p class=\"has-text-align-center\"><span style=\"font-size: 18px;\">Me cost\u00f3 mucho escribir algo sobre este tema, porque el tema es bastante triste. Pero como tengo innumerables clientes con exactamente esta preocupaci\u00f3n en el estudio todos los a\u00f1os, decid\u00ed publicar esto aqu\u00ed.   <\/span><\/p>\n\n<p class=\"has-text-align-center\"><span style=\"font-size: 18px;\">Desafortunadamente, cada uno de nosotros tiene que decir adi\u00f3s a veces, incluso si no queremos admitirlo. Los entierros en urnas a menudo se toman ahora, por lo que desea poner una buena foto en la ceremonia. Especialmente con las personas mayores, a menudo es dif\u00edcil elegir algo que encaje en las fotos de la celebraci\u00f3n familiar. Y todav\u00eda se ve inteligente. Ahora tenemos 2 opciones: Lo que suele ocurrir es que los familiares vienen a m\u00ed con una foto de pasaporte, una instant\u00e1nea de una celebraci\u00f3n y les gustar\u00eda tener una foto m\u00e1s grande para el funeral. En la mayor\u00eda de los casos, tambi\u00e9n debe procesarse. Cualquiera que est\u00e9 familiarizado con la edici\u00f3n de im\u00e1genes sabe lo dif\u00edcil que es recortar fotos peque\u00f1as, archivos y luego cambiar el fondo. Hay muchos factores que influyen en el esfuerzo y el producto final, si la foto tiene da\u00f1os, qu\u00e9 tan grande es la original, qu\u00e9 tan grande debe ser, si tiene una cuadr\u00edcula, etc. Por eso siempre te aconsejamos sobre lo que tiene sentido para una foto y lo que no. Dependiendo del esfuerzo y el tama\u00f1o, tambi\u00e9n se calcula el precio. Dado que los funerales suelen ser bastante oportunos, por favor venga lo m\u00e1s temprano posible. \u00a1Necesito al menos 3 d\u00edas! Hasta que la foto regresa del laboratorio.             <\/span><\/p>\n\n<p class=\"has-text-align-center\"><strong><em>Renovaci\u00f3n de fotos antiguas<\/em><\/strong><\/p>\n\n<figure class=\"wp-block-image aligncenter size-large\"><a href=\"https:\/\/www.light-style.eu\/es\/fotografia\/otros-servicios\/alte-fotos-recolorieren-2\/\"><img data-recalc-dims=\"1\" loading=\"lazy\" decoding=\"async\" width=\"980\" height=\"454\" src=\"https:\/\/i0.wp.com\/www.light-style.eu\/studiosite\/wp-content\/uploads\/2021\/04\/alte-Fotos-recolorieren.jpg?resize=980%2C454&#038;ssl=1\" alt=\"\" class=\"wp-image-45992\" srcset=\"https:\/\/i0.wp.com\/www.light-style.eu\/studiosite\/wp-content\/uploads\/2021\/04\/alte-Fotos-recolorieren.jpg?w=300&amp;ssl=1 300w, https:\/\/i0.wp.com\/www.light-style.eu\/studiosite\/wp-content\/uploads\/2021\/04\/alte-Fotos-recolorieren.jpg?w=1300&amp;ssl=1 1300w, https:\/\/i0.wp.com\/www.light-style.eu\/studiosite\/wp-content\/uploads\/2021\/04\/alte-Fotos-recolorieren.jpg?w=768&amp;ssl=1 768w, https:\/\/i0.wp.com\/www.light-style.eu\/studiosite\/wp-content\/uploads\/2021\/04\/alte-Fotos-recolorieren.jpg?w=1536&amp;ssl=1 1536w, https:\/\/i0.wp.com\/www.light-style.eu\/studiosite\/wp-content\/uploads\/2021\/04\/alte-Fotos-recolorieren.jpg?w=2048&amp;ssl=1 2048w, https:\/\/i0.wp.com\/www.light-style.eu\/studiosite\/wp-content\/uploads\/2021\/04\/alte-Fotos-recolorieren.jpg?w=600&amp;ssl=1 600w, https:\/\/i0.wp.com\/www.light-style.eu\/studiosite\/wp-content\/uploads\/2021\/04\/alte-Fotos-recolorieren.jpg?w=1960&amp;ssl=1 1960w\" sizes=\"auto, (max-width: 980px) 100vw, 980px\" \/><\/a><figcaption>Ventas<\/figcaption><\/figure>\n\n<p>Lo que comenz\u00f3 como un servicio para funerales ahora se ha establecido firmemente con nosotros. Restaurar fotos antiguas, retocar da\u00f1os, ampliar y, de vez en cuando, volver a colorear. Aunque soy un gran admirador de las viejas fotos en blanco y negro, tienen su propio encanto, les gusta esta foto de principios de 1900 (declaraci\u00f3n del cliente), algunas de estas fotos tienen su encanto muy especial cuando se vuelven a colorear elaboradamente. En este caso, incluso me gusta m\u00e1s la imagen en color con sus colores delicados. Miramos sus plantillas y el precio tambi\u00e9n se determina en funci\u00f3n del trabajo deseado. Una recoloraci\u00f3n cuesta solo 99\u20ac, pero creo que es un precio justo. Todo est\u00e1 hecho a mano, en lo que se refiere al trabajo manual en el PC \ud83d\ude09<\/p>\n\n<p class=\"has-text-align-center\"><span style=\"font-size: 18px;\"><strong>La 2\u00aa opci\u00f3n<\/strong><\/span><\/p>\n\n<p class=\"has-text-align-center\"><span style=\"font-size: 18px;\">Es un poco m\u00e1s dif\u00edcil psicol\u00f3gicamente, en realidad solo se me ocurri\u00f3 porque eran deseos de los clientes. En este caso, el difunto debe haberlo pensado de antemano. Ten\u00eda clientes aqu\u00ed, la generaci\u00f3n un poco mayor, que quer\u00eda tener una foto bonita para el funeral cuando llegara el momento. Es decir, con previsi\u00f3n. Lo admito, siempre hay un sentimiento que es dif\u00edcil de describir, despu\u00e9s de todo, a todos no nos gusta pensar en la muerte. Pero en \u00faltima instancia, esta es la soluci\u00f3n ideal si lo piensas a tiempo. As\u00ed que tambi\u00e9n est\u00e1 la foto perfecta para el \u00faltimo saludo. Ya sea que los abuelos piensen en ello, o simplemente les regales una sesi\u00f3n de retratos con el \u00abmotivo oculto\u00bb de tener una gran foto como \u00faltimo recuerdo, cada uno tiene que decidir por s\u00ed mismo. Pero ahora ya sabes que tambi\u00e9n te ofrecemos este servicio.        <\/span><\/p>\n\n<p class=\"has-text-align-center\"><span style=\"font-size: 18px;\"><strong>Edici\u00f3n \/ retoque de im\u00e1genes en general<\/strong><\/span><\/p>\n\n<p class=\"has-text-align-center\"><span style=\"font-size: 18px;\">Por supuesto, tambi\u00e9n te ofrecemos la edici\u00f3n de tus fotos en general. Desde fotos de boda que salieron mal, porque estaban extremadamente subexpuestas (en realidad ya lo hab\u00eda hecho) hasta el retoque de la forma de la ex novia \ud83d\ude09 Aqu\u00ed, tambi\u00e9n, discutiremos con usted de antemano lo que es factible. Del mismo modo, ajustes de color simples. Hasta retoques de alta gama de fotos antiguas \/ antiguas. Con amarilleos, ara\u00f1azos y desprendimientos. Del mismo modo, tambi\u00e9n es posible un coloreado completo para fotos antiguas en blanco y negro.     <\/span><\/p>\n\n<h2 class=\"wp-block-heading\">El mayor reto hasta ahora<\/h2>\n\n<div class=\"wp-block-columns is-layout-flex wp-container-core-columns-is-layout-28f84493 wp-block-columns-is-layout-flex\">\n<div class=\"wp-block-column is-layout-flow wp-block-column-is-layout-flow\" style=\"flex-basis:100%\">\n<figure class=\"wp-block-gallery has-nested-images columns-default is-cropped wp-block-gallery-1 is-layout-flex wp-block-gallery-is-layout-flex\">\n<figure class=\"wp-block-image size-large is-style-rounded\"><a href=\"https:\/\/www.light-style.eu\/es\/fotografia\/otros-servicios\/originalzustand-vor-restauration-2\/\"><img data-recalc-dims=\"1\" loading=\"lazy\" decoding=\"async\" width=\"867\" height=\"1300\" data-id=\"55157\" src=\"https:\/\/i0.wp.com\/www.light-style.eu\/studiosite\/wp-content\/uploads\/2022\/06\/Originalzustand-vor-Restauration.jpg?resize=867%2C1300&#038;ssl=1\" alt=\"\" class=\"wp-image-55157\" srcset=\"https:\/\/i0.wp.com\/www.light-style.eu\/studiosite\/wp-content\/uploads\/2022\/06\/Originalzustand-vor-Restauration.jpg?resize=867%2C1300&amp;ssl=1 867w, https:\/\/i0.wp.com\/www.light-style.eu\/studiosite\/wp-content\/uploads\/2022\/06\/Originalzustand-vor-Restauration.jpg?resize=200%2C300&amp;ssl=1 200w, https:\/\/i0.wp.com\/www.light-style.eu\/studiosite\/wp-content\/uploads\/2022\/06\/Originalzustand-vor-Restauration.jpg?resize=768%2C1152&amp;ssl=1 768w, https:\/\/i0.wp.com\/www.light-style.eu\/studiosite\/wp-content\/uploads\/2022\/06\/Originalzustand-vor-Restauration.jpg?resize=600%2C900&amp;ssl=1 600w, https:\/\/i0.wp.com\/www.light-style.eu\/studiosite\/wp-content\/uploads\/2022\/06\/Originalzustand-vor-Restauration.jpg?w=1000&amp;ssl=1 1000w\" sizes=\"auto, (max-width: 867px) 100vw, 867px\" \/><\/a><figcaption>Condiciones de entrega del cliente<\/figcaption><\/figure>\n\n\n\n<figure class=\"wp-block-image size-large is-style-rounded\"><a href=\"https:\/\/www.light-style.eu\/es\/fotografia\/otros-servicios\/originalscan-2\/\"><img data-recalc-dims=\"1\" loading=\"lazy\" decoding=\"async\" width=\"980\" height=\"623\" data-id=\"55151\" src=\"https:\/\/i0.wp.com\/www.light-style.eu\/studiosite\/wp-content\/uploads\/2022\/06\/OriginalScan.jpg?resize=980%2C623&#038;ssl=1\" alt=\"\" class=\"wp-image-55151\" srcset=\"https:\/\/i0.wp.com\/www.light-style.eu\/studiosite\/wp-content\/uploads\/2022\/06\/OriginalScan.jpg?resize=1300%2C826&amp;ssl=1 1300w, https:\/\/i0.wp.com\/www.light-style.eu\/studiosite\/wp-content\/uploads\/2022\/06\/OriginalScan.jpg?resize=300%2C191&amp;ssl=1 300w, https:\/\/i0.wp.com\/www.light-style.eu\/studiosite\/wp-content\/uploads\/2022\/06\/OriginalScan.jpg?resize=768%2C488&amp;ssl=1 768w, https:\/\/i0.wp.com\/www.light-style.eu\/studiosite\/wp-content\/uploads\/2022\/06\/OriginalScan.jpg?resize=600%2C381&amp;ssl=1 600w, https:\/\/i0.wp.com\/www.light-style.eu\/studiosite\/wp-content\/uploads\/2022\/06\/OriginalScan.jpg?w=1500&amp;ssl=1 1500w\" sizes=\"auto, (max-width: 980px) 100vw, 980px\" \/><\/a><figcaption>Escaneo original<\/figcaption><\/figure>\n\n\n\n<figure class=\"wp-block-image size-large is-style-rounded\"><a href=\"https:\/\/www.light-style.eu\/es\/fotografia\/otros-servicios\/restaureirtes-foto-2\/\"><img data-recalc-dims=\"1\" loading=\"lazy\" decoding=\"async\" width=\"980\" height=\"699\" data-id=\"55149\" src=\"https:\/\/i0.wp.com\/www.light-style.eu\/studiosite\/wp-content\/uploads\/2022\/06\/restaureirtes-Foto.jpg?resize=980%2C699&#038;ssl=1\" alt=\"\" class=\"wp-image-55149\" srcset=\"https:\/\/i0.wp.com\/www.light-style.eu\/studiosite\/wp-content\/uploads\/2022\/06\/restaureirtes-Foto.jpg?resize=1300%2C927&amp;ssl=1 1300w, https:\/\/i0.wp.com\/www.light-style.eu\/studiosite\/wp-content\/uploads\/2022\/06\/restaureirtes-Foto.jpg?resize=300%2C214&amp;ssl=1 300w, https:\/\/i0.wp.com\/www.light-style.eu\/studiosite\/wp-content\/uploads\/2022\/06\/restaureirtes-Foto.jpg?resize=768%2C548&amp;ssl=1 768w, https:\/\/i0.wp.com\/www.light-style.eu\/studiosite\/wp-content\/uploads\/2022\/06\/restaureirtes-Foto.jpg?resize=600%2C428&amp;ssl=1 600w, https:\/\/i0.wp.com\/www.light-style.eu\/studiosite\/wp-content\/uploads\/2022\/06\/restaureirtes-Foto.jpg?w=1500&amp;ssl=1 1500w\" sizes=\"auto, (max-width: 980px) 100vw, 980px\" \/><\/a><figcaption>Restauraci\u00f3n terminada<\/figcaption><\/figure>\n<\/figure>\n<\/div>\n<\/div>\n\n<p>Puedes encontrar m\u00e1s sobre esta restauraci\u00f3n <a href=\"https:\/\/www.light-style.eu\/Blog\/bildrestauration-klasse-trotz-heftigem-schaden\/\" target=\"_blank\" rel=\"noreferrer noopener\">aqu\u00ed en mi blog.<\/a><\/p>\n\n<p class=\"has-text-align-center\"><em><span style=\"font-size: 18px;\">Si tiene alg\u00fan otro deseo que no est\u00e9 enumerado aqu\u00ed, cont\u00e1ctenos. Solo en el caso de copias simples de fotos, le remitimos a, por ejemplo, Foto Fuchs en Hanau, que env\u00eda las fotos a un gran laboratorio para copiarlas y se copian all\u00ed una a una. Te remito all\u00ed porque te sale m\u00e1s barato que si escaneo la foto a \u00abmano\u00bb y ajusto los colores.  <\/span> <\/em><\/p>\n","protected":false},"excerpt":{"rendered":"<p>Te ofrecemos m\u00e1s servicio que \u00abs\u00f3lo\u00bb tomar fotos Digitalizaci\u00f3n de pel\u00edculas \/ diapositivas Junto con nuestro fuerte socio Helo Film, le ofrecemos desde hace a\u00f1os el servicio de digitalizar todas las pel\u00edculas en la m\u00e1xima calidad. Puedes ver exactamente qu\u00e9 pel\u00edculas son y cu\u00e1nto cuestan aqu\u00ed en Helo en el sitio web. Por supuesto, te&hellip;<\/p>\n","protected":false},"author":1,"featured_media":0,"parent":78313,"menu_order":0,"comment_status":"closed","ping_status":"closed","template":"","meta":{"advanced_seo_description":"","jetpack_seo_html_title":"","jetpack_seo_noindex":false,"ngg_post_thumbnail":0,"footnotes":""},"class_list":["post-79036","page","type-page","status-publish","hentry","entry","no-media"],"jetpack_likes_enabled":true,"jetpack_sharing_enabled":true,"_links":{"self":[{"href":"https:\/\/www.light-style.eu\/es\/wp-json\/wp\/v2\/pages\/79036","targetHints":{"allow":["GET"]}}],"collection":[{"href":"https:\/\/www.light-style.eu\/es\/wp-json\/wp\/v2\/pages"}],"about":[{"href":"https:\/\/www.light-style.eu\/es\/wp-json\/wp\/v2\/types\/page"}],"author":[{"embeddable":true,"href":"https:\/\/www.light-style.eu\/es\/wp-json\/wp\/v2\/users\/1"}],"replies":[{"embeddable":true,"href":"https:\/\/www.light-style.eu\/es\/wp-json\/wp\/v2\/comments?post=79036"}],"version-history":[{"count":0,"href":"https:\/\/www.light-style.eu\/es\/wp-json\/wp\/v2\/pages\/79036\/revisions"}],"up":[{"embeddable":true,"href":"https:\/\/www.light-style.eu\/es\/wp-json\/wp\/v2\/pages\/78313"}],"wp:attachment":[{"href":"https:\/\/www.light-style.eu\/es\/wp-json\/wp\/v2\/media?parent=79036"}],"curies":[{"name":"wp","href":"https:\/\/api.w.org\/{rel}","templated":true}]}}