{"id":79764,"date":"2025-01-13T11:57:43","date_gmt":"2025-01-13T10:57:43","guid":{"rendered":"https:\/\/www.light-style.eu\/fotografia-de-alimentos\/"},"modified":"2025-01-13T11:58:19","modified_gmt":"2025-01-13T10:58:19","slug":"fotografia-de-alimentos","status":"publish","type":"page","link":"https:\/\/www.light-style.eu\/es\/fotografia\/por-que-somos-diferentes\/bienvenido\/fotografia-publicitaria-y-de-negocios\/fotografia-de-alimentos\/","title":{"rendered":"Fotograf\u00eda de alimentos"},"content":{"rendered":"\n<p class=\"has-text-align-center\"><em><strong><span style=\"font-size: 21px;\">Este es un tema bastante controvertido.<\/span><\/strong><\/em><\/p>\n\n<p class=\"has-text-align-center\"><span style=\"font-size: 21px;\">\u00bfPor qu\u00e9 pol\u00e9mico? Existen b\u00e1sicamente 2 variantes de fotograf\u00eda de alimentos, aquella en la que todav\u00eda se puede comer el men\u00fa fotografiado con placer, y luego la variante en la que la comida es tratada con todos los medios del arte, de tal manera que ya nadie deber\u00eda comerla. <\/span><\/p>\n\n<div class=\"wp-block-image wp-image-588 is-style-default\"><figure class=\"alignright\"><a href=\"https:\/\/www.light-style.eu\/bonjour\/willkommen\/werbe-businessfotografie\/foodfotografie\/cocktails-22-3\/\"><img data-recalc-dims=\"1\" height=\"300\" width=\"200\" decoding=\"async\" src=\"https:\/\/i0.wp.com\/www.light-style.eu\/studiosite\/wp-content\/uploads\/2016\/09\/foodfotografie-2.jpg?resize=200%2C300&#038;ssl=1\" alt=\"C&#xF3;cteles-22\" class=\"wp-image-588\"\/><\/a><figcaption>Trucos f\u00edsicos, s\u00ed. Pero no una creaci\u00f3n de Photoshop <\/figcaption><\/figure><\/div>\n\n<p class=\"has-text-align-center\"><span style=\"font-size: 21px;\">Por mi parte, soy uno de esos fot\u00f3grafos que prefieren fotografiar de forma aut\u00e9ntica, es decir, utilizar ayudas no comestibles s\u00f3lo como \u00faltimo recurso. Preferimos sentarnos juntos despu\u00e9s de la sesi\u00f3n y comer sus excelentes men\u00fas. Por supuesto, hay excepciones, la espuma de cerveza, por ejemplo, desaparece tan r\u00e1pido bajo las l\u00e1mparas que no podr\u00edas obtener una foto inteligentemente escenificada sin ayudas. Con el helado, todav\u00eda tiene la opci\u00f3n de elegir entre la c\u00e1mara de enfriamiento y simular el helado con la comida adecuada. \ud83d\ude09      <\/span><\/p>\n\n<div class=\"wp-block-image is-style-default\"><figure class=\"alignleft\"><a href=\"https:\/\/www.light-style.eu\/bonjour\/willkommen\/werbe-businessfotografie\/foodfotografie\/sushi-112-bearbeitet-kopie-kopie\/\"><img data-recalc-dims=\"1\" height=\"200\" width=\"300\" decoding=\"async\" src=\"https:\/\/i0.wp.com\/www.light-style.eu\/studiosite\/wp-content\/uploads\/2016\/09\/foodfotografie-14.jpg?resize=300%2C200&#038;ssl=1\" alt=\"Sushi 112 Edici&#xF3;n Copia Copia\" class=\"wp-image-602\"\/><\/a><\/figure><\/div>\n\n<p class=\"has-text-align-center\"><span style=\"font-size: 21px;\">En general, tiene que verse delicioso, hacer que se le haga la boca agua al espectador, para que tenga la sensaci\u00f3n de que ya percibe un olor delicioso al mirar la imagen. Hay dise\u00f1adores de alimentos profesionales que han aprendido qu\u00e9 men\u00fa se ve mejor en qu\u00e9 combinaci\u00f3n. Y lo que se puede mejorar con ayudas naturales. Muchos de vosotros sois cocineros experimentados y tambi\u00e9n sab\u00e9is servir un men\u00fa de forma deliciosa. Tengo experiencia con el dise\u00f1o, la luz y la tecnolog\u00eda. Adem\u00e1s, mi creatividad tambi\u00e9n es importante, juntos pueden crear excelentes fotos para su restaurante, sitio web, producto.       <\/span><\/p>\n\n<div class=\"wp-block-image is-style-default\"><figure class=\"aligncenter is-resized\"><a href=\"https:\/\/www.light-style.eu\/bonjour\/willkommen\/werbe-businessfotografie\/foodfotografie\/garnelen-2\/\"><img data-recalc-dims=\"1\" loading=\"lazy\" decoding=\"async\" src=\"https:\/\/i0.wp.com\/www.light-style.eu\/studiosite\/wp-content\/uploads\/2016\/09\/Garnelen-2-683x1024.jpg?resize=398%2C596&#038;ssl=1\" alt=\"\" class=\"wp-image-847\" width=\"398\" height=\"596\"\/><\/a><\/figure><\/div>\n\n<p class=\"has-text-align-center\"><span style=\"font-size: 21px;\">Los buenos cocineros tambi\u00e9n son artistas, por lo que este arte debe presentarse en consecuencia.<\/span><\/p>\n\n<div class=\"wp-block-jetpack-tiled-gallery aligncenter is-style-columns has-rounded-corners-7\"><div class=\"tiled-gallery__gallery\"><div class=\"tiled-gallery__row\"><div class=\"tiled-gallery__col\" style=\"flex-basis:25.163354810034498%\"><figure class=\"tiled-gallery__item\"><img decoding=\"async\" role=\"button\" tabindex=\"0\" aria-label=\"Abrir la imagen 1 de 20 en pantalla completa\"srcset=\"https:\/\/i1.wp.com\/www.light-style.eu\/studiosite\/wp-content\/uploads\/2016\/09\/foodfotografie-21.jpg?strip=info&#038;w=600&#038;ssl=1 600w,https:\/\/i1.wp.com\/www.light-style.eu\/studiosite\/wp-content\/uploads\/2016\/09\/foodfotografie-21.jpg?strip=info&#038;w=800&#038;ssl=1 800w\" alt=\"Fotograf\u00eda de alimentos\" data-height=\"1200\" data-id=\"653\" data-link=\"https:\/\/www.light-style.eu\/bonjour\/willkommen\/werbe-businessfotografie\/foodfotografie\/weinglas1-kopie\/\" data-url=\"https:\/\/www.light-style.eu\/studiosite\/wp-content\/uploads\/2016\/09\/foodfotografie-21.jpg\" data-width=\"800\" src=\"https:\/\/i1.wp.com\/www.light-style.eu\/studiosite\/wp-content\/uploads\/2016\/09\/foodfotografie-21.jpg?ssl=1\" data-amp-layout=\"responsive\"><\/figure><figure class=\"tiled-gallery__item\"><img decoding=\"async\" role=\"button\" tabindex=\"0\" aria-label=\"Abrir la imagen 2 de 20 en pantalla completa\"srcset=\"https:\/\/i0.wp.com\/www.light-style.eu\/studiosite\/wp-content\/uploads\/2016\/09\/foodfotografie-28.jpg?strip=info&#038;w=600&#038;ssl=1 600w,https:\/\/i0.wp.com\/www.light-style.eu\/studiosite\/wp-content\/uploads\/2016\/09\/foodfotografie-28.jpg?strip=info&#038;w=900&#038;ssl=1 900w,https:\/\/i0.wp.com\/www.light-style.eu\/studiosite\/wp-content\/uploads\/2016\/09\/foodfotografie-28.jpg?strip=info&#038;w=1200&#038;ssl=1 1200w\" alt=\"Fotograf\u00eda de alimentos\" data-height=\"799\" data-id=\"837\" data-link=\"https:\/\/www.light-style.eu\/bonjour\/willkommen\/werbe-businessfotografie\/foodfotografie\/cake-1\/\" data-url=\"https:\/\/www.light-style.eu\/studiosite\/wp-content\/uploads\/2016\/09\/foodfotografie-28.jpg\" data-width=\"1200\" src=\"https:\/\/i0.wp.com\/www.light-style.eu\/studiosite\/wp-content\/uploads\/2016\/09\/foodfotografie-28.jpg?ssl=1\" data-amp-layout=\"responsive\"><\/figure><figure class=\"tiled-gallery__item\"><img decoding=\"async\" role=\"button\" tabindex=\"0\" aria-label=\"Abrir la imagen 3 de 20 en pantalla completa\"srcset=\"https:\/\/i1.wp.com\/www.light-style.eu\/studiosite\/wp-content\/uploads\/2016\/09\/foodfotografie-12.jpg?strip=info&#038;w=600&#038;ssl=1 600w,https:\/\/i1.wp.com\/www.light-style.eu\/studiosite\/wp-content\/uploads\/2016\/09\/foodfotografie-12.jpg?strip=info&#038;w=900&#038;ssl=1 900w,https:\/\/i1.wp.com\/www.light-style.eu\/studiosite\/wp-content\/uploads\/2016\/09\/foodfotografie-12.jpg?strip=info&#038;w=1200&#038;ssl=1 1200w\" alt=\"Fotograf\u00eda de alimentos\" data-height=\"800\" data-id=\"600\" data-link=\"https:\/\/www.light-style.eu\/bonjour\/willkommen\/werbe-businessfotografie\/foodfotografie\/sushi-77-bearbeitet-kopie-kopie\/\" data-url=\"https:\/\/www.light-style.eu\/studiosite\/wp-content\/uploads\/2016\/09\/foodfotografie-12.jpg\" data-width=\"1200\" src=\"https:\/\/i1.wp.com\/www.light-style.eu\/studiosite\/wp-content\/uploads\/2016\/09\/foodfotografie-12.jpg?ssl=1\" data-amp-layout=\"responsive\"><\/figure><figure class=\"tiled-gallery__item\"><img decoding=\"async\" role=\"button\" tabindex=\"0\" aria-label=\"Abrir la imagen 4 de 20 en pantalla completa\"srcset=\"https:\/\/i1.wp.com\/www.light-style.eu\/studiosite\/wp-content\/uploads\/2020\/07\/foodfotografie-1.jpg?strip=info&#038;w=600&#038;ssl=1 600w,https:\/\/i1.wp.com\/www.light-style.eu\/studiosite\/wp-content\/uploads\/2020\/07\/foodfotografie-1.jpg?strip=info&#038;w=900&#038;ssl=1 900w,https:\/\/i1.wp.com\/www.light-style.eu\/studiosite\/wp-content\/uploads\/2020\/07\/foodfotografie-1.jpg?strip=info&#038;w=1200&#038;ssl=1 1200w\" alt=\"Fotograf\u00eda de alimentos\" data-height=\"800\" data-id=\"39296\" data-link=\"https:\/\/www.light-style.eu\/bonjour\/willkommen\/werbe-businessfotografie\/foodfotografie\/foodfotografie-2\/\" data-url=\"https:\/\/www.light-style.eu\/studiosite\/wp-content\/uploads\/2020\/07\/foodfotografie-1.jpg\" data-width=\"1200\" src=\"https:\/\/i1.wp.com\/www.light-style.eu\/studiosite\/wp-content\/uploads\/2020\/07\/foodfotografie-1.jpg?ssl=1\" data-amp-layout=\"responsive\"><\/figure><figure class=\"tiled-gallery__item\"><img decoding=\"async\" role=\"button\" tabindex=\"0\" aria-label=\"Abrir la imagen 5 de 20 en pantalla completa\"srcset=\"https:\/\/i2.wp.com\/www.light-style.eu\/studiosite\/wp-content\/uploads\/2016\/09\/foodfotografie-13.jpg?strip=info&#038;w=600&#038;ssl=1 600w,https:\/\/i2.wp.com\/www.light-style.eu\/studiosite\/wp-content\/uploads\/2016\/09\/foodfotografie-13.jpg?strip=info&#038;w=900&#038;ssl=1 900w,https:\/\/i2.wp.com\/www.light-style.eu\/studiosite\/wp-content\/uploads\/2016\/09\/foodfotografie-13.jpg?strip=info&#038;w=1200&#038;ssl=1 1200w\" alt=\"Fotograf\u00eda de alimentos\" data-height=\"800\" data-id=\"601\" data-link=\"https:\/\/www.light-style.eu\/bonjour\/willkommen\/werbe-businessfotografie\/foodfotografie\/sushi-72-bearbeitet-kopie-kopie\/\" data-url=\"https:\/\/www.light-style.eu\/studiosite\/wp-content\/uploads\/2016\/09\/foodfotografie-13.jpg\" data-width=\"1200\" src=\"https:\/\/i2.wp.com\/www.light-style.eu\/studiosite\/wp-content\/uploads\/2016\/09\/foodfotografie-13.jpg?ssl=1\" data-amp-layout=\"responsive\"><\/figure><\/div><div class=\"tiled-gallery__col\" style=\"flex-basis:21.154037474598773%\"><figure class=\"tiled-gallery__item\"><img decoding=\"async\" role=\"button\" tabindex=\"0\" aria-label=\"Abrir la imagen 6 de 20 en pantalla completa\"srcset=\"https:\/\/i2.wp.com\/www.light-style.eu\/studiosite\/wp-content\/uploads\/2016\/09\/foodfotografie-14.jpg?strip=info&#038;w=600&#038;ssl=1 600w,https:\/\/i2.wp.com\/www.light-style.eu\/studiosite\/wp-content\/uploads\/2016\/09\/foodfotografie-14.jpg?strip=info&#038;w=900&#038;ssl=1 900w,https:\/\/i2.wp.com\/www.light-style.eu\/studiosite\/wp-content\/uploads\/2016\/09\/foodfotografie-14.jpg?strip=info&#038;w=1200&#038;ssl=1 1200w\" alt=\"Fotograf\u00eda de alimentos\" data-height=\"800\" data-id=\"602\" data-link=\"https:\/\/www.light-style.eu\/bonjour\/willkommen\/werbe-businessfotografie\/foodfotografie\/sushi-112-bearbeitet-kopie-kopie\/\" data-url=\"https:\/\/www.light-style.eu\/studiosite\/wp-content\/uploads\/2016\/09\/foodfotografie-14.jpg\" data-width=\"1200\" src=\"https:\/\/i2.wp.com\/www.light-style.eu\/studiosite\/wp-content\/uploads\/2016\/09\/foodfotografie-14.jpg?ssl=1\" data-amp-layout=\"responsive\"><\/figure><figure class=\"tiled-gallery__item\"><img decoding=\"async\" role=\"button\" tabindex=\"0\" aria-label=\"Abrir la imagen 7 de 20 en pantalla completa\"srcset=\"https:\/\/i1.wp.com\/www.light-style.eu\/studiosite\/wp-content\/uploads\/2016\/09\/foodfotografie-15.jpg?strip=info&#038;w=600&#038;ssl=1 600w,https:\/\/i1.wp.com\/www.light-style.eu\/studiosite\/wp-content\/uploads\/2016\/09\/foodfotografie-15.jpg?strip=info&#038;w=900&#038;ssl=1 900w,https:\/\/i1.wp.com\/www.light-style.eu\/studiosite\/wp-content\/uploads\/2016\/09\/foodfotografie-15.jpg?strip=info&#038;w=1200&#038;ssl=1 1200w\" alt=\"Fotograf\u00eda de alimentos\" data-height=\"800\" data-id=\"603\" data-link=\"https:\/\/www.light-style.eu\/bonjour\/willkommen\/werbe-businessfotografie\/foodfotografie\/sushi-24-bearbeitet-kopie-kopie\/\" data-url=\"https:\/\/www.light-style.eu\/studiosite\/wp-content\/uploads\/2016\/09\/foodfotografie-15.jpg\" data-width=\"1200\" src=\"https:\/\/i1.wp.com\/www.light-style.eu\/studiosite\/wp-content\/uploads\/2016\/09\/foodfotografie-15.jpg?ssl=1\" data-amp-layout=\"responsive\"><\/figure><figure class=\"tiled-gallery__item\"><img decoding=\"async\" role=\"button\" tabindex=\"0\" aria-label=\"Abrir la imagen 8 de 20 en pantalla completa\"srcset=\"https:\/\/i1.wp.com\/www.light-style.eu\/studiosite\/wp-content\/uploads\/2016\/09\/foodfotografie-16.jpg?strip=info&#038;w=600&#038;ssl=1 600w,https:\/\/i1.wp.com\/www.light-style.eu\/studiosite\/wp-content\/uploads\/2016\/09\/foodfotografie-16.jpg?strip=info&#038;w=900&#038;ssl=1 900w,https:\/\/i1.wp.com\/www.light-style.eu\/studiosite\/wp-content\/uploads\/2016\/09\/foodfotografie-16.jpg?strip=info&#038;w=1200&#038;ssl=1 1200w\" alt=\"Fotograf\u00eda de alimentos\" data-height=\"799\" data-id=\"604\" data-link=\"https:\/\/www.light-style.eu\/bonjour\/willkommen\/werbe-businessfotografie\/foodfotografie\/kuchen-1-hdr-kopie\/\" data-url=\"https:\/\/www.light-style.eu\/studiosite\/wp-content\/uploads\/2016\/09\/foodfotografie-16.jpg\" data-width=\"1200\" src=\"https:\/\/i1.wp.com\/www.light-style.eu\/studiosite\/wp-content\/uploads\/2016\/09\/foodfotografie-16.jpg?ssl=1\" data-amp-layout=\"responsive\"><\/figure><figure class=\"tiled-gallery__item\"><img decoding=\"async\" role=\"button\" tabindex=\"0\" aria-label=\"Abrir la imagen 9 de 20 en pantalla completa\"srcset=\"https:\/\/i0.wp.com\/www.light-style.eu\/studiosite\/wp-content\/uploads\/2016\/09\/foodfotografie-17.jpg?strip=info&#038;w=600&#038;ssl=1 600w,https:\/\/i0.wp.com\/www.light-style.eu\/studiosite\/wp-content\/uploads\/2016\/09\/foodfotografie-17.jpg?strip=info&#038;w=806&#038;ssl=1 806w\" alt=\"Fotograf\u00eda de alimentos\" data-height=\"1200\" data-id=\"605\" data-link=\"https:\/\/www.light-style.eu\/bonjour\/willkommen\/werbe-businessfotografie\/foodfotografie\/steak-2hdr-kopie\/\" data-url=\"https:\/\/www.light-style.eu\/studiosite\/wp-content\/uploads\/2016\/09\/foodfotografie-17.jpg\" data-width=\"806\" src=\"https:\/\/i0.wp.com\/www.light-style.eu\/studiosite\/wp-content\/uploads\/2016\/09\/foodfotografie-17.jpg?ssl=1\" data-amp-layout=\"responsive\"><\/figure><figure class=\"tiled-gallery__item\"><img decoding=\"async\" role=\"button\" tabindex=\"0\" aria-label=\"Abrir la imagen 10 de 20 en pantalla completa\"srcset=\"https:\/\/i0.wp.com\/www.light-style.eu\/studiosite\/wp-content\/uploads\/2020\/07\/foodfotografie-2.jpg?strip=info&#038;w=600&#038;ssl=1 600w,https:\/\/i0.wp.com\/www.light-style.eu\/studiosite\/wp-content\/uploads\/2020\/07\/foodfotografie-2.jpg?strip=info&#038;w=800&#038;ssl=1 800w\" alt=\"Fotograf\u00eda de alimentos\" data-height=\"1200\" data-id=\"39298\" data-link=\"https:\/\/www.light-style.eu\/bonjour\/willkommen\/werbe-businessfotografie\/foodfotografie\/foodfotografie-3\/\" data-url=\"https:\/\/www.light-style.eu\/studiosite\/wp-content\/uploads\/2020\/07\/foodfotografie-2.jpg\" data-width=\"800\" src=\"https:\/\/i0.wp.com\/www.light-style.eu\/studiosite\/wp-content\/uploads\/2020\/07\/foodfotografie-2.jpg?ssl=1\" data-amp-layout=\"responsive\"><\/figure><\/div><div class=\"tiled-gallery__col\" style=\"flex-basis:39.123009423954066%\"><figure class=\"tiled-gallery__item\"><img decoding=\"async\" role=\"button\" tabindex=\"0\" aria-label=\"Abrir la imagen 11 de 20 en pantalla completa\"srcset=\"https:\/\/i2.wp.com\/www.light-style.eu\/studiosite\/wp-content\/uploads\/2016\/09\/foodfotografie-18.jpg?strip=info&#038;w=600&#038;ssl=1 600w,https:\/\/i2.wp.com\/www.light-style.eu\/studiosite\/wp-content\/uploads\/2016\/09\/foodfotografie-18.jpg?strip=info&#038;w=900&#038;ssl=1 900w,https:\/\/i2.wp.com\/www.light-style.eu\/studiosite\/wp-content\/uploads\/2016\/09\/foodfotografie-18.jpg?strip=info&#038;w=1200&#038;ssl=1 1200w\" alt=\"Fotograf\u00eda de alimentos\" data-height=\"798\" data-id=\"606\" data-link=\"https:\/\/www.light-style.eu\/bonjour\/willkommen\/werbe-businessfotografie\/foodfotografie\/steak-3hdr-kopie\/\" data-url=\"https:\/\/www.light-style.eu\/studiosite\/wp-content\/uploads\/2016\/09\/foodfotografie-18.jpg\" data-width=\"1200\" src=\"https:\/\/i2.wp.com\/www.light-style.eu\/studiosite\/wp-content\/uploads\/2016\/09\/foodfotografie-18.jpg?ssl=1\" data-amp-layout=\"responsive\"><\/figure><figure class=\"tiled-gallery__item\"><img decoding=\"async\" role=\"button\" tabindex=\"0\" aria-label=\"Abrir la imagen 12 de 20 en pantalla completa\"srcset=\"https:\/\/i1.wp.com\/www.light-style.eu\/studiosite\/wp-content\/uploads\/2016\/09\/foodfotografie-11.jpg?strip=info&#038;w=600&#038;ssl=1 600w,https:\/\/i1.wp.com\/www.light-style.eu\/studiosite\/wp-content\/uploads\/2016\/09\/foodfotografie-11.jpg?strip=info&#038;w=900&#038;ssl=1 900w,https:\/\/i1.wp.com\/www.light-style.eu\/studiosite\/wp-content\/uploads\/2016\/09\/foodfotografie-11.jpg?strip=info&#038;w=1200&#038;ssl=1 1200w\" alt=\"Fotograf\u00eda de alimentos\" data-height=\"800\" data-id=\"599\" data-link=\"https:\/\/www.light-style.eu\/bonjour\/willkommen\/werbe-businessfotografie\/foodfotografie\/sushi-63-bearbeitet-kopie-kopie\/\" data-url=\"https:\/\/www.light-style.eu\/studiosite\/wp-content\/uploads\/2016\/09\/foodfotografie-11.jpg\" data-width=\"1200\" src=\"https:\/\/i1.wp.com\/www.light-style.eu\/studiosite\/wp-content\/uploads\/2016\/09\/foodfotografie-11.jpg?ssl=1\" data-amp-layout=\"responsive\"><\/figure><figure class=\"tiled-gallery__item\"><img decoding=\"async\" role=\"button\" tabindex=\"0\" aria-label=\"Abrir la imagen 13 de 20 en pantalla completa\"srcset=\"https:\/\/i1.wp.com\/www.light-style.eu\/studiosite\/wp-content\/uploads\/2016\/09\/werbe-businessfotografie-44.jpg?strip=info&#038;w=600&#038;ssl=1 600w,https:\/\/i1.wp.com\/www.light-style.eu\/studiosite\/wp-content\/uploads\/2016\/09\/werbe-businessfotografie-44.jpg?strip=info&#038;w=900&#038;ssl=1 900w,https:\/\/i1.wp.com\/www.light-style.eu\/studiosite\/wp-content\/uploads\/2016\/09\/werbe-businessfotografie-44.jpg?strip=info&#038;w=1200&#038;ssl=1 1200w\" alt=\"Fotograf\u00eda Publicitaria y de Negocios\" data-height=\"800\" data-id=\"453\" data-link=\"https:\/\/www.light-style.eu\/bonjour\/willkommen\/werbe-businessfotografie\/sushi-112-bearbeitet-kopie-2\/\" data-url=\"https:\/\/www.light-style.eu\/studiosite\/wp-content\/uploads\/2016\/09\/werbe-businessfotografie-44.jpg\" data-width=\"1200\" src=\"https:\/\/i1.wp.com\/www.light-style.eu\/studiosite\/wp-content\/uploads\/2016\/09\/werbe-businessfotografie-44.jpg?ssl=1\" data-amp-layout=\"responsive\"><\/figure><figure class=\"tiled-gallery__item\"><img decoding=\"async\" role=\"button\" tabindex=\"0\" aria-label=\"Abrir la imagen 14 de 20 en pantalla completa\"srcset=\"https:\/\/i1.wp.com\/www.light-style.eu\/studiosite\/wp-content\/uploads\/2016\/09\/werbe-businessfotografie-4.jpg?strip=info&#038;w=600&#038;ssl=1 600w,https:\/\/i1.wp.com\/www.light-style.eu\/studiosite\/wp-content\/uploads\/2016\/09\/werbe-businessfotografie-4.jpg?strip=info&#038;w=700&#038;ssl=1 700w\" alt=\"Fotograf\u00eda Publicitaria y de Negocios\" data-height=\"467\" data-id=\"413\" data-link=\"https:\/\/www.light-style.eu\/bonjour\/willkommen\/werbe-businessfotografie\/werbung-13\/\" data-url=\"https:\/\/www.light-style.eu\/studiosite\/wp-content\/uploads\/2016\/09\/werbe-businessfotografie-4.jpg\" data-width=\"700\" src=\"https:\/\/i1.wp.com\/www.light-style.eu\/studiosite\/wp-content\/uploads\/2016\/09\/werbe-businessfotografie-4.jpg?ssl=1\" data-amp-layout=\"responsive\"><\/figure><\/div><div class=\"tiled-gallery__col\" style=\"flex-basis:14.559598291412659%\"><figure class=\"tiled-gallery__item\"><img decoding=\"async\" role=\"button\" tabindex=\"0\" aria-label=\"Abrir la imagen 15 de 20 en pantalla completa\"srcset=\"https:\/\/i2.wp.com\/www.light-style.eu\/studiosite\/wp-content\/uploads\/2016\/09\/foodfotografie-30.jpg?strip=info&#038;w=600&#038;ssl=1 600w,https:\/\/i2.wp.com\/www.light-style.eu\/studiosite\/wp-content\/uploads\/2016\/09\/foodfotografie-30.jpg?strip=info&#038;w=800&#038;ssl=1 800w\" alt=\"Fotograf\u00eda de alimentos\" data-height=\"1200\" data-id=\"845\" data-link=\"https:\/\/www.light-style.eu\/bonjour\/willkommen\/werbe-businessfotografie\/foodfotografie\/garnelen-1\/\" data-url=\"https:\/\/www.light-style.eu\/studiosite\/wp-content\/uploads\/2016\/09\/foodfotografie-30.jpg\" data-width=\"800\" src=\"https:\/\/i2.wp.com\/www.light-style.eu\/studiosite\/wp-content\/uploads\/2016\/09\/foodfotografie-30.jpg?ssl=1\" data-amp-layout=\"responsive\"><\/figure><figure class=\"tiled-gallery__item\"><img decoding=\"async\" role=\"button\" tabindex=\"0\" aria-label=\"Abrir la imagen 16 de 20 en pantalla completa\"srcset=\"https:\/\/i1.wp.com\/www.light-style.eu\/studiosite\/wp-content\/uploads\/2016\/09\/foodfotografie-31.jpg?strip=info&#038;w=600&#038;ssl=1 600w,https:\/\/i1.wp.com\/www.light-style.eu\/studiosite\/wp-content\/uploads\/2016\/09\/foodfotografie-31.jpg?strip=info&#038;w=800&#038;ssl=1 800w\" alt=\"Fotograf\u00eda de alimentos\" data-height=\"1200\" data-id=\"847\" data-link=\"https:\/\/www.light-style.eu\/bonjour\/willkommen\/werbe-businessfotografie\/foodfotografie\/garnelen-2\/\" data-url=\"https:\/\/www.light-style.eu\/studiosite\/wp-content\/uploads\/2016\/09\/foodfotografie-31.jpg\" data-width=\"800\" src=\"https:\/\/i1.wp.com\/www.light-style.eu\/studiosite\/wp-content\/uploads\/2016\/09\/foodfotografie-31.jpg?ssl=1\" data-amp-layout=\"responsive\"><\/figure><figure class=\"tiled-gallery__item\"><img decoding=\"async\" role=\"button\" tabindex=\"0\" aria-label=\"Abrir la imagen 17 de 20 en pantalla completa\"srcset=\"https:\/\/i1.wp.com\/www.light-style.eu\/studiosite\/wp-content\/uploads\/2016\/09\/foodfotografie-32.jpg?strip=info&#038;w=600&#038;ssl=1 600w,https:\/\/i1.wp.com\/www.light-style.eu\/studiosite\/wp-content\/uploads\/2016\/09\/foodfotografie-32.jpg?strip=info&#038;w=900&#038;ssl=1 900w,https:\/\/i1.wp.com\/www.light-style.eu\/studiosite\/wp-content\/uploads\/2016\/09\/foodfotografie-32.jpg?strip=info&#038;w=1200&#038;ssl=1 1200w\" alt=\"Fotograf\u00eda de alimentos\" data-height=\"800\" data-id=\"948\" data-link=\"https:\/\/www.light-style.eu\/bonjour\/willkommen\/werbe-businessfotografie\/foodfotografie\/belegtes-broetchen-1\/\" data-url=\"https:\/\/www.light-style.eu\/studiosite\/wp-content\/uploads\/2016\/09\/foodfotografie-32.jpg\" data-width=\"1200\" src=\"https:\/\/i1.wp.com\/www.light-style.eu\/studiosite\/wp-content\/uploads\/2016\/09\/foodfotografie-32.jpg?ssl=1\" data-amp-layout=\"responsive\"><\/figure><figure class=\"tiled-gallery__item\"><img decoding=\"async\" role=\"button\" tabindex=\"0\" aria-label=\"Abrir la imagen 18 de 20 en pantalla completa\"srcset=\"https:\/\/i1.wp.com\/www.light-style.eu\/studiosite\/wp-content\/uploads\/2016\/09\/werbe-businessfotografie-54.jpg?strip=info&#038;w=600&#038;ssl=1 600w,https:\/\/i1.wp.com\/www.light-style.eu\/studiosite\/wp-content\/uploads\/2016\/09\/werbe-businessfotografie-54.jpg?strip=info&#038;w=800&#038;ssl=1 800w\" alt=\"Fotograf\u00eda Publicitaria y de Negocios\" data-height=\"1200\" data-id=\"959\" data-link=\"https:\/\/www.light-style.eu\/bonjour\/willkommen\/werbe-businessfotografie\/pralinen-30\/\" data-url=\"https:\/\/www.light-style.eu\/studiosite\/wp-content\/uploads\/2016\/09\/werbe-businessfotografie-54.jpg\" data-width=\"800\" src=\"https:\/\/i1.wp.com\/www.light-style.eu\/studiosite\/wp-content\/uploads\/2016\/09\/werbe-businessfotografie-54.jpg?ssl=1\" data-amp-layout=\"responsive\"><\/figure><figure class=\"tiled-gallery__item\"><img decoding=\"async\" role=\"button\" tabindex=\"0\" aria-label=\"Abrir la imagen 19 de 20 en pantalla completa\"srcset=\"https:\/\/i0.wp.com\/www.light-style.eu\/studiosite\/wp-content\/uploads\/2020\/07\/foodfotografie.jpg?strip=info&#038;w=600&#038;ssl=1 600w,https:\/\/i0.wp.com\/www.light-style.eu\/studiosite\/wp-content\/uploads\/2020\/07\/foodfotografie.jpg?strip=info&#038;w=900&#038;ssl=1 900w,https:\/\/i0.wp.com\/www.light-style.eu\/studiosite\/wp-content\/uploads\/2020\/07\/foodfotografie.jpg?strip=info&#038;w=1200&#038;ssl=1 1200w\" alt=\"Fotograf\u00eda de alimentos\" data-height=\"800\" data-id=\"39295\" data-link=\"https:\/\/www.light-style.eu\/bonjour\/willkommen\/werbe-businessfotografie\/foodfotografie\/foodfotografie\/\" data-url=\"https:\/\/www.light-style.eu\/studiosite\/wp-content\/uploads\/2020\/07\/foodfotografie.jpg\" data-width=\"1200\" src=\"https:\/\/i0.wp.com\/www.light-style.eu\/studiosite\/wp-content\/uploads\/2020\/07\/foodfotografie.jpg?ssl=1\" data-amp-layout=\"responsive\"><\/figure><figure class=\"tiled-gallery__item\"><img decoding=\"async\" role=\"button\" tabindex=\"0\" aria-label=\"Abrir la imagen 20 de 20 en pantalla completa\"srcset=\"https:\/\/i2.wp.com\/www.light-style.eu\/studiosite\/wp-content\/uploads\/2020\/07\/foodfotografie-3.jpg?strip=info&#038;w=600&#038;ssl=1 600w,https:\/\/i2.wp.com\/www.light-style.eu\/studiosite\/wp-content\/uploads\/2020\/07\/foodfotografie-3.jpg?strip=info&#038;w=800&#038;ssl=1 800w\" alt=\"Fotograf\u00eda de alimentos\" data-height=\"1200\" data-id=\"39299\" data-link=\"https:\/\/www.light-style.eu\/bonjour\/willkommen\/werbe-businessfotografie\/foodfotografie\/foodfotografie-4\/\" data-url=\"https:\/\/www.light-style.eu\/studiosite\/wp-content\/uploads\/2020\/07\/foodfotografie-3.jpg\" data-width=\"800\" src=\"https:\/\/i2.wp.com\/www.light-style.eu\/studiosite\/wp-content\/uploads\/2020\/07\/foodfotografie-3.jpg?ssl=1\" data-amp-layout=\"responsive\"><\/figure><\/div><\/div><\/div><\/div>\n","protected":false},"excerpt":{"rendered":"<p>Este es un tema bastante controvertido. \u00bfPor qu\u00e9 pol\u00e9mico? Existen b\u00e1sicamente 2 variantes de fotograf\u00eda de alimentos, aquella en la que todav\u00eda se puede comer el men\u00fa fotografiado con placer, y luego la variante en la que la comida es tratada con todos los medios del arte, de tal manera que ya nadie deber\u00eda comerla.&hellip;<\/p>\n","protected":false},"author":1,"featured_media":0,"parent":79832,"menu_order":0,"comment_status":"closed","ping_status":"closed","template":"","meta":{"advanced_seo_description":"","jetpack_seo_html_title":"","jetpack_seo_noindex":false,"ngg_post_thumbnail":0,"footnotes":""},"class_list":["post-79764","page","type-page","status-publish","hentry","entry","no-media"],"jetpack_likes_enabled":true,"jetpack_sharing_enabled":true,"_links":{"self":[{"href":"https:\/\/www.light-style.eu\/es\/wp-json\/wp\/v2\/pages\/79764","targetHints":{"allow":["GET"]}}],"collection":[{"href":"https:\/\/www.light-style.eu\/es\/wp-json\/wp\/v2\/pages"}],"about":[{"href":"https:\/\/www.light-style.eu\/es\/wp-json\/wp\/v2\/types\/page"}],"author":[{"embeddable":true,"href":"https:\/\/www.light-style.eu\/es\/wp-json\/wp\/v2\/users\/1"}],"replies":[{"embeddable":true,"href":"https:\/\/www.light-style.eu\/es\/wp-json\/wp\/v2\/comments?post=79764"}],"version-history":[{"count":0,"href":"https:\/\/www.light-style.eu\/es\/wp-json\/wp\/v2\/pages\/79764\/revisions"}],"up":[{"embeddable":true,"href":"https:\/\/www.light-style.eu\/es\/wp-json\/wp\/v2\/pages\/79832"}],"wp:attachment":[{"href":"https:\/\/www.light-style.eu\/es\/wp-json\/wp\/v2\/media?parent=79764"}],"curies":[{"name":"wp","href":"https:\/\/api.w.org\/{rel}","templated":true}]}}