{"id":80068,"date":"2025-01-13T11:58:42","date_gmt":"2025-01-13T10:58:42","guid":{"rendered":"https:\/\/www.light-style.eu\/tienda\/politicas-de-la-tienda\/"},"modified":"2025-01-13T17:42:16","modified_gmt":"2025-01-13T16:42:16","slug":"politicas-de-la-tienda","status":"publish","type":"page","link":"https:\/\/www.light-style.eu\/es\/tienda\/politicas-de-la-tienda\/","title":{"rendered":"Pol\u00edticas de la tienda"},"content":{"rendered":"<h1>T\u00e9rminos y condiciones<\/h1>\n<p><a href=\"http:\/\/www.deutsche-anwaltshotline.de\/recht-auf-ihrer-website\/agb-generator\" rel=\"nofollow\">T\u00e9rminos y condiciones creados<\/a> a trav\u00e9s del generador de Deutsche Anwaltshotline AG<\/p>\n<h2>Parte contratante<\/h2>\n<p>Sobre la base de estos T\u00e9rminos y Condiciones Generales (TCG), el acuerdo entre el cliente y<br \/>\nFotostudio Light-Style<br \/>\nRepresentado por Andreas M\u00f6ller<br \/>\nDirecci\u00f3n: Jahnstr. 7 63517 Registro Mercantil de Rodenbach:  <\/p>\n<p> [Handelsregister]\nN\u00famero de Registro Mercantil:  [Handelsregisternummer]\nN\u00famero de identificaci\u00f3n a efectos del IVA: DE243380881<br \/>\n, en lo sucesivo denominado el proveedor, se celebra el contrato.<\/p>\n<h2>Objeto del acuerdo<\/h2>\n<p>Este contrato regula la venta de nuevos bienes y servicios a trav\u00e9s de la tienda online del proveedor. Para conocer los detalles de la oferta respectiva, se hace referencia a la descripci\u00f3n del producto en la p\u00e1gina de la oferta. <\/p>\n<h2>Contrato<\/h2>\n<p>El contrato se celebra en transacciones comerciales electr\u00f3nicas a trav\u00e9s del sistema de la tienda o a trav\u00e9s de otros medios de comunicaci\u00f3n a distancia, como el tel\u00e9fono y el correo electr\u00f3nico. Las ofertas presentadas representan una invitaci\u00f3n no vinculante a presentar una oferta por parte del cliente, que el proveedor puede aceptar. El proceso de pedido para celebrar un contrato en el sistema de tienda incluye los siguientes pasos:  <\/p>\n<ul>\n<li>Selecci\u00f3n de la oferta en la especificaci\u00f3n deseada (tama\u00f1o, color, n\u00famero)<\/li>\n<li>A\u00f1adir la oferta al carrito<\/li>\n<li>Pulsando el bot\u00f3n &#8216;ordenar&#8217;<\/li>\n<li>Introducci\u00f3n de la direcci\u00f3n de facturaci\u00f3n y entrega<\/li>\n<li>Selecci\u00f3n del m\u00e9todo de pago<\/li>\n<li>Revisi\u00f3n y procesamiento del pedido y de todas las entradas<\/li>\n<li>Pulsando el bot\u00f3n \u00abpedir una tarifa\u00bb<\/li>\n<li>Correo electr\u00f3nico de confirmaci\u00f3n de que se ha recibido el pedido<\/li>\n<\/ul>\n<p>Adem\u00e1s del sistema de tienda, los pedidos tambi\u00e9n se pueden realizar a trav\u00e9s de medios de comunicaci\u00f3n a distancia (tel\u00e9fono\/correo electr\u00f3nico), lo que significa que el proceso de pedido para celebrar el contrato incluye los siguientes pasos:<\/p>\n<ul>\n<li>Llame a la l\u00ednea directa de pedidos \/ env\u00ede el correo electr\u00f3nico del pedido<\/li>\n<li>Correo electr\u00f3nico de confirmaci\u00f3n de que se ha recibido el pedido<\/li>\n<\/ul>\n<p>El contrato se concluye con el env\u00edo de la confirmaci\u00f3n del pedido.<\/p>\n<h2>Duraci\u00f3n del contrato<\/h2>\n<p>El contrato se celebra por tiempo indefinido.<\/p>\n<h2>Propiedad<\/h2>\n<p>Hasta que se haya realizado el pago completo, la mercanc\u00eda entregada sigue siendo propiedad del proveedor.<\/p>\n<h2>Salvedades<\/h2>\n<p>El Proveedor se reserva el derecho de no prestar el servicio prometido en caso de indisponibilidad.<\/p>\n<h2>Precios, gastos de env\u00edo, gastos de devoluci\u00f3n<\/h2>\n<p>Todos los precios son precios finales e incluyen IVA. Adem\u00e1s de los precios finales, existen otros costes en funci\u00f3n del m\u00e9todo de env\u00edo, que se mostrar\u00e1n antes de que se env\u00ede el pedido. Si existe un derecho de desistimiento y es utilizado por \u00e9ste, el cliente corre con los gastos de la devoluci\u00f3n.  <\/p>\n<h2>Condiciones de pago<\/h2>\n<p>El cliente solo tiene las siguientes opciones de pago: domiciliaci\u00f3n bancaria, proveedor de servicios de pago (PayPal), pago en efectivo contra cobro, tarjeta de cr\u00e9dito. No se ofrecen otros m\u00e9todos de pago y ser\u00e1n rechazados.<br \/>\nEl importe de la factura ser\u00e1 cobrado por el Proveedor mediante domiciliaci\u00f3n bancaria sobre la base de la autorizaci\u00f3n de domiciliaci\u00f3n bancaria por parte del Cliente desde la cuenta especificada por el cliente. Cuando se utiliza un servicio de custodia\/proveedor de servicios de pago, permite que el proveedor y el cliente procesen el pago entre ellos. En este caso, el proveedor de servicios de custodia\/pago remite el pago del cliente al proveedor. Puede encontrar m\u00e1s informaci\u00f3n en el sitio web del respectivo proveedor de servicios de custodia\/servicios de pago. El importe de la factura tambi\u00e9n se puede pagar en efectivo en las instalaciones comerciales del proveedor durante el horario normal de oficina, deduciendo los gastos de env\u00edo cobrados. Al pagar con tarjeta de cr\u00e9dito, el cliente debe ser el titular de la tarjeta. El cargo en la tarjeta de cr\u00e9dito se realizar\u00e1 una vez que se haya enviado la mercanc\u00eda. El Cliente est\u00e1 obligado a pagar o transferir el importe indicado a la cuenta especificada en la factura dentro de los 14 d\u00edas posteriores a la recepci\u00f3n de la factura. El pago vence sin deducci\u00f3n a partir de la fecha de la factura. Una vez transcurrido el plazo de pago, que est\u00e1 determinado por el calendario, el cliente incurre en mora incluso sin recordatorio.          <\/p>\n<h2>Condiciones de entrega<\/h2>\n<p>La mercanc\u00eda se enviar\u00e1 inmediatamente despu\u00e9s de la confirmaci\u00f3n de la recepci\u00f3n del pago. En promedio, el env\u00edo se realiza despu\u00e9s de 14 d\u00edas a m\u00e1s tardar. El empresario se compromete a realizar la entrega a los 21 d\u00edas de la recepci\u00f3n del pedido. El plazo de entrega est\u00e1ndar es de 10 d\u00edas, a menos que se indique lo contrario en la descripci\u00f3n del art\u00edculo. El proveedor no realiza env\u00edos directos. El pedido ser\u00e1 enviado por el fabricante tan pronto como todo el pedido est\u00e9 en stock all\u00ed. El cliente ser\u00e1 informado inmediatamente de cualquier retraso.      <\/p>\n<h2>Garant\u00eda<\/h2>\n<p>Si el cliente es un empresario, el per\u00edodo de garant\u00eda para bienes nuevos est\u00e1 limitado a un a\u00f1o. Si el cliente es un empresario, la garant\u00eda queda excluida para los bienes usados. Si el cliente es un consumidor, el per\u00edodo de garant\u00eda de los bienes usados est\u00e1 limitado a un a\u00f1o. Esto no se aplica a las reclamaciones por da\u00f1os y perjuicios por parte del cliente debido a lesiones a la vida, la integridad f\u00edsica, la salud u obligaciones contractuales esenciales, que deben cumplirse necesariamente para lograr el objetivo contractual. Esto tampoco se aplica a las reclamaciones por da\u00f1os y perjuicios derivadas de un incumplimiento de obligaciones por negligencia grave o intencionado por parte del proveedor o de su representante legal o auxiliar ejecutivo. En todos los dem\u00e1s aspectos, se aplican las disposiciones legales.     <\/p>\n<h2>Contrato<\/h2>\n<p>El texto del contrato es almacenado por el proveedor. El cliente no tiene forma de acceder directamente al texto del contrato almacenado. El cliente puede corregir errores en la entrada durante el proceso de pedido. Para ello, puede proceder de la siguiente manera: V\u00eda correo electr\u00f3nico a Contact@studio-light-style.de indicando el n\u00famero de pedido.   <\/p>\n<h2>Derecho de desistimiento y atenci\u00f3n al cliente<\/h2>\n<p>Las normas sobre contratos a distancia no se aplican a los clientes que son empresarios. Por lo tanto, estos clientes no tienen derecho a un derecho de revocaci\u00f3n correspondiente sobre la base de un contrato a distancia. El proveedor tampoco admite tal situaci\u00f3n.  <\/p>\n<h2>Renuncia<\/h2>\n<p>Quedan excluidas las reclamaciones por da\u00f1os y perjuicios por parte del cliente, a menos que se indique lo contrario por los siguientes motivos. Esto tambi\u00e9n se aplica al representante y al auxiliar comercial del proveedor si el cliente hace valer reclamaciones por da\u00f1os y perjuicios contra ellos. Quedan excluidas las reclamaciones por da\u00f1os y perjuicios del cliente por lesiones a la vida, la integridad f\u00edsica, la salud u obligaciones contractuales esenciales, que deben cumplirse necesariamente para lograr el objetivo contractual. Esto tampoco se aplica a las reclamaciones por da\u00f1os y perjuicios derivadas de un incumplimiento de obligaciones por negligencia grave o intencionado por parte del proveedor o de su representante legal o auxiliar ejecutivo.   <\/p>\n<h2>Idioma, jurisdicci\u00f3n y ley aplicable<\/h2>\n<p>El contrato est\u00e1 redactado en alem\u00e1n. La ejecuci\u00f3n posterior de la relaci\u00f3n contractual se realizar\u00e1 en alem\u00e1n. Se aplicar\u00e1 exclusivamente el derecho de la Rep\u00fablica Federal de Alemania. Para los consumidores, esto solo se aplica en la medida en que no restrinja ninguna disposici\u00f3n legal del pa\u00eds en el que el cliente tenga su domicilio o residencia habitual. El lugar de jurisdicci\u00f3n es el domicilio social del proveedor en litigios con clientes que no sean consumidores, personas jur\u00eddicas de derecho p\u00fablico o patrimonios especiales de derecho p\u00fablico.    <\/p>\n<h2>Privacidad<\/h2>\n<p>En relaci\u00f3n con el inicio, la celebraci\u00f3n, el procesamiento y la rescisi\u00f3n de un contrato de compra sobre la base de estos TCG, el proveedor recopila, almacena y procesa los datos. Esto se hace en el marco de las disposiciones legales. El Proveedor no transmite ning\u00fan dato personal del Cliente a terceros, a menos que est\u00e9 legalmente obligado a hacerlo o que el Cliente haya dado su consentimiento expreso por adelantado. Si se utiliza un tercero para servicios relacionados con el manejo de procesos de procesamiento, se cumplen las disposiciones de la Ley Federal de Protecci\u00f3n de Datos. Los datos facilitados por el cliente a trav\u00e9s del pedido se tratar\u00e1n exclusivamente con el fin de ponerse en contacto con usted en el marco de la tramitaci\u00f3n del contrato y \u00fanicamente para el fin para el que el cliente haya facilitado los datos. Los datos solo se transmitir\u00e1n a la empresa de transporte que se haga cargo de la entrega de la mercanc\u00eda de acuerdo con el pedido en la medida en que sea necesario. Los datos de pago se transmitir\u00e1n a la entidad bancaria encargada del pago. Si el proveedor est\u00e1 sujeto a per\u00edodos de retenci\u00f3n de naturaleza comercial o fiscal, el almacenamiento de algunos datos puede demorar hasta diez a\u00f1os. Durante la visita a la tienda online del proveedor, se registran datos an\u00f3nimos que no sacan ni pretenden sacar ninguna conclusi\u00f3n sobre los datos personales, en particular la direcci\u00f3n IP, la fecha, la hora, el tipo de navegador, el sistema operativo y las p\u00e1ginas visitadas. A petici\u00f3n del cliente, los datos personales ser\u00e1n eliminados, corregidos o bloqueados en el marco de las disposiciones legales. La informaci\u00f3n sobre todos los datos personales del cliente es posible de forma gratuita. Para preguntas y solicitudes de eliminaci\u00f3n, correcci\u00f3n o bloqueo de datos personales, as\u00ed como de recopilaci\u00f3n, procesamiento y uso, el cliente puede ponerse en contacto con la siguiente direcci\u00f3n: Fotostudio Light-Style, Andreas M\u00f6ller, Jahnstr. 7 63517 Rodenbach 06184-930505 contact@studio-light-style.de.            <\/p>\n<h2>Cl\u00e1usula de salvedad<\/h2>\n<p>La invalidez de cualquier disposici\u00f3n de estas CGC no tendr\u00e1 ning\u00fan efecto sobre la validez de las dem\u00e1s disposiciones.<\/p>\n","protected":false},"excerpt":{"rendered":"<p>T\u00e9rminos y condiciones T\u00e9rminos y condiciones creados a trav\u00e9s del generador de Deutsche Anwaltshotline AG Parte contratante Sobre la base de estos T\u00e9rminos y Condiciones Generales (TCG), el acuerdo entre el cliente y Fotostudio Light-Style Representado por Andreas M\u00f6ller Direcci\u00f3n: Jahnstr. 7 63517 Registro Mercantil de Rodenbach: [Handelsregister] N\u00famero de Registro Mercantil: [Handelsregisternummer] N\u00famero de&hellip;<\/p>\n","protected":false},"author":1,"featured_media":0,"parent":77899,"menu_order":0,"comment_status":"closed","ping_status":"closed","template":"","meta":{"advanced_seo_description":"","jetpack_seo_html_title":"","jetpack_seo_noindex":false,"ngg_post_thumbnail":0,"footnotes":""},"class_list":["post-80068","page","type-page","status-publish","hentry","entry","no-media"],"jetpack_likes_enabled":true,"jetpack_sharing_enabled":true,"_links":{"self":[{"href":"https:\/\/www.light-style.eu\/es\/wp-json\/wp\/v2\/pages\/80068","targetHints":{"allow":["GET"]}}],"collection":[{"href":"https:\/\/www.light-style.eu\/es\/wp-json\/wp\/v2\/pages"}],"about":[{"href":"https:\/\/www.light-style.eu\/es\/wp-json\/wp\/v2\/types\/page"}],"author":[{"embeddable":true,"href":"https:\/\/www.light-style.eu\/es\/wp-json\/wp\/v2\/users\/1"}],"replies":[{"embeddable":true,"href":"https:\/\/www.light-style.eu\/es\/wp-json\/wp\/v2\/comments?post=80068"}],"version-history":[{"count":0,"href":"https:\/\/www.light-style.eu\/es\/wp-json\/wp\/v2\/pages\/80068\/revisions"}],"up":[{"embeddable":true,"href":"https:\/\/www.light-style.eu\/es\/wp-json\/wp\/v2\/pages\/77899"}],"wp:attachment":[{"href":"https:\/\/www.light-style.eu\/es\/wp-json\/wp\/v2\/media?parent=80068"}],"curies":[{"name":"wp","href":"https:\/\/api.w.org\/{rel}","templated":true}]}}