{"id":80378,"date":"2025-01-13T12:00:41","date_gmt":"2025-01-13T11:00:41","guid":{"rendered":"https:\/\/www.light-style.eu\/impresion\/"},"modified":"2025-01-13T12:00:56","modified_gmt":"2025-01-13T11:00:56","slug":"impresion","status":"publish","type":"page","link":"https:\/\/www.light-style.eu\/es\/terminos-y-condiciones\/impresion\/","title":{"rendered":"Impresi\u00f3n"},"content":{"rendered":"<h1 style=\"text-align: center;\">Impresi\u00f3n<\/h1>\n<h2 style=\"text-align: center;\">Informaci\u00f3n seg\u00fan el \u00a7 5 TMG:<\/h2>\n<p style=\"text-align: center;\">Andreas M\u00f6ller,Estudio<br \/>\n fotogr\u00e1fico Light-Style<br \/>\n, Jahnstr. 7<br \/>\n, 63517 Rodenbach<\/p>\n<h2 style=\"text-align: center;\">Contacto:<\/h2>\n<table class=\" aligncenter\" style=\"height: 75px;\" width=\"301\">\n<tbody>\n<tr>\n<td>Tel\u00e9fono:<\/td>\n<td>Tel\u00e9fono 06184-930 505<\/td>\n<\/tr>\n<tr>\n<td style=\"text-align: center;\">Correo electr\u00f3nico:<\/td>\n<td style=\"text-align: center;\">contact@studio-light-style.de<\/td>\n<\/tr>\n<\/tbody>\n<\/table>\n<h2 style=\"text-align: center;\">N\u00famero de identificaci\u00f3n fiscal:<\/h2>\n<p style=\"text-align: center;\">N\u00famero de identificaci\u00f3n del impuesto sobre las ventas de acuerdo con la secci\u00f3n 27 a de la ley del impuesto sobre las ventas:<br \/>\nDE243380881<\/p>\n<h2 style=\"text-align: center;\">Informaci\u00f3n sobre el seguro de responsabilidad civil profesional:<\/h2>\n<p style=\"text-align: center;\">Nombre y domicilio social de la empresa:<\/p>\n<p style=\"text-align: center;\">&nbsp;&nbsp;&nbsp;&nbsp;&nbsp;&nbsp;&nbsp;&nbsp;&nbsp;&nbsp;&nbsp;&nbsp;&nbsp;&nbsp;&nbsp;&nbsp;&nbsp;&nbsp;&nbsp;&nbsp;&nbsp;&nbsp;&nbsp;&nbsp;&nbsp;&nbsp;&nbsp;&nbsp;&nbsp;&nbsp;&nbsp;&nbsp;&nbsp;&nbsp;&nbsp;&nbsp;&nbsp;&nbsp;&nbsp;&nbsp;&nbsp;&nbsp;&nbsp;&nbsp;&nbsp;&nbsp;&nbsp;&nbsp;&nbsp;&nbsp;&nbsp;&nbsp;&nbsp;&nbsp;&nbsp;&nbsp;&nbsp;&nbsp;&nbsp;&nbsp;&nbsp;&nbsp;&nbsp;&nbsp;&nbsp;&nbsp;&nbsp;&nbsp;&nbsp;&nbsp;&nbsp;&nbsp;&nbsp;&nbsp;&nbsp;&nbsp;&nbsp;&nbsp;&nbsp;&nbsp;&nbsp;&nbsp;&nbsp;&nbsp;&nbsp;&nbsp;&nbsp;&nbsp;&nbsp;&nbsp;&nbsp;&nbsp;&nbsp;&nbsp;&nbsp;&nbsp;&nbsp;&nbsp;&nbsp;&nbsp;&nbsp;&nbsp;&nbsp;&nbsp;&nbsp;&nbsp;&nbsp;&nbsp;&nbsp;&nbsp;&nbsp;&nbsp;&nbsp;&nbsp;&nbsp;&nbsp;&nbsp;&nbsp;&nbsp;&nbsp;&nbsp;&nbsp;&nbsp;&nbsp;&nbsp;&nbsp;&nbsp;&nbsp;&nbsp;&nbsp;&nbsp;&nbsp;&nbsp;&nbsp;&nbsp;&nbsp;&nbsp;&nbsp;&nbsp;&nbsp;&nbsp;&nbsp;&nbsp;&nbsp;&nbsp;&nbsp;&nbsp;  N\u00fcrnberger Versicherung<\/p>\n<p style=\"text-align: center;\">\u00c1mbito de validez del seguro: mundial<\/p>\n<h2 style=\"text-align: center;\">Responsable del contenido de acuerdo con \u00a7 55 Abs. 2 RStV: <\/h2>\n<p style=\"text-align: center;\">\n<p>7 63517 Rodenbach<\/p>\n<p style=\"text-align: center;\">Fuente: <em><a href=\"https:\/\/www.e-recht24.de\">eRecht24<\/a><\/em><\/p>\n<h1 style=\"text-align: center;\">Renuncia<\/h1>\n<p><strong>Responsabilidad por el contenido<\/strong><\/p>\n<p>Como proveedor de servicios, somos responsables de nuestro propio contenido en estas p\u00e1ginas de acuerdo con el \u00a7 7 p\u00e1rr. 1 TMG de acuerdo con las leyes generales. Sin embargo, de acuerdo con los \u00a7\u00a7 8 a 10 TMG, nosotros, como proveedores de servicios, no estamos obligados a supervisar la informaci\u00f3n de terceros transmitida o almacenada ni a investigar circunstancias que indiquen una actividad ilegal. Las obligaciones de eliminar o bloquear el uso de la informaci\u00f3n en virtud de las leyes generales no se ven afectadas por esto. Sin embargo, la responsabilidad en este sentido solo es posible a partir del momento en que se tiene conocimiento de una infracci\u00f3n espec\u00edfica de la ley. Si tenemos conocimiento de tales violaciones, eliminaremos este contenido de inmediato.     <\/p>\n<p><strong>Responsabilidad de los enlaces<\/strong><\/p>\n<p>Nuestra oferta contiene enlaces a sitios web externos de terceros, sobre cuyo contenido no tenemos ninguna influencia. Por lo tanto, no podemos asumir ninguna responsabilidad por este contenido de terceros. El respectivo proveedor u operador de las p\u00e1ginas es siempre responsable del contenido de las p\u00e1ginas enlazadas. Las p\u00e1ginas enlazadas fueron revisadas para detectar posibles violaciones de la ley en el momento de la vinculaci\u00f3n. El contenido ilegal no era reconocible en el momento de la vinculaci\u00f3n. Sin embargo, un control permanente del contenido de las p\u00e1ginas enlazadas no es razonable sin indicios concretos de una violaci\u00f3n de la ley. Si tenemos conocimiento de cualquier violaci\u00f3n de la ley, eliminaremos dichos enlaces de inmediato.      <\/p>\n<p><strong>Derechos de autor<\/strong><\/p>\n<p>El contenido y las obras de estas p\u00e1ginas creadas por los operadores del sitio est\u00e1n sujetos a la ley alemana de derechos de autor. La reproducci\u00f3n, edici\u00f3n, distribuci\u00f3n y cualquier tipo de explotaci\u00f3n fuera de los l\u00edmites de la ley de derechos de autor requieren el consentimiento por escrito del respectivo autor o creador. Las descargas y copias de este sitio solo est\u00e1n permitidas para uso privado y no comercial. En la medida en que el contenido de esta p\u00e1gina no haya sido creado por el operador, se respetan los derechos de autor de terceros. En particular, el contenido de terceros est\u00e1 marcado como tal. Si, a pesar de todo, tiene conocimiento de una infracci\u00f3n de derechos de autor, le pedimos que nos lo comunique. Si tenemos conocimiento de alguna infracci\u00f3n, eliminaremos dicho contenido de inmediato.      <\/p>\n<p>&nbsp;<\/p>\n<div class=\"ig_attention\">\n<p>&nbsp;<\/p>\n<\/div>\n<h1>Pol\u00edtica de privacidad:<\/h1>\n<p><strong>Privacidad<\/strong><\/p>\n<p>Los operadores de estas p\u00e1ginas se toman muy en serio la protecci\u00f3n de sus datos personales. Tratamos sus datos personales de forma confidencial y de acuerdo con las normas legales de protecci\u00f3n de datos y esta pol\u00edtica de privacidad. Por lo general, el uso de nuestro sitio web es posible sin proporcionar datos personales. En la medida en que se recopilan datos personales (por ejemplo, nombre, direcci\u00f3n o direcciones de correo electr\u00f3nico) en nuestras p\u00e1ginas, siempre se hace de forma voluntaria en la medida de lo posible. Estos datos no se transmitir\u00e1n a terceros sin su consentimiento expreso. Nos gustar\u00eda se\u00f1alar que la transmisi\u00f3n de datos en Internet (por ejemplo, cuando se comunica por correo electr\u00f3nico) puede tener brechas de seguridad. No es posible proteger completamente los datos del acceso de terceros. <\/p>\n<p>&nbsp;<\/p>\n<p><strong>Pol\u00edtica de privacidad para el uso de los plugins de Facebook (bot\u00f3n Me gusta)<\/strong><\/p>\n<p>Los plugins de la red social Facebook, proveedor Facebook Inc., 1 Hacker Way, Menlo Park, California 94025, EE. UU., est\u00e1n integrados en nuestras p\u00e1ginas. Puede reconocer los complementos de Facebook por el logotipo de Facebook o el bot\u00f3n \u00abMe gusta\u00bb en nuestro sitio. Puede encontrar una descripci\u00f3n general de los complementos de Facebook aqu\u00ed: <a href=\"http:\/\/developers.facebook.com\/docs\/plugins\/\">http:\/\/developers.facebook.com\/docs\/plugins\/<\/a>. Cuando visita nuestras p\u00e1ginas, el complemento establece una conexi\u00f3n directa entre su navegador y el servidor de Facebook. De este modo, Facebook recibe la informaci\u00f3n de que ha visitado nuestro sitio con su direcci\u00f3n IP. Si hace clic en el bot\u00f3n \u00abMe gusta\u00bb de Facebook mientras est\u00e1 conectado a su cuenta de Facebook, puede vincular el contenido de nuestras p\u00e1ginas a su perfil de Facebook. Esto permite a Facebook asignar la visita a nuestras p\u00e1ginas a su cuenta de usuario. Nos gustar\u00eda se\u00f1alar que nosotros, como proveedores de las p\u00e1ginas, no tenemos conocimiento del contenido de los datos transmitidos ni de su uso por parte de Facebook. Puede encontrar m\u00e1s informaci\u00f3n al respecto en la pol\u00edtica de privacidad de Facebook en <a href=\"http:\/\/de-de.facebook.com\/policy.php\">http:\/\/de-de.facebook.com\/policy.php<\/a>. Si no desea que Facebook pueda asignar su visita a nuestras p\u00e1ginas a su cuenta de usuario de Facebook, cierre la sesi\u00f3n de su cuenta de usuario de Facebook.<\/p>\n<p>&nbsp;<\/p>\n<p><strong>Pol\u00edtica de privacidad para el uso de Google Analytics<\/strong><\/p>\n<p>Este sitio web utiliza funciones del&nbsp; servicio de an\u00e1lisis web Google Analytics. El proveedor es Google Inc. 1600 Amphitheatre Parkway Mountain View, CA 94043, EE. UU. Google Analytics utiliza las llamadas \u00abcookies\u00bb. Se trata de archivos de texto que se almacenan en su ordenador y permiten un an\u00e1lisis de su uso del sitio web. La informaci\u00f3n generada por la cookie sobre su uso de este sitio web generalmente se transmite a un servidor de Google en los EE. UU. y se almacena all\u00ed. Sin embargo, si la anonimizaci\u00f3n de IP est\u00e1 activada en este sitio web, Google acortar\u00e1 previamente su direcci\u00f3n IP dentro de los estados miembros de la Uni\u00f3n Europea o en otros estados contratantes del Acuerdo sobre el Espacio Econ\u00f3mico Europeo. Solo en casos excepcionales se transmite la direcci\u00f3n IP completa a un servidor de Google en los EE. UU. y se acorta all\u00ed. En nombre del operador de este sitio web, Google utilizar\u00e1 esta informaci\u00f3n para evaluar su uso del sitio web, para compilar informes sobre la actividad del sitio web y para proporcionar otros servicios relacionados con la actividad del sitio web y el uso de Internet al operador del sitio web. La direcci\u00f3n IP transmitida por su navegador como parte de Google Analytics no se combinar\u00e1 con otros datos en poder de Google. Puede evitar el almacenamiento de cookies configurando el software de su navegador en consecuencia; Sin embargo, nos gustar\u00eda se\u00f1alar que, en este caso, es posible que no pueda utilizar todas las funciones de este sitio web en toda su extensi\u00f3n. Tambi\u00e9n puede evitar la recopilaci\u00f3n de los datos generados por la cookie y relacionados con su uso del sitio web (incluida su direcci\u00f3n IP) por parte de Google y el procesamiento de estos datos por parte de Google descargando e instalando el complemento del navegador disponible en el siguiente enlace: <a href=\"http:\/\/tools.google.com\/dlpage\/gaoptout?hl=de\">http:\/\/tools.google.com\/dlpage\/gaoptout?hl=de<\/a>     <\/p>\n<p>&nbsp;<\/p>\n<p><strong>Pol\u00edtica de privacidad para el uso de Google +1<\/strong><\/p>\n<p>Nuestras p\u00e1ginas utilizan las funciones de Google +1. El proveedor es Google Inc. 1600 Amphitheatre Parkway Mountain View, CA 94043,&nbsp; EE. UU. Recopilaci\u00f3n e intercambio de informaci\u00f3n: El bot\u00f3n Google +1 le permite publicar informaci\u00f3n en todo el mundo. El bot\u00f3n Google +1 le proporciona a usted y a otros usuarios contenido personalizado de Google y nuestros socios. Google almacena tanto la informaci\u00f3n que tienes +1 para un contenido como la informaci\u00f3n sobre la p\u00e1gina que viste cuando hiciste clic en +1. Tus +1 pueden aparecer como pistas junto con tu nombre de perfil y tu foto en los servicios de Google, como los resultados de b\u00fasqueda o tu perfil de Google, o en otros lugares de sitios web y anuncios de toda la Web. Google registra informaci\u00f3n sobre su actividad +1 para mejorar los servicios de Google para usted y para otras personas. Para utilizar el bot\u00f3n +1 de Google, necesita un perfil de Google p\u00fablico y visible globalmente que debe contener al menos el nombre elegido para el perfil. Este nombre se utiliza en todos los servicios de Google. En algunos casos, este nombre tambi\u00e9n puede sustituir a otro que hayas utilizado al compartir contenido con tu cuenta de Google. La identidad de su perfil de Google puede mostrarse a los usuarios que conocen su direcci\u00f3n de correo electr\u00f3nico o tienen otra informaci\u00f3n de identificaci\u00f3n sobre usted. Uso de la informaci\u00f3n recopilada: Adem\u00e1s de los usos descritos anteriormente, la informaci\u00f3n que proporcione se utilizar\u00e1 de acuerdo con la Pol\u00edtica de privacidad de Google aplicable. Google puede publicar estad\u00edsticas agregadas sobre la actividad +1 de los usuarios o compartirlas con usuarios y socios, como editores, anunciantes o sitios web afiliados.  <\/p>\n<p>&nbsp;<\/p>\n<p><strong>Pol\u00edtica de privacidad para el uso de Instagram<\/strong><\/p>\n<p>Las funciones del servicio de Instagram est\u00e1n integradas en nuestras p\u00e1ginas. Estas funciones son ofrecidas por Instagram Inc., 1601 Willow Road, Menlo Park, CA, 94025, EE. UU. Si ha iniciado sesi\u00f3n en su cuenta de Instagram, puede vincular el contenido de nuestras p\u00e1ginas a su perfil de Instagram haciendo clic en el bot\u00f3n de Instagram. Esto permite a Instagram asignar la visita a nuestras p\u00e1ginas a su cuenta de usuario. Nos gustar\u00eda se\u00f1alar que nosotros, como proveedores de las p\u00e1ginas, no tenemos conocimiento del contenido de los datos transmitidos ni de su uso por parte de Instagram. Para obtener m\u00e1s informaci\u00f3n, consulte la pol\u00edtica de privacidad de Instagram: <a href=\"http:\/\/instagram.com\/about\/legal\/privacy\/\">http:\/\/instagram.com\/about\/legal\/privacy\/<\/a><\/p>\n<p>&nbsp;<\/p>\n<p><strong>Pol\u00edtica de privacidad para el uso de LinkedIn<\/strong><\/p>\n<p>Nuestro sitio web utiliza funciones de la red LinkedIn. El proveedor es LinkedIn Corporation, 2029 Stierlin Court, Mountain View, CA 94043, EE. UU. Cada vez que se accede a una de nuestras p\u00e1ginas que contiene funciones de LinkedIn, se establece una conexi\u00f3n con los servidores de LinkedIn. Se informar\u00e1 a LinkedIn de que ha visitado nuestro sitio web con su direcci\u00f3n IP. Si hace clic en el bot\u00f3n \u00abRecomendar\u00bb de LinkedIn y ha iniciado sesi\u00f3n en su cuenta de LinkedIn, LinkedIn puede asignarle su visita a nuestro sitio web a usted y a su cuenta de usuario. Nos gustar\u00eda se\u00f1alar que nosotros, como proveedores de las p\u00e1ginas, no tenemos conocimiento del contenido de los datos transmitidos ni de su uso por parte de LinkedIn. Para obtener m\u00e1s informaci\u00f3n, consulte la pol\u00edtica de privacidad de LinkedIn en: <a href=\"https:\/\/www.linkedin.com\/legal\/privacy-policy\">https:\/\/www.linkedin.com\/legal\/privacy-policy<\/a>     <\/p>\n<p>&nbsp;<\/p>\n<p><strong>Pol\u00edtica de privacidad para el uso de Pinterest<\/strong><\/p>\n<p>En nuestro sitio, utilizamos complementos sociales de la red social Pinterest, que es operada por Pinterest Inc., 635 High Street, Palo Alto, CA, 94301, EE. UU. (\u00abPinterest\u00bb). Cuando visitas una p\u00e1gina que contiene un plugin de este tipo, tu navegador establece una conexi\u00f3n directa con los servidores de Pinterest. El complemento transmite datos de registro al servidor de Pinterest en los EE. UU. Estos datos de registro pueden incluir su direcci\u00f3n IP, la direcci\u00f3n de los sitios web visitados que tambi\u00e9n contienen funciones de Pinterest, el tipo y la configuraci\u00f3n del navegador, la fecha y la hora de la solicitud, c\u00f3mo utiliza Pinterest y las cookies. Para obtener m\u00e1s informaci\u00f3n sobre el prop\u00f3sito, el alcance y el posterior procesamiento y uso de los datos por parte de Pinterest, as\u00ed como sobre sus derechos al respecto y las opciones para proteger su privacidad, consulte la pol\u00edtica de privacidad de Pinterest: <a href=\"https:\/\/about.pinterest.com\/de\/privacy-policy\">https:\/\/about.pinterest.com\/de\/privacy-policy<\/a><\/p>\n<p>&nbsp;<\/p>\n<p><strong>Pol\u00edtica de privacidad para el uso de Piwik<\/strong><\/p>\n<p>Este sitio web utiliza el servicio de an\u00e1lisis web de c\u00f3digo abierto Piwik. Piwik utiliza las llamadas \u00abcookies\u00bb. Se trata de archivos de texto que se almacenan en su ordenador y permiten un an\u00e1lisis de su uso del sitio web. Para ello, la informaci\u00f3n generada por la cookie sobre el uso de este sitio web se almacena en nuestro servidor. La direcci\u00f3n IP se anonimiza antes de almacenarla. La informaci\u00f3n generada por la cookie sobre el uso de este sitio web no se transmitir\u00e1 a terceros. Puede evitar el almacenamiento de cookies configurando el software de su navegador en consecuencia; Sin embargo, nos gustar\u00eda se\u00f1alar que, en este caso, es posible que no pueda utilizar todas las funciones de este sitio web en toda su extensi\u00f3n. Si no est\u00e1 de acuerdo con el almacenamiento y el uso de sus datos, puede desactivar el almacenamiento y el uso aqu\u00ed. En este caso, se almacenar\u00e1 una cookie de inhabilitaci\u00f3n en su navegador que impide que Piwik almacene datos de uso. Si elimina sus cookies, tambi\u00e9n se eliminar\u00e1 la cookie de inhabilitaci\u00f3n de Piwik. La opci\u00f3n de exclusi\u00f3n debe reactivarse cuando vuelva a visitar nuestro sitio.    <\/p>\n<p><em><strong><a href=\"http:\/\/piwik.org\/docs\/privacy\/\" target=\"_blank\" rel=\"nofollow noopener noreferrer\">[Hier PIWIK iframe-Code einf\u00fcgen]  (Haga clic para obtener instrucciones)<\/a><\/strong><\/em><\/p>\n<p>&nbsp;<\/p>\n<p><strong>Pol\u00edtica de privacidad para el uso de Tumblr<\/strong><\/p>\n<p>Nuestras p\u00e1ginas utilizan botones del servicio Tumblr. El proveedor es Tumblr, Inc., 35 East 21st St, 10th Floor, Nueva York, NY 10010, EE. UU. Estos botones te permiten compartir una publicaci\u00f3n o p\u00e1gina en Tumblr o seguir al proveedor en Tumblr. Cuando accedes a uno de nuestros sitios web con un bot\u00f3n de Tumblr, el navegador establece una conexi\u00f3n directa con los servidores de Tumblr. No tenemos ninguna influencia sobre el alcance de los datos que Tumblr recopila y transmite con la ayuda de este complemento. De acuerdo con el estado actual, se transmiten la direcci\u00f3n IP del usuario y la URL del sitio web respectivo. Puede encontrar m\u00e1s informaci\u00f3n al respecto en la pol\u00edtica de privacidad de Tumblr en <a href=\"http:\/\/www.tumblr.com\/policy\/de\/privacy\">http:\/\/www.tumblr.com\/policy\/de\/privacy<\/a>.<\/p>\n<p>&nbsp;<\/p>\n<p><strong>Pol\u00edtica de privacidad para el uso de Twitter<\/strong><\/p>\n<p>Las funciones del servicio de Twitter est\u00e1n integradas en nuestras p\u00e1ginas. Estas funciones son ofrecidas por Twitter Inc., 1355 Market Street, Suite 900, San Francisco, CA 94103, EE. UU. Mediante el uso de Twitter y la funci\u00f3n \u00abRe-Tweet\u00bb, los sitios web que visita se vinculan a su cuenta de Twitter y se dan a conocer a otros usuarios. En el proceso, los datos tambi\u00e9n se transmiten a Twitter. Nos gustar\u00eda se\u00f1alar que nosotros, como proveedores de las p\u00e1ginas, no tenemos conocimiento del contenido de los datos transmitidos ni de su uso por parte de Twitter. Para obtener m\u00e1s informaci\u00f3n, consulte la pol\u00edtica de privacidad de Twitter en <a href=\"http:\/\/twitter.com\/privacy\">http:\/\/twitter.com\/privacy<\/a>. Puedes cambiar tu configuraci\u00f3n de privacidad en Twitter en la configuraci\u00f3n de la cuenta en <a href=\"http:\/\/twitter.com\/account\/settings\">http:\/\/twitter.com\/account\/settings<\/a> .<\/p>\n<p>&nbsp;<\/p>\n<p><strong>Pol\u00edtica de privacidad para el uso de YouTube<\/strong><\/p>\n<p>Nuestro sitio web utiliza complementos de YouTube, que es operado por Google. El operador de las p\u00e1ginas es YouTube, LLC, 901 Cherry Ave., San Bruno, CA 94066, EE. UU. Cuando visita una de nuestras p\u00e1ginas equipadas con un complemento de YouTube, se establece una conexi\u00f3n con los servidores de YouTube. El servidor de YouTube es informado de cu\u00e1les de nuestras p\u00e1ginas ha visitado.<br \/>\nSi ha iniciado sesi\u00f3n en su cuenta de YouTube, permite que YouTube asigne su comportamiento de navegaci\u00f3n directamente a su perfil personal. Puedes evitarlo cerrando sesi\u00f3n en tu cuenta de YouTube. Para obtener m\u00e1s informaci\u00f3n sobre el tratamiento de los datos de los usuarios, consulte la pol\u00edtica <a href=\"https:\/\/www.google.de\/intl\/de\/policies\/privacy\">de privacidad de YouTube<\/a> en https:\/\/www.google.de\/intl\/de\/policies\/privacy <\/p>\n<p>&nbsp;<\/p>\n<p><strong>Galletas<\/strong><\/p>\n<p>Algunos de los sitios web utilizan las llamadas cookies. Las cookies no causan ning\u00fan da\u00f1o a su ordenador y no contienen virus. Las cookies se utilizan para hacer que nuestra oferta sea m\u00e1s f\u00e1cil de usar, eficaz y segura. Las cookies son peque\u00f1os archivos de texto que se almacenan en su ordenador y que su navegador almacena. La mayor\u00eda de las cookies que utilizamos son las llamadas \u00abcookies de sesi\u00f3n\u00bb. Se eliminan autom\u00e1ticamente al final de su visita. Otras cookies permanecen almacenadas en su dispositivo hasta que las elimine. Estas cookies nos permiten reconocer su navegador la pr\u00f3xima vez que lo visite. Puede configurar su navegador para que se le informe sobre la configuraci\u00f3n de cookies y permitir cookies solo en casos individuales, excluir la aceptaci\u00f3n de cookies en ciertos casos o en general, y activar la eliminaci\u00f3n autom\u00e1tica de cookies cuando cierre el navegador. Si deshabilita las cookies, la funcionalidad de este sitio web puede verse limitada.   <\/p>\n<p>&nbsp;<\/p>\n<p><strong>Contacto<\/strong><\/p>\n<p>Si nos env\u00eda consultas a trav\u00e9s del formulario de contacto, almacenaremos los datos que usted exponga en el formulario de consulta, incluidos los datos de contacto que proporcione all\u00ed, con el fin de procesar la consulta y en caso de preguntas de seguimiento. No transmitimos estos datos sin su consentimiento. <\/p>\n<p>&nbsp;<\/p>\n<p><strong>Objeci\u00f3n a los correos electr\u00f3nicos publicitarios<\/strong><\/p>\n<p>Se contradice el uso de los datos de contacto publicados en el contexto de la obligaci\u00f3n de impresi\u00f3n para el env\u00edo de publicidad e informaci\u00f3n no solicitada. Los operadores de las p\u00e1ginas se reservan expresamente el derecho de emprender acciones legales en caso de env\u00edo no solicitado de informaci\u00f3n publicitaria, por ejemplo, por correo electr\u00f3nico no deseado. <\/p>\n<p>&nbsp;<\/p>\n<p><strong>Datos del bolet\u00edn informativo<\/strong><\/p>\n<p>Si desea recibir el bolet\u00edn informativo ofrecido en el sitio web, necesitamos una direcci\u00f3n de correo electr\u00f3nico suya, as\u00ed como informaci\u00f3n que nos permita verificar que usted es el propietario de la direcci\u00f3n de correo electr\u00f3nico proporcionada y que acepta recibir el bolet\u00edn. No se recopila ning\u00fan otro dato. Utilizamos estos datos exclusivamente para enviar la informaci\u00f3n solicitada y no la transmitimos a terceros. Puede revocar su consentimiento para el almacenamiento de los datos, la direcci\u00f3n de correo electr\u00f3nico y su uso para el env\u00edo del bolet\u00edn informativo en cualquier momento, por ejemplo, a trav\u00e9s del enlace \u00abdarse de baja\u00bb en el bolet\u00edn.  <\/p>\n","protected":false},"excerpt":{"rendered":"<p>Impresi\u00f3n Informaci\u00f3n seg\u00fan el \u00a7 5 TMG: Andreas M\u00f6ller,Estudio fotogr\u00e1fico Light-Style , Jahnstr. 7 , 63517 Rodenbach Contacto: Tel\u00e9fono: Tel\u00e9fono 06184-930 505 Correo electr\u00f3nico: contact@studio-light-style.de N\u00famero de identificaci\u00f3n fiscal: N\u00famero de identificaci\u00f3n del impuesto sobre las ventas de acuerdo con la secci\u00f3n 27 a de la ley del impuesto sobre las ventas: DE243380881 Informaci\u00f3n sobre&hellip;<\/p>\n","protected":false},"author":1,"featured_media":0,"parent":80421,"menu_order":15,"comment_status":"closed","ping_status":"closed","template":"","meta":{"advanced_seo_description":"","jetpack_seo_html_title":"","jetpack_seo_noindex":false,"ngg_post_thumbnail":0,"footnotes":""},"class_list":["post-80378","page","type-page","status-publish","hentry","entry","no-media"],"jetpack_likes_enabled":true,"jetpack_sharing_enabled":true,"_links":{"self":[{"href":"https:\/\/www.light-style.eu\/es\/wp-json\/wp\/v2\/pages\/80378","targetHints":{"allow":["GET"]}}],"collection":[{"href":"https:\/\/www.light-style.eu\/es\/wp-json\/wp\/v2\/pages"}],"about":[{"href":"https:\/\/www.light-style.eu\/es\/wp-json\/wp\/v2\/types\/page"}],"author":[{"embeddable":true,"href":"https:\/\/www.light-style.eu\/es\/wp-json\/wp\/v2\/users\/1"}],"replies":[{"embeddable":true,"href":"https:\/\/www.light-style.eu\/es\/wp-json\/wp\/v2\/comments?post=80378"}],"version-history":[{"count":0,"href":"https:\/\/www.light-style.eu\/es\/wp-json\/wp\/v2\/pages\/80378\/revisions"}],"up":[{"embeddable":true,"href":"https:\/\/www.light-style.eu\/es\/wp-json\/wp\/v2\/pages\/80421"}],"wp:attachment":[{"href":"https:\/\/www.light-style.eu\/es\/wp-json\/wp\/v2\/media?parent=80378"}],"curies":[{"name":"wp","href":"https:\/\/api.w.org\/{rel}","templated":true}]}}