{"id":80421,"date":"2025-01-13T12:00:52","date_gmt":"2025-01-13T11:00:52","guid":{"rendered":"https:\/\/www.light-style.eu\/terminos-y-condiciones\/"},"modified":"2025-02-10T11:04:29","modified_gmt":"2025-02-10T10:04:29","slug":"terminos-y-condiciones","status":"publish","type":"page","link":"https:\/\/www.light-style.eu\/es\/terminos-y-condiciones\/","title":{"rendered":"T\u00e9rminos y condiciones"},"content":{"rendered":"<p style=\"text-align: center;\"><strong>Nuestros T\u00e9rminos y Condiciones<\/strong><\/p>\n<div id=\"globalbilderbox\">\n<div id=\"globaltest\">\n<p><b>\u00a71 Generalidades<\/b>1. Los siguientes t\u00e9rminos y condiciones se aplican a todos los pedidos realizados al fot\u00f3grafo. Se considera que han sido acordados si no se contradicen de inmediato. 2. Las \u00abfotograf\u00edas\u00bb en el sentido de estas CGC son todos los productos fabricados por el fot\u00f3grafo, independientemente de la forma t\u00e9cnica o el medio en el que hayan sido creados o existan. (Negativos, positivos de diapositivas, im\u00e1genes en papel, videos de lactancia materna, im\u00e1genes fijas electr\u00f3nicas en forma digitalizada, videos, etc.)   <\/p>\n<p><b>\u00a72 Derechos de autor<\/b><\/p>\n<p>1. El fot\u00f3grafo tiene derecho a los derechos de autor de las fotograf\u00edas de acuerdo con la Ley de Derechos de Autor. 2. Las fotograf\u00edas producidas por el fot\u00f3grafo generalmente est\u00e1n destinadas solo para el uso del cliente. La transferencia de los derechos de uso requiere un acuerdo y una remuneraci\u00f3n por separado. 3. Si el fot\u00f3grafo transfiere derechos de uso sobre sus obras, solo se transfiere el derecho de uso simple, a menos que se acuerde expresamente lo contrario. Una transferencia de derechos de uso a terceros requiere un acuerdo especial. 4. Los derechos de uso solo se transfieren al fot\u00f3grafo despu\u00e9s del pago completo de la tarifa. 5. El comprador de una imagen en el sentido del art\u00edculo 60 de la UrhG no tiene derecho a reproducir y distribuir la fotograf\u00eda a menos que se hayan transferido los derechos de uso correspondientes. Se renuncia expresamente al art\u00edculo 60 de la Ley de Derechos de Autor. 6. Al utilizar las fotograf\u00edas, el fot\u00f3grafo podr\u00e1, a menos que se acuerde lo contrario, exigir que se le nombre como autor de la fotograf\u00eda. Una violaci\u00f3n del derecho a ser identificado da derecho al fot\u00f3grafo a una indemnizaci\u00f3n por da\u00f1os y perjuicios. Los negativos permanecen con el fot\u00f3grafo. Los negativos solo se entregar\u00e1n al cliente por acuerdo separado.           <\/p>\n<p><b>\u00a73 Remuneraci\u00f3n, reserva de dominio<\/b><\/p>\n<p>1. Para la producci\u00f3n de las fotograf\u00edas, se cobra una tarifa por hora, tarifa diaria o tarifa plana acordada m\u00e1s el impuesto sobre el valor agregado legal; Los gastos accesorios (gastos de viaje, honorarios de modelos, gastos, utiler\u00eda, costes de laboratorio y material, alquiler de estudios, etc.) correr\u00e1n a cargo del cliente. 2. Las facturas son pagaderas en un plazo de 14 d\u00edas sin deducci\u00f3n. 3. Hasta que el precio de compra haya sido pagado en su totalidad, las fotograf\u00edas entregadas siguen siendo propiedad del fot\u00f3grafo. 4. Si el cliente no ha dado al fot\u00f3grafo ninguna instrucci\u00f3n expl\u00edcita sobre el dise\u00f1o de las fotograf\u00edas, se excluyen las reclamaciones relativas a la percepci\u00f3n de la imagen, as\u00ed como al dise\u00f1o art\u00edstico-t\u00e9cnico. Si el cliente desea realizar cambios durante o despu\u00e9s de la producci\u00f3n de la grabaci\u00f3n, deber\u00e1 asumir los costos adicionales. El fot\u00f3grafo conserva el derecho a una remuneraci\u00f3n por el trabajo que ya ha comenzado.     <\/p>\n<p><b>\u00a74 Responsabilidad<\/b><\/p>\n<p>1. El Fot\u00f3grafo se compromete a realizar el encargo con el mayor cuidado posible, en particular a tratar con cuidado los objetos, plantillas, pel\u00edculas, expositores, dise\u00f1os que se le proporcionen. Solo es responsable de los da\u00f1os y perjuicios sufridos en caso de dolo o negligencia grave. 2. El fot\u00f3grafo se compromete a guardar los negativos con cuidado. Tiene derecho, a menos que se acuerde lo contrario, a destruir los negativos de otras personas y los suyos propios despu\u00e9s de 2 a\u00f1os. Solo es responsable de los da\u00f1os y la destrucci\u00f3n de los negativos en caso de dolo y negligencia grave. 3. El fot\u00f3grafo se compromete a seleccionar e instruir cuidadosamente a sus agentes indirectos. Adem\u00e1s, solo es responsable de sus agentes indirectos en caso de dolo y negligencia grave. 4. El fot\u00f3grafo es responsable de la resistencia a la luz y la durabilidad de las fotograf\u00edas solo dentro del alcance de los servicios de garant\u00eda proporcionados por el fabricante del material fotogr\u00e1fico. No se hace responsable de los da\u00f1os causados por una manipulaci\u00f3n inadecuada de las fotograf\u00edas por parte del cliente. El fot\u00f3grafo solo es responsable de su propia culpa en caso de dolo y negligencia grave. 5. El fot\u00f3grafo tiene derecho a encargar laboratorios externos. Solo es responsable por su propia culpa y solo por conducta intencional o gravemente negligente. Si el da\u00f1o fue causado por el laboratorio externo, el laboratorio tercero cede sus reclamaciones por da\u00f1os y perjuicios contra el laboratorio tercero al cliente. 6. Los trabajos de retoque y laminaci\u00f3n se realizar\u00e1n exclusivamente por cuenta y riesgo del Cliente, a menos que se acuerde expresamente lo contrario. El fot\u00f3grafo es responsable de su propia culpa en caso de dolo y negligencia grave. 7. El env\u00edo de pel\u00edculas, fotograf\u00edas y plantillas correr\u00e1 por cuenta y riesgo del Cliente, a menos que se acuerde lo contrario. 8. Las reclamaciones de defectos evidentes deben presentarse por escrito al fot\u00f3grafo dentro de las 2 semanas posteriores a la recepci\u00f3n de las fotograf\u00edas. Para cumplir con el plazo, se aplica la recepci\u00f3n de la queja por parte del fot\u00f3grafo. Los clientes son responsables de cualquier da\u00f1o que causen al equipo del estudio. Los padres son responsables de sus hijos. El estudio no se hace responsable de los da\u00f1os o lesiones causados a las personas durante el rodaje debido a su propio descuido.                    <\/p>\n<p><b>\u00a75 Obligaciones accesorias<\/b><\/p>\n<p>1. El Cliente asegura que tiene el derecho de reproducci\u00f3n y distribuci\u00f3n de todos los originales entregados al fot\u00f3grafo y, en el caso de retratos de personas, el consentimiento de las personas representadas para la publicaci\u00f3n, reproducci\u00f3n y distribuci\u00f3n. Las reclamaciones de indemnizaci\u00f3n por parte de terceros basadas en el incumplimiento de esta obligaci\u00f3n correr\u00e1n a cargo del Cliente. 2. El Cliente se compromete a poner a disposici\u00f3n los objetos de grabaci\u00f3n a su debido tiempo y a recogerlos de nuevo inmediatamente despu\u00e9s de la grabaci\u00f3n. Si el Cliente no recoge los objetos tomados despu\u00e9s de dos d\u00edas h\u00e1biles a m\u00e1s tardar, el Fot\u00f3grafo tiene derecho a cobrar los gastos de almacenamiento si es necesario o, si sus habitaciones de estudio est\u00e1n bloqueadas, a recuperar los objetos a cargo del Cliente. Los gastos de transporte y almacenamiento corren a cargo del cliente. 3. El fot\u00f3grafo se compromete a tratar los objetos fotografiados con cuidado, es responsable de dolo y negligencia grave.     <\/p>\n<p><b>\u00a76 Interrupciones del servicio, gastos de cancelaci\u00f3n<\/b><\/p>\n<p>1. Si el fot\u00f3grafo proporciona al cliente varias fotograf\u00edas para elegir, el cliente debe devolver las fotograf\u00edas no seleccionadas dentro de una semana despu\u00e9s de la recepci\u00f3n, a menos que se haya acordado un per\u00edodo m\u00e1s largo, a su cargo y riesgo. El fot\u00f3grafo puede exigir el pago de las fotograf\u00edas perdidas o da\u00f1adas, siempre que no sea responsable de la p\u00e9rdida o el da\u00f1o. 2. Si el fot\u00f3grafo proporciona al cliente fotograf\u00edas de su archivo que no fueron tomadas para el cliente, el cliente debe devolver las fotograf\u00edas utilizadas dentro de un mes despu\u00e9s de la recepci\u00f3n por parte del cliente, a menos que se haya acordado un per\u00edodo m\u00e1s largo. Si el cliente no devuelve estas fotograf\u00edas a pesar de dos solicitudes, el fot\u00f3grafo puede cobrar una tarifa de bloqueo de 1 \u20ac por d\u00eda y fotograf\u00eda. En caso de p\u00e9rdida o da\u00f1o de las fotograf\u00edas, el fot\u00f3grafo podr\u00e1 reclamar da\u00f1os y perjuicios, siempre que no sea responsable de la p\u00e9rdida o da\u00f1o. 3. Si el tiempo asignado para la ejecuci\u00f3n del encargo se excede significativamente por razones de las que el fot\u00f3grafo no es responsable, los honorarios del fot\u00f3grafo se incrementar\u00e1n en consecuencia, siempre que se haya acordado un precio a tanto alzado. Si se ha acordado una tarifa por tiempo, el fot\u00f3grafo tambi\u00e9n recibir\u00e1 la tarifa por hora o por d\u00eda acordada por el tiempo de espera, a menos que el cliente pueda demostrar que el fot\u00f3grafo no ha sufrido ning\u00fan da\u00f1o. En caso de dolo o negligencia por parte del cliente, el fot\u00f3grafo tambi\u00e9n puede hacer valer reclamaciones por da\u00f1os y perjuicios. 4. Las fechas de entrega de las fotograf\u00edas solo son vinculantes si han sido expresamente confirmadas por el fot\u00f3grafo. El fot\u00f3grafo solo es responsable de exceder el plazo en caso de dolo y negligencia grave.         <\/p>\n<p><strong>Gastos de cancelaci\u00f3n en caso de cancelaci\u00f3n de la cita<\/strong><\/p>\n<ol>\n<li><strong>Cancelaci\u00f3n de una cita dentro de las 24 horas posteriores a la cita<\/strong><br \/>\nSi el cliente cancela una cita ya reservada dentro de las 24 horas anteriores a la cita acordada o no se presenta, se cobrar\u00e1 una tarifa de cancelaci\u00f3n del 100% del precio acordado.<\/li>\n<li><strong>Excepciones<\/strong><br \/>\nUna excepci\u00f3n a esta regulaci\u00f3n solo es posible en casos de fuerza mayor (por ejemplo, enfermedad, accidente, eventos imprevisibles). En este caso, el Cliente est\u00e1 obligado a informar inmediatamente al Proveedor de Servicios y, si es necesario, a proporcionar pruebas de la existencia de fuerza mayor. <\/li>\n<li><strong>Pago de la tarifa<\/strong><br \/>\n de cancelaci\u00f3nLa tarifa de cancelaci\u00f3n debe pagarse dentro de los 7 d\u00edas posteriores a la cancelaci\u00f3n. De lo contrario, el Proveedor de Servicios se reserva el derecho de emprender acciones legales para recuperar el importe. <\/li>\n<li><strong>Acuerdo sobre excepciones<\/strong><br \/>\n y acuerdos de buena voluntadEl Proveedor de Servicios puede ofrecer un acuerdo de buena voluntad o una compensaci\u00f3n individual, pero esto no es una obligaci\u00f3n y queda \u00fanicamente a discreci\u00f3n del Proveedor de Servicios.<\/li>\n<\/ol>\n<p><b>\u00a77 Protecci\u00f3n de datos<\/b><\/p>\n<p>Los datos personales del cliente necesarios para las transacciones comerciales pueden ser almacenados. El fot\u00f3grafo se compromete a tratar de forma confidencial toda la informaci\u00f3n que llegue a su conocimiento en el contexto del encargo. <\/p>\n<p><b>\u00a78 Disposiciones finales<\/b><\/p>\n<p>1. El lugar de cumplimiento para todas las partes contratantes de todas las obligaciones derivadas de la relaci\u00f3n contractual es el domicilio social del fot\u00f3grafo. 2. Si ambas partes del contrato son comerciantes registrados, personas jur\u00eddicas de derecho p\u00fablico o un patrimonio especial de derecho p\u00fablico, se acuerda el lugar de jurisdicci\u00f3n del fot\u00f3grafo.   <b>\u00daltima actualizaci\u00f3n: 27.04.2011<\/b><\/p>\n<\/div>\n<\/div>\n","protected":false},"excerpt":{"rendered":"<p>Nuestros T\u00e9rminos y Condiciones \u00a71 Generalidades1. Los siguientes t\u00e9rminos y condiciones se aplican a todos los pedidos realizados al fot\u00f3grafo. Se considera que han sido acordados si no se contradicen de inmediato. 2. Las \u00abfotograf\u00edas\u00bb en el sentido de estas CGC son todos los productos fabricados por el fot\u00f3grafo, independientemente de la forma t\u00e9cnica o&hellip;<\/p>\n","protected":false},"author":1,"featured_media":0,"parent":0,"menu_order":14,"comment_status":"closed","ping_status":"closed","template":"","meta":{"advanced_seo_description":"","jetpack_seo_html_title":"","jetpack_seo_noindex":false,"ngg_post_thumbnail":0,"footnotes":""},"class_list":["post-80421","page","type-page","status-publish","hentry","entry","no-media"],"jetpack_likes_enabled":true,"jetpack_sharing_enabled":true,"_links":{"self":[{"href":"https:\/\/www.light-style.eu\/es\/wp-json\/wp\/v2\/pages\/80421","targetHints":{"allow":["GET"]}}],"collection":[{"href":"https:\/\/www.light-style.eu\/es\/wp-json\/wp\/v2\/pages"}],"about":[{"href":"https:\/\/www.light-style.eu\/es\/wp-json\/wp\/v2\/types\/page"}],"author":[{"embeddable":true,"href":"https:\/\/www.light-style.eu\/es\/wp-json\/wp\/v2\/users\/1"}],"replies":[{"embeddable":true,"href":"https:\/\/www.light-style.eu\/es\/wp-json\/wp\/v2\/comments?post=80421"}],"version-history":[{"count":0,"href":"https:\/\/www.light-style.eu\/es\/wp-json\/wp\/v2\/pages\/80421\/revisions"}],"wp:attachment":[{"href":"https:\/\/www.light-style.eu\/es\/wp-json\/wp\/v2\/media?parent=80421"}],"curies":[{"name":"wp","href":"https:\/\/api.w.org\/{rel}","templated":true}]}}