{"id":98042,"date":"2025-04-14T11:23:08","date_gmt":"2025-04-14T09:23:08","guid":{"rendered":"https:\/\/www.light-style.eu\/fotografia\/por-que-somos-diferentes\/bienvenido\/retratos\/retratos-especiales\/dark-angels\/"},"modified":"2025-04-14T15:16:54","modified_gmt":"2025-04-14T13:16:54","slug":"dark-angels","status":"publish","type":"page","link":"https:\/\/www.light-style.eu\/es\/fotografia\/por-que-somos-diferentes\/bienvenido\/retratos\/retratos-especiales\/dark-angels\/","title":{"rendered":"\u00c1ngeles oscuros"},"content":{"rendered":"\n<p>Saludos cordiales. En este momento se est\u00e1 desarrollando la nueva p\u00e1gina para el producto \u00c1ngeles oscuros. Les solicito amablemente que me concedan unos d\u00edas adicionales. No obstante, ya pueden observar algunos ejemplos y considerar si este tipo de contenido es de su agrado.  <\/p>\n\n<figure class=\"wp-block-image aligncenter size-full is-resized\"><a href=\"https:\/\/www.light-style.eu\/es\/fotografia\/por-que-somos-diferentes\/bienvenido\/retratos\/retratos-especiales\/dark-angels\/black-angel-2\/\"><img data-recalc-dims=\"1\" loading=\"lazy\" decoding=\"async\" width=\"800\" height=\"1200\" src=\"https:\/\/i0.wp.com\/www.light-style.eu\/studiosite\/wp-content\/uploads\/2025\/04\/Black-Angel.jpg?resize=800%2C1200&#038;ssl=1\" alt=\"\" class=\"wp-image-98022\" style=\"width:287px;height:auto\" srcset=\"https:\/\/i0.wp.com\/www.light-style.eu\/studiosite\/wp-content\/uploads\/2025\/04\/Black-Angel.jpg?w=800&amp;ssl=1 800w, https:\/\/i0.wp.com\/www.light-style.eu\/studiosite\/wp-content\/uploads\/2025\/04\/Black-Angel.jpg?resize=200%2C300&amp;ssl=1 200w, https:\/\/i0.wp.com\/www.light-style.eu\/studiosite\/wp-content\/uploads\/2025\/04\/Black-Angel.jpg?resize=768%2C1152&amp;ssl=1 768w, https:\/\/i0.wp.com\/www.light-style.eu\/studiosite\/wp-content\/uploads\/2025\/04\/Black-Angel.jpg?resize=600%2C900&amp;ssl=1 600w\" sizes=\"auto, (max-width: 800px) 100vw, 800px\" \/><\/a><figcaption class=\"wp-element-caption\">Mediante la inteligencia artificial se han generado \u00fanicamente las alas; el resto se ha elaborado empleando t\u00e9cnicas tradicionales de Photoshop.<\/figcaption><\/figure>\n\n<p>Efectivamente, en este tipo de fotograf\u00eda recurro ocasionalmente a la inteligencia artificial, puesto que la obtenci\u00f3n de alas reales en diversas formas resultar\u00eda excesivamente onerosa. Para evitar imponerles tal carga econ\u00f3mica, prefiero invertir mi esfuerzo en crearlas digitalmente. <\/p>\n\n<p>Es posible que algunos se cuestionen la necesidad de acudir a un fot\u00f3grafo profesional, considerando que ciertas aplicaciones podr\u00edan ofrecer resultados similares. Sin embargo, es importante destacar que dedicamos entre dos y tres horas exclusivamente al procesamiento digital de cada fotograf\u00eda, lo cual garantiza una calidad excepcional que permite su ampliaci\u00f3n a tama\u00f1o p\u00f3ster sin evidenciar el uso de aplicaciones m\u00f3viles. Adem\u00e1s, tenemos la capacidad de atender sus requerimientos espec\u00edficos, asegurando que los detalles realistas sean apreciables incluso en grandes formatos, evitando as\u00ed una imagen pixelada.  <\/p>\n\n<figure class=\"wp-block-image aligncenter size-full is-resized\"><a href=\"https:\/\/www.light-style.eu\/es\/fotografia\/por-que-somos-diferentes\/bienvenido\/retratos\/retratos-especiales\/dark-angels\/freche-unschaerfe25-074-2\/\"><img data-recalc-dims=\"1\" loading=\"lazy\" decoding=\"async\" width=\"800\" height=\"1200\" src=\"https:\/\/i0.wp.com\/www.light-style.eu\/studiosite\/wp-content\/uploads\/2025\/04\/freche-Unschaerfe25-074.jpg?resize=800%2C1200&#038;ssl=1\" alt=\"\" class=\"wp-image-98027\" style=\"width:270px;height:auto\" srcset=\"https:\/\/i0.wp.com\/www.light-style.eu\/studiosite\/wp-content\/uploads\/2025\/04\/freche-Unschaerfe25-074.jpg?w=800&amp;ssl=1 800w, https:\/\/i0.wp.com\/www.light-style.eu\/studiosite\/wp-content\/uploads\/2025\/04\/freche-Unschaerfe25-074.jpg?resize=200%2C300&amp;ssl=1 200w, https:\/\/i0.wp.com\/www.light-style.eu\/studiosite\/wp-content\/uploads\/2025\/04\/freche-Unschaerfe25-074.jpg?resize=768%2C1152&amp;ssl=1 768w, https:\/\/i0.wp.com\/www.light-style.eu\/studiosite\/wp-content\/uploads\/2025\/04\/freche-Unschaerfe25-074.jpg?resize=600%2C900&amp;ssl=1 600w\" sizes=\"auto, (max-width: 800px) 100vw, 800px\" \/><\/a><\/figure>\n\n<p>Por consiguiente, lo que obtienen es una aut\u00e9ntica obra de arte, no solo en t\u00e9rminos de postprocesado, sino tambi\u00e9n en cuanto a iluminaci\u00f3n, pues el manejo de la luz es nuestro oficio y la disposici\u00f3n lum\u00ednica es fundamental para crear atm\u00f3sfera. Mediante la manipulaci\u00f3n de la luz, puedo representarles de manera luminosa y angelical, o bien con un tono m\u00e1s sombr\u00edo, evocando la imagen de un \u00e1ngel ca\u00eddo.  <\/p>\n\n<p>Les exhorto a no conformarse con im\u00e1genes carentes de estilo generadas por aplicaciones; en su lugar, perm\u00edtanse disfrutar de verdadero arte. <\/p>\n\n<p>Naturalmente, ambas opciones son viables: er\u00f3tico, elegante o un \u00e1ngel m\u00e1s recatado, seg\u00fan sus preferencias.<\/p>\n\n<figure class=\"wp-block-image aligncenter size-full is-resized\"><a href=\"https:\/\/www.light-style.eu\/es\/fotografia\/por-que-somos-diferentes\/bienvenido\/retratos\/retratos-especiales\/dark-angels\/flammender-engel-3-2\/\"><img data-recalc-dims=\"1\" loading=\"lazy\" decoding=\"async\" width=\"980\" height=\"653\" src=\"https:\/\/i0.wp.com\/www.light-style.eu\/studiosite\/wp-content\/uploads\/2025\/04\/flammender-Engel-3.jpg?resize=980%2C653&#038;ssl=1\" alt=\"\" class=\"wp-image-98032\" style=\"width:551px;height:auto\" srcset=\"https:\/\/i0.wp.com\/www.light-style.eu\/studiosite\/wp-content\/uploads\/2025\/04\/flammender-Engel-3.jpg?w=1200&amp;ssl=1 1200w, https:\/\/i0.wp.com\/www.light-style.eu\/studiosite\/wp-content\/uploads\/2025\/04\/flammender-Engel-3.jpg?resize=300%2C200&amp;ssl=1 300w, https:\/\/i0.wp.com\/www.light-style.eu\/studiosite\/wp-content\/uploads\/2025\/04\/flammender-Engel-3.jpg?resize=768%2C512&amp;ssl=1 768w, https:\/\/i0.wp.com\/www.light-style.eu\/studiosite\/wp-content\/uploads\/2025\/04\/flammender-Engel-3.jpg?resize=600%2C400&amp;ssl=1 600w\" sizes=\"auto, (max-width: 980px) 100vw, 980px\" \/><\/a><figcaption class=\"wp-element-caption\">Las finas texturas son verdaderamente impresionantes, especialmente en formato grande, raz\u00f3n por la cual invierto entre dos y tres horas de trabajo en el procesamiento de cada fotograf\u00eda.<\/figcaption><\/figure>\n\n<p>Si se ha despertado su inter\u00e9s, le ruego que me contacte en el estudio, pudiendo realizar la reserva a trav\u00e9s de nuestro sistema de reservas en los d\u00edas subsiguientes a mi conclusi\u00f3n de este proyecto \ud83d\ude09 En la actualidad, me encuentro, entre otras cosas, trabajando en fotograf\u00edas inspiradas en el estilo de Lucifer, proveniente de la serie estadounidense, por lo que les invito a mantener su expectativa, tal como yo la mantengo \ud83d\ude09<\/p>\n\n<p><\/p>\n","protected":false},"excerpt":{"rendered":"<p>Saludos cordiales. En este momento se est\u00e1 desarrollando la nueva p\u00e1gina para el producto \u00c1ngeles oscuros. Les solicito amablemente que me concedan unos d\u00edas adicionales. No obstante, ya pueden observar algunos ejemplos y considerar si este tipo de contenido es de su agrado. Efectivamente, en este tipo de fotograf\u00eda recurro ocasionalmente a la inteligencia artificial,&hellip;<\/p>\n","protected":false},"author":596,"featured_media":0,"parent":80309,"menu_order":0,"comment_status":"closed","ping_status":"closed","template":"","meta":{"advanced_seo_description":"","jetpack_seo_html_title":"","jetpack_seo_noindex":false,"ngg_post_thumbnail":0,"footnotes":""},"class_list":["post-98042","page","type-page","status-publish","hentry","entry","no-media"],"jetpack_likes_enabled":true,"jetpack_sharing_enabled":true,"_links":{"self":[{"href":"https:\/\/www.light-style.eu\/es\/wp-json\/wp\/v2\/pages\/98042","targetHints":{"allow":["GET"]}}],"collection":[{"href":"https:\/\/www.light-style.eu\/es\/wp-json\/wp\/v2\/pages"}],"about":[{"href":"https:\/\/www.light-style.eu\/es\/wp-json\/wp\/v2\/types\/page"}],"author":[{"embeddable":true,"href":"https:\/\/www.light-style.eu\/es\/wp-json\/wp\/v2\/users\/596"}],"replies":[{"embeddable":true,"href":"https:\/\/www.light-style.eu\/es\/wp-json\/wp\/v2\/comments?post=98042"}],"version-history":[{"count":0,"href":"https:\/\/www.light-style.eu\/es\/wp-json\/wp\/v2\/pages\/98042\/revisions"}],"up":[{"embeddable":true,"href":"https:\/\/www.light-style.eu\/es\/wp-json\/wp\/v2\/pages\/80309"}],"wp:attachment":[{"href":"https:\/\/www.light-style.eu\/es\/wp-json\/wp\/v2\/media?parent=98042"}],"curies":[{"name":"wp","href":"https:\/\/api.w.org\/{rel}","templated":true}]}}