{"id":77889,"date":"2025-01-10T19:39:05","date_gmt":"2025-01-10T20:06:55","guid":{"rendered":"https:\/\/www.light-style.eu\/unser-foto-shop\/vulcano-1\/"},"modified":"2025-04-15T17:08:25","modified_gmt":"2025-04-15T15:08:25","slug":"vulcano-1","status":"publish","type":"product","link":"https:\/\/www.light-style.eu\/es\/nuestra-tienda-de-fotograf\u00eda\/vulcano-1\/","title":{"rendered":"Padre Vulcano 1"},"content":{"rendered":"<p>Volcanes, aqu\u00ed te muestran como ser humano lo peque\u00f1o que eres. Esta violencia despiadada cuando estallan y, en contraste, la naturaleza impresionante cuando est\u00e1n congeladas. Aqu\u00ed realmente se da el caso de que el paisaje cambia por completo cada 500 m, hay motivos en cada esquina. Simplemente fant\u00e1sticamente hermoso en el volc\u00e1n m\u00e1s alto de Espa\u00f1a.   <\/p>\n<p>&nbsp;<\/p>\n","protected":false},"excerpt":{"rendered":"<p>Todos nuestros cuadros en acr\u00edlico y lienzo est\u00e1n firmados a mano por el artista y vienen con un certificado de autenticidad<\/p>\n","protected":false},"featured_media":77890,"template":"","meta":{"advanced_seo_description":"","jetpack_seo_html_title":"","jetpack_seo_noindex":false,"ngg_post_thumbnail":0,"jetpack_publicize_message":"","jetpack_publicize_feature_enabled":true,"jetpack_social_post_already_shared":true,"jetpack_social_options":{"image_generator_settings":{"template":"highway","default_image_id":0,"font":"","enabled":false},"version":2}},"product_brand":[],"product_cat":[2036,2038,2037,2033,2034],"product_tag":[2040,2042,2045,2041,2043,2039,2044],"class_list":{"0":"post-77889","1":"product","2":"type-product","3":"status-publish","4":"has-post-thumbnail","6":"product_cat-belleza-de-la-naturaleza","7":"product_cat-espana","8":"product_cat-montana","9":"product_cat-paises","10":"product_cat-todo","11":"product_tag-belleza-de-la-naturaleza","12":"product_tag-estrellas","13":"product_tag-galaxia","14":"product_tag-michstrasse-es","15":"product_tag-milyway-es","16":"product_tag-naturaleza","17":"product_tag-universo","18":"pa_wandbilder-foto-seda-mate-20x30cm","19":"pa_wandbilder-lienzo-20x30","20":"pa_wandbilder-lienzo-40x60","21":"pa_wandbilder-lienzo-60x90","22":"pa_wandbilder-lienzo-80-x-120-cm","23":"pa_wandbilder-pintura-acrilica-20x30","24":"pa_wandbilder-pintura-acrilica-40x60","25":"pa_wandbilder-pintura-acrilica-60x90","26":"pa_wandbilder-poster-semibrillante-30x45cm","27":"pa_wandbilder-poster-semibrillante-60x90cm","28":"pa_wandbilder-poster-semibrillante-70x105cm","29":"entry","30":"has-media","32":"first","33":"instock","34":"taxable","35":"shipping-taxable","36":"purchasable","37":"product-type-variable"},"jetpack_publicize_connections":[],"jetpack_likes_enabled":true,"jetpack_sharing_enabled":true,"_links":{"self":[{"href":"https:\/\/www.light-style.eu\/es\/wp-json\/wp\/v2\/product\/77889","targetHints":{"allow":["GET"]}}],"collection":[{"href":"https:\/\/www.light-style.eu\/es\/wp-json\/wp\/v2\/product"}],"about":[{"href":"https:\/\/www.light-style.eu\/es\/wp-json\/wp\/v2\/types\/product"}],"wp:featuredmedia":[{"embeddable":true,"href":"https:\/\/www.light-style.eu\/es\/wp-json\/wp\/v2\/media\/77890"}],"wp:attachment":[{"href":"https:\/\/www.light-style.eu\/es\/wp-json\/wp\/v2\/media?parent=77889"}],"wp:term":[{"taxonomy":"product_brand","embeddable":true,"href":"https:\/\/www.light-style.eu\/es\/wp-json\/wp\/v2\/product_brand?post=77889"},{"taxonomy":"product_cat","embeddable":true,"href":"https:\/\/www.light-style.eu\/es\/wp-json\/wp\/v2\/product_cat?post=77889"},{"taxonomy":"product_tag","embeddable":true,"href":"https:\/\/www.light-style.eu\/es\/wp-json\/wp\/v2\/product_tag?post=77889"}],"curies":[{"name":"wp","href":"https:\/\/api.w.org\/{rel}","templated":true}]}}