{"id":79452,"date":"2025-01-10T19:02:42","date_gmt":"2025-01-13T10:52:59","guid":{"rendered":"https:\/\/www.light-style.eu\/unser-foto-shop\/el-galaxy-2\/"},"modified":"2025-01-13T11:53:42","modified_gmt":"2025-01-13T10:53:42","slug":"el-galaxy-2","status":"publish","type":"product","link":"https:\/\/www.light-style.eu\/es\/nuestra-tienda-de-fotograf\u00eda\/el-galaxy-2\/","title":{"rendered":"El Galaxy 2"},"content":{"rendered":"<p>Nuestro planeta es infinitamente hermoso. Pero tambi\u00e9n hay cosas bonitas por descubrir fuera de nuestra bola azul. Como ejemplo, nuestra V\u00eda L\u00e1ctea. Tuve una foto as\u00ed frente a mis ojos durante mucho tiempo, pero las nubes, la luna o la luz extranjera de las ciudades se interpusieron en mi camino. Una vez m\u00e1s, se planeaba con d\u00edas de anticipaci\u00f3n, cu\u00e1ndo ver d\u00f3nde estaba la V\u00eda L\u00e1ctea, qu\u00e9 est\u00e1 haciendo la luna y el clima y, finalmente, el d\u00eda anterior buscar la ubicaci\u00f3n exacta. Aqu\u00ed, en el solitario paisaje volc\u00e1nico a 2000 m, sin embargo, todo era perfecto. Pero como con muchas fotos, en el tel\u00e9fono m\u00f3vil lo mejor es hacerlo al sol estas fotos no son divertidas, pero en el PC ya se pueden ver muchos m\u00e1s detalles y en el mural terminado es -wow   <\/p>\n<p>&nbsp;<\/p>\n","protected":false},"excerpt":{"rendered":"<p>Todos nuestros cuadros en acr\u00edlico y lienzo est\u00e1n firmados a mano por el artista y vienen con un certificado de autenticidad<\/p>\n","protected":false},"featured_media":79454,"template":"","meta":{"advanced_seo_description":"","jetpack_seo_html_title":"","jetpack_seo_noindex":false,"ngg_post_thumbnail":0,"jetpack_publicize_message":"","jetpack_publicize_feature_enabled":true,"jetpack_social_post_already_shared":true,"jetpack_social_options":{"image_generator_settings":{"template":"highway","default_image_id":0,"font":"","enabled":false},"version":2}},"product_brand":[],"product_cat":[2036,2038,2037,2035,2033,2034],"product_tag":[2040,2042,2045,2041,2043,2039,2044],"class_list":{"0":"post-79452","1":"product","2":"type-product","3":"status-publish","4":"has-post-thumbnail","6":"product_cat-belleza-de-la-naturaleza","7":"product_cat-espana","8":"product_cat-montana","9":"product_cat-nuevos-motivos","10":"product_cat-paises","11":"product_cat-todo","12":"product_tag-belleza-de-la-naturaleza","13":"product_tag-estrellas","14":"product_tag-galaxia","15":"product_tag-michstrasse-es","16":"product_tag-milyway-es","17":"product_tag-naturaleza","18":"product_tag-universo","19":"pa_wandbilder-foto-seda-mate-20x30cm","20":"pa_wandbilder-lienzo-20x30","21":"pa_wandbilder-lienzo-40x60","22":"pa_wandbilder-lienzo-60x90","23":"pa_wandbilder-lienzo-80-x-120-cm","24":"pa_wandbilder-pintura-acrilica-20x30","25":"pa_wandbilder-pintura-acrilica-40x60","26":"pa_wandbilder-pintura-acrilica-60x90","27":"pa_wandbilder-poster-semibrillante-30x45cm","28":"pa_wandbilder-poster-semibrillante-60x90cm","29":"pa_wandbilder-poster-semibrillante-70x105cm","30":"entry","31":"has-media","33":"first","34":"instock","35":"taxable","36":"shipping-taxable","37":"purchasable","38":"product-type-variable"},"jetpack_publicize_connections":[],"jetpack_likes_enabled":true,"jetpack_sharing_enabled":true,"_links":{"self":[{"href":"https:\/\/www.light-style.eu\/es\/wp-json\/wp\/v2\/product\/79452","targetHints":{"allow":["GET"]}}],"collection":[{"href":"https:\/\/www.light-style.eu\/es\/wp-json\/wp\/v2\/product"}],"about":[{"href":"https:\/\/www.light-style.eu\/es\/wp-json\/wp\/v2\/types\/product"}],"wp:featuredmedia":[{"embeddable":true,"href":"https:\/\/www.light-style.eu\/es\/wp-json\/wp\/v2\/media\/79454"}],"wp:attachment":[{"href":"https:\/\/www.light-style.eu\/es\/wp-json\/wp\/v2\/media?parent=79452"}],"wp:term":[{"taxonomy":"product_brand","embeddable":true,"href":"https:\/\/www.light-style.eu\/es\/wp-json\/wp\/v2\/product_brand?post=79452"},{"taxonomy":"product_cat","embeddable":true,"href":"https:\/\/www.light-style.eu\/es\/wp-json\/wp\/v2\/product_cat?post=79452"},{"taxonomy":"product_tag","embeddable":true,"href":"https:\/\/www.light-style.eu\/es\/wp-json\/wp\/v2\/product_tag?post=79452"}],"curies":[{"name":"wp","href":"https:\/\/api.w.org\/{rel}","templated":true}]}}