{"id":79488,"date":"2025-01-10T18:14:25","date_gmt":"2025-01-13T10:53:08","guid":{"rendered":"https:\/\/www.light-style.eu\/unser-foto-shop\/faros-del-mar-del-norte-1\/"},"modified":"2025-01-13T11:53:15","modified_gmt":"2025-01-13T10:53:15","slug":"faros-del-mar-del-norte-1","status":"publish","type":"product","link":"https:\/\/www.light-style.eu\/es\/nuestra-tienda-de-fotograf\u00eda\/faros-del-mar-del-norte-1\/","title":{"rendered":"Faros del Mar del Norte 1"},"content":{"rendered":"<p>Este antiguo faro alem\u00e1n, que tambi\u00e9n sirve de monumento, lo hab\u00eda elegido esta vez como v\u00edctima de mi deseo fotogr\u00e1fico. Como fot\u00f3grafo, no est\u00e1s solo aqu\u00ed \ud83d\ude09 A pesar de la fuerza del viento 8 a 5 \u00b0 C, resistimos bastante tiempo para crear un hermoso trabajo con la larga exposici\u00f3n. <\/p>\n","protected":false},"excerpt":{"rendered":"<p>Todos nuestros cuadros en acr\u00edlico y lienzo est\u00e1n firmados a mano por el artista y vienen con un certificado de autenticidad<\/p>\n","protected":false},"featured_media":79496,"template":"","meta":{"advanced_seo_description":"","jetpack_seo_html_title":"","jetpack_seo_noindex":false,"ngg_post_thumbnail":0,"jetpack_publicize_message":"","jetpack_publicize_feature_enabled":true,"jetpack_social_post_already_shared":true,"jetpack_social_options":{"image_generator_settings":{"template":"highway","default_image_id":0,"font":"","enabled":false},"version":2}},"product_brand":[],"product_cat":[2150,2148,2036,2153,2152,2147,2035,2033,2151,2154,2034],"product_tag":[2040,2155,2156,2039,2149],"class_list":{"0":"post-79488","1":"product","2":"type-product","3":"status-publish","4":"has-post-thumbnail","6":"product_cat-alemania","7":"product_cat-atardeceres","8":"product_cat-belleza-de-la-naturaleza","9":"product_cat-edificios","10":"product_cat-mar","11":"product_cat-naturaleza","12":"product_cat-nuevos-motivos","13":"product_cat-paises","14":"product_cat-playa","15":"product_cat-romance-marinero","16":"product_cat-todo","17":"product_tag-belleza-de-la-naturaleza","18":"product_tag-faro","19":"product_tag-mar-del-norte","20":"product_tag-naturaleza","21":"product_tag-puesta-del-sol","22":"pa_wandbilder-foto-seda-mate-20x30cm","23":"pa_wandbilder-lienzo-20x30","24":"pa_wandbilder-lienzo-40x60","25":"pa_wandbilder-lienzo-60x90","26":"pa_wandbilder-lienzo-80-x-120-cm","27":"pa_wandbilder-pintura-acrilica-20x30","28":"pa_wandbilder-pintura-acrilica-40x60","29":"pa_wandbilder-pintura-acrilica-60x90","30":"pa_wandbilder-poster-semibrillante-30x45cm","31":"pa_wandbilder-poster-semibrillante-60x90cm","32":"pa_wandbilder-poster-semibrillante-70x105cm","33":"entry","34":"has-media","36":"first","37":"instock","38":"taxable","39":"shipping-taxable","40":"purchasable","41":"product-type-variable"},"jetpack_publicize_connections":[],"jetpack_likes_enabled":true,"jetpack_sharing_enabled":true,"_links":{"self":[{"href":"https:\/\/www.light-style.eu\/es\/wp-json\/wp\/v2\/product\/79488","targetHints":{"allow":["GET"]}}],"collection":[{"href":"https:\/\/www.light-style.eu\/es\/wp-json\/wp\/v2\/product"}],"about":[{"href":"https:\/\/www.light-style.eu\/es\/wp-json\/wp\/v2\/types\/product"}],"wp:featuredmedia":[{"embeddable":true,"href":"https:\/\/www.light-style.eu\/es\/wp-json\/wp\/v2\/media\/79496"}],"wp:attachment":[{"href":"https:\/\/www.light-style.eu\/es\/wp-json\/wp\/v2\/media?parent=79488"}],"wp:term":[{"taxonomy":"product_brand","embeddable":true,"href":"https:\/\/www.light-style.eu\/es\/wp-json\/wp\/v2\/product_brand?post=79488"},{"taxonomy":"product_cat","embeddable":true,"href":"https:\/\/www.light-style.eu\/es\/wp-json\/wp\/v2\/product_cat?post=79488"},{"taxonomy":"product_tag","embeddable":true,"href":"https:\/\/www.light-style.eu\/es\/wp-json\/wp\/v2\/product_tag?post=79488"}],"curies":[{"name":"wp","href":"https:\/\/api.w.org\/{rel}","templated":true}]}}