{"id":79624,"date":"2025-01-10T19:35:50","date_gmt":"2025-01-13T10:54:27","guid":{"rendered":"https:\/\/www.light-style.eu\/unser-foto-shop\/aguas-salvajes-2\/"},"modified":"2025-01-13T11:54:27","modified_gmt":"2025-01-13T10:54:27","slug":"aguas-salvajes-2","status":"publish","type":"product","link":"https:\/\/www.light-style.eu\/es\/nuestra-tienda-de-fotograf\u00eda\/aguas-salvajes-2\/","title":{"rendered":"Aguas Salvajes 2"},"content":{"rendered":"<p>El agua es mi elemento ;-9 esta vez exactamente lo contrario del agua mansa de las largas exposiciones, aqu\u00ed sale a la luz el agua brava que da forma a nuestras costas. Si a eso le a\u00f1adimos el azul del Atl\u00e1ntico, creo que es maravilloso. <\/p>\n<p>&nbsp;<\/p>\n","protected":false},"excerpt":{"rendered":"<p>Todos nuestros cuadros en acr\u00edlico y lienzo est\u00e1n firmados a mano por el artista y vienen con un certificado de autenticidad<\/p>\n","protected":false},"featured_media":79625,"template":"","meta":{"advanced_seo_description":"","jetpack_seo_html_title":"","jetpack_seo_noindex":false,"ngg_post_thumbnail":0,"jetpack_publicize_message":"","jetpack_publicize_feature_enabled":true,"jetpack_social_post_already_shared":true,"jetpack_social_options":{"image_generator_settings":{"template":"highway","default_image_id":0,"font":"","enabled":false},"version":2}},"product_brand":[],"product_cat":[2036,2038,2152,2035,2033,2151,2034],"product_tag":[2040,2042,2045,2041,2043,2039,2044],"class_list":{"0":"post-79624","1":"product","2":"type-product","3":"status-publish","4":"has-post-thumbnail","6":"product_cat-belleza-de-la-naturaleza","7":"product_cat-espana","8":"product_cat-mar","9":"product_cat-nuevos-motivos","10":"product_cat-paises","11":"product_cat-playa","12":"product_cat-todo","13":"product_tag-belleza-de-la-naturaleza","14":"product_tag-estrellas","15":"product_tag-galaxia","16":"product_tag-michstrasse-es","17":"product_tag-milyway-es","18":"product_tag-naturaleza","19":"product_tag-universo","20":"pa_wandbilder-foto-seda-mate-20x30cm","21":"pa_wandbilder-lienzo-20x30","22":"pa_wandbilder-lienzo-40x60","23":"pa_wandbilder-lienzo-60x90","24":"pa_wandbilder-lienzo-80-x-120-cm","25":"pa_wandbilder-pintura-acrilica-20x30","26":"pa_wandbilder-pintura-acrilica-40x60","27":"pa_wandbilder-pintura-acrilica-60x90","28":"pa_wandbilder-poster-semibrillante-30x45cm","29":"pa_wandbilder-poster-semibrillante-60x90cm","30":"pa_wandbilder-poster-semibrillante-70x105cm","31":"entry","32":"has-media","34":"first","35":"instock","36":"taxable","37":"shipping-taxable","38":"purchasable","39":"product-type-variable"},"jetpack_publicize_connections":[],"jetpack_likes_enabled":true,"jetpack_sharing_enabled":true,"_links":{"self":[{"href":"https:\/\/www.light-style.eu\/es\/wp-json\/wp\/v2\/product\/79624","targetHints":{"allow":["GET"]}}],"collection":[{"href":"https:\/\/www.light-style.eu\/es\/wp-json\/wp\/v2\/product"}],"about":[{"href":"https:\/\/www.light-style.eu\/es\/wp-json\/wp\/v2\/types\/product"}],"wp:featuredmedia":[{"embeddable":true,"href":"https:\/\/www.light-style.eu\/es\/wp-json\/wp\/v2\/media\/79625"}],"wp:attachment":[{"href":"https:\/\/www.light-style.eu\/es\/wp-json\/wp\/v2\/media?parent=79624"}],"wp:term":[{"taxonomy":"product_brand","embeddable":true,"href":"https:\/\/www.light-style.eu\/es\/wp-json\/wp\/v2\/product_brand?post=79624"},{"taxonomy":"product_cat","embeddable":true,"href":"https:\/\/www.light-style.eu\/es\/wp-json\/wp\/v2\/product_cat?post=79624"},{"taxonomy":"product_tag","embeddable":true,"href":"https:\/\/www.light-style.eu\/es\/wp-json\/wp\/v2\/product_tag?post=79624"}],"curies":[{"name":"wp","href":"https:\/\/api.w.org\/{rel}","templated":true}]}}