{"id":80600,"date":"2025-01-09T20:37:38","date_gmt":"2025-01-13T11:15:29","guid":{"rendered":"https:\/\/www.light-style.eu\/unser-foto-shop\/momento-romantico-1\/"},"modified":"2025-01-13T12:15:29","modified_gmt":"2025-01-13T11:15:29","slug":"momento-romantico-1","status":"publish","type":"product","link":"https:\/\/www.light-style.eu\/es\/nuestra-tienda-de-fotograf\u00eda\/momento-romantico-1\/","title":{"rendered":"Momento Rom\u00e1ntico 1"},"content":{"rendered":"<p>Lo bueno de la fotograf\u00eda de atardeceres es que descubres estos peque\u00f1os momentos rom\u00e1nticos e interpersonales de vez en cuando. Momentos que casi todos hemos disfrutado o nos gustar\u00eda vivir. Algo que creo que a todos nos gusta empatizar. El camino hacia el coraz\u00f3n de un hombre es a trav\u00e9s de su est\u00f3mago, pero momentos como este la hacen \u00fanica \ud83d\ude42  <\/p>\n","protected":false},"excerpt":{"rendered":"<p>Todos nuestros cuadros en acr\u00edlico y lienzo est\u00e1n firmados a mano por el artista y vienen con un certificado de autenticidad<\/p>\n","protected":false},"featured_media":80605,"template":"","meta":{"advanced_seo_description":"","jetpack_seo_html_title":"","jetpack_seo_noindex":false,"ngg_post_thumbnail":0,"jetpack_publicize_message":"","jetpack_publicize_feature_enabled":true,"jetpack_social_post_already_shared":true,"jetpack_social_options":{"image_generator_settings":{"template":"highway","default_image_id":0,"font":"","enabled":false},"version":2}},"product_brand":[],"product_cat":[2148,2038,2176,2147,2169,2034],"product_tag":[2132,2177,2170,2131],"class_list":{"0":"post-80600","1":"product","2":"type-product","3":"status-publish","4":"has-post-thumbnail","6":"product_cat-atardeceres","7":"product_cat-espana","8":"product_cat-gente","9":"product_cat-naturaleza","10":"product_cat-romantica-es","11":"product_cat-todo","12":"product_tag-amar","13":"product_tag-dia-de-san-valentin","14":"product_tag-puesta-del-sol-es","15":"product_tag-romanticismo","16":"pa_wandbilder-foto-seda-mate-20x30cm","17":"pa_wandbilder-lienzo-20x30","18":"pa_wandbilder-lienzo-40x60","19":"pa_wandbilder-lienzo-60x90","20":"pa_wandbilder-lienzo-80-x-120-cm","21":"pa_wandbilder-pintura-acrilica-20x30","22":"pa_wandbilder-pintura-acrilica-40x60","23":"pa_wandbilder-pintura-acrilica-60x90","24":"pa_wandbilder-poster-acabado-satinado-40x60-cm","25":"pa_wandbilder-poster-semibrillante-30x45cm","26":"pa_wandbilder-poster-semibrillante-60x90cm","27":"pa_wandbilder-poster-semibrillante-70x105cm","28":"entry","29":"has-media","31":"first","32":"instock","33":"taxable","34":"shipping-taxable","35":"purchasable","36":"product-type-variable"},"jetpack_publicize_connections":[],"jetpack_likes_enabled":true,"jetpack_sharing_enabled":true,"_links":{"self":[{"href":"https:\/\/www.light-style.eu\/es\/wp-json\/wp\/v2\/product\/80600","targetHints":{"allow":["GET"]}}],"collection":[{"href":"https:\/\/www.light-style.eu\/es\/wp-json\/wp\/v2\/product"}],"about":[{"href":"https:\/\/www.light-style.eu\/es\/wp-json\/wp\/v2\/types\/product"}],"wp:featuredmedia":[{"embeddable":true,"href":"https:\/\/www.light-style.eu\/es\/wp-json\/wp\/v2\/media\/80605"}],"wp:attachment":[{"href":"https:\/\/www.light-style.eu\/es\/wp-json\/wp\/v2\/media?parent=80600"}],"wp:term":[{"taxonomy":"product_brand","embeddable":true,"href":"https:\/\/www.light-style.eu\/es\/wp-json\/wp\/v2\/product_brand?post=80600"},{"taxonomy":"product_cat","embeddable":true,"href":"https:\/\/www.light-style.eu\/es\/wp-json\/wp\/v2\/product_cat?post=80600"},{"taxonomy":"product_tag","embeddable":true,"href":"https:\/\/www.light-style.eu\/es\/wp-json\/wp\/v2\/product_tag?post=80600"}],"curies":[{"name":"wp","href":"https:\/\/api.w.org\/{rel}","templated":true}]}}