{"id":80956,"date":"2025-01-10T10:49:49","date_gmt":"2025-01-13T11:17:16","guid":{"rendered":"https:\/\/www.light-style.eu\/unser-foto-shop\/motivo-navideno-8\/"},"modified":"2025-01-13T12:17:34","modified_gmt":"2025-01-13T11:17:34","slug":"motivo-navideno-8","status":"publish","type":"product","link":"https:\/\/www.light-style.eu\/es\/nuestra-tienda-de-fotograf\u00eda\/motivo-navideno-8\/","title":{"rendered":"Motivo navide\u00f1o 8"},"content":{"rendered":"<p>Navidad, el tiempo de la paz y la familia. A lo largo de los a\u00f1os, he creado algunas felicitaciones navide\u00f1as. En realidad, demasiado buenos para mostrarlos solo una vez, por lo que ahora se han mudado aqu\u00ed a la tienda. As\u00ed que puedes decorar tus 4 paredes para Navidad o crear tus propias felicitaciones navide\u00f1as individualmente con el archivo, que tambi\u00e9n est\u00e1 disponible para su compra aqu\u00ed. Aqu\u00ed puede encontrar el archivo tanto para uso privado como para uso comercial.<\/p>\n","protected":false},"excerpt":{"rendered":"<p>Todos nuestros cuadros en acr\u00edlico y lienzo est\u00e1n firmados a mano por el artista y vienen con un certificado de autenticidad<\/p>\n","protected":false},"featured_media":77299,"template":"","meta":{"advanced_seo_description":"","jetpack_seo_html_title":"","jetpack_seo_noindex":false,"ngg_post_thumbnail":0,"jetpack_publicize_message":"","jetpack_publicize_feature_enabled":true,"jetpack_social_post_already_shared":true,"jetpack_social_options":{"image_generator_settings":{"template":"highway","default_image_id":0,"font":"","enabled":false},"version":2}},"product_brand":[],"product_cat":[2128,2130,2129,2034],"product_tag":[2132,2134,2139,2133,2137,2135,2138,2136,2131],"class_list":{"0":"post-80956","1":"product","2":"type-product","3":"status-publish","4":"has-post-thumbnail","6":"product_cat-bodegon","7":"product_cat-motivos-navidenos","8":"product_cat-pais-de-las-maravillas-invernal","9":"product_cat-todo","10":"product_tag-amar","11":"product_tag-decoracion-de-paredes","12":"product_tag-descargar","13":"product_tag-invierno","14":"product_tag-motivo-de-postal","15":"product_tag-navidad","16":"product_tag-navideno","17":"product_tag-pais-de-las-maravillas-invernal","18":"product_tag-romanticismo","19":"pa_datei-erwerben-archivo-de-gran-uso-comercial-uso-ilimitado","20":"pa_datei-erwerben-archivo-grande-para-uso-privado","21":"pa_datei-erwerben-archivo-pequeno-de-uso-comercial-de-un-solo-uso","22":"pa_datei-erwerben-archivo-pequeno-para-uso-privado","23":"pa_wandbilder-archivo","24":"pa_wandbilder-foto-seda-mate-20x30cm","25":"pa_wandbilder-lienzo-20x30","26":"pa_wandbilder-lienzo-40x60","27":"pa_wandbilder-lienzo-60x90","28":"pa_wandbilder-lienzo-80-x-120-cm","29":"pa_wandbilder-pintura-acrilica-20x30","30":"pa_wandbilder-pintura-acrilica-40x60","31":"pa_wandbilder-pintura-acrilica-60x90","32":"pa_wandbilder-poster-semibrillante-30x45cm","33":"pa_wandbilder-poster-semibrillante-60x90cm","34":"pa_wandbilder-poster-semibrillante-70x105cm","35":"entry","36":"has-media","38":"first","39":"instock","40":"taxable","41":"shipping-taxable","42":"purchasable","43":"product-type-variable"},"jetpack_publicize_connections":[],"jetpack_likes_enabled":true,"jetpack_sharing_enabled":true,"_links":{"self":[{"href":"https:\/\/www.light-style.eu\/es\/wp-json\/wp\/v2\/product\/80956","targetHints":{"allow":["GET"]}}],"collection":[{"href":"https:\/\/www.light-style.eu\/es\/wp-json\/wp\/v2\/product"}],"about":[{"href":"https:\/\/www.light-style.eu\/es\/wp-json\/wp\/v2\/types\/product"}],"wp:featuredmedia":[{"embeddable":true,"href":"https:\/\/www.light-style.eu\/es\/wp-json\/wp\/v2\/media\/77299"}],"wp:attachment":[{"href":"https:\/\/www.light-style.eu\/es\/wp-json\/wp\/v2\/media?parent=80956"}],"wp:term":[{"taxonomy":"product_brand","embeddable":true,"href":"https:\/\/www.light-style.eu\/es\/wp-json\/wp\/v2\/product_brand?post=80956"},{"taxonomy":"product_cat","embeddable":true,"href":"https:\/\/www.light-style.eu\/es\/wp-json\/wp\/v2\/product_cat?post=80956"},{"taxonomy":"product_tag","embeddable":true,"href":"https:\/\/www.light-style.eu\/es\/wp-json\/wp\/v2\/product_tag?post=80956"}],"curies":[{"name":"wp","href":"https:\/\/api.w.org\/{rel}","templated":true}]}}