{"id":82009,"date":"2022-11-17T16:51:29","date_gmt":"2025-01-13T14:52:35","guid":{"rendered":"https:\/\/www.light-style.eu\/unser-foto-shop\/belleza-de-la-naturaleza-1\/"},"modified":"2025-01-13T15:52:35","modified_gmt":"2025-01-13T14:52:35","slug":"belleza-de-la-naturaleza-1","status":"publish","type":"product","link":"https:\/\/www.light-style.eu\/es\/nuestra-tienda-de-fotograf\u00eda\/belleza-de-la-naturaleza-1\/","title":{"rendered":"Belleza de la naturaleza 1"},"content":{"rendered":"<p>Nuestro planeta es infinitamente hermoso. Cada pa\u00eds tiene sus motivos grandiosos. Es por eso que les presento nuevos motivos de todo el mundo, que se han ganado el t\u00edtulo de \u00abBelleza de la Naturaleza\u00bb. As\u00ed que puestas de sol, playas, cascadas, etc. tambi\u00e9n se pueden encontrar aqu\u00ed.  <\/p>\n<p>&nbsp;<\/p>\n","protected":false},"excerpt":{"rendered":"<p>Todos nuestros cuadros en acr\u00edlico y lienzo est\u00e1n firmados a mano por el artista y vienen con un certificado de autenticidad<\/p>\n","protected":false},"featured_media":64312,"template":"","meta":{"advanced_seo_description":"","jetpack_seo_html_title":"","jetpack_seo_noindex":false,"ngg_post_thumbnail":0,"jetpack_publicize_message":"","jetpack_publicize_feature_enabled":true,"jetpack_social_post_already_shared":true,"jetpack_social_options":{"image_generator_settings":{"template":"highway","default_image_id":0,"font":"","enabled":false},"version":2}},"product_brand":[],"product_cat":[2036,2202,2201,2147,2033,2200,2034],"product_tag":[2204,2205,2040,2203,2039],"class_list":{"0":"post-82009","1":"product","2":"type-product","3":"status-publish","4":"has-post-thumbnail","6":"product_cat-belleza-de-la-naturaleza","7":"product_cat-cascadas","8":"product_cat-italia","9":"product_cat-naturaleza","10":"product_cat-paises","11":"product_cat-suiza","12":"product_cat-todo","13":"product_tag-agua-de-glaciar","14":"product_tag-alpes-es","15":"product_tag-belleza-de-la-naturaleza","16":"product_tag-cascada","17":"product_tag-naturaleza","18":"pa_wandbilder-foto-seda-mate-20x30cm","19":"pa_wandbilder-lienzo-20x30","20":"pa_wandbilder-lienzo-40x60","21":"pa_wandbilder-lienzo-60x90","22":"pa_wandbilder-lienzo-80-x-120-cm","23":"pa_wandbilder-pintura-acrilica-20x30","24":"pa_wandbilder-pintura-acrilica-40x60","25":"pa_wandbilder-pintura-acrilica-60x90","26":"pa_wandbilder-poster-semibrillante-30x45cm","27":"pa_wandbilder-poster-semibrillante-60x90cm","28":"pa_wandbilder-poster-semibrillante-70x105cm","29":"entry","30":"has-media","32":"first","33":"instock","34":"taxable","35":"shipping-taxable","36":"purchasable","37":"product-type-variable"},"jetpack_publicize_connections":[],"jetpack_likes_enabled":true,"jetpack_sharing_enabled":true,"_links":{"self":[{"href":"https:\/\/www.light-style.eu\/es\/wp-json\/wp\/v2\/product\/82009","targetHints":{"allow":["GET"]}}],"collection":[{"href":"https:\/\/www.light-style.eu\/es\/wp-json\/wp\/v2\/product"}],"about":[{"href":"https:\/\/www.light-style.eu\/es\/wp-json\/wp\/v2\/types\/product"}],"wp:featuredmedia":[{"embeddable":true,"href":"https:\/\/www.light-style.eu\/es\/wp-json\/wp\/v2\/media\/64312"}],"wp:attachment":[{"href":"https:\/\/www.light-style.eu\/es\/wp-json\/wp\/v2\/media?parent=82009"}],"wp:term":[{"taxonomy":"product_brand","embeddable":true,"href":"https:\/\/www.light-style.eu\/es\/wp-json\/wp\/v2\/product_brand?post=82009"},{"taxonomy":"product_cat","embeddable":true,"href":"https:\/\/www.light-style.eu\/es\/wp-json\/wp\/v2\/product_cat?post=82009"},{"taxonomy":"product_tag","embeddable":true,"href":"https:\/\/www.light-style.eu\/es\/wp-json\/wp\/v2\/product_tag?post=82009"}],"curies":[{"name":"wp","href":"https:\/\/api.w.org\/{rel}","templated":true}]}}