{"id":82277,"date":"2022-11-21T16:09:16","date_gmt":"2025-01-13T14:55:16","guid":{"rendered":"https:\/\/www.light-style.eu\/unser-foto-shop\/la-fiesta-de-jacky\/"},"modified":"2025-01-13T15:59:26","modified_gmt":"2025-01-13T14:59:26","slug":"la-fiesta-de-jacky","status":"publish","type":"product","link":"https:\/\/www.light-style.eu\/es\/nuestra-tienda-de-fotograf\u00eda\/la-fiesta-de-jacky\/","title":{"rendered":"La fiesta de Jacky"},"content":{"rendered":"<p>el buen whisky viejo, como amante confeso de esta medicina milagrosa tradicional \ud83d\ude09 Adem\u00e1s, siempre me ha fascinado la historia. Y en realidad llegu\u00e9 a \u00e9l desde un punto de vista m\u00e9dico. En el extranjero, me hab\u00eda acostumbrado a disfrutar de un buen whisky despu\u00e9s de la cena. Qu\u00e9 puedo decir, desde entonces he tolerado toda la comida del mundo \ud83d\ude09 Si quieres leer m\u00e1s sobre el whisky, \u00a1puedes hacerlo    <\/p>\n<p> <a href=\"https:\/\/www.planet-wissen.de\/gesellschaft\/trinken\/whisky\/index.html\" target=\"_blank\" rel=\"noopener\">aqu\u00ed. <\/a>  Muy revelador. Dif\u00edcilmente una fiesta sin el bueno de Jack Daniels. \ud83d\ude09 As\u00ed que aqu\u00ed hay un formato grande para cada sala de fiestas o bar.<\/p>\n","protected":false},"excerpt":{"rendered":"<p>Todos nuestros cuadros en acr\u00edlico y lienzo est\u00e1n firmados a mano por el artista y vienen con un certificado de autenticidad<\/p>\n","protected":false},"featured_media":65464,"template":"","meta":{"advanced_seo_description":"","jetpack_seo_html_title":"","jetpack_seo_noindex":false,"ngg_post_thumbnail":0,"jetpack_publicize_message":"","jetpack_publicize_feature_enabled":true,"jetpack_social_post_already_shared":true,"jetpack_social_options":{"image_generator_settings":{"template":"highway","default_image_id":0,"font":"","enabled":false},"version":2}},"product_brand":[],"product_cat":[2185,2183,2187,2034],"product_tag":[2207,2209,2211,2212,2210,2208],"class_list":{"0":"post-82277","1":"product","2":"type-product","3":"status-publish","4":"has-post-thumbnail","6":"product_cat-bebidas","7":"product_cat-comida-y-bebida","8":"product_cat-fotografia-de-alta-velocidad","9":"product_cat-todo","10":"product_tag-bebestibles","11":"product_tag-cosas-de-hombres","12":"product_tag-jack-daniels-es","13":"product_tag-jacky-es","14":"product_tag-partido","15":"product_tag-whisky-es","16":"pa_wandbilder-foto-seda-mate-20x30cm","17":"pa_wandbilder-lienzo-20x30","18":"pa_wandbilder-lienzo-40x60","19":"pa_wandbilder-lienzo-60x90","20":"pa_wandbilder-lienzo-80-x-120-cm","21":"pa_wandbilder-pintura-acrilica-20x30","22":"pa_wandbilder-pintura-acrilica-40x60","23":"pa_wandbilder-pintura-acrilica-60x90","24":"pa_wandbilder-poster-semibrillante-30x45cm","25":"pa_wandbilder-poster-semibrillante-60x90cm","26":"pa_wandbilder-poster-semibrillante-70x105cm","27":"entry","28":"has-media","30":"first","31":"instock","32":"taxable","33":"shipping-taxable","34":"purchasable","35":"product-type-variable"},"jetpack_publicize_connections":[],"jetpack_likes_enabled":true,"jetpack_sharing_enabled":true,"_links":{"self":[{"href":"https:\/\/www.light-style.eu\/es\/wp-json\/wp\/v2\/product\/82277","targetHints":{"allow":["GET"]}}],"collection":[{"href":"https:\/\/www.light-style.eu\/es\/wp-json\/wp\/v2\/product"}],"about":[{"href":"https:\/\/www.light-style.eu\/es\/wp-json\/wp\/v2\/types\/product"}],"wp:featuredmedia":[{"embeddable":true,"href":"https:\/\/www.light-style.eu\/es\/wp-json\/wp\/v2\/media\/65464"}],"wp:attachment":[{"href":"https:\/\/www.light-style.eu\/es\/wp-json\/wp\/v2\/media?parent=82277"}],"wp:term":[{"taxonomy":"product_brand","embeddable":true,"href":"https:\/\/www.light-style.eu\/es\/wp-json\/wp\/v2\/product_brand?post=82277"},{"taxonomy":"product_cat","embeddable":true,"href":"https:\/\/www.light-style.eu\/es\/wp-json\/wp\/v2\/product_cat?post=82277"},{"taxonomy":"product_tag","embeddable":true,"href":"https:\/\/www.light-style.eu\/es\/wp-json\/wp\/v2\/product_tag?post=82277"}],"curies":[{"name":"wp","href":"https:\/\/api.w.org\/{rel}","templated":true}]}}