{"id":82629,"date":"2022-11-18T10:48:08","date_gmt":"2025-01-13T14:57:47","guid":{"rendered":"https:\/\/www.light-style.eu\/unser-foto-shop\/regalo-de-navidad\/"},"modified":"2025-01-13T15:57:47","modified_gmt":"2025-01-13T14:57:47","slug":"regalo-de-navidad","status":"publish","type":"product","link":"https:\/\/www.light-style.eu\/es\/nuestra-tienda-de-fotograf\u00eda\/regalo-de-navidad\/","title":{"rendered":"Regalo de Navidad"},"content":{"rendered":"<p>No solo durante la temporada navide\u00f1a, el delicado cuerpo de una mujer es delicioso a la vista, sino que con esta decoraci\u00f3n es un punto culminante absoluto con un toque navide\u00f1o.<\/p>\n<p>Feliz Navidad en todo el mundo.<\/p>\n<p>&nbsp;<\/p>\n<p>&nbsp;<\/p>\n","protected":false},"excerpt":{"rendered":"<p>Todos nuestros cuadros en acr\u00edlico y lienzo est\u00e1n firmados a mano por el artista y vienen con un certificado de autenticidad<\/p>\n","protected":false},"featured_media":65020,"template":"","meta":{"advanced_seo_description":"","jetpack_seo_html_title":"","jetpack_seo_noindex":false,"ngg_post_thumbnail":0,"jetpack_publicize_message":"","jetpack_publicize_feature_enabled":true,"jetpack_social_post_already_shared":true,"jetpack_social_options":{"image_generator_settings":{"template":"highway","default_image_id":0,"font":"","enabled":false},"version":2}},"product_brand":[],"product_cat":[2236,2216,2176,2035,2034],"product_tag":[2238,2134,2237,2240,2220,2223,2218,2241,2239,2135],"class_list":{"0":"post-82629","1":"product","2":"type-product","3":"status-publish","4":"has-post-thumbnail","6":"product_cat-desnudo-femenino","7":"product_cat-erotismo","8":"product_cat-gente","9":"product_cat-nuevos-motivos","10":"product_cat-todo","11":"product_tag-clave-de-color","12":"product_tag-decoracion-de-paredes","13":"product_tag-desnudo","14":"product_tag-desnudo-femenino","15":"product_tag-erotismo","16":"product_tag-erotismo-es","17":"product_tag-gente","18":"product_tag-motivo-navideno","19":"product_tag-mujeres","20":"product_tag-navidad","21":"pa_wandbilder-foto-seda-mate-20x30cm","22":"pa_wandbilder-lienzo-20x30","23":"pa_wandbilder-lienzo-40x60","24":"pa_wandbilder-lienzo-60x90","25":"pa_wandbilder-lienzo-80-x-120-cm","26":"pa_wandbilder-pintura-acrilica-20x30","27":"pa_wandbilder-pintura-acrilica-40x60","28":"pa_wandbilder-pintura-acrilica-60x90","29":"pa_wandbilder-poster-acabado-satinado-40x60-cm","30":"pa_wandbilder-poster-semibrillante-30x45cm","31":"pa_wandbilder-poster-semibrillante-60x90cm","32":"pa_wandbilder-poster-semibrillante-70x105cm","33":"entry","34":"has-media","36":"first","37":"instock","38":"taxable","39":"shipping-taxable","40":"purchasable","41":"product-type-variable"},"jetpack_publicize_connections":[],"jetpack_likes_enabled":true,"jetpack_sharing_enabled":true,"_links":{"self":[{"href":"https:\/\/www.light-style.eu\/es\/wp-json\/wp\/v2\/product\/82629","targetHints":{"allow":["GET"]}}],"collection":[{"href":"https:\/\/www.light-style.eu\/es\/wp-json\/wp\/v2\/product"}],"about":[{"href":"https:\/\/www.light-style.eu\/es\/wp-json\/wp\/v2\/types\/product"}],"wp:featuredmedia":[{"embeddable":true,"href":"https:\/\/www.light-style.eu\/es\/wp-json\/wp\/v2\/media\/65020"}],"wp:attachment":[{"href":"https:\/\/www.light-style.eu\/es\/wp-json\/wp\/v2\/media?parent=82629"}],"wp:term":[{"taxonomy":"product_brand","embeddable":true,"href":"https:\/\/www.light-style.eu\/es\/wp-json\/wp\/v2\/product_brand?post=82629"},{"taxonomy":"product_cat","embeddable":true,"href":"https:\/\/www.light-style.eu\/es\/wp-json\/wp\/v2\/product_cat?post=82629"},{"taxonomy":"product_tag","embeddable":true,"href":"https:\/\/www.light-style.eu\/es\/wp-json\/wp\/v2\/product_tag?post=82629"}],"curies":[{"name":"wp","href":"https:\/\/api.w.org\/{rel}","templated":true}]}}