{"id":83498,"date":"2022-11-17T15:05:37","date_gmt":"2025-01-13T15:11:43","guid":{"rendered":"https:\/\/www.light-style.eu\/unser-foto-shop\/whisky-termina-el-dia-1\/"},"modified":"2025-01-13T16:11:45","modified_gmt":"2025-01-13T15:11:45","slug":"whisky-termina-el-dia-1","status":"publish","type":"product","link":"https:\/\/www.light-style.eu\/es\/nuestra-tienda-de-fotograf\u00eda\/whisky-termina-el-dia-1\/","title":{"rendered":"Whisky \u2013 Termina el d\u00eda 1"},"content":{"rendered":"<p>el buen whisky viejo, como amante confeso de esta medicina milagrosa tradicional \ud83d\ude09 Adem\u00e1s, siempre me ha fascinado la historia. Y en realidad llegu\u00e9 a \u00e9l desde un punto de vista m\u00e9dico. En el extranjero, me hab\u00eda acostumbrado a disfrutar de un buen whisky despu\u00e9s de la cena. Qu\u00e9 puedo decir, desde entonces he tolerado toda la comida del mundo \ud83d\ude09 Si quieres leer m\u00e1s sobre el whisky, \u00a1puedes hacerlo    <\/p>\n<p> <a href=\"https:\/\/www.planet-wissen.de\/gesellschaft\/trinken\/whisky\/index.html\" target=\"_blank\" rel=\"noopener\">aqu\u00ed. Encontr\u00e9 esta p\u00e1gina <\/a>  Muy revelador. Aqu\u00ed, en la foto, un whisky de la colecci\u00f3n Jameson. He llegado a apreciar este whisky como una sustancia barata y buena. Dependiendo de la rutina diaria, a veces la m\u00e1s suave o a veces la ligeramente m\u00e1s ahumada. As\u00ed es como puede terminar el d\u00eda<\/p>\n","protected":false},"excerpt":{"rendered":"<p>Todos nuestros cuadros en acr\u00edlico y lienzo est\u00e1n firmados a mano por el artista y vienen con un certificado de autenticidad<\/p>\n","protected":false},"featured_media":63376,"template":"","meta":{"advanced_seo_description":"","jetpack_seo_html_title":"","jetpack_seo_noindex":false,"ngg_post_thumbnail":0,"jetpack_publicize_message":"","jetpack_publicize_feature_enabled":true,"jetpack_social_post_already_shared":true,"jetpack_social_options":{"image_generator_settings":{"template":"highway","default_image_id":0,"font":"","enabled":false},"version":2}},"product_brand":[],"product_cat":[2185,2183,2187,2034],"product_tag":[2207,2209,2258,2208],"class_list":{"0":"post-83498","1":"product","2":"type-product","3":"status-publish","4":"has-post-thumbnail","6":"product_cat-bebidas","7":"product_cat-comida-y-bebida","8":"product_cat-fotografia-de-alta-velocidad","9":"product_cat-todo","10":"product_tag-bebestibles","11":"product_tag-cosas-de-hombres","12":"product_tag-irlanda","13":"product_tag-whisky-es","14":"pa_wandbilder-foto-seda-mate-20x30cm","15":"pa_wandbilder-lienzo-20x30","16":"pa_wandbilder-lienzo-40x60","17":"pa_wandbilder-lienzo-60x90","18":"pa_wandbilder-lienzo-80-x-120-cm","19":"pa_wandbilder-pintura-acrilica-20x30","20":"pa_wandbilder-pintura-acrilica-40x60","21":"pa_wandbilder-pintura-acrilica-60x90","22":"pa_wandbilder-poster-semibrillante-30x45cm","23":"pa_wandbilder-poster-semibrillante-60x90cm","24":"pa_wandbilder-poster-semibrillante-70x105cm","25":"entry","26":"has-media","28":"first","29":"instock","30":"taxable","31":"shipping-taxable","32":"purchasable","33":"product-type-variable"},"jetpack_publicize_connections":[],"jetpack_likes_enabled":true,"jetpack_sharing_enabled":true,"_links":{"self":[{"href":"https:\/\/www.light-style.eu\/es\/wp-json\/wp\/v2\/product\/83498","targetHints":{"allow":["GET"]}}],"collection":[{"href":"https:\/\/www.light-style.eu\/es\/wp-json\/wp\/v2\/product"}],"about":[{"href":"https:\/\/www.light-style.eu\/es\/wp-json\/wp\/v2\/types\/product"}],"wp:featuredmedia":[{"embeddable":true,"href":"https:\/\/www.light-style.eu\/es\/wp-json\/wp\/v2\/media\/63376"}],"wp:attachment":[{"href":"https:\/\/www.light-style.eu\/es\/wp-json\/wp\/v2\/media?parent=83498"}],"wp:term":[{"taxonomy":"product_brand","embeddable":true,"href":"https:\/\/www.light-style.eu\/es\/wp-json\/wp\/v2\/product_brand?post=83498"},{"taxonomy":"product_cat","embeddable":true,"href":"https:\/\/www.light-style.eu\/es\/wp-json\/wp\/v2\/product_cat?post=83498"},{"taxonomy":"product_tag","embeddable":true,"href":"https:\/\/www.light-style.eu\/es\/wp-json\/wp\/v2\/product_tag?post=83498"}],"curies":[{"name":"wp","href":"https:\/\/api.w.org\/{rel}","templated":true}]}}