{"id":83944,"date":"2019-11-07T10:31:48","date_gmt":"2025-01-13T15:20:13","guid":{"rendered":"https:\/\/www.light-style.eu\/unser-foto-shop\/curso-de-fotografia-fotografia-macro\/"},"modified":"2025-01-31T10:50:54","modified_gmt":"2025-01-31T09:50:54","slug":"curso-de-fotografia-fotografia-macro","status":"publish","type":"product","link":"https:\/\/www.light-style.eu\/es\/nuestra-tienda-de-fotograf\u00eda\/curso-de-fotografia-fotografia-macro\/","title":{"rendered":"Curso de Fotograf\u00eda \u2013 Fotograf\u00eda Macro"},"content":{"rendered":"<p>&nbsp;<\/p>\n<p><strong>Todos nuestros cursos de fotograf\u00eda son coaching individual, lo que significa que tardamos unas 6 horas s\u00f3lo para ti. (m\u00e1s los posibles tiempos de viaje de aprox. 2 h a los lugares) <\/strong><\/p>\n<p><strong>Pero realmente quieres hacer este taller con otra persona, por ejemplo, tu pareja, ok, escr\u00edbeme un correo electr\u00f3nico y te har\u00e9 una oferta individual para 2 personas.  <\/strong><\/p>\n<p>Aqu\u00ed hay un curso de un d\u00eda para los entusiastas del microcosmos entre nosotros \ud83d\ude09 Experimentemos juntos el mundo de las peque\u00f1as cosas. Este mundo con sus finas estructuras es tan ex\u00f3tico y hermoso al mismo tiempo. Peque\u00f1as cosas al final enormes e impresionantes en tu pared. En este curso aprender\u00e1s los diferentes m\u00e9todos de fotograf\u00eda macro, anillos invertidos, tubos de extensi\u00f3n, flash desatado, y tambi\u00e9n \u00bfqu\u00e9, por ejemplo, es el apilamiento de enfoque? Ya deber\u00edas conocer tu c\u00e1mara y dominar los conceptos b\u00e1sicos de la fotograf\u00eda. Vamos a sumergirnos en un mundo misterioso y al mismo tiempo hermoso.  <\/p>\n<p><strong>De nuevo, si es necesario, abordaremos la ventaja del formato RAW sobre el JPG&nbsp; , para que puedas sacar el m\u00e1ximo partido a tus nuevas fotos.<\/strong><\/p>\n<p>Recibir\u00e1s documentos para leer lo que has aprendido en casa. Concertaremos citas con usted directamente despu\u00e9s de su compra. <\/p>\n<p>&nbsp;<\/p>\n<p>Si desea <em><strong>regalar este seminario<\/strong><\/em> , h\u00e1gamelo saber en un breve correo despu\u00e9s de la compra, luego preparar\u00e9 un cup\u00f3n para usted, que puedo enviarle o puede recogerme<\/p>\n<p>&nbsp;<\/p>\n<p>&nbsp;<\/p>\n","protected":false},"excerpt":{"rendered":"<p>&nbsp;<\/p>\n<p>Aqu\u00ed hay un curso de un d\u00eda para los entusiastas del microcosmos entre nosotros \ud83d\ude09 Experimentemos juntos el mundo de las peque\u00f1as cosas. Este mundo con sus finas estructuras es tan ex\u00f3tico y hermoso al mismo tiempo. Peque\u00f1as cosas al final enormes e impresionantes en tu pared. En este curso aprender\u00e1s los diferentes m\u00e9todos de fotograf\u00eda macro, anillos invertidos, tubos de extensi\u00f3n, flash desatado, y tambi\u00e9n \u00bfqu\u00e9, por ejemplo, es el apilamiento de enfoque? Ya deber\u00edas conocer tu c\u00e1mara y dominar los conceptos b\u00e1sicos de la fotograf\u00eda. Vamos a sumergirnos en un mundo misterioso y al mismo tiempo hermoso.  <\/p>\n<p><strong>De nuevo, si es necesario, abordaremos la ventaja del formato RAW sobre el JPG&nbsp; , para que puedas sacar el m\u00e1ximo partido a tus nuevas fotos.<\/strong><\/p>\n<p>Recibir\u00e1s documentos para leer lo que has aprendido en casa. Concertaremos citas con usted directamente despu\u00e9s de su compra. <\/p>\n<p>&nbsp;<\/p>\n<p>&nbsp;<\/p>\n","protected":false},"featured_media":83945,"template":"","meta":{"advanced_seo_description":"","jetpack_seo_html_title":"","jetpack_seo_noindex":false,"ngg_post_thumbnail":0,"jetpack_publicize_message":"","jetpack_publicize_feature_enabled":true,"jetpack_social_post_already_shared":true,"jetpack_social_options":{"image_generator_settings":{"template":"highway","default_image_id":0,"font":"","enabled":false},"version":2}},"product_brand":[],"product_cat":[2261,2262,2147,2034],"product_tag":[2263,2253],"class_list":{"0":"post-83944","1":"product","2":"type-product","3":"status-publish","4":"has-post-thumbnail","6":"product_cat-cursos-talleres","7":"product_cat-fotografia-macro","8":"product_cat-naturaleza","9":"product_cat-todo","10":"product_tag-curso","11":"product_tag-macro-es","12":"product_shipping_class-paquete-pequeno","13":"pa_wandbilder-poster-semibrillante-60x90cm","14":"entry","15":"has-media","17":"first","18":"instock","19":"virtual","20":"taxable","21":"purchasable","22":"product-type-simple"},"jetpack_publicize_connections":[],"jetpack_likes_enabled":true,"jetpack_sharing_enabled":true,"_links":{"self":[{"href":"https:\/\/www.light-style.eu\/es\/wp-json\/wp\/v2\/product\/83944","targetHints":{"allow":["GET"]}}],"collection":[{"href":"https:\/\/www.light-style.eu\/es\/wp-json\/wp\/v2\/product"}],"about":[{"href":"https:\/\/www.light-style.eu\/es\/wp-json\/wp\/v2\/types\/product"}],"wp:featuredmedia":[{"embeddable":true,"href":"https:\/\/www.light-style.eu\/es\/wp-json\/wp\/v2\/media\/83945"}],"wp:attachment":[{"href":"https:\/\/www.light-style.eu\/es\/wp-json\/wp\/v2\/media?parent=83944"}],"wp:term":[{"taxonomy":"product_brand","embeddable":true,"href":"https:\/\/www.light-style.eu\/es\/wp-json\/wp\/v2\/product_brand?post=83944"},{"taxonomy":"product_cat","embeddable":true,"href":"https:\/\/www.light-style.eu\/es\/wp-json\/wp\/v2\/product_cat?post=83944"},{"taxonomy":"product_tag","embeddable":true,"href":"https:\/\/www.light-style.eu\/es\/wp-json\/wp\/v2\/product_tag?post=83944"}],"curies":[{"name":"wp","href":"https:\/\/api.w.org\/{rel}","templated":true}]}}