{"id":83956,"date":"2020-12-08T16:28:47","date_gmt":"2025-01-13T15:20:18","guid":{"rendered":"https:\/\/www.light-style.eu\/unser-foto-shop\/bono-de-rodaje\/"},"modified":"2025-01-13T16:20:18","modified_gmt":"2025-01-13T15:20:18","slug":"bono-de-rodaje","status":"publish","type":"product","link":"https:\/\/www.light-style.eu\/es\/nuestra-tienda-de-fotograf\u00eda\/bono-de-rodaje\/","title":{"rendered":"Bono de rodaje"},"content":{"rendered":"<p>Aqu\u00ed&nbsp; ahora le ofrecemos los cupones para sesiones completas, por supuesto, el destinatario siempre puede comprar m\u00e1s fotos despu\u00e9s, dependiendo de cu\u00e1ntas le gusten.<\/p>\n<p><strong>Para la mayor\u00eda de las sesiones, el peinado de nuestro maquillador profesional tambi\u00e9n se puede reservar al hacer la reserva. Luego recibe 125\u20ac el d\u00eda de la sesi\u00f3n. Sin embargo, lo aclararemos con usted al hacer la reserva. O puedes regalar un cup\u00f3n de estilo de nosotros al mismo tiempo.<br \/>\n<\/strong><\/p>\n<p>Ahora puede comprar uno o m\u00e1s cupones para usted o como vale de regalo. Te ofrecemos la posibilidad de recibir un cup\u00f3n impreso de nuestra parte o un c\u00f3digo online con el que podr\u00e1s crear tu propio cup\u00f3n. Por supuesto, tambi\u00e9n puedes recoger tu cup\u00f3n en nuestro estudio. Recibir\u00e1 el formulario en papel como correo certificado si desea que se le env\u00ede. La versi\u00f3n del c\u00f3digo en l\u00ednea tarda hasta 3 horas (durante nuestro horario de apertura) hasta que lo tenga en su buz\u00f3n, revise tambi\u00e9n su carpeta de correo no deseado si no recibe un correo electr\u00f3nico.  <\/p>\n<p><em><strong>&nbsp;<\/strong><\/em><\/p>\n","protected":false},"excerpt":{"rendered":"<p>Aqu\u00ed&nbsp; ahora le ofrecemos los cupones para sesiones completas, por supuesto, el destinatario siempre puede comprar m\u00e1s fotos despu\u00e9s, dependiendo de cu\u00e1ntas le gusten. Para la mayor\u00eda de las sesiones, el peinado de nuestro maquillador profesional tambi\u00e9n se puede reservar al hacer la reserva. Luego recibe 125\u20ac el d\u00eda de la sesi\u00f3n. Sin embargo, lo&hellip;<\/p>\n","protected":false},"featured_media":83957,"template":"","meta":{"advanced_seo_description":"","jetpack_seo_html_title":"","jetpack_seo_noindex":false,"ngg_post_thumbnail":0,"jetpack_publicize_message":"","jetpack_publicize_feature_enabled":true,"jetpack_social_post_already_shared":true,"jetpack_social_options":{"image_generator_settings":{"template":"highway","default_image_id":0,"font":"","enabled":false},"version":2}},"product_brand":[],"product_cat":[2034,2186],"product_tag":[2265,2264,2266],"class_list":{"0":"post-83956","1":"product","2":"type-product","3":"status-publish","4":"has-post-thumbnail","6":"product_cat-todo","7":"product_cat-vales","8":"product_tag-cheque-regalo","9":"product_tag-cupon","10":"product_tag-regalo","11":"product_shipping_class-gratis-es","12":"pa_anzahl-verschiedener-fotos-1-es","13":"pa_anzahl-verschiedener-fotos-10-es","14":"pa_anzahl-verschiedener-fotos-12-es","15":"pa_anzahl-verschiedener-fotos-14-es","16":"pa_anzahl-verschiedener-fotos-2-es","17":"pa_anzahl-verschiedener-fotos-4-es","18":"pa_anzahl-verschiedener-fotos-6-es","19":"pa_anzahl-verschiedener-fotos-8-es","20":"pa_online-code-oder-papier-codigo-en-linea","21":"pa_online-code-oder-papier-formulario-en-papel","22":"pa_shootings-fotos-eroticas-individuales","23":"pa_shootings-fotos-eroticas-pareja","24":"pa_shootings-pancita-de-bebe-recien-nacido","25":"pa_shootings-retratos-familia","26":"pa_shootings-retratos-individualmente","27":"pa_shootings-retratos-de-animales","28":"pa_wandbilder-poster-semibrillante-60x90cm","29":"entry","30":"has-media","32":"first","33":"instock","34":"featured","35":"taxable","36":"shipping-taxable","37":"purchasable","38":"product-type-variable","39":"has-default-attributes"},"jetpack_publicize_connections":[],"jetpack_likes_enabled":true,"jetpack_sharing_enabled":true,"_links":{"self":[{"href":"https:\/\/www.light-style.eu\/es\/wp-json\/wp\/v2\/product\/83956","targetHints":{"allow":["GET"]}}],"collection":[{"href":"https:\/\/www.light-style.eu\/es\/wp-json\/wp\/v2\/product"}],"about":[{"href":"https:\/\/www.light-style.eu\/es\/wp-json\/wp\/v2\/types\/product"}],"wp:featuredmedia":[{"embeddable":true,"href":"https:\/\/www.light-style.eu\/es\/wp-json\/wp\/v2\/media\/83957"}],"wp:attachment":[{"href":"https:\/\/www.light-style.eu\/es\/wp-json\/wp\/v2\/media?parent=83956"}],"wp:term":[{"taxonomy":"product_brand","embeddable":true,"href":"https:\/\/www.light-style.eu\/es\/wp-json\/wp\/v2\/product_brand?post=83956"},{"taxonomy":"product_cat","embeddable":true,"href":"https:\/\/www.light-style.eu\/es\/wp-json\/wp\/v2\/product_cat?post=83956"},{"taxonomy":"product_tag","embeddable":true,"href":"https:\/\/www.light-style.eu\/es\/wp-json\/wp\/v2\/product_tag?post=83956"}],"curies":[{"name":"wp","href":"https:\/\/api.w.org\/{rel}","templated":true}]}}