{"id":84090,"date":"2021-10-25T11:42:52","date_gmt":"2025-01-13T15:22:46","guid":{"rendered":"https:\/\/www.light-style.eu\/unser-foto-shop\/musica-erotica-3\/"},"modified":"2025-01-13T16:22:46","modified_gmt":"2025-01-13T15:22:46","slug":"musica-erotica-3","status":"publish","type":"product","link":"https:\/\/www.light-style.eu\/es\/nuestra-tienda-de-fotograf\u00eda\/musica-erotica-3\/","title":{"rendered":"M\u00fasica-Er\u00f3tica-3"},"content":{"rendered":"<p>M\u00fasica y erotismo, artes inseparables. Para m\u00ed, las formas de los instrumentos a menudo simbolizan el cuerpo femenino. Una simbiosis de las artes.  <\/p>\n<p>&nbsp;<\/p>\n<p>&nbsp;<\/p>\n","protected":false},"excerpt":{"rendered":"<p>Todos nuestros cuadros en acr\u00edlico y lienzo est\u00e1n firmados a mano por el artista y vienen con un certificado de autenticidad<\/p>\n","protected":false},"featured_media":84097,"template":"","meta":{"advanced_seo_description":"","jetpack_seo_html_title":"","jetpack_seo_noindex":false,"ngg_post_thumbnail":0,"jetpack_publicize_message":"","jetpack_publicize_feature_enabled":true,"jetpack_social_post_already_shared":true,"jetpack_social_options":{"image_generator_settings":{"template":"highway","default_image_id":0,"font":"","enabled":false},"version":2}},"product_brand":[],"product_cat":[2197,2236,2216,2176,2034],"product_tag":[2134,2220,2218,2219],"class_list":{"0":"post-84090","1":"product","2":"type-product","3":"status-publish","4":"has-post-thumbnail","6":"product_cat-blanco-y-negro","7":"product_cat-desnudo-femenino","8":"product_cat-erotismo","9":"product_cat-gente","10":"product_cat-todo","11":"product_tag-decoracion-de-paredes","12":"product_tag-erotismo","13":"product_tag-gente","14":"product_tag-musica","15":"pa_wandbilder-foto-seda-mate-20x30cm","16":"pa_wandbilder-lienzo-20x30","17":"pa_wandbilder-lienzo-40x60","18":"pa_wandbilder-lienzo-60x90","19":"pa_wandbilder-lienzo-80-x-120-cm","20":"pa_wandbilder-pintura-acrilica-20x30","21":"pa_wandbilder-pintura-acrilica-40x60","22":"pa_wandbilder-pintura-acrilica-60x90","23":"pa_wandbilder-poster-acabado-satinado-40x60-cm","24":"pa_wandbilder-poster-semibrillante-30x45cm","25":"pa_wandbilder-poster-semibrillante-60x90cm","26":"pa_wandbilder-poster-semibrillante-70x105cm","27":"entry","28":"has-media","30":"first","31":"instock","32":"featured","33":"taxable","34":"shipping-taxable","35":"purchasable","36":"product-type-variable"},"jetpack_publicize_connections":[],"jetpack_likes_enabled":true,"jetpack_sharing_enabled":true,"_links":{"self":[{"href":"https:\/\/www.light-style.eu\/es\/wp-json\/wp\/v2\/product\/84090","targetHints":{"allow":["GET"]}}],"collection":[{"href":"https:\/\/www.light-style.eu\/es\/wp-json\/wp\/v2\/product"}],"about":[{"href":"https:\/\/www.light-style.eu\/es\/wp-json\/wp\/v2\/types\/product"}],"wp:featuredmedia":[{"embeddable":true,"href":"https:\/\/www.light-style.eu\/es\/wp-json\/wp\/v2\/media\/84097"}],"wp:attachment":[{"href":"https:\/\/www.light-style.eu\/es\/wp-json\/wp\/v2\/media?parent=84090"}],"wp:term":[{"taxonomy":"product_brand","embeddable":true,"href":"https:\/\/www.light-style.eu\/es\/wp-json\/wp\/v2\/product_brand?post=84090"},{"taxonomy":"product_cat","embeddable":true,"href":"https:\/\/www.light-style.eu\/es\/wp-json\/wp\/v2\/product_cat?post=84090"},{"taxonomy":"product_tag","embeddable":true,"href":"https:\/\/www.light-style.eu\/es\/wp-json\/wp\/v2\/product_tag?post=84090"}],"curies":[{"name":"wp","href":"https:\/\/api.w.org\/{rel}","templated":true}]}}