{"id":84281,"date":"2020-12-09T16:37:47","date_gmt":"2020-12-09T15:37:47","guid":{"rendered":"https:\/\/www.light-style.eu\/unser-foto-shop\/cupon-para-estilismo-fotografico-peinado-y-maquillaje\/"},"modified":"2025-01-13T16:23:24","modified_gmt":"2025-01-13T15:23:24","slug":"cupon-para-estilismo-fotografico-peinado-y-maquillaje","status":"publish","type":"product","link":"https:\/\/www.light-style.eu\/es\/nuestra-tienda-de-fotograf\u00eda\/cupon-para-estilismo-fotografico-peinado-y-maquillaje\/","title":{"rendered":"Cup\u00f3n para estilismo fotogr\u00e1fico (peinado y maquillaje)"},"content":{"rendered":"<p>Aqu\u00ed tienes el cup\u00f3n si quieres regalar el estilismo profesional de nuestra maquilladora. Se combinar\u00e1 con el bono que ya hayas reservado o reservado para la sesi\u00f3n. El estilismo solo se puede reservar en relaci\u00f3n con una sesi\u00f3n. Estilo fotogr\u00e1fico, \u00bfqu\u00e9 significa? Nuestro maquillador te peinar\u00e1 con un maquillaje y peinado profesional (en la medida de lo posible, por ejemplo, un corte de paje no abre tantas posibilidades) para la sesi\u00f3n planificada en nuestro estudio. Por supuesto, siempre adaptado a la sesi\u00f3n respectiva y discuta sus deseos mientras dise\u00f1a. El maquillaje fotogr\u00e1fico es algo completamente diferente al maquillaje diario, porque la c\u00e1mara y la luz necesitan un poco m\u00e1s de contraste que el ojo humano en la vida cotidiana, y tambi\u00e9n es muy diferente seg\u00fan el tipo de sesi\u00f3n, desde el discreto estilo de negocios hasta los vampiros en las sesiones er\u00f3ticas. Incluso yo siempre me impresiona mucho cuando veo la diferencia entre antes y despu\u00e9s del peinado. 1 cup\u00f3n por persona para estilizar.<\/p>\n<p><em><strong>IMPORTANTE: No recibir\u00e1 un cup\u00f3n por separado, solo una confirmaci\u00f3n de que el estilo se ha reservado adem\u00e1s de su cup\u00f3n comprado.<\/strong><\/em><\/p>\n<p><em><strong>&nbsp;<\/strong><\/em><\/p>\n","protected":false},"excerpt":{"rendered":"<p>Aqu\u00ed tienes el cup\u00f3n si quieres regalar el estilismo profesional de nuestra maquilladora. Se combinar\u00e1 con el bono que ya hayas reservado o reservado para la sesi\u00f3n. El estilismo solo se puede reservar en relaci\u00f3n con una sesi\u00f3n. Estilo fotogr\u00e1fico, \u00bfqu\u00e9 significa? Nuestro maquillador te peinar\u00e1 con un maquillaje y peinado profesional (en la medida&hellip;<\/p>\n","protected":false},"featured_media":83959,"template":"","meta":{"advanced_seo_description":"","jetpack_seo_html_title":"","jetpack_seo_noindex":false,"ngg_post_thumbnail":0,"jetpack_publicize_message":"","jetpack_publicize_feature_enabled":true,"jetpack_social_post_already_shared":true,"jetpack_social_options":{"image_generator_settings":{"template":"highway","default_image_id":0,"font":"","enabled":false},"version":2}},"product_brand":[],"product_cat":[2034,2186],"product_tag":[2265,2264,2266],"class_list":{"0":"post-84281","1":"product","2":"type-product","3":"status-publish","4":"has-post-thumbnail","6":"product_cat-todo","7":"product_cat-vales","8":"product_tag-cheque-regalo","9":"product_tag-cupon","10":"product_tag-regalo","11":"product_shipping_class-gratis-es","12":"pa_anzahl-verschiedener-fotos-1-es","13":"pa_anzahl-verschiedener-fotos-10-es","14":"pa_anzahl-verschiedener-fotos-12-es","15":"pa_anzahl-verschiedener-fotos-14-es","16":"pa_anzahl-verschiedener-fotos-2-es","17":"pa_anzahl-verschiedener-fotos-4-es","18":"pa_anzahl-verschiedener-fotos-6-es","19":"pa_anzahl-verschiedener-fotos-8-es","20":"pa_online-code-oder-papier-codigo-en-linea","21":"pa_online-code-oder-papier-formulario-en-papel","22":"pa_shootings-fotos-eroticas-individuales","23":"pa_shootings-fotos-eroticas-pareja","24":"pa_shootings-pancita-de-bebe-recien-nacido","25":"pa_shootings-retratos-familia","26":"pa_shootings-retratos-individualmente","27":"pa_shootings-retratos-de-animales","28":"pa_wandbilder-poster-semibrillante-60x90cm","29":"entry","30":"has-media","32":"first","33":"instock","34":"featured","35":"taxable","36":"shipping-taxable","37":"purchasable","38":"product-type-simple"},"jetpack_publicize_connections":[],"jetpack_likes_enabled":true,"jetpack_sharing_enabled":true,"_links":{"self":[{"href":"https:\/\/www.light-style.eu\/es\/wp-json\/wp\/v2\/product\/84281","targetHints":{"allow":["GET"]}}],"collection":[{"href":"https:\/\/www.light-style.eu\/es\/wp-json\/wp\/v2\/product"}],"about":[{"href":"https:\/\/www.light-style.eu\/es\/wp-json\/wp\/v2\/types\/product"}],"wp:featuredmedia":[{"embeddable":true,"href":"https:\/\/www.light-style.eu\/es\/wp-json\/wp\/v2\/media\/83959"}],"wp:attachment":[{"href":"https:\/\/www.light-style.eu\/es\/wp-json\/wp\/v2\/media?parent=84281"}],"wp:term":[{"taxonomy":"product_brand","embeddable":true,"href":"https:\/\/www.light-style.eu\/es\/wp-json\/wp\/v2\/product_brand?post=84281"},{"taxonomy":"product_cat","embeddable":true,"href":"https:\/\/www.light-style.eu\/es\/wp-json\/wp\/v2\/product_cat?post=84281"},{"taxonomy":"product_tag","embeddable":true,"href":"https:\/\/www.light-style.eu\/es\/wp-json\/wp\/v2\/product_tag?post=84281"}],"curies":[{"name":"wp","href":"https:\/\/api.w.org\/{rel}","templated":true}]}}