{"id":84466,"date":"2021-10-25T12:22:13","date_gmt":"2025-01-13T15:25:22","guid":{"rendered":"https:\/\/www.light-style.eu\/unser-foto-shop\/sobre-los-tejados-de-nueva-york\/"},"modified":"2025-01-13T16:25:22","modified_gmt":"2025-01-13T15:25:22","slug":"sobre-los-tejados-de-nueva-york","status":"publish","type":"product","link":"https:\/\/www.light-style.eu\/es\/nuestra-tienda-de-fotograf\u00eda\/sobre-los-tejados-de-nueva-york\/","title":{"rendered":"Sobre los tejados de Nueva York"},"content":{"rendered":"<p>Ve m\u00e1s all\u00e1 de ti mismo y conf\u00eda en ti mismo para hacer cosas que los dem\u00e1s consideran imposibles. Simplemente s\u00e9 maravilloso. <\/p>\n<p>&nbsp;<\/p>\n","protected":false},"excerpt":{"rendered":"<p>Todos nuestros cuadros en acr\u00edlico y lienzo est\u00e1n firmados a mano por el artista y vienen con un certificado de autenticidad<\/p>\n","protected":false},"featured_media":84467,"template":"","meta":{"advanced_seo_description":"","jetpack_seo_html_title":"","jetpack_seo_noindex":false,"ngg_post_thumbnail":0,"jetpack_publicize_message":"","jetpack_publicize_feature_enabled":true,"jetpack_social_post_already_shared":true,"jetpack_social_options":{"image_generator_settings":{"template":"highway","default_image_id":0,"font":"","enabled":false},"version":2}},"product_brand":[],"product_cat":[2268,2176,2182,2034],"product_tag":[2134,2218,2250],"class_list":{"0":"post-84466","1":"product","2":"type-product","3":"status-publish","4":"has-post-thumbnail","6":"product_cat-deporte","7":"product_cat-gente","8":"product_cat-obra-de-arte","9":"product_cat-todo","10":"product_tag-decoracion-de-paredes","11":"product_tag-gente","12":"product_tag-trabajo-de-estudio","13":"pa_wandbilder-foto-seda-mate-20x30cm","14":"pa_wandbilder-lienzo-20x30","15":"pa_wandbilder-lienzo-40x60","16":"pa_wandbilder-lienzo-60x90","17":"pa_wandbilder-lienzo-80-x-120-cm","18":"pa_wandbilder-pintura-acrilica-20x30","19":"pa_wandbilder-pintura-acrilica-40x60","20":"pa_wandbilder-pintura-acrilica-60x90","21":"pa_wandbilder-poster-acabado-satinado-40x60-cm","22":"pa_wandbilder-poster-semibrillante-30x45cm","23":"pa_wandbilder-poster-semibrillante-60x90cm","24":"pa_wandbilder-poster-semibrillante-70x105cm","25":"entry","26":"has-media","28":"first","29":"instock","30":"taxable","31":"shipping-taxable","32":"purchasable","33":"product-type-variable"},"jetpack_publicize_connections":[],"jetpack_likes_enabled":true,"jetpack_sharing_enabled":true,"_links":{"self":[{"href":"https:\/\/www.light-style.eu\/es\/wp-json\/wp\/v2\/product\/84466","targetHints":{"allow":["GET"]}}],"collection":[{"href":"https:\/\/www.light-style.eu\/es\/wp-json\/wp\/v2\/product"}],"about":[{"href":"https:\/\/www.light-style.eu\/es\/wp-json\/wp\/v2\/types\/product"}],"wp:featuredmedia":[{"embeddable":true,"href":"https:\/\/www.light-style.eu\/es\/wp-json\/wp\/v2\/media\/84467"}],"wp:attachment":[{"href":"https:\/\/www.light-style.eu\/es\/wp-json\/wp\/v2\/media?parent=84466"}],"wp:term":[{"taxonomy":"product_brand","embeddable":true,"href":"https:\/\/www.light-style.eu\/es\/wp-json\/wp\/v2\/product_brand?post=84466"},{"taxonomy":"product_cat","embeddable":true,"href":"https:\/\/www.light-style.eu\/es\/wp-json\/wp\/v2\/product_cat?post=84466"},{"taxonomy":"product_tag","embeddable":true,"href":"https:\/\/www.light-style.eu\/es\/wp-json\/wp\/v2\/product_tag?post=84466"}],"curies":[{"name":"wp","href":"https:\/\/api.w.org\/{rel}","templated":true}]}}