{"id":84638,"date":"2021-10-25T15:30:28","date_gmt":"2025-01-13T15:26:32","guid":{"rendered":"https:\/\/www.light-style.eu\/unser-foto-shop\/el-chapuzon\/"},"modified":"2025-01-13T16:26:32","modified_gmt":"2025-01-13T15:26:32","slug":"el-chapuzon","status":"publish","type":"product","link":"https:\/\/www.light-style.eu\/es\/nuestra-tienda-de-fotograf\u00eda\/el-chapuzon\/","title":{"rendered":"El chapuz\u00f3n"},"content":{"rendered":"<p>El agua y la feminidad desnuda y delicada, s\u00edmbolo primordial de la vida. De nuevo, debidamente fotografiada, atorment\u00f3 a la joven con muchos intentos y sin creaci\u00f3n de Photoshop \ud83d\ude42 <\/p>\n<p>&nbsp;<\/p>\n<p>&nbsp;<\/p>\n","protected":false},"excerpt":{"rendered":"<p>Todos nuestros cuadros en acr\u00edlico y lienzo est\u00e1n firmados a mano por el artista y vienen con un certificado de autenticidad<\/p>\n","protected":false},"featured_media":84639,"template":"","meta":{"advanced_seo_description":"","jetpack_seo_html_title":"","jetpack_seo_noindex":false,"ngg_post_thumbnail":0,"jetpack_publicize_message":"","jetpack_publicize_feature_enabled":true,"jetpack_social_post_already_shared":true,"jetpack_social_options":{"image_generator_settings":{"template":"highway","default_image_id":0,"font":"","enabled":false},"version":2}},"product_brand":[],"product_cat":[2197,2236,2216,2176,2034],"product_tag":[2134,2220,2218,2219],"class_list":{"0":"post-84638","1":"product","2":"type-product","3":"status-publish","4":"has-post-thumbnail","6":"product_cat-blanco-y-negro","7":"product_cat-desnudo-femenino","8":"product_cat-erotismo","9":"product_cat-gente","10":"product_cat-todo","11":"product_tag-decoracion-de-paredes","12":"product_tag-erotismo","13":"product_tag-gente","14":"product_tag-musica","15":"pa_wandbilder-foto-seda-mate-20x30cm","16":"pa_wandbilder-lienzo-20x30","17":"pa_wandbilder-lienzo-40x60","18":"pa_wandbilder-lienzo-60x90","19":"pa_wandbilder-lienzo-80-x-120-cm","20":"pa_wandbilder-pintura-acrilica-20x30","21":"pa_wandbilder-pintura-acrilica-40x60","22":"pa_wandbilder-pintura-acrilica-60x90","23":"pa_wandbilder-poster-acabado-satinado-40x60-cm","24":"pa_wandbilder-poster-semibrillante-30x45cm","25":"pa_wandbilder-poster-semibrillante-60x90cm","26":"pa_wandbilder-poster-semibrillante-70x105cm","27":"entry","28":"has-media","30":"first","31":"instock","32":"taxable","33":"shipping-taxable","34":"purchasable","35":"product-type-variable"},"jetpack_publicize_connections":[],"jetpack_likes_enabled":true,"jetpack_sharing_enabled":true,"_links":{"self":[{"href":"https:\/\/www.light-style.eu\/es\/wp-json\/wp\/v2\/product\/84638","targetHints":{"allow":["GET"]}}],"collection":[{"href":"https:\/\/www.light-style.eu\/es\/wp-json\/wp\/v2\/product"}],"about":[{"href":"https:\/\/www.light-style.eu\/es\/wp-json\/wp\/v2\/types\/product"}],"wp:featuredmedia":[{"embeddable":true,"href":"https:\/\/www.light-style.eu\/es\/wp-json\/wp\/v2\/media\/84639"}],"wp:attachment":[{"href":"https:\/\/www.light-style.eu\/es\/wp-json\/wp\/v2\/media?parent=84638"}],"wp:term":[{"taxonomy":"product_brand","embeddable":true,"href":"https:\/\/www.light-style.eu\/es\/wp-json\/wp\/v2\/product_brand?post=84638"},{"taxonomy":"product_cat","embeddable":true,"href":"https:\/\/www.light-style.eu\/es\/wp-json\/wp\/v2\/product_cat?post=84638"},{"taxonomy":"product_tag","embeddable":true,"href":"https:\/\/www.light-style.eu\/es\/wp-json\/wp\/v2\/product_tag?post=84638"}],"curies":[{"name":"wp","href":"https:\/\/api.w.org\/{rel}","templated":true}]}}