{"id":85498,"date":"2019-03-01T10:14:20","date_gmt":"2025-01-13T15:41:23","guid":{"rendered":"https:\/\/www.light-style.eu\/unser-foto-shop\/conceptos-basicos-de-la-fotografia-slr\/"},"modified":"2025-01-13T16:41:23","modified_gmt":"2025-01-13T15:41:23","slug":"conceptos-basicos-de-la-fotografia-slr","status":"publish","type":"product","link":"https:\/\/www.light-style.eu\/es\/nuestra-tienda-de-fotograf\u00eda\/conceptos-basicos-de-la-fotografia-slr\/","title":{"rendered":"Conceptos b\u00e1sicos de la fotograf\u00eda SLR"},"content":{"rendered":"<p>Todos nuestros cursos son coaching individual, lo que significa que tardamos unas 6 horas solo para ti. El participante m\u00e1s joven actual ten\u00eda 14 a\u00f1os, por supuesto que no hay l\u00edmites m\u00e1ximos para aprender este gran pasatiempo. En este curso b\u00e1sico sobre la c\u00e1mara SLR aprender\u00e1s de qu\u00e9 se trata la <strong>apertura, el iso, el tiempo de exposici\u00f3n<\/strong> , c\u00f3mo estos 3 trabajan juntos para tomar tus propias fotos impresionantes. <em><strong>Lejos del modo autom\u00e1tico para fotos geniales y creativas.<\/strong><\/em> Al final, t\u00fa controlas la c\u00e1mara y no la c\u00e1mara que t\u00fa \ud83d\ude09 Por supuesto, esto tambi\u00e9n se aplica a las c\u00e1maras sin espejo modernas \ud83d\ude09 \u00bfC\u00f3mo puedo conseguir retratos de mis seres queridos frente a este fondo borroso, o c\u00f3mo puedo conseguir que mi perro corriendo est\u00e9 n\u00edtido, etc.? Tambi\u00e9n arrojaremos luz sobre el tema <strong>del formato RAW en contraste con JPG<\/strong> , para que puedas sacar el m\u00e1ximo partido a tus fotos. 2-3 horas de teor\u00eda conmigo en el estudio y luego es hora de salir, si es posible nos orientaremos a los temas que deben ser su enfoque. No importa si es tu hijo, tu perro, tu caballo, las ciudades o la naturaleza. Si lo desea, nos sentaremos juntos por la noche en un ambiente acogedor y discutiremos su trabajo del d\u00eda. Recibir\u00e1s documentos para leer lo que has aprendido en casa. Concertaremos citas con usted directamente despu\u00e9s de su compra.<\/p>\n<p>&nbsp;<\/p>\n<p>Si desea <em><strong>regalar este seminario<\/strong><\/em> , h\u00e1gamelo saber en un breve correo despu\u00e9s de la compra, luego preparar\u00e9 un cup\u00f3n para usted, que puedo enviarle o puede recogerme<\/p>\n<p>&nbsp;<\/p>\n","protected":false},"excerpt":{"rendered":"<p><strong>Aprende los conceptos b\u00e1sicos de la fotograf\u00eda, lejos de tomar fotograf\u00edas y crear fotos<\/strong><\/p>\n<p> impresionantes<strong>Todos nuestros cursos de fotograf\u00eda son coaching individual, nos concentramos completamente en ti y en tus necesidades individuales.<\/strong><\/p>\n<p><span style=\"color: #339966;\"><strong>Pero realmente quieres hacer este taller con otra persona, por ejemplo, tu pareja, ok, escr\u00edbeme un correo electr\u00f3nico y te har\u00e9 una oferta individual para 2 personas.<\/strong><\/span><\/p>\n<p><strong>Consulte a continuaci\u00f3n la descripci\u00f3n completa.<\/strong><\/p>\n","protected":false},"featured_media":78156,"template":"","meta":{"advanced_seo_description":"","jetpack_seo_html_title":"","jetpack_seo_noindex":false,"ngg_post_thumbnail":0,"jetpack_publicize_message":"","jetpack_publicize_feature_enabled":true,"jetpack_social_post_already_shared":true,"jetpack_social_options":{"image_generator_settings":{"template":"highway","default_image_id":0,"font":"","enabled":false},"version":2}},"product_brand":[],"product_cat":[2261,2034],"product_tag":[],"class_list":{"0":"post-85498","1":"product","2":"type-product","3":"status-publish","4":"has-post-thumbnail","6":"product_cat-cursos-talleres","7":"product_cat-todo","8":"product_shipping_class-paquete-pequeno","9":"pa_wandbilder-poster-semibrillante-60x90cm","10":"entry","11":"has-media","13":"first","14":"instock","15":"virtual","16":"taxable","17":"purchasable","18":"product-type-simple"},"jetpack_publicize_connections":[],"jetpack_likes_enabled":true,"jetpack_sharing_enabled":true,"_links":{"self":[{"href":"https:\/\/www.light-style.eu\/es\/wp-json\/wp\/v2\/product\/85498","targetHints":{"allow":["GET"]}}],"collection":[{"href":"https:\/\/www.light-style.eu\/es\/wp-json\/wp\/v2\/product"}],"about":[{"href":"https:\/\/www.light-style.eu\/es\/wp-json\/wp\/v2\/types\/product"}],"wp:featuredmedia":[{"embeddable":true,"href":"https:\/\/www.light-style.eu\/es\/wp-json\/wp\/v2\/media\/78156"}],"wp:attachment":[{"href":"https:\/\/www.light-style.eu\/es\/wp-json\/wp\/v2\/media?parent=85498"}],"wp:term":[{"taxonomy":"product_brand","embeddable":true,"href":"https:\/\/www.light-style.eu\/es\/wp-json\/wp\/v2\/product_brand?post=85498"},{"taxonomy":"product_cat","embeddable":true,"href":"https:\/\/www.light-style.eu\/es\/wp-json\/wp\/v2\/product_cat?post=85498"},{"taxonomy":"product_tag","embeddable":true,"href":"https:\/\/www.light-style.eu\/es\/wp-json\/wp\/v2\/product_tag?post=85498"}],"curies":[{"name":"wp","href":"https:\/\/api.w.org\/{rel}","templated":true}]}}