{"id":85527,"date":"2019-01-30T09:55:41","date_gmt":"2019-01-30T08:55:41","guid":{"rendered":"https:\/\/www.light-style.eu\/unser-foto-shop\/vale-de-valor\/"},"modified":"2025-01-13T16:41:39","modified_gmt":"2025-01-13T15:41:39","slug":"vale-de-valor","status":"publish","type":"product","link":"https:\/\/www.light-style.eu\/es\/nuestra-tienda-de-fotograf\u00eda\/vale-de-valor\/","title":{"rendered":"Vale de valor"},"content":{"rendered":"<p>Aqu\u00ed ahora puede elegir un cup\u00f3n con una cantidad fija. Tambi\u00e9n se puede aplicar a m\u00faltiples brotes. A diferencia de nuestros cupones de disparo, donde t\u00fa estableces el n\u00famero de fotos. Ahora puede comprar uno o m\u00e1s cupones para usted o como vale de regalo. Te ofrecemos la posibilidad de recibir un cup\u00f3n impreso de nuestra parte o un c\u00f3digo en l\u00ednea con el que puedes crear tu propio cup\u00f3n creativo. Puede obtener el formulario en papel como carta certificada o en nuestro estudio. La versi\u00f3n del c\u00f3digo en l\u00ednea tarda aproximadamente 3 horas (durante nuestro horario de apertura) hasta que lo tenga en su buz\u00f3n, verifique tambi\u00e9n la carpeta de correo no deseado si no recibe un correo electr\u00f3nico.<\/p>\n<p><em><strong>\u00bfSe deben combinar los valores de varias compras de cupones en un solo cup\u00f3n? H\u00e1ganos saber esto brevemente al pagar. <\/strong><\/em><\/p>\n","protected":false},"excerpt":{"rendered":"<p>Aqu\u00ed ahora puede elegir un cup\u00f3n con una cantidad fija. Tambi\u00e9n se puede aplicar a m\u00faltiples brotes. A diferencia de nuestros cupones de disparo, donde t\u00fa estableces el n\u00famero de fotos. Ahora puede comprar uno o m\u00e1s cupones para usted o como vale de regalo. Te ofrecemos la posibilidad de recibir un cup\u00f3n impreso de&hellip;<\/p>\n","protected":false},"featured_media":83957,"template":"","meta":{"advanced_seo_description":"","jetpack_seo_html_title":"","jetpack_seo_noindex":false,"ngg_post_thumbnail":0,"jetpack_publicize_message":"","jetpack_publicize_feature_enabled":true,"jetpack_social_post_already_shared":true,"jetpack_social_options":{"image_generator_settings":{"template":"highway","default_image_id":0,"font":"","enabled":false},"version":2}},"product_brand":[],"product_cat":[2034,2186],"product_tag":[2265,2264,2266],"class_list":{"0":"post-85527","1":"product","2":"type-product","3":"status-publish","4":"has-post-thumbnail","6":"product_cat-todo","7":"product_cat-vales","8":"product_tag-cheque-regalo","9":"product_tag-cupon","10":"product_tag-regalo","11":"product_shipping_class-gratis-es","12":"pa_gutscheinverwendung-mural-exclusivo","13":"pa_gutscheinverwendung-sesion-de-fotos","14":"pa_online-code-oder-papier-codigo-en-linea","15":"pa_online-code-oder-papier-formulario-en-papel","16":"pa_wert-des-gutscheins-10-e-es","17":"pa_wert-des-gutscheins-100-e-es","18":"pa_wert-des-gutscheins-1000-e-es","19":"pa_wert-des-gutscheins-200-e-es","20":"pa_wert-des-gutscheins-50-e-es","21":"pa_wert-des-gutscheins-500-e-es","22":"entry","23":"has-media","25":"first","26":"instock","27":"featured","28":"taxable","29":"shipping-taxable","30":"purchasable","31":"product-type-variable","32":"has-default-attributes"},"jetpack_publicize_connections":[],"jetpack_likes_enabled":true,"jetpack_sharing_enabled":true,"_links":{"self":[{"href":"https:\/\/www.light-style.eu\/es\/wp-json\/wp\/v2\/product\/85527","targetHints":{"allow":["GET"]}}],"collection":[{"href":"https:\/\/www.light-style.eu\/es\/wp-json\/wp\/v2\/product"}],"about":[{"href":"https:\/\/www.light-style.eu\/es\/wp-json\/wp\/v2\/types\/product"}],"wp:featuredmedia":[{"embeddable":true,"href":"https:\/\/www.light-style.eu\/es\/wp-json\/wp\/v2\/media\/83957"}],"wp:attachment":[{"href":"https:\/\/www.light-style.eu\/es\/wp-json\/wp\/v2\/media?parent=85527"}],"wp:term":[{"taxonomy":"product_brand","embeddable":true,"href":"https:\/\/www.light-style.eu\/es\/wp-json\/wp\/v2\/product_brand?post=85527"},{"taxonomy":"product_cat","embeddable":true,"href":"https:\/\/www.light-style.eu\/es\/wp-json\/wp\/v2\/product_cat?post=85527"},{"taxonomy":"product_tag","embeddable":true,"href":"https:\/\/www.light-style.eu\/es\/wp-json\/wp\/v2\/product_tag?post=85527"}],"curies":[{"name":"wp","href":"https:\/\/api.w.org\/{rel}","templated":true}]}}