{"id":86822,"date":"2018-12-13T11:02:23","date_gmt":"2025-01-13T16:10:06","guid":{"rendered":"https:\/\/www.light-style.eu\/unser-foto-shop\/parte-trasera-caliente-1\/"},"modified":"2025-01-13T17:10:06","modified_gmt":"2025-01-13T16:10:06","slug":"parte-trasera-caliente-1","status":"publish","type":"product","link":"https:\/\/www.light-style.eu\/es\/nuestra-tienda-de-fotograf\u00eda\/parte-trasera-caliente-1\/","title":{"rendered":"Parte trasera caliente-1"},"content":{"rendered":"<p>Aqu\u00ed hay una gran foto del campo de la fotograf\u00eda de desnudos est\u00e9ticos. Me gusta el estilo de los viejos maestros de la fotograf\u00eda. Caliente y a la vez elegante.<\/p>\n","protected":false},"excerpt":{"rendered":"<p>Todos nuestros cuadros en acr\u00edlico y lienzo est\u00e1n firmados a mano por el artista y vienen con un certificado de autenticidad<\/p>\n","protected":false},"featured_media":86823,"template":"","meta":{"advanced_seo_description":"","jetpack_seo_html_title":"","jetpack_seo_noindex":false,"ngg_post_thumbnail":0,"jetpack_publicize_message":"","jetpack_publicize_feature_enabled":true,"jetpack_social_post_already_shared":true,"jetpack_social_options":{"image_generator_settings":{"template":"highway","default_image_id":0,"font":"","enabled":false},"version":2}},"product_brand":[],"product_cat":[2197,2236,2216,2176,2034],"product_tag":[2198,2220,2218],"class_list":{"0":"post-86822","1":"product","2":"type-product","3":"status-publish","4":"has-post-thumbnail","6":"product_cat-blanco-y-negro","7":"product_cat-desnudo-femenino","8":"product_cat-erotismo","9":"product_cat-gente","10":"product_cat-todo","11":"product_tag-blanco-y-negro","12":"product_tag-erotismo","13":"product_tag-gente","14":"pa_wandbilder-foto-seda-mate-20x30cm","15":"pa_wandbilder-lienzo-20x30","16":"pa_wandbilder-lienzo-40x60","17":"pa_wandbilder-lienzo-60x90","18":"pa_wandbilder-lienzo-80-x-120-cm","19":"pa_wandbilder-pintura-acrilica-20x30","20":"pa_wandbilder-pintura-acrilica-40x60","21":"pa_wandbilder-pintura-acrilica-60x90","22":"pa_wandbilder-poster-acabado-satinado-40x60-cm","23":"pa_wandbilder-poster-semibrillante-30x45cm","24":"pa_wandbilder-poster-semibrillante-60x90cm","25":"pa_wandbilder-poster-semibrillante-70x105cm","26":"entry","27":"has-media","29":"first","30":"instock","31":"taxable","32":"shipping-taxable","33":"purchasable","34":"product-type-variable"},"jetpack_publicize_connections":[],"jetpack_likes_enabled":true,"jetpack_sharing_enabled":true,"_links":{"self":[{"href":"https:\/\/www.light-style.eu\/es\/wp-json\/wp\/v2\/product\/86822","targetHints":{"allow":["GET"]}}],"collection":[{"href":"https:\/\/www.light-style.eu\/es\/wp-json\/wp\/v2\/product"}],"about":[{"href":"https:\/\/www.light-style.eu\/es\/wp-json\/wp\/v2\/types\/product"}],"wp:featuredmedia":[{"embeddable":true,"href":"https:\/\/www.light-style.eu\/es\/wp-json\/wp\/v2\/media\/86823"}],"wp:attachment":[{"href":"https:\/\/www.light-style.eu\/es\/wp-json\/wp\/v2\/media?parent=86822"}],"wp:term":[{"taxonomy":"product_brand","embeddable":true,"href":"https:\/\/www.light-style.eu\/es\/wp-json\/wp\/v2\/product_brand?post=86822"},{"taxonomy":"product_cat","embeddable":true,"href":"https:\/\/www.light-style.eu\/es\/wp-json\/wp\/v2\/product_cat?post=86822"},{"taxonomy":"product_tag","embeddable":true,"href":"https:\/\/www.light-style.eu\/es\/wp-json\/wp\/v2\/product_tag?post=86822"}],"curies":[{"name":"wp","href":"https:\/\/api.w.org\/{rel}","templated":true}]}}