{"id":88074,"date":"2018-11-11T18:36:26","date_gmt":"2025-01-13T16:48:31","guid":{"rendered":"https:\/\/www.light-style.eu\/unser-foto-shop\/dresde-2018-325\/"},"modified":"2025-01-13T17:48:31","modified_gmt":"2025-01-13T16:48:31","slug":"dresde-2018-325","status":"publish","type":"product","link":"https:\/\/www.light-style.eu\/es\/nuestra-tienda-de-fotograf\u00eda\/dresde-2018-325\/","title":{"rendered":"Dresde 2018-325"},"content":{"rendered":"<p>Dresde, esta maravillosa y magn\u00edficamente restaurada ciudad merece sin duda una visita. En ning\u00fan otro lugar he visto una variedad tan maravillosa de grandes edificios antiguos. Un aspecto dram\u00e1tico, pero creo que es muy apropiado para estas paredes <\/p>\n<p>&nbsp;<\/p>\n","protected":false},"excerpt":{"rendered":"<p>Todos nuestros cuadros en acr\u00edlico y lienzo est\u00e1n firmados a mano por el artista y vienen con un certificado de autenticidad<\/p>\n","protected":false},"featured_media":78041,"template":"","meta":{"advanced_seo_description":"","jetpack_seo_html_title":"","jetpack_seo_noindex":false,"ngg_post_thumbnail":0,"jetpack_publicize_message":"","jetpack_publicize_feature_enabled":true,"jetpack_social_post_already_shared":true,"jetpack_social_options":{"image_generator_settings":{"template":"highway","default_image_id":0,"font":"","enabled":false},"version":2}},"product_brand":[],"product_cat":[2150,2153,2033,2034],"product_tag":[2214,2301,2285,2274,2300],"class_list":{"0":"post-88074","1":"product","2":"type-product","3":"status-publish","4":"has-post-thumbnail","6":"product_cat-alemania","7":"product_cat-edificios","8":"product_cat-paises","9":"product_cat-todo","10":"product_tag-alemania","11":"product_tag-dresde-es","12":"product_tag-europa-es","13":"product_tag-paises","14":"product_tag-sajonia","15":"pa_wandbilder-foto-seda-mate-20x30cm","16":"pa_wandbilder-lienzo-20x30","17":"pa_wandbilder-lienzo-40x60","18":"pa_wandbilder-lienzo-60x90","19":"pa_wandbilder-lienzo-80-x-120-cm","20":"pa_wandbilder-pintura-acrilica-20x30","21":"pa_wandbilder-pintura-acrilica-40x60","22":"pa_wandbilder-pintura-acrilica-60x90","23":"pa_wandbilder-poster-acabado-satinado-40x60-cm","24":"pa_wandbilder-poster-semibrillante-30x45cm","25":"pa_wandbilder-poster-semibrillante-60x90cm","26":"pa_wandbilder-poster-semibrillante-70x105cm","27":"entry","28":"has-media","30":"first","31":"instock","32":"taxable","33":"shipping-taxable","34":"purchasable","35":"product-type-variable"},"jetpack_publicize_connections":[],"jetpack_likes_enabled":true,"jetpack_sharing_enabled":true,"_links":{"self":[{"href":"https:\/\/www.light-style.eu\/es\/wp-json\/wp\/v2\/product\/88074","targetHints":{"allow":["GET"]}}],"collection":[{"href":"https:\/\/www.light-style.eu\/es\/wp-json\/wp\/v2\/product"}],"about":[{"href":"https:\/\/www.light-style.eu\/es\/wp-json\/wp\/v2\/types\/product"}],"wp:featuredmedia":[{"embeddable":true,"href":"https:\/\/www.light-style.eu\/es\/wp-json\/wp\/v2\/media\/78041"}],"wp:attachment":[{"href":"https:\/\/www.light-style.eu\/es\/wp-json\/wp\/v2\/media?parent=88074"}],"wp:term":[{"taxonomy":"product_brand","embeddable":true,"href":"https:\/\/www.light-style.eu\/es\/wp-json\/wp\/v2\/product_brand?post=88074"},{"taxonomy":"product_cat","embeddable":true,"href":"https:\/\/www.light-style.eu\/es\/wp-json\/wp\/v2\/product_cat?post=88074"},{"taxonomy":"product_tag","embeddable":true,"href":"https:\/\/www.light-style.eu\/es\/wp-json\/wp\/v2\/product_tag?post=88074"}],"curies":[{"name":"wp","href":"https:\/\/api.w.org\/{rel}","templated":true}]}}