{"id":89416,"date":"2018-11-11T16:41:32","date_gmt":"2025-01-13T17:08:49","guid":{"rendered":"https:\/\/www.light-style.eu\/unser-foto-shop\/suiza-sajona-bastei-2018-729\/"},"modified":"2025-01-13T18:08:49","modified_gmt":"2025-01-13T17:08:49","slug":"suiza-sajona-bastei-2018-729","status":"publish","type":"product","link":"https:\/\/www.light-style.eu\/es\/nuestra-tienda-de-fotograf\u00eda\/suiza-sajona-bastei-2018-729\/","title":{"rendered":"Suiza sajona-Bastei-2018-729"},"content":{"rendered":"<p>Sajonia tiene una naturaleza maravillosa, en parte salvaje y \u00e1spera. Aqu\u00ed se encuentra uno de los edificios m\u00e1s importantes de Sajonia, el Bastei. Ok, aqu\u00ed era m\u00e1s el amanecer a las 6 de la ma\u00f1ana que el atardecer \ud83d\ude09 <\/p>\n","protected":false},"excerpt":{"rendered":"<p>Todos nuestros cuadros en acr\u00edlico y lienzo est\u00e1n firmados a mano por el artista y vienen con un certificado de autenticidad<\/p>\n","protected":false},"featured_media":78090,"template":"","meta":{"advanced_seo_description":"","jetpack_seo_html_title":"","jetpack_seo_noindex":false,"ngg_post_thumbnail":0,"jetpack_publicize_message":"","jetpack_publicize_feature_enabled":true,"jetpack_social_post_already_shared":true,"jetpack_social_options":{"image_generator_settings":{"template":"highway","default_image_id":0,"font":"","enabled":false},"version":2}},"product_brand":[],"product_cat":[2150,2148,2152,2147,2033,2151,2034],"product_tag":[2214,2314,2285,2039,2274,2149,2170,2300,2315],"class_list":{"0":"post-89416","1":"product","2":"type-product","3":"status-publish","4":"has-post-thumbnail","6":"product_cat-alemania","7":"product_cat-atardeceres","8":"product_cat-mar","9":"product_cat-naturaleza","10":"product_cat-paises","11":"product_cat-playa","12":"product_cat-todo","13":"product_tag-alemania","14":"product_tag-baluarte","15":"product_tag-europa-es","16":"product_tag-naturaleza","17":"product_tag-paises","18":"product_tag-puesta-del-sol","19":"product_tag-puesta-del-sol-es","20":"product_tag-sajonia","21":"product_tag-suiza-sajona","22":"pa_wandbilder-foto-seda-mate-20x30cm","23":"pa_wandbilder-lienzo-20x30","24":"pa_wandbilder-lienzo-40x60","25":"pa_wandbilder-lienzo-60x90","26":"pa_wandbilder-lienzo-80-x-120-cm","27":"pa_wandbilder-pintura-acrilica-20x30","28":"pa_wandbilder-pintura-acrilica-40x60","29":"pa_wandbilder-pintura-acrilica-60x90","30":"pa_wandbilder-poster-acabado-satinado-40x60-cm","31":"pa_wandbilder-poster-semibrillante-30x45cm","32":"pa_wandbilder-poster-semibrillante-60x90cm","33":"pa_wandbilder-poster-semibrillante-70x105cm","34":"entry","35":"has-media","37":"first","38":"instock","39":"taxable","40":"shipping-taxable","41":"purchasable","42":"product-type-variable"},"jetpack_publicize_connections":[],"jetpack_likes_enabled":true,"jetpack_sharing_enabled":true,"_links":{"self":[{"href":"https:\/\/www.light-style.eu\/es\/wp-json\/wp\/v2\/product\/89416","targetHints":{"allow":["GET"]}}],"collection":[{"href":"https:\/\/www.light-style.eu\/es\/wp-json\/wp\/v2\/product"}],"about":[{"href":"https:\/\/www.light-style.eu\/es\/wp-json\/wp\/v2\/types\/product"}],"wp:featuredmedia":[{"embeddable":true,"href":"https:\/\/www.light-style.eu\/es\/wp-json\/wp\/v2\/media\/78090"}],"wp:attachment":[{"href":"https:\/\/www.light-style.eu\/es\/wp-json\/wp\/v2\/media?parent=89416"}],"wp:term":[{"taxonomy":"product_brand","embeddable":true,"href":"https:\/\/www.light-style.eu\/es\/wp-json\/wp\/v2\/product_brand?post=89416"},{"taxonomy":"product_cat","embeddable":true,"href":"https:\/\/www.light-style.eu\/es\/wp-json\/wp\/v2\/product_cat?post=89416"},{"taxonomy":"product_tag","embeddable":true,"href":"https:\/\/www.light-style.eu\/es\/wp-json\/wp\/v2\/product_tag?post=89416"}],"curies":[{"name":"wp","href":"https:\/\/api.w.org\/{rel}","templated":true}]}}