{"id":91019,"date":"2018-11-11T15:27:10","date_gmt":"2025-01-13T17:33:55","guid":{"rendered":"https:\/\/www.light-style.eu\/unser-foto-shop\/colores-de-la-naturaleza-5\/"},"modified":"2025-01-13T18:34:40","modified_gmt":"2025-01-13T17:34:40","slug":"colores-de-la-naturaleza-5","status":"publish","type":"product","link":"https:\/\/www.light-style.eu\/es\/nuestra-tienda-de-fotograf\u00eda\/colores-de-la-naturaleza-5\/","title":{"rendered":"Colores de la Naturaleza 5"},"content":{"rendered":"<p>Cuando \u00edbamos de camino al desierto alem\u00e1n en aquel entonces, por supuesto, tambi\u00e9n hab\u00eda un desv\u00edo hacia el hermoso Spreewald. Aqu\u00ed puedes aguantar, dejar que tu mente divague. <\/p>\n<p>&nbsp;<\/p>\n","protected":false},"excerpt":{"rendered":"<p>Todos nuestros cuadros en acr\u00edlico y lienzo est\u00e1n firmados a mano por el artista y vienen con un certificado de autenticidad<\/p>\n","protected":false},"featured_media":91020,"template":"","meta":{"advanced_seo_description":"","jetpack_seo_html_title":"","jetpack_seo_noindex":false,"ngg_post_thumbnail":0,"jetpack_publicize_message":"","jetpack_publicize_feature_enabled":true,"jetpack_social_post_already_shared":true,"jetpack_social_options":{"image_generator_settings":{"template":"highway","default_image_id":0,"font":"","enabled":false},"version":2}},"product_brand":[],"product_cat":[2150,2148,2152,2147,2033,2206,2151,2169,2034],"product_tag":[2214,2286,2285,2039,2274,2149,2170,2316],"class_list":{"0":"post-91019","1":"product","2":"type-product","3":"status-publish","4":"has-post-thumbnail","6":"product_cat-alemania","7":"product_cat-atardeceres","8":"product_cat-mar","9":"product_cat-naturaleza","10":"product_cat-paises","11":"product_cat-planta","12":"product_cat-playa","13":"product_cat-romantica-es","14":"product_cat-todo","15":"product_tag-alemania","16":"product_tag-bosque-aleman","17":"product_tag-europa-es","18":"product_tag-naturaleza","19":"product_tag-paises","20":"product_tag-puesta-del-sol","21":"product_tag-puesta-del-sol-es","22":"product_tag-spreewald-es","23":"pa_wandbilder-foto-seda-mate-20x30cm","24":"pa_wandbilder-lienzo-20x30","25":"pa_wandbilder-lienzo-40x60","26":"pa_wandbilder-lienzo-60x90","27":"pa_wandbilder-lienzo-80-x-120-cm","28":"pa_wandbilder-pintura-acrilica-20x30","29":"pa_wandbilder-pintura-acrilica-40x60","30":"pa_wandbilder-pintura-acrilica-60x90","31":"pa_wandbilder-poster-acabado-satinado-40x60-cm","32":"pa_wandbilder-poster-semibrillante-30x45cm","33":"pa_wandbilder-poster-semibrillante-60x90cm","34":"pa_wandbilder-poster-semibrillante-70x105cm","35":"entry","36":"has-media","38":"first","39":"instock","40":"taxable","41":"shipping-taxable","42":"purchasable","43":"product-type-variable"},"jetpack_publicize_connections":[],"jetpack_likes_enabled":true,"jetpack_sharing_enabled":true,"_links":{"self":[{"href":"https:\/\/www.light-style.eu\/es\/wp-json\/wp\/v2\/product\/91019","targetHints":{"allow":["GET"]}}],"collection":[{"href":"https:\/\/www.light-style.eu\/es\/wp-json\/wp\/v2\/product"}],"about":[{"href":"https:\/\/www.light-style.eu\/es\/wp-json\/wp\/v2\/types\/product"}],"wp:featuredmedia":[{"embeddable":true,"href":"https:\/\/www.light-style.eu\/es\/wp-json\/wp\/v2\/media\/91020"}],"wp:attachment":[{"href":"https:\/\/www.light-style.eu\/es\/wp-json\/wp\/v2\/media?parent=91019"}],"wp:term":[{"taxonomy":"product_brand","embeddable":true,"href":"https:\/\/www.light-style.eu\/es\/wp-json\/wp\/v2\/product_brand?post=91019"},{"taxonomy":"product_cat","embeddable":true,"href":"https:\/\/www.light-style.eu\/es\/wp-json\/wp\/v2\/product_cat?post=91019"},{"taxonomy":"product_tag","embeddable":true,"href":"https:\/\/www.light-style.eu\/es\/wp-json\/wp\/v2\/product_tag?post=91019"}],"curies":[{"name":"wp","href":"https:\/\/api.w.org\/{rel}","templated":true}]}}