{"id":91628,"date":"2018-11-10T18:27:39","date_gmt":"2025-01-14T09:13:57","guid":{"rendered":"https:\/\/www.light-style.eu\/unser-foto-shop\/desierto-aleman-16\/"},"modified":"2025-01-14T10:13:57","modified_gmt":"2025-01-14T09:13:57","slug":"desierto-aleman-16","status":"publish","type":"product","link":"https:\/\/www.light-style.eu\/es\/nuestra-tienda-de-fotograf\u00eda\/desierto-aleman-16\/","title":{"rendered":"Desierto-Alem\u00e1n-16"},"content":{"rendered":"<p>El <a href=\"https:\/\/de.wikipedia.org\/wiki\/Lieberoser_W%C3%BCste\" target=\"_blank\" rel=\"noopener noreferrer\">desierto alem\u00e1n<\/a>, s\u00ed, as\u00ed es, aqu\u00ed tambi\u00e9n tenemos un desierto, aunque sea peque\u00f1o. Yo misma no lo sab\u00eda hasta que una modelo quiso fotografiar en el desierto alem\u00e1n. Un paisaje \u00fanico <\/p>\n","protected":false},"excerpt":{"rendered":"<p>Todos nuestros cuadros en acr\u00edlico y lienzo est\u00e1n firmados a mano por el artista y vienen con un certificado de autenticidad<\/p>\n","protected":false},"featured_media":78038,"template":"","meta":{"advanced_seo_description":"","jetpack_seo_html_title":"","jetpack_seo_noindex":false,"ngg_post_thumbnail":0,"jetpack_publicize_message":"","jetpack_publicize_feature_enabled":true,"jetpack_social_post_already_shared":true,"jetpack_social_options":{"image_generator_settings":{"template":"highway","default_image_id":0,"font":"","enabled":false},"version":2}},"product_brand":[],"product_cat":[2150,2147,2033,2034],"product_tag":[2214,2308,2285,2274],"class_list":{"0":"post-91628","1":"product","2":"type-product","3":"status-publish","4":"has-post-thumbnail","6":"product_cat-alemania","7":"product_cat-naturaleza","8":"product_cat-paises","9":"product_cat-todo","10":"product_tag-alemania","11":"product_tag-desiertos","12":"product_tag-europa-es","13":"product_tag-paises","14":"pa_wandbilder-foto-seda-mate-20x30cm","15":"pa_wandbilder-lienzo-20x30","16":"pa_wandbilder-lienzo-40x60","17":"pa_wandbilder-lienzo-60x90","18":"pa_wandbilder-lienzo-80-x-120-cm","19":"pa_wandbilder-pintura-acrilica-20x30","20":"pa_wandbilder-pintura-acrilica-40x60","21":"pa_wandbilder-pintura-acrilica-60x90","22":"pa_wandbilder-poster-acabado-satinado-40x60-cm","23":"pa_wandbilder-poster-semibrillante-30x45cm","24":"pa_wandbilder-poster-semibrillante-60x90cm","25":"pa_wandbilder-poster-semibrillante-70x105cm","26":"entry","27":"has-media","29":"first","30":"instock","31":"taxable","32":"shipping-taxable","33":"purchasable","34":"product-type-variable"},"jetpack_publicize_connections":[],"jetpack_likes_enabled":true,"jetpack_sharing_enabled":true,"_links":{"self":[{"href":"https:\/\/www.light-style.eu\/es\/wp-json\/wp\/v2\/product\/91628","targetHints":{"allow":["GET"]}}],"collection":[{"href":"https:\/\/www.light-style.eu\/es\/wp-json\/wp\/v2\/product"}],"about":[{"href":"https:\/\/www.light-style.eu\/es\/wp-json\/wp\/v2\/types\/product"}],"wp:featuredmedia":[{"embeddable":true,"href":"https:\/\/www.light-style.eu\/es\/wp-json\/wp\/v2\/media\/78038"}],"wp:attachment":[{"href":"https:\/\/www.light-style.eu\/es\/wp-json\/wp\/v2\/media?parent=91628"}],"wp:term":[{"taxonomy":"product_brand","embeddable":true,"href":"https:\/\/www.light-style.eu\/es\/wp-json\/wp\/v2\/product_brand?post=91628"},{"taxonomy":"product_cat","embeddable":true,"href":"https:\/\/www.light-style.eu\/es\/wp-json\/wp\/v2\/product_cat?post=91628"},{"taxonomy":"product_tag","embeddable":true,"href":"https:\/\/www.light-style.eu\/es\/wp-json\/wp\/v2\/product_tag?post=91628"}],"curies":[{"name":"wp","href":"https:\/\/api.w.org\/{rel}","templated":true}]}}