{"id":91970,"date":"2018-11-10T18:56:12","date_gmt":"2025-01-14T09:16:52","guid":{"rendered":"https:\/\/www.light-style.eu\/unser-foto-shop\/bella-italia1\/"},"modified":"2025-01-14T10:16:52","modified_gmt":"2025-01-14T09:16:52","slug":"bella-italia1","status":"publish","type":"product","link":"https:\/\/www.light-style.eu\/es\/nuestra-tienda-de-fotograf\u00eda\/bella-italia1\/","title":{"rendered":"Bella Italia1"},"content":{"rendered":"<p>Italia, especialmente la Toscana, es hermosa, las monta\u00f1as, el vino, los pinos y el mar, \u00bfqu\u00e9 m\u00e1s necesitas para so\u00f1ar?<\/p>\n","protected":false},"excerpt":{"rendered":"<p>Todos nuestros cuadros en acr\u00edlico y lienzo est\u00e1n firmados a mano por el artista y vienen con un certificado de autenticidad<\/p>\n","protected":false},"featured_media":78027,"template":"","meta":{"advanced_seo_description":"","jetpack_seo_html_title":"","jetpack_seo_noindex":false,"ngg_post_thumbnail":0,"jetpack_publicize_message":"","jetpack_publicize_feature_enabled":true,"jetpack_social_post_already_shared":true,"jetpack_social_options":{"image_generator_settings":{"template":"highway","default_image_id":0,"font":"","enabled":false},"version":2}},"product_brand":[],"product_cat":[2148,2201,2152,2147,2033,2151,2169,2034],"product_tag":[2285,2039,2274,2149,2170,2303],"class_list":{"0":"post-91970","1":"product","2":"type-product","3":"status-publish","4":"has-post-thumbnail","6":"product_cat-atardeceres","7":"product_cat-italia","8":"product_cat-mar","9":"product_cat-naturaleza","10":"product_cat-paises","11":"product_cat-playa","12":"product_cat-romantica-es","13":"product_cat-todo","14":"product_tag-europa-es","15":"product_tag-naturaleza","16":"product_tag-paises","17":"product_tag-puesta-del-sol","18":"product_tag-puesta-del-sol-es","19":"product_tag-toscana","20":"pa_wandbilder-foto-seda-mate-20x30cm","21":"pa_wandbilder-lienzo-20x30","22":"pa_wandbilder-lienzo-40x60","23":"pa_wandbilder-lienzo-60x90","24":"pa_wandbilder-lienzo-80-x-120-cm","25":"pa_wandbilder-pintura-acrilica-20x30","26":"pa_wandbilder-pintura-acrilica-40x60","27":"pa_wandbilder-pintura-acrilica-60x90","28":"pa_wandbilder-poster-acabado-satinado-40x60-cm","29":"pa_wandbilder-poster-semibrillante-30x45cm","30":"pa_wandbilder-poster-semibrillante-60x90cm","31":"pa_wandbilder-poster-semibrillante-70x105cm","32":"entry","33":"has-media","35":"first","36":"instock","37":"taxable","38":"shipping-taxable","39":"purchasable","40":"product-type-variable"},"jetpack_publicize_connections":[],"jetpack_likes_enabled":true,"jetpack_sharing_enabled":true,"_links":{"self":[{"href":"https:\/\/www.light-style.eu\/es\/wp-json\/wp\/v2\/product\/91970","targetHints":{"allow":["GET"]}}],"collection":[{"href":"https:\/\/www.light-style.eu\/es\/wp-json\/wp\/v2\/product"}],"about":[{"href":"https:\/\/www.light-style.eu\/es\/wp-json\/wp\/v2\/types\/product"}],"wp:featuredmedia":[{"embeddable":true,"href":"https:\/\/www.light-style.eu\/es\/wp-json\/wp\/v2\/media\/78027"}],"wp:attachment":[{"href":"https:\/\/www.light-style.eu\/es\/wp-json\/wp\/v2\/media?parent=91970"}],"wp:term":[{"taxonomy":"product_brand","embeddable":true,"href":"https:\/\/www.light-style.eu\/es\/wp-json\/wp\/v2\/product_brand?post=91970"},{"taxonomy":"product_cat","embeddable":true,"href":"https:\/\/www.light-style.eu\/es\/wp-json\/wp\/v2\/product_cat?post=91970"},{"taxonomy":"product_tag","embeddable":true,"href":"https:\/\/www.light-style.eu\/es\/wp-json\/wp\/v2\/product_tag?post=91970"}],"curies":[{"name":"wp","href":"https:\/\/api.w.org\/{rel}","templated":true}]}}