{"id":92189,"date":"2018-11-09T16:30:34","date_gmt":"2025-01-14T09:38:51","guid":{"rendered":"https:\/\/www.light-style.eu\/unser-foto-shop\/mauricio-2018-2104\/"},"modified":"2025-01-14T10:38:51","modified_gmt":"2025-01-14T09:38:51","slug":"mauricio-2018-2104","status":"publish","type":"product","link":"https:\/\/www.light-style.eu\/es\/nuestra-tienda-de-fotograf\u00eda\/mauricio-2018-2104\/","title":{"rendered":"Mauricio 2018-2104"},"content":{"rendered":"<p>Mauricio, qu\u00e9 puedo decir, un sue\u00f1o, no se me ocurre nada que lo describa m\u00e1s,&#8230;&#8230;&#8230;&#8230;<\/p>\n<p>Motivos de postales mires donde mires<\/p>\n","protected":false},"excerpt":{"rendered":"<p>Todos nuestros cuadros en acr\u00edlico y lienzo est\u00e1n firmados a mano por el artista y vienen con un certificado de autenticidad<\/p>\n","protected":false},"featured_media":78000,"template":"","meta":{"advanced_seo_description":"","jetpack_seo_html_title":"","jetpack_seo_noindex":false,"ngg_post_thumbnail":0,"jetpack_publicize_message":"","jetpack_publicize_feature_enabled":true,"jetpack_social_post_already_shared":true,"jetpack_social_options":{"image_generator_settings":{"template":"highway","default_image_id":0,"font":"","enabled":false},"version":2}},"product_brand":[],"product_cat":[2152,2292,2147,2033,2151,2034],"product_tag":[2165,2293,2039,2274,2289],"class_list":{"0":"post-92189","1":"product","2":"type-product","3":"status-publish","4":"has-post-thumbnail","6":"product_cat-mar","7":"product_cat-mauricio","8":"product_cat-naturaleza","9":"product_cat-paises","10":"product_cat-playa","11":"product_cat-todo","12":"product_tag-mar","13":"product_tag-mauricio","14":"product_tag-naturaleza","15":"product_tag-paises","16":"product_tag-playa","17":"pa_wandbilder-foto-seda-mate-20x30cm","18":"pa_wandbilder-lienzo-20x30","19":"pa_wandbilder-lienzo-40x60","20":"pa_wandbilder-lienzo-60x90","21":"pa_wandbilder-lienzo-80-x-120-cm","22":"pa_wandbilder-pintura-acrilica-20x30","23":"pa_wandbilder-pintura-acrilica-40x60","24":"pa_wandbilder-pintura-acrilica-60x90","25":"pa_wandbilder-poster-acabado-satinado-40x60-cm","26":"pa_wandbilder-poster-semibrillante-30x45cm","27":"pa_wandbilder-poster-semibrillante-60x90cm","28":"pa_wandbilder-poster-semibrillante-70x105cm","29":"entry","30":"has-media","32":"first","33":"instock","34":"taxable","35":"shipping-taxable","36":"purchasable","37":"product-type-variable"},"jetpack_publicize_connections":[],"jetpack_likes_enabled":true,"jetpack_sharing_enabled":true,"_links":{"self":[{"href":"https:\/\/www.light-style.eu\/es\/wp-json\/wp\/v2\/product\/92189","targetHints":{"allow":["GET"]}}],"collection":[{"href":"https:\/\/www.light-style.eu\/es\/wp-json\/wp\/v2\/product"}],"about":[{"href":"https:\/\/www.light-style.eu\/es\/wp-json\/wp\/v2\/types\/product"}],"wp:featuredmedia":[{"embeddable":true,"href":"https:\/\/www.light-style.eu\/es\/wp-json\/wp\/v2\/media\/78000"}],"wp:attachment":[{"href":"https:\/\/www.light-style.eu\/es\/wp-json\/wp\/v2\/media?parent=92189"}],"wp:term":[{"taxonomy":"product_brand","embeddable":true,"href":"https:\/\/www.light-style.eu\/es\/wp-json\/wp\/v2\/product_brand?post=92189"},{"taxonomy":"product_cat","embeddable":true,"href":"https:\/\/www.light-style.eu\/es\/wp-json\/wp\/v2\/product_cat?post=92189"},{"taxonomy":"product_tag","embeddable":true,"href":"https:\/\/www.light-style.eu\/es\/wp-json\/wp\/v2\/product_tag?post=92189"}],"curies":[{"name":"wp","href":"https:\/\/api.w.org\/{rel}","templated":true}]}}