{"id":92597,"date":"2018-11-10T16:13:49","date_gmt":"2025-01-14T09:43:43","guid":{"rendered":"https:\/\/www.light-style.eu\/unser-foto-shop\/flores-en-la-luz-1\/"},"modified":"2025-01-14T10:43:43","modified_gmt":"2025-01-14T09:43:43","slug":"flores-en-la-luz-1","status":"publish","type":"product","link":"https:\/\/www.light-style.eu\/es\/nuestra-tienda-de-fotograf\u00eda\/flores-en-la-luz-1\/","title":{"rendered":"Flores en la luz-1"},"content":{"rendered":"<p>Como no tengo ni idea de bot\u00e1nica, me limito a fotografiar lo que me gusta sin saber qu\u00e9. Pero si quieres iluminarme, eres bienvenido y entonces incluir\u00e9 la informaci\u00f3n aqu\u00ed. <\/p>\n","protected":false},"excerpt":{"rendered":"<p>Todos nuestros cuadros en acr\u00edlico y lienzo est\u00e1n firmados a mano por el artista y vienen con un certificado de autenticidad<\/p>\n","protected":false},"featured_media":78045,"template":"","meta":{"advanced_seo_description":"","jetpack_seo_html_title":"","jetpack_seo_noindex":false,"ngg_post_thumbnail":0,"jetpack_publicize_message":"","jetpack_publicize_feature_enabled":true,"jetpack_social_post_already_shared":true,"jetpack_social_options":{"image_generator_settings":{"template":"highway","default_image_id":0,"font":"","enabled":false},"version":2}},"product_brand":[],"product_cat":[2150,2147,2033,2206,2034,2269],"product_tag":[2214,2286,2325,2039,2274],"class_list":{"0":"post-92597","1":"product","2":"type-product","3":"status-publish","4":"has-post-thumbnail","6":"product_cat-alemania","7":"product_cat-naturaleza","8":"product_cat-paises","9":"product_cat-planta","10":"product_cat-todo","11":"product_cat-ultima-oportunidad-motivos-que-caducan","12":"product_tag-alemania","13":"product_tag-bosque-aleman","14":"product_tag-flores-y-plantas","15":"product_tag-naturaleza","16":"product_tag-paises","17":"pa_wandbilder-foto-seda-mate-20x30cm","18":"pa_wandbilder-lienzo-20x30","19":"pa_wandbilder-lienzo-40x60","20":"pa_wandbilder-lienzo-60x90","21":"pa_wandbilder-lienzo-80-x-120-cm","22":"pa_wandbilder-pintura-acrilica-20x30","23":"pa_wandbilder-pintura-acrilica-40x60","24":"pa_wandbilder-pintura-acrilica-60x90","25":"pa_wandbilder-poster-acabado-satinado-40x60-cm","26":"pa_wandbilder-poster-semibrillante-30x45cm","27":"pa_wandbilder-poster-semibrillante-60x90cm","28":"pa_wandbilder-poster-semibrillante-70x105cm","29":"entry","30":"has-media","32":"first","33":"outofstock","34":"sale","35":"taxable","36":"shipping-taxable","37":"purchasable","38":"product-type-variable"},"jetpack_publicize_connections":[],"jetpack_likes_enabled":true,"jetpack_sharing_enabled":true,"_links":{"self":[{"href":"https:\/\/www.light-style.eu\/es\/wp-json\/wp\/v2\/product\/92597","targetHints":{"allow":["GET"]}}],"collection":[{"href":"https:\/\/www.light-style.eu\/es\/wp-json\/wp\/v2\/product"}],"about":[{"href":"https:\/\/www.light-style.eu\/es\/wp-json\/wp\/v2\/types\/product"}],"wp:featuredmedia":[{"embeddable":true,"href":"https:\/\/www.light-style.eu\/es\/wp-json\/wp\/v2\/media\/78045"}],"wp:attachment":[{"href":"https:\/\/www.light-style.eu\/es\/wp-json\/wp\/v2\/media?parent=92597"}],"wp:term":[{"taxonomy":"product_brand","embeddable":true,"href":"https:\/\/www.light-style.eu\/es\/wp-json\/wp\/v2\/product_brand?post=92597"},{"taxonomy":"product_cat","embeddable":true,"href":"https:\/\/www.light-style.eu\/es\/wp-json\/wp\/v2\/product_cat?post=92597"},{"taxonomy":"product_tag","embeddable":true,"href":"https:\/\/www.light-style.eu\/es\/wp-json\/wp\/v2\/product_tag?post=92597"}],"curies":[{"name":"wp","href":"https:\/\/api.w.org\/{rel}","templated":true}]}}