{"id":94183,"date":"2018-11-08T15:01:43","date_gmt":"2025-01-14T10:26:16","guid":{"rendered":"https:\/\/www.light-style.eu\/unser-foto-shop\/mauricio-2018-46\/"},"modified":"2025-01-14T11:26:16","modified_gmt":"2025-01-14T10:26:16","slug":"mauricio-2018-46","status":"publish","type":"product","link":"https:\/\/www.light-style.eu\/es\/nuestra-tienda-de-fotograf\u00eda\/mauricio-2018-46\/","title":{"rendered":"Mauricio 2018-46"},"content":{"rendered":"<p>Mauricio, qu\u00e9 puedo decir, un sue\u00f1o, no se me ocurre nada que lo describa m\u00e1s,&#8230;&#8230;&#8230;&#8230;<\/p>\n","protected":false},"excerpt":{"rendered":"<p>Todos nuestros cuadros en acr\u00edlico y lienzo est\u00e1n firmados a mano por el artista y vienen con un certificado de autenticidad<\/p>\n","protected":false},"featured_media":77995,"template":"","meta":{"advanced_seo_description":"","jetpack_seo_html_title":"","jetpack_seo_noindex":false,"ngg_post_thumbnail":0,"jetpack_publicize_message":"","jetpack_publicize_feature_enabled":true,"jetpack_social_post_already_shared":true,"jetpack_social_options":{"image_generator_settings":{"template":"highway","default_image_id":0,"font":"","enabled":false},"version":2}},"product_brand":[],"product_cat":[2148,2152,2292,2147,2033,2151,2154,2034],"product_tag":[2165,2293,2039,2274,2289,2149,2170],"class_list":{"0":"post-94183","1":"product","2":"type-product","3":"status-publish","4":"has-post-thumbnail","6":"product_cat-atardeceres","7":"product_cat-mar","8":"product_cat-mauricio","9":"product_cat-naturaleza","10":"product_cat-paises","11":"product_cat-playa","12":"product_cat-romance-marinero","13":"product_cat-todo","14":"product_tag-mar","15":"product_tag-mauricio","16":"product_tag-naturaleza","17":"product_tag-paises","18":"product_tag-playa","19":"product_tag-puesta-del-sol","20":"product_tag-puesta-del-sol-es","21":"pa_wandbilder-foto-seda-mate-20x30cm","22":"pa_wandbilder-lienzo-20x30","23":"pa_wandbilder-lienzo-40x60","24":"pa_wandbilder-lienzo-60x90","25":"pa_wandbilder-lienzo-80-x-120-cm","26":"pa_wandbilder-pintura-acrilica-20x30","27":"pa_wandbilder-pintura-acrilica-40x60","28":"pa_wandbilder-pintura-acrilica-60x90","29":"pa_wandbilder-poster-acabado-satinado-40x60-cm","30":"pa_wandbilder-poster-semibrillante-30x45cm","31":"pa_wandbilder-poster-semibrillante-60x90cm","32":"pa_wandbilder-poster-semibrillante-70x105cm","33":"entry","34":"has-media","36":"first","37":"instock","38":"taxable","39":"shipping-taxable","40":"purchasable","41":"product-type-variable"},"jetpack_publicize_connections":[],"jetpack_likes_enabled":true,"jetpack_sharing_enabled":true,"_links":{"self":[{"href":"https:\/\/www.light-style.eu\/es\/wp-json\/wp\/v2\/product\/94183","targetHints":{"allow":["GET"]}}],"collection":[{"href":"https:\/\/www.light-style.eu\/es\/wp-json\/wp\/v2\/product"}],"about":[{"href":"https:\/\/www.light-style.eu\/es\/wp-json\/wp\/v2\/types\/product"}],"wp:featuredmedia":[{"embeddable":true,"href":"https:\/\/www.light-style.eu\/es\/wp-json\/wp\/v2\/media\/77995"}],"wp:attachment":[{"href":"https:\/\/www.light-style.eu\/es\/wp-json\/wp\/v2\/media?parent=94183"}],"wp:term":[{"taxonomy":"product_brand","embeddable":true,"href":"https:\/\/www.light-style.eu\/es\/wp-json\/wp\/v2\/product_brand?post=94183"},{"taxonomy":"product_cat","embeddable":true,"href":"https:\/\/www.light-style.eu\/es\/wp-json\/wp\/v2\/product_cat?post=94183"},{"taxonomy":"product_tag","embeddable":true,"href":"https:\/\/www.light-style.eu\/es\/wp-json\/wp\/v2\/product_tag?post=94183"}],"curies":[{"name":"wp","href":"https:\/\/api.w.org\/{rel}","templated":true}]}}