{"id":94537,"date":"2018-11-08T15:16:00","date_gmt":"2025-01-14T10:29:33","guid":{"rendered":"https:\/\/www.light-style.eu\/unser-foto-shop\/suiza-sajona-bastei-2018-531-2\/"},"modified":"2025-01-14T11:29:33","modified_gmt":"2025-01-14T10:29:33","slug":"suiza-sajona-bastei-2018-531-2","status":"publish","type":"product","link":"https:\/\/www.light-style.eu\/es\/nuestra-tienda-de-fotograf\u00eda\/suiza-sajona-bastei-2018-531-2\/","title":{"rendered":"Suiza sajona-Bastei-2018-531"},"content":{"rendered":"<p>Sajonia tiene una naturaleza maravillosa, en parte salvaje y \u00e1spera. Aqu\u00ed se encuentra uno de los edificios m\u00e1s importantes de Sajonia, el Bastei. Aqu\u00ed era por la noche la vista desde el basti\u00f3n hasta los pueblos. La luz uniforme de los pueblos parece casi una colada de lava. <\/p>\n","protected":false},"excerpt":{"rendered":"<p>Todos nuestros cuadros en acr\u00edlico y lienzo est\u00e1n firmados a mano por el artista y vienen con un certificado de autenticidad<\/p>\n","protected":false},"featured_media":78002,"template":"","meta":{"advanced_seo_description":"","jetpack_seo_html_title":"","jetpack_seo_noindex":false,"ngg_post_thumbnail":0,"jetpack_publicize_message":"","jetpack_publicize_feature_enabled":true,"jetpack_social_post_already_shared":true,"jetpack_social_options":{"image_generator_settings":{"template":"highway","default_image_id":0,"font":"","enabled":false},"version":2}},"product_brand":[],"product_cat":[395],"product_tag":[2214,2314,2285,2274,2300,2315],"class_list":{"0":"post-94537","1":"product","2":"type-product","3":"status-publish","4":"has-post-thumbnail","6":"product_cat-all","7":"product_tag-alemania","8":"product_tag-baluarte","9":"product_tag-europa-es","10":"product_tag-paises","11":"product_tag-sajonia","12":"product_tag-suiza-sajona","13":"pa_wandbilder-foto-seda-mate-20x30cm","14":"pa_wandbilder-lienzo-20x30","15":"pa_wandbilder-lienzo-40x60","16":"pa_wandbilder-lienzo-60x90","17":"pa_wandbilder-lienzo-80-x-120-cm","18":"pa_wandbilder-pintura-acrilica-20x30","19":"pa_wandbilder-pintura-acrilica-40x60","20":"pa_wandbilder-pintura-acrilica-60x90","21":"pa_wandbilder-poster-acabado-satinado-40x60-cm","22":"pa_wandbilder-poster-semibrillante-30x45cm","23":"pa_wandbilder-poster-semibrillante-60x90cm","24":"pa_wandbilder-poster-semibrillante-70x105cm","25":"entry","26":"has-media","28":"first","29":"instock","30":"taxable","31":"shipping-taxable","32":"purchasable","33":"product-type-variable"},"jetpack_publicize_connections":[],"jetpack_likes_enabled":true,"jetpack_sharing_enabled":true,"_links":{"self":[{"href":"https:\/\/www.light-style.eu\/es\/wp-json\/wp\/v2\/product\/94537","targetHints":{"allow":["GET"]}}],"collection":[{"href":"https:\/\/www.light-style.eu\/es\/wp-json\/wp\/v2\/product"}],"about":[{"href":"https:\/\/www.light-style.eu\/es\/wp-json\/wp\/v2\/types\/product"}],"wp:featuredmedia":[{"embeddable":true,"href":"https:\/\/www.light-style.eu\/es\/wp-json\/wp\/v2\/media\/78002"}],"wp:attachment":[{"href":"https:\/\/www.light-style.eu\/es\/wp-json\/wp\/v2\/media?parent=94537"}],"wp:term":[{"taxonomy":"product_brand","embeddable":true,"href":"https:\/\/www.light-style.eu\/es\/wp-json\/wp\/v2\/product_brand?post=94537"},{"taxonomy":"product_cat","embeddable":true,"href":"https:\/\/www.light-style.eu\/es\/wp-json\/wp\/v2\/product_cat?post=94537"},{"taxonomy":"product_tag","embeddable":true,"href":"https:\/\/www.light-style.eu\/es\/wp-json\/wp\/v2\/product_tag?post=94537"}],"curies":[{"name":"wp","href":"https:\/\/api.w.org\/{rel}","templated":true}]}}