{"id":94575,"date":"2018-11-08T15:20:56","date_gmt":"2025-01-14T10:30:31","guid":{"rendered":"https:\/\/www.light-style.eu\/unser-foto-shop\/vaso-saltarin-43-2\/"},"modified":"2025-01-14T11:30:31","modified_gmt":"2025-01-14T10:30:31","slug":"vaso-saltarin-43-2","status":"publish","type":"product","link":"https:\/\/www.light-style.eu\/es\/nuestra-tienda-de-fotograf\u00eda\/vaso-saltarin-43-2\/","title":{"rendered":"Vaso saltar\u00edn\u201343-2"},"content":{"rendered":"<p>Una de las tomas de alta velocidad con tecnolog\u00eda especial para poder flashear en el estudio con una velocidad de obturaci\u00f3n extremadamente r\u00e1pida. Alta resoluci\u00f3n, elaboradamente fotografiada y no, como se ve a menudo, grabada como un video 4k y copiada la mejor imagen individual. Por lo tanto, tambi\u00e9n es posible obtener im\u00e1genes grandes de alta calidad  <\/p>\n","protected":false},"excerpt":{"rendered":"<p>Todos nuestros cuadros en acr\u00edlico y lienzo est\u00e1n firmados a mano por el artista y vienen con un certificado de autenticidad<\/p>\n","protected":false},"featured_media":77989,"template":"","meta":{"advanced_seo_description":"","jetpack_seo_html_title":"","jetpack_seo_noindex":false,"ngg_post_thumbnail":0,"jetpack_publicize_message":"","jetpack_publicize_feature_enabled":true,"jetpack_social_post_already_shared":true,"jetpack_social_options":{"image_generator_settings":{"template":"highway","default_image_id":0,"font":"","enabled":false},"version":2}},"product_brand":[],"product_cat":[2187,2231,2034],"product_tag":[2347,2354,2284,2250,2249],"class_list":{"0":"post-94575","1":"product","2":"type-product","3":"status-publish","4":"has-post-thumbnail","6":"product_cat-fotografia-de-alta-velocidad","7":"product_cat-tecnologia","8":"product_cat-todo","9":"product_tag-anteojos","10":"product_tag-lampara","11":"product_tag-tecnologia","12":"product_tag-trabajo-de-estudio","13":"product_tag-velocidad","14":"pa_wandbilder-foto-seda-mate-20x30cm","15":"pa_wandbilder-lienzo-20x30","16":"pa_wandbilder-lienzo-40x60","17":"pa_wandbilder-lienzo-60x90","18":"pa_wandbilder-lienzo-80-x-120-cm","19":"pa_wandbilder-pintura-acrilica-20x30","20":"pa_wandbilder-pintura-acrilica-40x60","21":"pa_wandbilder-pintura-acrilica-60x90","22":"pa_wandbilder-poster-acabado-satinado-40x60-cm","23":"pa_wandbilder-poster-semibrillante-30x45cm","24":"pa_wandbilder-poster-semibrillante-60x90cm","25":"pa_wandbilder-poster-semibrillante-70x105cm","26":"entry","27":"has-media","29":"first","30":"instock","31":"taxable","32":"shipping-taxable","33":"purchasable","34":"product-type-variable"},"jetpack_publicize_connections":[],"jetpack_likes_enabled":true,"jetpack_sharing_enabled":true,"_links":{"self":[{"href":"https:\/\/www.light-style.eu\/es\/wp-json\/wp\/v2\/product\/94575","targetHints":{"allow":["GET"]}}],"collection":[{"href":"https:\/\/www.light-style.eu\/es\/wp-json\/wp\/v2\/product"}],"about":[{"href":"https:\/\/www.light-style.eu\/es\/wp-json\/wp\/v2\/types\/product"}],"wp:featuredmedia":[{"embeddable":true,"href":"https:\/\/www.light-style.eu\/es\/wp-json\/wp\/v2\/media\/77989"}],"wp:attachment":[{"href":"https:\/\/www.light-style.eu\/es\/wp-json\/wp\/v2\/media?parent=94575"}],"wp:term":[{"taxonomy":"product_brand","embeddable":true,"href":"https:\/\/www.light-style.eu\/es\/wp-json\/wp\/v2\/product_brand?post=94575"},{"taxonomy":"product_cat","embeddable":true,"href":"https:\/\/www.light-style.eu\/es\/wp-json\/wp\/v2\/product_cat?post=94575"},{"taxonomy":"product_tag","embeddable":true,"href":"https:\/\/www.light-style.eu\/es\/wp-json\/wp\/v2\/product_tag?post=94575"}],"curies":[{"name":"wp","href":"https:\/\/api.w.org\/{rel}","templated":true}]}}