{"id":95793,"date":"2018-11-08T14:28:56","date_gmt":"2025-01-14T11:22:13","guid":{"rendered":"https:\/\/www.light-style.eu\/unser-foto-shop\/mashinepower\/"},"modified":"2025-01-14T12:23:22","modified_gmt":"2025-01-14T11:23:22","slug":"mashinepower","status":"publish","type":"product","link":"https:\/\/www.light-style.eu\/es\/nuestra-tienda-de-fotograf\u00eda\/mashinepower\/","title":{"rendered":"Mashinepower"},"content":{"rendered":"<p>Encuentro de coches cl\u00e1sicos 2018 en Baden-Baden, estuve all\u00ed \ud83d\ude09 Un gran momento con veh\u00edculos fant\u00e1sticos.<\/p>\n<p>con este Ford GT40 de 1966 que gan\u00f3 la carrera de las 24 horas de Le Mans 4 a\u00f1os seguidos, no podr\u00e1s resistirte<\/p>\n","protected":false},"excerpt":{"rendered":"<p>Todos nuestros cuadros en acr\u00edlico y lienzo est\u00e1n firmados a mano por el artista y vienen con un certificado de autenticidad<\/p>\n","protected":false},"featured_media":78011,"template":"","meta":{"advanced_seo_description":"","jetpack_seo_html_title":"","jetpack_seo_noindex":false,"ngg_post_thumbnail":0,"jetpack_publicize_message":"","jetpack_publicize_feature_enabled":true,"jetpack_social_post_already_shared":true,"jetpack_social_options":{"image_generator_settings":{"template":"highway","default_image_id":0,"font":"","enabled":false},"version":2}},"product_brand":[],"product_cat":[2231,2034,2269],"product_tag":[2321,2284],"class_list":{"0":"post-95793","1":"product","2":"type-product","3":"status-publish","4":"has-post-thumbnail","6":"product_cat-tecnologia","7":"product_cat-todo","8":"product_cat-ultima-oportunidad-motivos-que-caducan","9":"product_tag-automoviles","10":"product_tag-tecnologia","11":"pa_wandbilder-foto-seda-mate-20x30cm","12":"pa_wandbilder-lienzo-20x30","13":"pa_wandbilder-lienzo-40x60","14":"pa_wandbilder-lienzo-60x90","15":"pa_wandbilder-lienzo-80-x-120-cm","16":"pa_wandbilder-pintura-acrilica-20x30","17":"pa_wandbilder-pintura-acrilica-40x60","18":"pa_wandbilder-pintura-acrilica-60x90","19":"pa_wandbilder-poster-acabado-satinado-40x60-cm","20":"pa_wandbilder-poster-semibrillante-30x45cm","21":"pa_wandbilder-poster-semibrillante-60x90cm","22":"pa_wandbilder-poster-semibrillante-70x105cm","23":"entry","24":"has-media","26":"first","27":"outofstock","28":"sale","29":"taxable","30":"shipping-taxable","31":"purchasable","32":"product-type-variable"},"jetpack_publicize_connections":[],"jetpack_likes_enabled":true,"jetpack_sharing_enabled":true,"_links":{"self":[{"href":"https:\/\/www.light-style.eu\/es\/wp-json\/wp\/v2\/product\/95793","targetHints":{"allow":["GET"]}}],"collection":[{"href":"https:\/\/www.light-style.eu\/es\/wp-json\/wp\/v2\/product"}],"about":[{"href":"https:\/\/www.light-style.eu\/es\/wp-json\/wp\/v2\/types\/product"}],"wp:featuredmedia":[{"embeddable":true,"href":"https:\/\/www.light-style.eu\/es\/wp-json\/wp\/v2\/media\/78011"}],"wp:attachment":[{"href":"https:\/\/www.light-style.eu\/es\/wp-json\/wp\/v2\/media?parent=95793"}],"wp:term":[{"taxonomy":"product_brand","embeddable":true,"href":"https:\/\/www.light-style.eu\/es\/wp-json\/wp\/v2\/product_brand?post=95793"},{"taxonomy":"product_cat","embeddable":true,"href":"https:\/\/www.light-style.eu\/es\/wp-json\/wp\/v2\/product_cat?post=95793"},{"taxonomy":"product_tag","embeddable":true,"href":"https:\/\/www.light-style.eu\/es\/wp-json\/wp\/v2\/product_tag?post=95793"}],"curies":[{"name":"wp","href":"https:\/\/api.w.org\/{rel}","templated":true}]}}