{"id":96494,"date":"2018-11-08T09:40:43","date_gmt":"2025-01-14T11:38:06","guid":{"rendered":"https:\/\/www.light-style.eu\/unser-foto-shop\/toma-una-copa-2\/"},"modified":"2025-01-14T12:38:06","modified_gmt":"2025-01-14T11:38:06","slug":"toma-una-copa-2","status":"publish","type":"product","link":"https:\/\/www.light-style.eu\/es\/nuestra-tienda-de-fotograf\u00eda\/toma-una-copa-2\/","title":{"rendered":"Toma una copa 2"},"content":{"rendered":"<p>\u00bfNo te dan ganas de echar un vistazo a la pr\u00f3xima cocteler\u00eda? \ud83d\ude09 <\/p>\n<p>Esta foto fue creada con trucos f\u00edsicos pero no con Photoshop. Despu\u00e9s de eso, lleg\u00f3 el momento de limpiar el estudio \ud83d\ude09 Tambi\u00e9n uno del campo de la fotograf\u00eda de alta velocidad <\/p>\n","protected":false},"excerpt":{"rendered":"<p>Todos nuestros cuadros en acr\u00edlico y lienzo est\u00e1n firmados a mano por el artista y vienen con un certificado de autenticidad<\/p>\n","protected":false},"featured_media":77977,"template":"","meta":{"advanced_seo_description":"","jetpack_seo_html_title":"","jetpack_seo_noindex":false,"ngg_post_thumbnail":0,"jetpack_publicize_message":"","jetpack_publicize_feature_enabled":true,"jetpack_social_post_already_shared":true,"jetpack_social_options":{"image_generator_settings":{"template":"highway","default_image_id":0,"font":"","enabled":false},"version":2}},"product_brand":[],"product_cat":[2185,2183,2187,2034],"product_tag":[2347,2279,2338,2280,2250],"class_list":{"0":"post-96494","1":"product","2":"type-product","3":"status-publish","4":"has-post-thumbnail","6":"product_cat-bebidas","7":"product_cat-comida-y-bebida","8":"product_cat-fotografia-de-alta-velocidad","9":"product_cat-todo","10":"product_tag-anteojos","11":"product_tag-cocina","12":"product_tag-coctel","13":"product_tag-foto-del-bar","14":"product_tag-trabajo-de-estudio","15":"pa_wandbilder-foto-seda-mate-20x30cm","16":"pa_wandbilder-lienzo-20x30","17":"pa_wandbilder-lienzo-40x60","18":"pa_wandbilder-lienzo-60x90","19":"pa_wandbilder-lienzo-80-x-120-cm","20":"pa_wandbilder-pintura-acrilica-20x30","21":"pa_wandbilder-pintura-acrilica-40x60","22":"pa_wandbilder-pintura-acrilica-60x90","23":"pa_wandbilder-poster-acabado-satinado-40x60-cm","24":"pa_wandbilder-poster-semibrillante-30x45cm","25":"pa_wandbilder-poster-semibrillante-60x90cm","26":"pa_wandbilder-poster-semibrillante-70x105cm","27":"entry","28":"has-media","30":"first","31":"instock","32":"taxable","33":"shipping-taxable","34":"purchasable","35":"product-type-variable"},"jetpack_publicize_connections":[],"jetpack_likes_enabled":true,"jetpack_sharing_enabled":true,"_links":{"self":[{"href":"https:\/\/www.light-style.eu\/es\/wp-json\/wp\/v2\/product\/96494","targetHints":{"allow":["GET"]}}],"collection":[{"href":"https:\/\/www.light-style.eu\/es\/wp-json\/wp\/v2\/product"}],"about":[{"href":"https:\/\/www.light-style.eu\/es\/wp-json\/wp\/v2\/types\/product"}],"wp:featuredmedia":[{"embeddable":true,"href":"https:\/\/www.light-style.eu\/es\/wp-json\/wp\/v2\/media\/77977"}],"wp:attachment":[{"href":"https:\/\/www.light-style.eu\/es\/wp-json\/wp\/v2\/media?parent=96494"}],"wp:term":[{"taxonomy":"product_brand","embeddable":true,"href":"https:\/\/www.light-style.eu\/es\/wp-json\/wp\/v2\/product_brand?post=96494"},{"taxonomy":"product_cat","embeddable":true,"href":"https:\/\/www.light-style.eu\/es\/wp-json\/wp\/v2\/product_cat?post=96494"},{"taxonomy":"product_tag","embeddable":true,"href":"https:\/\/www.light-style.eu\/es\/wp-json\/wp\/v2\/product_tag?post=96494"}],"curies":[{"name":"wp","href":"https:\/\/api.w.org\/{rel}","templated":true}]}}