{"id":96951,"date":"2025-01-23T12:31:33","date_gmt":"2025-01-23T11:31:45","guid":{"rendered":"https:\/\/www.light-style.eu\/?post_type=product&#038;p=96951"},"modified":"2025-01-31T10:11:50","modified_gmt":"2025-01-31T09:11:50","slug":"batalla-naval-3-kopie","status":"publish","type":"product","link":"https:\/\/www.light-style.eu\/es\/nuestra-tienda-de-fotograf\u00eda\/batalla-naval-3-kopie\/","title":{"rendered":"Faro en la tormenta 1"},"content":{"rendered":"<p>Aqu\u00ed hay una obra que nunca ha visto una c\u00e1mara, sino que fue creada puramente por m\u00ed en la PC. En parte tambi\u00e9n porque este motivo simplemente nunca volver\u00e1 a existir en estos d\u00edas y me gusta como un viejo lobo de mar. Faros en la tormenta, lucha del edificio contra las fuerzas masivas de la naturaleza, encuentro tales motivos simplemente impresionantes. Me he permitido dejar volar mi imaginaci\u00f3n para crear este motivo. Aunque solo provenga de pura fantas\u00eda, creo que es genial, porque tambi\u00e9n muestra algo de la lucha entre el hombre y la naturaleza. Crea una obra de arte con tecnolog\u00eda de PC e IA. <\/p>\n<p>Si te gusta algo as\u00ed, h\u00e1zmelo saber.<\/p>\n","protected":false},"excerpt":{"rendered":"<p>Todos nuestros cuadros en acr\u00edlico y lienzo est\u00e1n firmados a mano por el artista y vienen con un certificado de autenticidad<\/p>\n","protected":false},"featured_media":96901,"template":"","meta":{"advanced_seo_description":"","jetpack_seo_html_title":"","jetpack_seo_noindex":false,"ngg_post_thumbnail":0,"jetpack_publicize_message":"","jetpack_publicize_feature_enabled":true,"jetpack_social_post_already_shared":true,"jetpack_social_options":{"image_generator_settings":{"template":"highway","default_image_id":0,"font":"","enabled":false},"version":2}},"product_brand":[],"product_cat":[2164,2152,2147,2035,2154,2034],"product_tag":[2134,2155,2412,2411,2410],"class_list":{"0":"post-96951","1":"product","2":"type-product","3":"status-publish","4":"has-post-thumbnail","6":"product_cat-creaciones-de-ia-y-photoshop","7":"product_cat-mar","8":"product_cat-naturaleza","9":"product_cat-nuevos-motivos","10":"product_cat-romance-marinero","11":"product_cat-todo","12":"product_tag-decoracion-de-paredes","13":"product_tag-faro","14":"product_tag-fuerza-de-la-naturaleza","15":"product_tag-imagenes-costeras","16":"product_tag-tormenta","17":"pa_wandbilder-foto-seda-mate-20x30cm","18":"pa_wandbilder-lienzo-20x30","19":"pa_wandbilder-lienzo-40x60","20":"pa_wandbilder-lienzo-60x90","21":"pa_wandbilder-lienzo-80-x-120-cm","22":"pa_wandbilder-pintura-acrilica-20x30","23":"pa_wandbilder-pintura-acrilica-40x60","24":"pa_wandbilder-pintura-acrilica-60x90","25":"pa_wandbilder-poster-semibrillante-30x45cm","26":"pa_wandbilder-poster-semibrillante-60x90cm","27":"pa_wandbilder-poster-semibrillante-70x105cm","28":"entry","29":"has-media","31":"first","32":"instock","33":"taxable","34":"shipping-taxable","35":"purchasable","36":"product-type-variable"},"jetpack_publicize_connections":[],"jetpack_likes_enabled":true,"jetpack_sharing_enabled":true,"_links":{"self":[{"href":"https:\/\/www.light-style.eu\/es\/wp-json\/wp\/v2\/product\/96951","targetHints":{"allow":["GET"]}}],"collection":[{"href":"https:\/\/www.light-style.eu\/es\/wp-json\/wp\/v2\/product"}],"about":[{"href":"https:\/\/www.light-style.eu\/es\/wp-json\/wp\/v2\/types\/product"}],"wp:featuredmedia":[{"embeddable":true,"href":"https:\/\/www.light-style.eu\/es\/wp-json\/wp\/v2\/media\/96901"}],"wp:attachment":[{"href":"https:\/\/www.light-style.eu\/es\/wp-json\/wp\/v2\/media?parent=96951"}],"wp:term":[{"taxonomy":"product_brand","embeddable":true,"href":"https:\/\/www.light-style.eu\/es\/wp-json\/wp\/v2\/product_brand?post=96951"},{"taxonomy":"product_cat","embeddable":true,"href":"https:\/\/www.light-style.eu\/es\/wp-json\/wp\/v2\/product_cat?post=96951"},{"taxonomy":"product_tag","embeddable":true,"href":"https:\/\/www.light-style.eu\/es\/wp-json\/wp\/v2\/product_tag?post=96951"}],"curies":[{"name":"wp","href":"https:\/\/api.w.org\/{rel}","templated":true}]}}