{"id":66833,"date":"2023-02-08T11:43:30","date_gmt":"2023-02-08T10:43:30","guid":{"rendered":"https:\/\/www.light-style.eu\/notre-brochure-mariage\/"},"modified":"2025-01-13T16:56:05","modified_gmt":"2025-01-13T15:56:05","slug":"notre-brochure-mariage","status":"publish","type":"page","link":"https:\/\/www.light-style.eu\/fr\/photographie\/pourquoi-sommes-nous-differents\/bienvenue\/photographie-de-mariage\/notre-brochure-mariage\/","title":{"rendered":"Notre brochure de mariage"},"content":{"rendered":"\n<p class=\"has-text-align-center\">Avec de nombreuses informations et prix pour votre mariage de r\u00eave<\/p>\n\n<p class=\"has-text-align-center\">Il suffit de cliquer dessus pour en profiter en ligne ou de t\u00e9l\u00e9charger le fichier PDF. Le PDF n\u2019est disponible qu\u2019en allemand ! <\/p>\n\n<div data-wp-interactive=\"core\/file\" class=\"wp-block-file\"><object data-wp-bind--hidden=\"!state.hasPdfPreview\" hidden class=\"wp-block-file__embed\" data=\"https:\/\/www.light-style.eu\/studiosite\/wp-content\/uploads\/2023\/11\/Wedding-Broschuere-Light-Style-1.pdf\" type=\"application\/pdf\" style=\"width:100%;height:627px\" aria-label=\"Contenu embarqu\u00e9 Wedding-Broschuere-Light-Style-1.\"><\/object><a id=\"wp-block-file--media-56320f35-0db0-4dc3-b6cf-f71b2c14cb2f\" href=\"https:\/\/www.light-style.eu\/studiosite\/wp-content\/uploads\/2023\/11\/Wedding-Broschuere-Light-Style-1.pdf\">Brochure-Mariage-Style-L\u00e9ger-1<\/a><a href=\"https:\/\/www.light-style.eu\/studiosite\/wp-content\/uploads\/2023\/11\/Wedding-Broschuere-Light-Style-1.pdf\" class=\"wp-block-file__button wp-element-button\" download=\"\" aria-describedby=\"wp-block-file--media-56320f35-0db0-4dc3-b6cf-f71b2c14cb2f\">T\u00e9l\u00e9charger<\/a><\/div>\n\n<figure class=\"wp-block-image aligncenter size-full is-resized\"><img data-recalc-dims=\"1\" loading=\"lazy\" decoding=\"async\" width=\"800\" height=\"1200\" src=\"https:\/\/i0.wp.com\/www.light-style.eu\/studiosite\/wp-content\/uploads\/2020\/07\/hochzeitsfotos-102.jpg?resize=800%2C1200&#038;ssl=1\" alt=\"Photographie de mariage\" class=\"wp-image-33631\" style=\"aspect-ratio:0.6666666666666666;width:408px;height:auto\" srcset=\"https:\/\/i0.wp.com\/www.light-style.eu\/studiosite\/wp-content\/uploads\/2020\/07\/hochzeitsfotos-102.jpg?w=200&amp;ssl=1 200w, https:\/\/i0.wp.com\/www.light-style.eu\/studiosite\/wp-content\/uploads\/2020\/07\/hochzeitsfotos-102.jpg?w=768&amp;ssl=1 768w, https:\/\/i0.wp.com\/www.light-style.eu\/studiosite\/wp-content\/uploads\/2020\/07\/hochzeitsfotos-102.jpg?w=600&amp;ssl=1 600w, https:\/\/i0.wp.com\/www.light-style.eu\/studiosite\/wp-content\/uploads\/2020\/07\/hochzeitsfotos-102.jpg?w=800&amp;ssl=1 800w\" sizes=\"auto, (max-width: 800px) 100vw, 800px\" \/><\/figure>\n","protected":false},"excerpt":{"rendered":"<p>Avec de nombreuses informations et prix pour votre mariage de r\u00eave Il suffit de cliquer dessus pour en profiter en ligne ou de t\u00e9l\u00e9charger le fichier PDF. Le PDF n\u2019est disponible qu\u2019en allemand !<\/p>\n","protected":false},"author":1,"featured_media":0,"parent":67317,"menu_order":-3,"comment_status":"closed","ping_status":"closed","template":"","meta":{"advanced_seo_description":"","jetpack_seo_html_title":"","jetpack_seo_noindex":false,"ngg_post_thumbnail":0,"footnotes":""},"class_list":["post-66833","page","type-page","status-publish","hentry","entry","no-media"],"jetpack_likes_enabled":true,"jetpack_sharing_enabled":true,"_links":{"self":[{"href":"https:\/\/www.light-style.eu\/fr\/wp-json\/wp\/v2\/pages\/66833","targetHints":{"allow":["GET"]}}],"collection":[{"href":"https:\/\/www.light-style.eu\/fr\/wp-json\/wp\/v2\/pages"}],"about":[{"href":"https:\/\/www.light-style.eu\/fr\/wp-json\/wp\/v2\/types\/page"}],"author":[{"embeddable":true,"href":"https:\/\/www.light-style.eu\/fr\/wp-json\/wp\/v2\/users\/1"}],"replies":[{"embeddable":true,"href":"https:\/\/www.light-style.eu\/fr\/wp-json\/wp\/v2\/comments?post=66833"}],"version-history":[{"count":0,"href":"https:\/\/www.light-style.eu\/fr\/wp-json\/wp\/v2\/pages\/66833\/revisions"}],"up":[{"embeddable":true,"href":"https:\/\/www.light-style.eu\/fr\/wp-json\/wp\/v2\/pages\/67317"}],"wp:attachment":[{"href":"https:\/\/www.light-style.eu\/fr\/wp-json\/wp\/v2\/media?parent=66833"}],"curies":[{"name":"wp","href":"https:\/\/api.w.org\/{rel}","templated":true}]}}