{"id":66856,"date":"2023-02-08T11:43:36","date_gmt":"2023-02-08T10:43:36","guid":{"rendered":"https:\/\/www.light-style.eu\/photographie\/autres-services\/"},"modified":"2023-02-08T11:43:41","modified_gmt":"2023-02-08T10:43:41","slug":"autres-services","status":"publish","type":"page","link":"https:\/\/www.light-style.eu\/fr\/photographie\/autres-services\/","title":{"rendered":"Autres services"},"content":{"rendered":"\n<p class=\"has-text-align-center\"><span style=\"font-size: 21px;\"><strong>Nous vous offrons plus de service que \u00ab\u00a0juste\u00a0\u00bb prendre des photos<\/strong><\/span><\/p>\n\n<p class=\"has-text-align-center\"><span style=\"font-size: 18px;\"><strong>Num\u00e9riser des films \/ diapositives<\/strong><\/span><\/p>\n\n<p class=\"has-text-align-center\"><span style=\"font-size: 18px;\">En collaboration avec notre solide partenaire Helo Film, nous vous offrons depuis des ann\u00e9es le service n\u00e9cessaire pour num\u00e9riser tous les films en qualit\u00e9 sup\u00e9rieure. De quels films s\u2019agit-il exactement et ce que cela co\u00fbte, vous pouvez voir ici \u00e0 <a href=\"http:\/\/filme-sichern.de\/preise.html\" target=\"_blank\" rel=\"noopener noreferrer\">Helo sur le site Web<\/a>. Bien s\u00fbr, nous vous offrons les m\u00eames prix que Helo, seule l\u2019exp\u00e9dition en tant que colis assur\u00e9 est ajout\u00e9e. Qu\u2019il s\u2019agisse d\u2019une cassette ou de 20 pi\u00e8ces, nous sommes l\u00e0 pour vous. Il suffit de remettre les films dans notre studio, et apr\u00e8s environ 10-14 jours, vous avez la version num\u00e9rique entre vos mains.<\/span><\/p>\n\n<p class=\"has-text-align-center\"><span style=\"font-size: 18px;\"><strong>Photos pour les fun\u00e9railles<\/strong><\/span><\/p>\n\n<p class=\"has-text-align-center\"><span style=\"font-size: 18px;\">J\u2019ai trouv\u00e9 difficile d\u2019\u00e9crire quoi que ce soit sur ce sujet, parce que le sujet est assez triste. Mais comme j\u2019ai des dizaines de clients dans le studio chaque ann\u00e9e avec exactement cette demande, j\u2019ai d\u00e9cid\u00e9 de poster ceci ici.  <\/span><\/p>\n\n<p class=\"has-text-align-center\"><span style=\"font-size: 18px;\">Malheureusement, chacun de nous doit dire au revoir, m\u00eame si nous ne voulons pas l\u2019admettre. Souvent, des enterrements d\u2019urnes sont pris, vous voulez donc mettre une belle photo lors de la c\u00e9r\u00e9monie. Surtout avec les personnes \u00e2g\u00e9es, il est souvent difficile de choisir quelque chose parmi les photos de la f\u00eate de famille qui convient. Et a toujours l\u2019air intelligent. Il y a maintenant 2 possibilit\u00e9s: Ce qui est g\u00e9n\u00e9ralement le cas, c\u2019est que les proches viennent me voir avec une photo d\u2019identit\u00e9, un instantan\u00e9 d\u2019une c\u00e9l\u00e9bration et aimeraient avoir une photo plus grande pour les fun\u00e9railles. Dans la plupart des cas, il devrait \u00e9galement \u00eatre trait\u00e9. Quiconque est familier avec l\u2019\u00e9dition d\u2019images sait \u00e0 quel point il est difficile de prendre de petites photos, des fichiers, puis de changer l\u2019arri\u00e8re-plan. De nombreux facteurs jouent un r\u00f4le dans l\u2019effort et le produit final, la photo a-t-elle des dommages, quelle est la taille de l\u2019original, quelle devrait \u00eatre sa taille, a-t-elle une grille, etc. Par cons\u00e9quent, nous vous conseillons toujours sur ce qui a du sens avec une photo et ce qui ne l\u2019est pas. Selon l\u2019effort et la taille, le prix en r\u00e9sulte \u00e9galement. \u00c9tant donn\u00e9 que les fun\u00e9railles sont g\u00e9n\u00e9ralement assez opportunes, veuillez venir le plus t\u00f4t possible. J\u2019ai besoin d\u2019au moins 3 jours! Jusqu\u2019\u00e0 ce que la photo soit \u00e9galement de retour du laboratoire.  <\/span><\/p>\n\n<p class=\"has-text-align-center\"><strong><em>Remettre \u00e0 neuf de vieilles photos<\/em><\/strong><\/p>\n\n<figure class=\"wp-block-image aligncenter size-large\"><a href=\"https:\/\/www.light-style.eu\/fr\/photographie\/autres-services\/alte-fotos-recolorieren-2\/\"><img data-recalc-dims=\"1\" loading=\"lazy\" decoding=\"async\" width=\"980\" height=\"454\" src=\"https:\/\/i0.wp.com\/www.light-style.eu\/studiosite\/wp-content\/uploads\/2021\/04\/alte-Fotos-recolorieren.jpg?resize=980%2C454&#038;ssl=1\" alt=\"\" class=\"wp-image-45992\" srcset=\"https:\/\/i0.wp.com\/www.light-style.eu\/studiosite\/wp-content\/uploads\/2021\/04\/alte-Fotos-recolorieren.jpg?w=300&amp;ssl=1 300w, https:\/\/i0.wp.com\/www.light-style.eu\/studiosite\/wp-content\/uploads\/2021\/04\/alte-Fotos-recolorieren.jpg?w=1300&amp;ssl=1 1300w, https:\/\/i0.wp.com\/www.light-style.eu\/studiosite\/wp-content\/uploads\/2021\/04\/alte-Fotos-recolorieren.jpg?w=768&amp;ssl=1 768w, https:\/\/i0.wp.com\/www.light-style.eu\/studiosite\/wp-content\/uploads\/2021\/04\/alte-Fotos-recolorieren.jpg?w=1536&amp;ssl=1 1536w, https:\/\/i0.wp.com\/www.light-style.eu\/studiosite\/wp-content\/uploads\/2021\/04\/alte-Fotos-recolorieren.jpg?w=2048&amp;ssl=1 2048w, https:\/\/i0.wp.com\/www.light-style.eu\/studiosite\/wp-content\/uploads\/2021\/04\/alte-Fotos-recolorieren.jpg?w=600&amp;ssl=1 600w, https:\/\/i0.wp.com\/www.light-style.eu\/studiosite\/wp-content\/uploads\/2021\/04\/alte-Fotos-recolorieren.jpg?w=1960&amp;ssl=1 1960w\" sizes=\"auto, (max-width: 980px) 100vw, 980px\" \/><\/a><figcaption>Ventes<\/figcaption><\/figure>\n<p>Ce qui a commenc\u00e9 comme un service fun\u00e9raire est maintenant devenu un \u00e9l\u00e9ment incontournable pour nous. Remettez \u00e0 neuf de vieilles photos, retouchez les dommages, agrandissez-les et de temps en temps recolorez-les. M\u00eame si je suis un grand fan des vieilles photos en noir et blanc, elles ont leur propre charme, elles aiment cette photo vers le d\u00e9but des ann\u00e9es 1900 (d\u00e9claration client), certaines de ces photos ont leur charme tr\u00e8s particulier lorsqu\u2019elles sont minutieusement recolor\u00e9es. Dans ce cas, j\u2019aime m\u00eame mieux l\u2019image couleur avec ses couleurs d\u00e9licates. Nous examinons vos mod\u00e8les et, en fonction du travail souhait\u00e9, le prix est \u00e9galement con\u00e7u. Une recoloration ne co\u00fbte que 99\u20ac, mais je pense que c\u2019est un prix juste. Tout est fait \u00e0 la main, pour autant que vous puissiez parler de travail manuel sur le PC \ud83d\ude09<\/p>\n\n<p class=\"has-text-align-center\"><span style=\"font-size: 18px;\"><strong>La 2\u00e8me option<\/strong><\/span><\/p>\n\n<p class=\"has-text-align-center\"><span style=\"font-size: 18px;\">C\u2019est psychologiquement un peu plus difficile, je n\u2019ai en fait trouv\u00e9 que \u00e7a, parce que c\u2019\u00e9taient des souhaits de clients. Dans ce cas, le d\u00e9funt doit y avoir r\u00e9fl\u00e9chi au pr\u00e9alable. J\u2019avais des clients ici, la g\u00e9n\u00e9ration un peu plus \u00e2g\u00e9e, qui voulait avoir une belle photo pour les fun\u00e9railles le moment venu. Donc, regardons vers l\u2019avenir. J\u2019admets qu\u2019il y a toujours un sentiment qui s\u2019insinue sur vous et qui est difficile \u00e0 d\u00e9crire, apr\u00e8s tout, nous n\u2019aimons pas tous penser \u00e0 la mort. Mais en fin de compte, c\u2019est la solution id\u00e9ale si vous y r\u00e9fl\u00e9chissez \u00e0 temps. Il y a donc aussi la photo parfaite pour la derni\u00e8re salutation. Que les grands-parents eux-m\u00eames y pensent, ou que vous receviez simplement une s\u00e9ance de portrait, avec l\u2019arri\u00e8re-pens\u00e9e d\u2019avoir une belle photo comme dernier souvenir, chacun doit d\u00e9cider par lui-m\u00eame. Mais maintenant, vous savez que nous vous offrons \u00e9galement ce service.<\/span><\/p>\n\n<p class=\"has-text-align-center\"><span style=\"font-size: 18px;\"><strong>\u00c9dition \/ retouche d\u2019images en g\u00e9n\u00e9ral<\/strong><\/span><\/p>\n\n<p class=\"has-text-align-center\"><span style=\"font-size: 18px;\">Bien entendu, nous vous proposons \u00e9galement la retouche de vos photos en g\u00e9n\u00e9ral. Des photos de mariage qui ont mal tourn\u00e9, car extr\u00eamement sous-expos\u00e9es (j\u2019en avais vraiment d\u00e9j\u00e0) \u00e0 la fa\u00e7on de retoucher de l\u2019ex-petite amie \ud83d\ude09 Encore une fois, nous discutons avec vous au pr\u00e9alable de ce qui est faisable. De m\u00eame, des ajustements de couleur simples. Jusqu\u2019\u00e0 la retouche haut de gamme de photos anciennes\/anciennes. Avec jaunissement, \u00e9gratignures et d\u00e9tachements. De m\u00eame, une coloration compl\u00e8te est \u00e9galement possible pour les vieilles photos en noir et blanc.<\/span><\/p>\n\n<h2 class=\"wp-block-heading\">Le plus grand d\u00e9fi \u00e0 ce jour<\/h2>\n\n<div class=\"wp-block-columns is-layout-flex wp-container-core-columns-is-layout-28f84493 wp-block-columns-is-layout-flex\">\n<div class=\"wp-block-column is-layout-flow wp-block-column-is-layout-flow\" style=\"flex-basis:100%\">\n<figure class=\"wp-block-gallery has-nested-images columns-default is-cropped wp-block-gallery-1 is-layout-flex wp-block-gallery-is-layout-flex\">\n<figure class=\"wp-block-image size-large is-style-rounded\"><a href=\"https:\/\/www.light-style.eu\/fr\/photographie\/autres-services\/originalzustand-vor-restauration-2\/\"><img data-recalc-dims=\"1\" loading=\"lazy\" decoding=\"async\" width=\"867\" height=\"1300\" data-id=\"55157\" src=\"https:\/\/i0.wp.com\/www.light-style.eu\/studiosite\/wp-content\/uploads\/2022\/06\/Originalzustand-vor-Restauration.jpg?resize=867%2C1300&#038;ssl=1\" alt=\"\" class=\"wp-image-55157\" srcset=\"https:\/\/i0.wp.com\/www.light-style.eu\/studiosite\/wp-content\/uploads\/2022\/06\/Originalzustand-vor-Restauration.jpg?resize=867%2C1300&amp;ssl=1 867w, https:\/\/i0.wp.com\/www.light-style.eu\/studiosite\/wp-content\/uploads\/2022\/06\/Originalzustand-vor-Restauration.jpg?resize=200%2C300&amp;ssl=1 200w, https:\/\/i0.wp.com\/www.light-style.eu\/studiosite\/wp-content\/uploads\/2022\/06\/Originalzustand-vor-Restauration.jpg?resize=768%2C1152&amp;ssl=1 768w, https:\/\/i0.wp.com\/www.light-style.eu\/studiosite\/wp-content\/uploads\/2022\/06\/Originalzustand-vor-Restauration.jpg?resize=600%2C900&amp;ssl=1 600w, https:\/\/i0.wp.com\/www.light-style.eu\/studiosite\/wp-content\/uploads\/2022\/06\/Originalzustand-vor-Restauration.jpg?w=1000&amp;ssl=1 1000w\" sizes=\"auto, (max-width: 867px) 100vw, 867px\" \/><\/a><figcaption>Conditions de livraison du client<\/figcaption><\/figure>\n\n\n<figure class=\"wp-block-image size-large is-style-rounded\"><a href=\"https:\/\/www.light-style.eu\/fr\/photographie\/autres-services\/originalscan-2\/\"><img data-recalc-dims=\"1\" loading=\"lazy\" decoding=\"async\" width=\"980\" height=\"623\" data-id=\"55151\" src=\"https:\/\/i0.wp.com\/www.light-style.eu\/studiosite\/wp-content\/uploads\/2022\/06\/OriginalScan.jpg?resize=980%2C623&#038;ssl=1\" alt=\"\" class=\"wp-image-55151\" srcset=\"https:\/\/i0.wp.com\/www.light-style.eu\/studiosite\/wp-content\/uploads\/2022\/06\/OriginalScan.jpg?resize=1300%2C826&amp;ssl=1 1300w, https:\/\/i0.wp.com\/www.light-style.eu\/studiosite\/wp-content\/uploads\/2022\/06\/OriginalScan.jpg?resize=300%2C191&amp;ssl=1 300w, https:\/\/i0.wp.com\/www.light-style.eu\/studiosite\/wp-content\/uploads\/2022\/06\/OriginalScan.jpg?resize=768%2C488&amp;ssl=1 768w, https:\/\/i0.wp.com\/www.light-style.eu\/studiosite\/wp-content\/uploads\/2022\/06\/OriginalScan.jpg?resize=600%2C381&amp;ssl=1 600w, https:\/\/i0.wp.com\/www.light-style.eu\/studiosite\/wp-content\/uploads\/2022\/06\/OriginalScan.jpg?w=1500&amp;ssl=1 1500w\" sizes=\"auto, (max-width: 980px) 100vw, 980px\" \/><\/a><figcaption>Analyse d\u2019origine<\/figcaption><\/figure>\n\n\n<figure class=\"wp-block-image size-large is-style-rounded\"><a href=\"https:\/\/www.light-style.eu\/fr\/photographie\/autres-services\/restaureirtes-foto-2\/\"><img data-recalc-dims=\"1\" loading=\"lazy\" decoding=\"async\" width=\"980\" height=\"699\" data-id=\"55149\" src=\"https:\/\/i0.wp.com\/www.light-style.eu\/studiosite\/wp-content\/uploads\/2022\/06\/restaureirtes-Foto.jpg?resize=980%2C699&#038;ssl=1\" alt=\"\" class=\"wp-image-55149\" srcset=\"https:\/\/i0.wp.com\/www.light-style.eu\/studiosite\/wp-content\/uploads\/2022\/06\/restaureirtes-Foto.jpg?resize=1300%2C927&amp;ssl=1 1300w, https:\/\/i0.wp.com\/www.light-style.eu\/studiosite\/wp-content\/uploads\/2022\/06\/restaureirtes-Foto.jpg?resize=300%2C214&amp;ssl=1 300w, https:\/\/i0.wp.com\/www.light-style.eu\/studiosite\/wp-content\/uploads\/2022\/06\/restaureirtes-Foto.jpg?resize=768%2C548&amp;ssl=1 768w, https:\/\/i0.wp.com\/www.light-style.eu\/studiosite\/wp-content\/uploads\/2022\/06\/restaureirtes-Foto.jpg?resize=600%2C428&amp;ssl=1 600w, https:\/\/i0.wp.com\/www.light-style.eu\/studiosite\/wp-content\/uploads\/2022\/06\/restaureirtes-Foto.jpg?w=1500&amp;ssl=1 1500w\" sizes=\"auto, (max-width: 980px) 100vw, 980px\" \/><\/a><figcaption>Restauration termin\u00e9e<\/figcaption><\/figure><\/figure>\n<\/div>\n<\/div>\n\n<p>Plus d\u2019informations sur cette restauration peuvent \u00eatre trouv\u00e9es <a href=\"https:\/\/www.light-style.eu\/Blog\/bildrestauration-klasse-trotz-heftigem-schaden\/\" target=\"_blank\" rel=\"noreferrer noopener\">ici sur mon blog.<\/a><\/p>\n\n<p class=\"has-text-align-center\"><em><span style=\"font-size: 18px;\">Si vous avez d\u2019autres souhaits qui ne sont pas \u00e9num\u00e9r\u00e9s ici, contactez-nous. Seulement pour les copies simples de photos, nous vous renvoyons par exemple Foto Fuchs \u00e0 Hanau, qui envoie les photos pour copie \u00e0 un grand laboratoire et y sont copi\u00e9es individuellement. Je vous y r\u00e9f\u00e8re car c\u2019est moins cher pour vous que si je scanne la photo \u00ab\u00a0\u00e0 la main\u00a0\u00bb et ajuste les couleurs.<\/span> <\/em><\/p>\n","protected":false},"excerpt":{"rendered":"<p>Nous vous offrons plus de service que \u00ab\u00a0juste\u00a0\u00bb prendre des photos Num\u00e9riser des films \/ diapositives En collaboration avec notre solide partenaire Helo Film, nous vous offrons depuis des ann\u00e9es le service n\u00e9cessaire pour num\u00e9riser tous les films en qualit\u00e9 sup\u00e9rieure. De quels films s\u2019agit-il exactement et ce que cela co\u00fbte, vous pouvez voir ici&hellip;<\/p>\n","protected":false},"author":1,"featured_media":0,"parent":66744,"menu_order":0,"comment_status":"closed","ping_status":"closed","template":"","meta":{"advanced_seo_description":"","jetpack_seo_html_title":"","jetpack_seo_noindex":false,"ngg_post_thumbnail":0,"footnotes":""},"class_list":["post-66856","page","type-page","status-publish","hentry","entry","no-media"],"jetpack_likes_enabled":true,"jetpack_sharing_enabled":true,"_links":{"self":[{"href":"https:\/\/www.light-style.eu\/fr\/wp-json\/wp\/v2\/pages\/66856","targetHints":{"allow":["GET"]}}],"collection":[{"href":"https:\/\/www.light-style.eu\/fr\/wp-json\/wp\/v2\/pages"}],"about":[{"href":"https:\/\/www.light-style.eu\/fr\/wp-json\/wp\/v2\/types\/page"}],"author":[{"embeddable":true,"href":"https:\/\/www.light-style.eu\/fr\/wp-json\/wp\/v2\/users\/1"}],"replies":[{"embeddable":true,"href":"https:\/\/www.light-style.eu\/fr\/wp-json\/wp\/v2\/comments?post=66856"}],"version-history":[{"count":0,"href":"https:\/\/www.light-style.eu\/fr\/wp-json\/wp\/v2\/pages\/66856\/revisions"}],"up":[{"embeddable":true,"href":"https:\/\/www.light-style.eu\/fr\/wp-json\/wp\/v2\/pages\/66744"}],"wp:attachment":[{"href":"https:\/\/www.light-style.eu\/fr\/wp-json\/wp\/v2\/media?parent=66856"}],"curies":[{"name":"wp","href":"https:\/\/api.w.org\/{rel}","templated":true}]}}