{"id":67193,"date":"2023-02-08T11:44:27","date_gmt":"2023-02-08T10:44:27","guid":{"rendered":"https:\/\/www.light-style.eu\/photographie\/pourquoi-sommes-nous-differents\/bienvenue\/publicite-et-photographie-daffaires\/photographie-culinaire\/"},"modified":"2023-02-08T11:44:30","modified_gmt":"2023-02-08T10:44:30","slug":"photographie-culinaire","status":"publish","type":"page","link":"https:\/\/www.light-style.eu\/fr\/photographie\/pourquoi-sommes-nous-differents\/bienvenue\/publicite-et-photographie-daffaires\/photographie-culinaire\/","title":{"rendered":"Photographie culinaire"},"content":{"rendered":"\n<p class=\"has-text-align-center\"><em><strong><span style=\"font-size: 21px;\">C\u2019est un sujet assez controvers\u00e9.<\/span><\/strong><\/em><\/p>\n\n<p class=\"has-text-align-center\"><span style=\"font-size: 21px;\">Pourquoi controvers\u00e9? En principe, il existe 2 variantes de la photographie culinaire, dans lesquelles vous pouvez manger le menu photographi\u00e9, puis la variante dans laquelle la nourriture est trait\u00e9e avec tous les moyens de l\u2019art, de telle sorte que personne ne devrait plus la manger.<\/span><\/p>\n\n<div class=\"wp-block-image wp-image-588 is-style-default\"><figure class=\"alignright\"><a href=\"https:\/\/www.light-style.eu\/bonjour\/willkommen\/werbe-businessfotografie\/foodfotografie\/cocktails-22-3\/\"><img data-recalc-dims=\"1\" height=\"300\" width=\"200\" decoding=\"async\" src=\"https:\/\/i0.wp.com\/www.light-style.eu\/studiosite\/wp-content\/uploads\/2016\/09\/foodfotografie-2.jpg?resize=200%2C300&#038;ssl=1\" alt=\"cocktails-22\" class=\"wp-image-588\"\/><\/a><figcaption>Des trucs physiques, oui. Mais pas de cr\u00e9ation Photoshop<\/figcaption><\/figure><\/div>\n\n<p class=\"has-text-align-center\"><span style=\"font-size: 21px;\">Pour ma part, je fais partie de ces photographes qui pr\u00e9f\u00e8rent photographier de mani\u00e8re authentique, c\u2019est-\u00e0-dire n\u2019utiliser des aides non comestibles qu\u2019en dernier recours. Nous pr\u00e9f\u00e9rons nous asseoir ensemble apr\u00e8s le tournage et manger vos bons menus. Il y a des exceptions, bien s\u00fbr, la mousse de bi\u00e8re, par exemple, qui dispara\u00eet si rapidement sous les lampes que vous n\u2019obtiendrez pas une photo intelligemment mise en sc\u00e8ne sans aides. Avec la glace, vous avez toujours le choix entre la chambre de refroidissement et la simulation de la glace avec de la nourriture appropri\u00e9e. \ud83d\ude09  <\/span><\/p>\n\n<div class=\"wp-block-image is-style-default\"><figure class=\"alignleft\"><a href=\"https:\/\/www.light-style.eu\/bonjour\/willkommen\/werbe-businessfotografie\/foodfotografie\/sushi-112-bearbeitet-kopie-kopie\/\"><img data-recalc-dims=\"1\" height=\"200\" width=\"300\" decoding=\"async\" src=\"https:\/\/i0.wp.com\/www.light-style.eu\/studiosite\/wp-content\/uploads\/2016\/09\/foodfotografie-14.jpg?resize=300%2C200&#038;ssl=1\" alt=\"sushi-112-edited-copy-copy\" class=\"wp-image-602\"\/><\/a><\/figure><\/div>\n\n<p class=\"has-text-align-center\"><span style=\"font-size: 21px;\">En g\u00e9n\u00e9ral, il doit avoir l\u2019air d\u00e9licieux, laisser l\u2019eau \u00e0 la bouche du spectateur, qu\u2019il a le sentiment en regardant l\u2019image d\u00e9j\u00e0 une odeur d\u00e9licieuse. Il y a des concepteurs culinaires professionnels qui ont appris quel menu semble le mieux dans quelle composition. Et ce qui peut \u00eatre am\u00e9lior\u00e9 avec des aides naturelles. Beaucoup d\u2019entre vous sont des chefs exp\u00e9riment\u00e9s et savent aussi servir un menu d\u00e9licieux. J\u2019ai de l\u2019exp\u00e9rience avec le design, la lumi\u00e8re et la technologie. En outre, ma cr\u00e9ativit\u00e9, ensemble, vous pouvez cr\u00e9er de superbes photos pour votre restaurant, site Web, produit.  <\/span><\/p>\n\n<div class=\"wp-block-image is-style-default\"><figure class=\"aligncenter is-resized\"><a href=\"https:\/\/www.light-style.eu\/bonjour\/willkommen\/werbe-businessfotografie\/foodfotografie\/garnelen-2\/\"><img data-recalc-dims=\"1\" loading=\"lazy\" decoding=\"async\" src=\"https:\/\/i0.wp.com\/www.light-style.eu\/studiosite\/wp-content\/uploads\/2016\/09\/Garnelen-2-683x1024.jpg?resize=398%2C596&#038;ssl=1\" alt=\"\" class=\"wp-image-847\" width=\"398\" height=\"596\"\/><\/a><\/figure><\/div>\n\n<p class=\"has-text-align-center\"><span style=\"font-size: 21px;\">Les bons cuisiniers sont aussi des artistes, donc cet art devrait \u00eatre pr\u00e9sent\u00e9 en cons\u00e9quence.<\/span><\/p>\n\n<div class=\"wp-block-jetpack-tiled-gallery aligncenter is-style-columns has-rounded-corners-7\"><div class=\"tiled-gallery__gallery\"><div class=\"tiled-gallery__row\"><div class=\"tiled-gallery__col\" style=\"flex-basis:25.163354810034498%\"><figure class=\"tiled-gallery__item\"><img decoding=\"async\" role=\"button\" tabindex=\"0\" aria-label=\"Ouvrir l\u2019image 1 sur 20 en plein \u00e9cran\"srcset=\"https:\/\/i1.wp.com\/www.light-style.eu\/studiosite\/wp-content\/uploads\/2016\/09\/foodfotografie-21.jpg?strip=info&#038;w=600&#038;ssl=1 600w,https:\/\/i1.wp.com\/www.light-style.eu\/studiosite\/wp-content\/uploads\/2016\/09\/foodfotografie-21.jpg?strip=info&#038;w=800&#038;ssl=1 800w\" alt=\"Photographie culinaire\" data-height=\"1200\" data-id=\"653\" data-link=\"https:\/\/www.light-style.eu\/bonjour\/willkommen\/werbe-businessfotografie\/foodfotografie\/weinglas1-kopie\/\" data-url=\"https:\/\/www.light-style.eu\/studiosite\/wp-content\/uploads\/2016\/09\/foodfotografie-21.jpg\" data-width=\"800\" src=\"https:\/\/i1.wp.com\/www.light-style.eu\/studiosite\/wp-content\/uploads\/2016\/09\/foodfotografie-21.jpg?ssl=1\" data-amp-layout=\"responsive\"><\/figure><figure class=\"tiled-gallery__item\"><img decoding=\"async\" role=\"button\" tabindex=\"0\" aria-label=\"Ouvrir l\u2019image 2 sur 20 en plein \u00e9cran\"srcset=\"https:\/\/i0.wp.com\/www.light-style.eu\/studiosite\/wp-content\/uploads\/2016\/09\/foodfotografie-28.jpg?strip=info&#038;w=600&#038;ssl=1 600w,https:\/\/i0.wp.com\/www.light-style.eu\/studiosite\/wp-content\/uploads\/2016\/09\/foodfotografie-28.jpg?strip=info&#038;w=900&#038;ssl=1 900w,https:\/\/i0.wp.com\/www.light-style.eu\/studiosite\/wp-content\/uploads\/2016\/09\/foodfotografie-28.jpg?strip=info&#038;w=1200&#038;ssl=1 1200w\" alt=\"Photographie culinaire\" data-height=\"799\" data-id=\"837\" data-link=\"https:\/\/www.light-style.eu\/bonjour\/willkommen\/werbe-businessfotografie\/foodfotografie\/cake-1\/\" data-url=\"https:\/\/www.light-style.eu\/studiosite\/wp-content\/uploads\/2016\/09\/foodfotografie-28.jpg\" data-width=\"1200\" src=\"https:\/\/i0.wp.com\/www.light-style.eu\/studiosite\/wp-content\/uploads\/2016\/09\/foodfotografie-28.jpg?ssl=1\" data-amp-layout=\"responsive\"><\/figure><figure class=\"tiled-gallery__item\"><img decoding=\"async\" role=\"button\" tabindex=\"0\" aria-label=\"Ouvrir l\u2019image 3 sur 20 en plein \u00e9cran\"srcset=\"https:\/\/i1.wp.com\/www.light-style.eu\/studiosite\/wp-content\/uploads\/2016\/09\/foodfotografie-12.jpg?strip=info&#038;w=600&#038;ssl=1 600w,https:\/\/i1.wp.com\/www.light-style.eu\/studiosite\/wp-content\/uploads\/2016\/09\/foodfotografie-12.jpg?strip=info&#038;w=900&#038;ssl=1 900w,https:\/\/i1.wp.com\/www.light-style.eu\/studiosite\/wp-content\/uploads\/2016\/09\/foodfotografie-12.jpg?strip=info&#038;w=1200&#038;ssl=1 1200w\" alt=\"Photographie culinaire\" data-height=\"800\" data-id=\"600\" data-link=\"https:\/\/www.light-style.eu\/bonjour\/willkommen\/werbe-businessfotografie\/foodfotografie\/sushi-77-bearbeitet-kopie-kopie\/\" data-url=\"https:\/\/www.light-style.eu\/studiosite\/wp-content\/uploads\/2016\/09\/foodfotografie-12.jpg\" data-width=\"1200\" src=\"https:\/\/i1.wp.com\/www.light-style.eu\/studiosite\/wp-content\/uploads\/2016\/09\/foodfotografie-12.jpg?ssl=1\" data-amp-layout=\"responsive\"><\/figure><figure class=\"tiled-gallery__item\"><img decoding=\"async\" role=\"button\" tabindex=\"0\" aria-label=\"Ouvrir l\u2019image 4 sur 20 en plein \u00e9cran\"srcset=\"https:\/\/i1.wp.com\/www.light-style.eu\/studiosite\/wp-content\/uploads\/2020\/07\/foodfotografie-1.jpg?strip=info&#038;w=600&#038;ssl=1 600w,https:\/\/i1.wp.com\/www.light-style.eu\/studiosite\/wp-content\/uploads\/2020\/07\/foodfotografie-1.jpg?strip=info&#038;w=900&#038;ssl=1 900w,https:\/\/i1.wp.com\/www.light-style.eu\/studiosite\/wp-content\/uploads\/2020\/07\/foodfotografie-1.jpg?strip=info&#038;w=1200&#038;ssl=1 1200w\" alt=\"Photographie culinaire\" data-height=\"800\" data-id=\"39296\" data-link=\"https:\/\/www.light-style.eu\/bonjour\/willkommen\/werbe-businessfotografie\/foodfotografie\/foodfotografie-2\/\" data-url=\"https:\/\/www.light-style.eu\/studiosite\/wp-content\/uploads\/2020\/07\/foodfotografie-1.jpg\" data-width=\"1200\" src=\"https:\/\/i1.wp.com\/www.light-style.eu\/studiosite\/wp-content\/uploads\/2020\/07\/foodfotografie-1.jpg?ssl=1\" data-amp-layout=\"responsive\"><\/figure><figure class=\"tiled-gallery__item\"><img decoding=\"async\" role=\"button\" tabindex=\"0\" aria-label=\"Ouvrir l\u2019image 5 sur 20 en plein \u00e9cran\"srcset=\"https:\/\/i2.wp.com\/www.light-style.eu\/studiosite\/wp-content\/uploads\/2016\/09\/foodfotografie-13.jpg?strip=info&#038;w=600&#038;ssl=1 600w,https:\/\/i2.wp.com\/www.light-style.eu\/studiosite\/wp-content\/uploads\/2016\/09\/foodfotografie-13.jpg?strip=info&#038;w=900&#038;ssl=1 900w,https:\/\/i2.wp.com\/www.light-style.eu\/studiosite\/wp-content\/uploads\/2016\/09\/foodfotografie-13.jpg?strip=info&#038;w=1200&#038;ssl=1 1200w\" alt=\"Photographie culinaire\" data-height=\"800\" data-id=\"601\" data-link=\"https:\/\/www.light-style.eu\/bonjour\/willkommen\/werbe-businessfotografie\/foodfotografie\/sushi-72-bearbeitet-kopie-kopie\/\" data-url=\"https:\/\/www.light-style.eu\/studiosite\/wp-content\/uploads\/2016\/09\/foodfotografie-13.jpg\" data-width=\"1200\" src=\"https:\/\/i2.wp.com\/www.light-style.eu\/studiosite\/wp-content\/uploads\/2016\/09\/foodfotografie-13.jpg?ssl=1\" data-amp-layout=\"responsive\"><\/figure><\/div><div class=\"tiled-gallery__col\" style=\"flex-basis:21.154037474598773%\"><figure class=\"tiled-gallery__item\"><img decoding=\"async\" role=\"button\" tabindex=\"0\" aria-label=\"Ouvrir l\u2019image 6 sur 20 en plein \u00e9cran\"srcset=\"https:\/\/i2.wp.com\/www.light-style.eu\/studiosite\/wp-content\/uploads\/2016\/09\/foodfotografie-14.jpg?strip=info&#038;w=600&#038;ssl=1 600w,https:\/\/i2.wp.com\/www.light-style.eu\/studiosite\/wp-content\/uploads\/2016\/09\/foodfotografie-14.jpg?strip=info&#038;w=900&#038;ssl=1 900w,https:\/\/i2.wp.com\/www.light-style.eu\/studiosite\/wp-content\/uploads\/2016\/09\/foodfotografie-14.jpg?strip=info&#038;w=1200&#038;ssl=1 1200w\" alt=\"Photographie culinaire\" data-height=\"800\" data-id=\"602\" data-link=\"https:\/\/www.light-style.eu\/bonjour\/willkommen\/werbe-businessfotografie\/foodfotografie\/sushi-112-bearbeitet-kopie-kopie\/\" data-url=\"https:\/\/www.light-style.eu\/studiosite\/wp-content\/uploads\/2016\/09\/foodfotografie-14.jpg\" data-width=\"1200\" src=\"https:\/\/i2.wp.com\/www.light-style.eu\/studiosite\/wp-content\/uploads\/2016\/09\/foodfotografie-14.jpg?ssl=1\" data-amp-layout=\"responsive\"><\/figure><figure class=\"tiled-gallery__item\"><img decoding=\"async\" role=\"button\" tabindex=\"0\" aria-label=\"Ouvrir l\u2019image 7 sur 20 en plein \u00e9cran\"srcset=\"https:\/\/i1.wp.com\/www.light-style.eu\/studiosite\/wp-content\/uploads\/2016\/09\/foodfotografie-15.jpg?strip=info&#038;w=600&#038;ssl=1 600w,https:\/\/i1.wp.com\/www.light-style.eu\/studiosite\/wp-content\/uploads\/2016\/09\/foodfotografie-15.jpg?strip=info&#038;w=900&#038;ssl=1 900w,https:\/\/i1.wp.com\/www.light-style.eu\/studiosite\/wp-content\/uploads\/2016\/09\/foodfotografie-15.jpg?strip=info&#038;w=1200&#038;ssl=1 1200w\" alt=\"Photographie culinaire\" data-height=\"800\" data-id=\"603\" data-link=\"https:\/\/www.light-style.eu\/bonjour\/willkommen\/werbe-businessfotografie\/foodfotografie\/sushi-24-bearbeitet-kopie-kopie\/\" data-url=\"https:\/\/www.light-style.eu\/studiosite\/wp-content\/uploads\/2016\/09\/foodfotografie-15.jpg\" data-width=\"1200\" src=\"https:\/\/i1.wp.com\/www.light-style.eu\/studiosite\/wp-content\/uploads\/2016\/09\/foodfotografie-15.jpg?ssl=1\" data-amp-layout=\"responsive\"><\/figure><figure class=\"tiled-gallery__item\"><img decoding=\"async\" role=\"button\" tabindex=\"0\" aria-label=\"Ouvrir l\u2019image 8 sur 20 en plein \u00e9cran\"srcset=\"https:\/\/i1.wp.com\/www.light-style.eu\/studiosite\/wp-content\/uploads\/2016\/09\/foodfotografie-16.jpg?strip=info&#038;w=600&#038;ssl=1 600w,https:\/\/i1.wp.com\/www.light-style.eu\/studiosite\/wp-content\/uploads\/2016\/09\/foodfotografie-16.jpg?strip=info&#038;w=900&#038;ssl=1 900w,https:\/\/i1.wp.com\/www.light-style.eu\/studiosite\/wp-content\/uploads\/2016\/09\/foodfotografie-16.jpg?strip=info&#038;w=1200&#038;ssl=1 1200w\" alt=\"Photographie culinaire\" data-height=\"799\" data-id=\"604\" data-link=\"https:\/\/www.light-style.eu\/bonjour\/willkommen\/werbe-businessfotografie\/foodfotografie\/kuchen-1-hdr-kopie\/\" data-url=\"https:\/\/www.light-style.eu\/studiosite\/wp-content\/uploads\/2016\/09\/foodfotografie-16.jpg\" data-width=\"1200\" src=\"https:\/\/i1.wp.com\/www.light-style.eu\/studiosite\/wp-content\/uploads\/2016\/09\/foodfotografie-16.jpg?ssl=1\" data-amp-layout=\"responsive\"><\/figure><figure class=\"tiled-gallery__item\"><img decoding=\"async\" role=\"button\" tabindex=\"0\" aria-label=\"Ouvrir l\u2019image 9 sur 20 en plein \u00e9cran\"srcset=\"https:\/\/i0.wp.com\/www.light-style.eu\/studiosite\/wp-content\/uploads\/2016\/09\/foodfotografie-17.jpg?strip=info&#038;w=600&#038;ssl=1 600w,https:\/\/i0.wp.com\/www.light-style.eu\/studiosite\/wp-content\/uploads\/2016\/09\/foodfotografie-17.jpg?strip=info&#038;w=806&#038;ssl=1 806w\" alt=\"Photographie culinaire\" data-height=\"1200\" data-id=\"605\" data-link=\"https:\/\/www.light-style.eu\/bonjour\/willkommen\/werbe-businessfotografie\/foodfotografie\/steak-2hdr-kopie\/\" data-url=\"https:\/\/www.light-style.eu\/studiosite\/wp-content\/uploads\/2016\/09\/foodfotografie-17.jpg\" data-width=\"806\" src=\"https:\/\/i0.wp.com\/www.light-style.eu\/studiosite\/wp-content\/uploads\/2016\/09\/foodfotografie-17.jpg?ssl=1\" data-amp-layout=\"responsive\"><\/figure><figure class=\"tiled-gallery__item\"><img decoding=\"async\" role=\"button\" tabindex=\"0\" aria-label=\"Ouvrir l\u2019image 10 sur 20 en plein \u00e9cran\"srcset=\"https:\/\/i0.wp.com\/www.light-style.eu\/studiosite\/wp-content\/uploads\/2020\/07\/foodfotografie-2.jpg?strip=info&#038;w=600&#038;ssl=1 600w,https:\/\/i0.wp.com\/www.light-style.eu\/studiosite\/wp-content\/uploads\/2020\/07\/foodfotografie-2.jpg?strip=info&#038;w=800&#038;ssl=1 800w\" alt=\"Photographie culinaire\" data-height=\"1200\" data-id=\"39298\" data-link=\"https:\/\/www.light-style.eu\/bonjour\/willkommen\/werbe-businessfotografie\/foodfotografie\/foodfotografie-3\/\" data-url=\"https:\/\/www.light-style.eu\/studiosite\/wp-content\/uploads\/2020\/07\/foodfotografie-2.jpg\" data-width=\"800\" src=\"https:\/\/i0.wp.com\/www.light-style.eu\/studiosite\/wp-content\/uploads\/2020\/07\/foodfotografie-2.jpg?ssl=1\" data-amp-layout=\"responsive\"><\/figure><\/div><div class=\"tiled-gallery__col\" style=\"flex-basis:39.123009423954066%\"><figure class=\"tiled-gallery__item\"><img decoding=\"async\" role=\"button\" tabindex=\"0\" aria-label=\"Ouvrir l\u2019image 11 sur 20 en plein \u00e9cran\"srcset=\"https:\/\/i2.wp.com\/www.light-style.eu\/studiosite\/wp-content\/uploads\/2016\/09\/foodfotografie-18.jpg?strip=info&#038;w=600&#038;ssl=1 600w,https:\/\/i2.wp.com\/www.light-style.eu\/studiosite\/wp-content\/uploads\/2016\/09\/foodfotografie-18.jpg?strip=info&#038;w=900&#038;ssl=1 900w,https:\/\/i2.wp.com\/www.light-style.eu\/studiosite\/wp-content\/uploads\/2016\/09\/foodfotografie-18.jpg?strip=info&#038;w=1200&#038;ssl=1 1200w\" alt=\"Photographie culinaire\" data-height=\"798\" data-id=\"606\" data-link=\"https:\/\/www.light-style.eu\/bonjour\/willkommen\/werbe-businessfotografie\/foodfotografie\/steak-3hdr-kopie\/\" data-url=\"https:\/\/www.light-style.eu\/studiosite\/wp-content\/uploads\/2016\/09\/foodfotografie-18.jpg\" data-width=\"1200\" src=\"https:\/\/i2.wp.com\/www.light-style.eu\/studiosite\/wp-content\/uploads\/2016\/09\/foodfotografie-18.jpg?ssl=1\" data-amp-layout=\"responsive\"><\/figure><figure class=\"tiled-gallery__item\"><img decoding=\"async\" role=\"button\" tabindex=\"0\" aria-label=\"Ouvrir l\u2019image 12 sur 20 en plein \u00e9cran\"srcset=\"https:\/\/i1.wp.com\/www.light-style.eu\/studiosite\/wp-content\/uploads\/2016\/09\/foodfotografie-11.jpg?strip=info&#038;w=600&#038;ssl=1 600w,https:\/\/i1.wp.com\/www.light-style.eu\/studiosite\/wp-content\/uploads\/2016\/09\/foodfotografie-11.jpg?strip=info&#038;w=900&#038;ssl=1 900w,https:\/\/i1.wp.com\/www.light-style.eu\/studiosite\/wp-content\/uploads\/2016\/09\/foodfotografie-11.jpg?strip=info&#038;w=1200&#038;ssl=1 1200w\" alt=\"Photographie culinaire\" data-height=\"800\" data-id=\"599\" data-link=\"https:\/\/www.light-style.eu\/bonjour\/willkommen\/werbe-businessfotografie\/foodfotografie\/sushi-63-bearbeitet-kopie-kopie\/\" data-url=\"https:\/\/www.light-style.eu\/studiosite\/wp-content\/uploads\/2016\/09\/foodfotografie-11.jpg\" data-width=\"1200\" src=\"https:\/\/i1.wp.com\/www.light-style.eu\/studiosite\/wp-content\/uploads\/2016\/09\/foodfotografie-11.jpg?ssl=1\" data-amp-layout=\"responsive\"><\/figure><figure class=\"tiled-gallery__item\"><img decoding=\"async\" role=\"button\" tabindex=\"0\" aria-label=\"Ouvrir l\u2019image 13 sur 20 en plein \u00e9cran\"srcset=\"https:\/\/i1.wp.com\/www.light-style.eu\/studiosite\/wp-content\/uploads\/2016\/09\/werbe-businessfotografie-44.jpg?strip=info&#038;w=600&#038;ssl=1 600w,https:\/\/i1.wp.com\/www.light-style.eu\/studiosite\/wp-content\/uploads\/2016\/09\/werbe-businessfotografie-44.jpg?strip=info&#038;w=900&#038;ssl=1 900w,https:\/\/i1.wp.com\/www.light-style.eu\/studiosite\/wp-content\/uploads\/2016\/09\/werbe-businessfotografie-44.jpg?strip=info&#038;w=1200&#038;ssl=1 1200w\" alt=\"Publicit\u00e9 et photographie d\u2019affaires\" data-height=\"800\" data-id=\"453\" data-link=\"https:\/\/www.light-style.eu\/bonjour\/willkommen\/werbe-businessfotografie\/sushi-112-bearbeitet-kopie-2\/\" data-url=\"https:\/\/www.light-style.eu\/studiosite\/wp-content\/uploads\/2016\/09\/werbe-businessfotografie-44.jpg\" data-width=\"1200\" src=\"https:\/\/i1.wp.com\/www.light-style.eu\/studiosite\/wp-content\/uploads\/2016\/09\/werbe-businessfotografie-44.jpg?ssl=1\" data-amp-layout=\"responsive\"><\/figure><figure class=\"tiled-gallery__item\"><img decoding=\"async\" role=\"button\" tabindex=\"0\" aria-label=\"Ouvrir l\u2019image 14 sur 20 en plein \u00e9cran\"srcset=\"https:\/\/i1.wp.com\/www.light-style.eu\/studiosite\/wp-content\/uploads\/2016\/09\/werbe-businessfotografie-4.jpg?strip=info&#038;w=600&#038;ssl=1 600w,https:\/\/i1.wp.com\/www.light-style.eu\/studiosite\/wp-content\/uploads\/2016\/09\/werbe-businessfotografie-4.jpg?strip=info&#038;w=700&#038;ssl=1 700w\" alt=\"Publicit\u00e9 et photographie d\u2019affaires\" data-height=\"467\" data-id=\"413\" data-link=\"https:\/\/www.light-style.eu\/bonjour\/willkommen\/werbe-businessfotografie\/werbung-13\/\" data-url=\"https:\/\/www.light-style.eu\/studiosite\/wp-content\/uploads\/2016\/09\/werbe-businessfotografie-4.jpg\" data-width=\"700\" src=\"https:\/\/i1.wp.com\/www.light-style.eu\/studiosite\/wp-content\/uploads\/2016\/09\/werbe-businessfotografie-4.jpg?ssl=1\" data-amp-layout=\"responsive\"><\/figure><\/div><div class=\"tiled-gallery__col\" style=\"flex-basis:14.559598291412659%\"><figure class=\"tiled-gallery__item\"><img decoding=\"async\" role=\"button\" tabindex=\"0\" aria-label=\"Ouvrir l\u2019image 15 sur 20 en plein \u00e9cran\"srcset=\"https:\/\/i2.wp.com\/www.light-style.eu\/studiosite\/wp-content\/uploads\/2016\/09\/foodfotografie-30.jpg?strip=info&#038;w=600&#038;ssl=1 600w,https:\/\/i2.wp.com\/www.light-style.eu\/studiosite\/wp-content\/uploads\/2016\/09\/foodfotografie-30.jpg?strip=info&#038;w=800&#038;ssl=1 800w\" alt=\"Photographie culinaire\" data-height=\"1200\" data-id=\"845\" data-link=\"https:\/\/www.light-style.eu\/bonjour\/willkommen\/werbe-businessfotografie\/foodfotografie\/garnelen-1\/\" data-url=\"https:\/\/www.light-style.eu\/studiosite\/wp-content\/uploads\/2016\/09\/foodfotografie-30.jpg\" data-width=\"800\" src=\"https:\/\/i2.wp.com\/www.light-style.eu\/studiosite\/wp-content\/uploads\/2016\/09\/foodfotografie-30.jpg?ssl=1\" data-amp-layout=\"responsive\"><\/figure><figure class=\"tiled-gallery__item\"><img decoding=\"async\" role=\"button\" tabindex=\"0\" aria-label=\"Ouvrir l\u2019image 16 sur 20 en plein \u00e9cran\"srcset=\"https:\/\/i1.wp.com\/www.light-style.eu\/studiosite\/wp-content\/uploads\/2016\/09\/foodfotografie-31.jpg?strip=info&#038;w=600&#038;ssl=1 600w,https:\/\/i1.wp.com\/www.light-style.eu\/studiosite\/wp-content\/uploads\/2016\/09\/foodfotografie-31.jpg?strip=info&#038;w=800&#038;ssl=1 800w\" alt=\"Photographie culinaire\" data-height=\"1200\" data-id=\"847\" data-link=\"https:\/\/www.light-style.eu\/bonjour\/willkommen\/werbe-businessfotografie\/foodfotografie\/garnelen-2\/\" data-url=\"https:\/\/www.light-style.eu\/studiosite\/wp-content\/uploads\/2016\/09\/foodfotografie-31.jpg\" data-width=\"800\" src=\"https:\/\/i1.wp.com\/www.light-style.eu\/studiosite\/wp-content\/uploads\/2016\/09\/foodfotografie-31.jpg?ssl=1\" data-amp-layout=\"responsive\"><\/figure><figure class=\"tiled-gallery__item\"><img decoding=\"async\" role=\"button\" tabindex=\"0\" aria-label=\"Ouvrir l\u2019image 17 sur 20 en plein \u00e9cran\"srcset=\"https:\/\/i1.wp.com\/www.light-style.eu\/studiosite\/wp-content\/uploads\/2016\/09\/foodfotografie-32.jpg?strip=info&#038;w=600&#038;ssl=1 600w,https:\/\/i1.wp.com\/www.light-style.eu\/studiosite\/wp-content\/uploads\/2016\/09\/foodfotografie-32.jpg?strip=info&#038;w=900&#038;ssl=1 900w,https:\/\/i1.wp.com\/www.light-style.eu\/studiosite\/wp-content\/uploads\/2016\/09\/foodfotografie-32.jpg?strip=info&#038;w=1200&#038;ssl=1 1200w\" alt=\"Photographie culinaire\" data-height=\"800\" data-id=\"948\" data-link=\"https:\/\/www.light-style.eu\/bonjour\/willkommen\/werbe-businessfotografie\/foodfotografie\/belegtes-broetchen-1\/\" data-url=\"https:\/\/www.light-style.eu\/studiosite\/wp-content\/uploads\/2016\/09\/foodfotografie-32.jpg\" data-width=\"1200\" src=\"https:\/\/i1.wp.com\/www.light-style.eu\/studiosite\/wp-content\/uploads\/2016\/09\/foodfotografie-32.jpg?ssl=1\" data-amp-layout=\"responsive\"><\/figure><figure class=\"tiled-gallery__item\"><img decoding=\"async\" role=\"button\" tabindex=\"0\" aria-label=\"Ouvrir l\u2019image 18 sur 20 en plein \u00e9cran\"srcset=\"https:\/\/i1.wp.com\/www.light-style.eu\/studiosite\/wp-content\/uploads\/2016\/09\/werbe-businessfotografie-54.jpg?strip=info&#038;w=600&#038;ssl=1 600w,https:\/\/i1.wp.com\/www.light-style.eu\/studiosite\/wp-content\/uploads\/2016\/09\/werbe-businessfotografie-54.jpg?strip=info&#038;w=800&#038;ssl=1 800w\" alt=\"Publicit\u00e9 et photographie d\u2019affaires\" data-height=\"1200\" data-id=\"959\" data-link=\"https:\/\/www.light-style.eu\/bonjour\/willkommen\/werbe-businessfotografie\/pralinen-30\/\" data-url=\"https:\/\/www.light-style.eu\/studiosite\/wp-content\/uploads\/2016\/09\/werbe-businessfotografie-54.jpg\" data-width=\"800\" src=\"https:\/\/i1.wp.com\/www.light-style.eu\/studiosite\/wp-content\/uploads\/2016\/09\/werbe-businessfotografie-54.jpg?ssl=1\" data-amp-layout=\"responsive\"><\/figure><figure class=\"tiled-gallery__item\"><img decoding=\"async\" role=\"button\" tabindex=\"0\" aria-label=\"Ouvrir l\u2019image 19 sur 20 en plein \u00e9cran\"srcset=\"https:\/\/i0.wp.com\/www.light-style.eu\/studiosite\/wp-content\/uploads\/2020\/07\/foodfotografie.jpg?strip=info&#038;w=600&#038;ssl=1 600w,https:\/\/i0.wp.com\/www.light-style.eu\/studiosite\/wp-content\/uploads\/2020\/07\/foodfotografie.jpg?strip=info&#038;w=900&#038;ssl=1 900w,https:\/\/i0.wp.com\/www.light-style.eu\/studiosite\/wp-content\/uploads\/2020\/07\/foodfotografie.jpg?strip=info&#038;w=1200&#038;ssl=1 1200w\" alt=\"Photographie culinaire\" data-height=\"800\" data-id=\"39295\" data-link=\"https:\/\/www.light-style.eu\/bonjour\/willkommen\/werbe-businessfotografie\/foodfotografie\/foodfotografie\/\" data-url=\"https:\/\/www.light-style.eu\/studiosite\/wp-content\/uploads\/2020\/07\/foodfotografie.jpg\" data-width=\"1200\" src=\"https:\/\/i0.wp.com\/www.light-style.eu\/studiosite\/wp-content\/uploads\/2020\/07\/foodfotografie.jpg?ssl=1\" data-amp-layout=\"responsive\"><\/figure><figure class=\"tiled-gallery__item\"><img decoding=\"async\" role=\"button\" tabindex=\"0\" aria-label=\"Ouvrir l\u2019image 20 sur 20 en plein \u00e9cran\"srcset=\"https:\/\/i2.wp.com\/www.light-style.eu\/studiosite\/wp-content\/uploads\/2020\/07\/foodfotografie-3.jpg?strip=info&#038;w=600&#038;ssl=1 600w,https:\/\/i2.wp.com\/www.light-style.eu\/studiosite\/wp-content\/uploads\/2020\/07\/foodfotografie-3.jpg?strip=info&#038;w=800&#038;ssl=1 800w\" alt=\"Photographie culinaire\" data-height=\"1200\" data-id=\"39299\" data-link=\"https:\/\/www.light-style.eu\/bonjour\/willkommen\/werbe-businessfotografie\/foodfotografie\/foodfotografie-4\/\" data-url=\"https:\/\/www.light-style.eu\/studiosite\/wp-content\/uploads\/2020\/07\/foodfotografie-3.jpg\" data-width=\"800\" src=\"https:\/\/i2.wp.com\/www.light-style.eu\/studiosite\/wp-content\/uploads\/2020\/07\/foodfotografie-3.jpg?ssl=1\" data-amp-layout=\"responsive\"><\/figure><\/div><\/div><\/div><\/div>\n","protected":false},"excerpt":{"rendered":"<p>C\u2019est un sujet assez controvers\u00e9. Pourquoi controvers\u00e9? En principe, il existe 2 variantes de la photographie culinaire, dans lesquelles vous pouvez manger le menu photographi\u00e9, puis la variante dans laquelle la nourriture est trait\u00e9e avec tous les moyens de l\u2019art, de telle sorte que personne ne devrait plus la manger. Pour ma part, je fais&hellip;<\/p>\n","protected":false},"author":1,"featured_media":0,"parent":66973,"menu_order":0,"comment_status":"closed","ping_status":"closed","template":"","meta":{"advanced_seo_description":"","jetpack_seo_html_title":"","jetpack_seo_noindex":false,"ngg_post_thumbnail":0,"footnotes":""},"class_list":["post-67193","page","type-page","status-publish","hentry","entry","no-media"],"jetpack_likes_enabled":true,"jetpack_sharing_enabled":true,"_links":{"self":[{"href":"https:\/\/www.light-style.eu\/fr\/wp-json\/wp\/v2\/pages\/67193","targetHints":{"allow":["GET"]}}],"collection":[{"href":"https:\/\/www.light-style.eu\/fr\/wp-json\/wp\/v2\/pages"}],"about":[{"href":"https:\/\/www.light-style.eu\/fr\/wp-json\/wp\/v2\/types\/page"}],"author":[{"embeddable":true,"href":"https:\/\/www.light-style.eu\/fr\/wp-json\/wp\/v2\/users\/1"}],"replies":[{"embeddable":true,"href":"https:\/\/www.light-style.eu\/fr\/wp-json\/wp\/v2\/comments?post=67193"}],"version-history":[{"count":0,"href":"https:\/\/www.light-style.eu\/fr\/wp-json\/wp\/v2\/pages\/67193\/revisions"}],"up":[{"embeddable":true,"href":"https:\/\/www.light-style.eu\/fr\/wp-json\/wp\/v2\/pages\/66973"}],"wp:attachment":[{"href":"https:\/\/www.light-style.eu\/fr\/wp-json\/wp\/v2\/media?parent=67193"}],"curies":[{"name":"wp","href":"https:\/\/api.w.org\/{rel}","templated":true}]}}