{"id":67195,"date":"2023-02-08T11:44:28","date_gmt":"2023-02-08T10:44:28","guid":{"rendered":"https:\/\/www.light-style.eu\/photos-du-passeport-et-de-la-demande\/"},"modified":"2025-05-05T15:36:52","modified_gmt":"2025-05-05T13:36:52","slug":"photos-du-passeport-et-de-la-demande","status":"publish","type":"page","link":"https:\/\/www.light-style.eu\/fr\/photographie\/pourquoi-sommes-nous-differents\/bienvenue\/portraits\/photos-du-passeport-et-de-la-demande\/","title":{"rendered":"Photos du passeport et de la demande"},"content":{"rendered":"\n<figure class=\"wp-block-image alignleft size-large is-resized\"><img data-recalc-dims=\"1\" loading=\"lazy\" decoding=\"async\" width=\"980\" height=\"529\" src=\"https:\/\/i0.wp.com\/www.light-style.eu\/studiosite\/wp-content\/uploads\/2025\/04\/Logo_alfo_passbild_pfade_weissmitrotemPunkt.png?resize=980%2C529&#038;ssl=1\" alt=\"\" class=\"wp-image-97970\" style=\"width:215px;height:auto\" srcset=\"https:\/\/i0.wp.com\/www.light-style.eu\/studiosite\/wp-content\/uploads\/2025\/04\/Logo_alfo_passbild_pfade_weissmitrotemPunkt.png?resize=1300%2C702&amp;ssl=1 1300w, https:\/\/i0.wp.com\/www.light-style.eu\/studiosite\/wp-content\/uploads\/2025\/04\/Logo_alfo_passbild_pfade_weissmitrotemPunkt.png?resize=300%2C162&amp;ssl=1 300w, https:\/\/i0.wp.com\/www.light-style.eu\/studiosite\/wp-content\/uploads\/2025\/04\/Logo_alfo_passbild_pfade_weissmitrotemPunkt.png?resize=768%2C415&amp;ssl=1 768w, https:\/\/i0.wp.com\/www.light-style.eu\/studiosite\/wp-content\/uploads\/2025\/04\/Logo_alfo_passbild_pfade_weissmitrotemPunkt.png?resize=600%2C324&amp;ssl=1 600w, https:\/\/i0.wp.com\/www.light-style.eu\/studiosite\/wp-content\/uploads\/2025\/04\/Logo_alfo_passbild_pfade_weissmitrotemPunkt.png?w=1315&amp;ssl=1 1315w\" sizes=\"auto, (max-width: 980px) 100vw, 980px\" \/><\/figure>\n\n<p class=\"has-text-align-center has-vivid-purple-color has-text-color has-background\" style=\"background-color:#a0f0d0\"><a href=\"https:\/\/www.light-style.eu\/fr\/photographie\/prenez-rendez-vous-maintenant\/\"><strong>Sur rendez-vous seulement.\nIci, vous pouvez r\u00e9server directement en ligne.\nRapide et facile  <\/strong>  \u2013 Vers l\u2019outil de r\u00e9servation<\/a><\/p>\n\n<p><em><strong><span style=\"font-size: 21px;\">Des photographies dont nous avons tous besoin<\/span><\/strong><\/em><\/p>\n\n<p><a href=\"#bewerbungen\">Directement aux photos de l\u2019application<\/a><\/p>\n\n<figure class=\"wp-block-image aligncenter is-resized\"><a href=\"https:\/\/www.light-style.eu\/bonjour\/willkommen\/portraets\/pass-bewerbungsfotos\/passfotos-biometrisch\/\"><img data-recalc-dims=\"1\" height=\"200\" width=\"300\" decoding=\"async\" src=\"https:\/\/i0.wp.com\/www.light-style.eu\/studiosite\/wp-content\/uploads\/2016\/09\/pa%C3%9F-bewerbungsfotos.jpg?resize=300%2C200&#038;ssl=1\" alt=\"Photos du passeport et de la demande\" class=\"wp-image-758\"\/><\/a><figcaption class=\"wp-element-caption\">Photo d&rsquo;identit\u00e9 \u00e9lectronique et photo d&rsquo;identit\u00e9 papier, vous obtiendrez les deux chez nous<\/figcaption><\/figure>\n\n<p><strong>NOUVEAU \u00c0 PARTIR DU 1ER MAI 2025 \u2013 PHOTO D&rsquo;IDENTIT\u00c9 \u00c9LECTRONIQUE UNIQUEMENT PAR UN PHOTOGRAPHE AGR\u00c9\u00c9<\/strong><br\/><strong>S\u00e9curit\u00e9, qualit\u00e9 et transmission num\u00e9rique en un seul service<\/strong><\/p>\n\n<p><strong>\u00c0 partir du 1er mai 2025, de nouvelles directives pour les photos d&rsquo;identit\u00e9 entreront en vigueur en Allemagne : <\/strong>Pour toutes les nouvelles cartes d&rsquo;identit\u00e9, passeports et titres de s\u00e9jour, la photo d&rsquo;identit\u00e9 devra \u00eatre transmise num\u00e9riquement et de mani\u00e8re infalsifiable \u00e0 l&rsquo;autorit\u00e9 comp\u00e9tente \u2013 ce que l&rsquo;on appelle <strong>la photo d&rsquo;identit\u00e9 \u00e9lectronique<\/strong>. Cela modifie fondamentalement l&rsquo;ensemble du processus de cr\u00e9ation de photos d&rsquo;identit\u00e9. <\/p>\n\n<p><strong>Pourquoi le bureau administratif et les automates ne suffisent d\u00e9sormais plus<\/strong><br\/>La cr\u00e9ation de photographies d&rsquo;identit\u00e9 \u00e9lectroniques ne sera dor\u00e9navant possible que par l&rsquo;interm\u00e9diaire de <strong>photographes certifi\u00e9s et de prestataires de services s\u00e9lectionn\u00e9s<\/strong>. <strong>Les photographies issues d&rsquo;automates conventionnels ou les impressions apport\u00e9es par les particuliers ne seront plus accept\u00e9es<\/strong>. De m\u00eame, la prise de photographie directement au bureau administratif sera supprim\u00e9e dans de nombreux cas, \u00e9tant donn\u00e9 que de nombreuses administrations s&rsquo;appuient sur des partenaires externes qualifi\u00e9s. En effet, la prise de photographie \u00e0 l&rsquo;automate doit s&rsquo;effectuer sous surveillance !  <\/p>\n\n<p><strong>Avantages chez nous en studio photo \u2013 Votre connexion s\u00e9curis\u00e9e avec l&rsquo;administration<\/strong><\/p>\n\n<p>\u2705 <strong>Certifi\u00e9 officiellement<\/strong> : Nous sommes un fournisseur de photos d&rsquo;identit\u00e9 \u00e9lectroniques officiellement agr\u00e9\u00e9. Votre photo biom\u00e9trique est transmise directement et de mani\u00e8re crypt\u00e9e \u00e0 l&rsquo;autorit\u00e9 comp\u00e9tente \u2013 y compris le code photo que vous devez pr\u00e9senter lors de votre demande. <\/p>\n\n<p>\u2705 <strong>Biom\u00e9triquement correct et reconnu officiellement<\/strong> : Gr\u00e2ce \u00e0 notre longue exp\u00e9rience, nous vous garantissons des images conformes \u00e0 toutes les normes actuelles \u2013 du bon cadrage du visage \u00e0 l&rsquo;\u00e9clairage pr\u00e9cis.<\/p>\n\n<p>\u2705 <strong>Discret et professionnel<\/strong> : Au lieu de bornes automatiques publiques, vous b\u00e9n\u00e9ficiez chez nous d&rsquo;une prise de vue personnelle dans une atmosph\u00e8re de studio agr\u00e9able \u2013 particuli\u00e8rement adapt\u00e9e aux enfants, aux personnes \u00e2g\u00e9es ou aux personnes ayant des besoins sp\u00e9cifiques.<\/p>\n\n<p>\u2705 <strong>S\u00fbr et conforme \u00e0 la protection des donn\u00e9es<\/strong> : Vos images sont trait\u00e9es conform\u00e9ment au RGPD et utilis\u00e9es exclusivement aux fins pr\u00e9vues. Pas de transfert de donn\u00e9es non s\u00e9curis\u00e9, pas de stockage inutile. <\/p>\n\n<p>\u2705 <strong>Les photos d&rsquo;identit\u00e9 \u00e9lectroniques des nourrissons<\/strong> doivent d\u00e9sormais (malheureusement) \u00e9galement <a href=\"https:\/\/www.google.com\/search?client=firefox-b-d&amp;q=e-passbild+baby\" target=\"_blank\" rel=\"noreferrer noopener\">se conformer aux r\u00e9glementations strictes<\/a>. Vous deviendrez fou en essayant de les obtenir dans un photomaton \ud83d\ude09 <\/p>\n\n<hr class=\"wp-block-separator has-alpha-channel-opacity\"\/>\n\n<p><strong>Conclusion :<\/strong><br\/>Avec la nouvelle proc\u00e9dure de photo d&rsquo;identit\u00e9 \u00e9lectronique, la photo d&rsquo;identit\u00e9 devient une composante num\u00e9rique du document d&rsquo;identit\u00e9. Ne laissez rien au hasard : faites r\u00e9aliser vos photos par un photographe professionnel et certifi\u00e9 \u2013 directement, en toute s\u00e9curit\u00e9 et reconnu officiellement. <\/p>\n\n<p><strong><a href=\"https:\/\/www.light-style.eu\/fr\/photographie\/prenez-rendez-vous-maintenant\/\" data-type=\"page\" data-id=\"39942\">Prenez rendez-vous maintenant \u2013 nous nous occupons de vos photos d&rsquo;identit\u00e9 num\u00e9riques !<\/a><\/strong><\/p>\n\n<p class=\"has-light-green-cyan-background-color has-background\"><strong><em>Pour les permis de conduire, \u00e0 ce jour, il est toujours n\u00e9cessaire d&rsquo;utiliser des photos papier. Les services des permis de conduire ne sont pas encore connect\u00e9s au syst\u00e8me de photo d&rsquo;identit\u00e9 \u00e9lectronique. C&rsquo;est-\u00e0-dire que nous pouvons encore retoucher l&rsquo;un ou l&rsquo;autre bouton, sur demande \ud83d\ude09  <\/em><\/strong><\/p>\n\n<p><span style=\"font-size: 21px;\">Bien que je trouve ces photographies d&rsquo;identit\u00e9 biom\u00e9triques g\u00e9n\u00e9ralement affreuses en tant que photographe, il est n\u00e9anmoins possible d&rsquo;exploiter au mieux les r\u00e9glementations actuellement en vigueur. M\u00eame si cela va vite, j&rsquo;ai <strong>une demande : appelez bri\u00e8vement pour voir si cela convient actuellement, ou <a href=\"https:\/\/www.light-style.eu\/fr\/photographie\/prenez-rendez-vous-maintenant\/\">prenez rendez-vous.<\/a><\/strong> Nous r\u00e9alisons pour vous \u00e0 la fois les photos d&rsquo;identit\u00e9 \u00e9lectroniques biom\u00e9triques, qui sont obligatoires pour la carte d&rsquo;identit\u00e9, le passeport et le bureau des \u00e9trangers, ainsi que la version agr\u00e9able pour les cartes de sport, les cartes d&rsquo;\u00e9tudiant, etc. Nous ne sommes pas autoris\u00e9s \u00e0 les retoucher dans ce sens, mais avec l&rsquo;\u00e9clairage et les corrections autoris\u00e9es, nous tirons le meilleur de vos photos d&rsquo;identit\u00e9.  <\/span><\/p>\n\n<p><span style=\"font-size: 21px;\"> \u00c0 partir de 20\u20ac seulement <\/span><\/p>\n\n<p>Pour les personnes alit\u00e9es \/ handicap\u00e9es, nous sommes \u00e9galement heureux de venir \u00e0 votre domicile<\/p>\n\n<figure class=\"wp-block-image aligncenter size-large is-resized\"><img data-recalc-dims=\"1\" loading=\"lazy\" decoding=\"async\" width=\"980\" height=\"529\" src=\"https:\/\/i0.wp.com\/www.light-style.eu\/studiosite\/wp-content\/uploads\/2025\/04\/Logo_alfo_passbild.png?resize=980%2C529&#038;ssl=1\" alt=\"\" class=\"wp-image-97965\" style=\"width:337px;height:auto\" srcset=\"https:\/\/i0.wp.com\/www.light-style.eu\/studiosite\/wp-content\/uploads\/2025\/04\/Logo_alfo_passbild.png?resize=1300%2C702&amp;ssl=1 1300w, https:\/\/i0.wp.com\/www.light-style.eu\/studiosite\/wp-content\/uploads\/2025\/04\/Logo_alfo_passbild.png?resize=300%2C162&amp;ssl=1 300w, https:\/\/i0.wp.com\/www.light-style.eu\/studiosite\/wp-content\/uploads\/2025\/04\/Logo_alfo_passbild.png?resize=768%2C415&amp;ssl=1 768w, https:\/\/i0.wp.com\/www.light-style.eu\/studiosite\/wp-content\/uploads\/2025\/04\/Logo_alfo_passbild.png?resize=600%2C324&amp;ssl=1 600w, https:\/\/i0.wp.com\/www.light-style.eu\/studiosite\/wp-content\/uploads\/2025\/04\/Logo_alfo_passbild.png?w=1315&amp;ssl=1 1315w\" sizes=\"auto, (max-width: 980px) 100vw, 980px\" \/><\/figure>\n\n<p class=\"has-background\" style=\"background-color:#edc7cf\">\u00c0 compter du 1er mai 2025, seules les photos d&rsquo;identit\u00e9 num\u00e9riques E-Passfotos seront imp\u00e9rativement accept\u00e9es pour les cartes d&rsquo;identit\u00e9, les passeports et les titres de s\u00e9jour. Une exception ne sera faite que si l&rsquo;administration n&rsquo;a pas encore proc\u00e9d\u00e9 \u00e0 la mise \u00e0 niveau n\u00e9cessaire. (Pour le permis de conduire, seules les photos papier resteront possibles.) Nous vous proposons bien entendu les deux options.    <a href=\"https:\/\/www.light-style.eu\/Blog\/neu-digitales-passfoto-ab-mai-25\/\" target=\"_blank\" rel=\"noreferrer noopener\">Vous trouverez de plus amples informations \u00e0 ce sujet sur notre blog.<\/a><\/p>\n\n<p class=\"has-text-align-center\"><strong>Selon l&rsquo;adage, vous vous rendez \u00e0 l&rsquo;administration et votre photographie d&rsquo;identit\u00e9 vous y attend d\u00e9j\u00e0<\/strong> \ud83d\ude09<\/p>\n\n<hr class=\"wp-block-separator has-alpha-channel-opacity\"\/>\n\n<hr class=\"wp-block-separator has-text-color has-black-color has-alpha-channel-opacity has-black-background-color has-background is-style-wide\" style=\"margin-top:var(--wp--preset--spacing--30);margin-bottom:var(--wp--preset--spacing--30)\"\/>\n\n<p class=\"has-text-align-center\" id=\"bewerbungen\" style=\"padding-top:0;padding-right:0;padding-bottom:0;padding-left:0;font-size:33px\"><strong><span style=\"font-size: 21px;\">Photos de l\u2019application<\/span><\/strong><\/p>\n\n<figure class=\"wp-block-image alignleft is-resized\"><a href=\"https:\/\/www.light-style.eu\/fr\/photographie\/pourquoi-sommes-nous-differents\/bienvenue\/portraits\/photos-du-passeport-et-de-la-demande\/_mg_0012-bearbeitet-2-2\/\"><img data-recalc-dims=\"1\" height=\"1300\" width=\"867\" decoding=\"async\" src=\"https:\/\/i0.wp.com\/www.light-style.eu\/studiosite\/wp-content\/uploads\/2019\/10\/pa%C3%9F-bewerbungsfotos-867x1300.jpg?resize=867%2C1300&#038;ssl=1\" alt=\"\" class=\"wp-image-8114\" style=\"width:370px;height:auto\"\/><\/a><\/figure>\n\n<p><span style=\"font-size: 21px;\"> <\/span><strong>Un vrai tournage \u2013 Ne vous inqui\u00e9tez pas, cela ne prendra pas une \u00e9ternit\u00e9 !<\/strong><\/p>\n\n<figure class=\"wp-block-image alignright is-resized\"><a href=\"https:\/\/www.light-style.eu\/fr\/photographie\/pourquoi-sommes-nous-differents\/bienvenue\/portraits\/photos-du-passeport-et-de-la-demande\/_mg_0049-bearbeitet-2-2\/\"><img data-recalc-dims=\"1\" height=\"300\" width=\"200\" decoding=\"async\" src=\"https:\/\/i0.wp.com\/www.light-style.eu\/studiosite\/wp-content\/uploads\/2016\/09\/pa%C3%9F-bewerbungsfotos-2.jpg?resize=200%2C300&#038;ssl=1\" alt=\"_mg_0049-&#xE9;dit&#xE9;-2\" class=\"wp-image-802\"\/><\/a><\/figure>\n\n<p>Bien s\u00fbr, une photo d\u2019application n\u2019est pas comme une s\u00e9ance photo de mode \u2013 mais la premi\u00e8re impression compte ! Et c\u2019est plus important que vous ne le pensez : notre cerveau d\u00e9cide en seulement 2\/10 de seconde si quelqu\u2019un semble \u00ab sympathique \u00bb ou \u00ab pas si sympathique \u00bb. Imaginez ce que cela donne avec une photo d\u2019identit\u00e9 biom\u00e9trique&#8230; \ud83d\ude09  <\/p>\n\n<p>D\u2019ailleurs, j\u2019ai r\u00e9guli\u00e8rement des responsables des ressources humaines dans le studio, et le sujet des photos d\u2019application est toujours un sujet de conversation br\u00fblant. Il y a des histoires dr\u00f4les ! Le meilleur \u00e9tait celui d\u2019un juge qui voulait s\u2019adresser au tribunal de district avec une photo en bikini. \ud83d\ude09 Mais je pr\u00e9f\u00e8re ne pas r\u00e9v\u00e9ler le r\u00e9sultat maintenant&#8230; \ud83d\ude09   <\/p>\n\n<p>Alors, faites-le bien ! Une photo d\u2019application professionnelle \u2013 authentique, bien \u00e9clair\u00e9e et parfaitement mise en sc\u00e8ne \u2013 vous permet de briller avec les bonnes vibrations d\u00e8s le d\u00e9part ! <\/p>\n\n<p><strong>Misez sur une apparence parfaite \u2013 avec des photos d\u2019application de haute qualit\u00e9 qui inspirent !<\/strong><\/p>\n\n<p>Dans le monde des candidatures, la premi\u00e8re impression compte. Votre photo de candidature doit non seulement \u00eatre belle, mais aussi souligner votre personnalit\u00e9 et votre professionnalisme. Avec un \u00e9clairage pr\u00e9cis, un langage corporel cibl\u00e9 et des retouches professionnelles, nous vous garantissons une photo dont on se souviendra.  <\/p>\n\n<p class=\"has-text-align-center\"><strong>Pas de place pour l&rsquo;IA et les applications \u2013 Les photos de candidature rel\u00e8vent de l&rsquo;expertise professionnelle<\/strong><br\/>Les photos de candidature g\u00e9n\u00e9r\u00e9es par l&rsquo;IA ou les applications paraissent souvent artificielles, interchangeables et manquent d&rsquo;authenticit\u00e9. <strong>Les cr\u00e9ations par IA sont d\u00e9tectables dans les m\u00e9tadonn\u00e9es des fichiers image.<\/strong><br\/>Un photographe professionnel vous mettra en valeur \u2013 avec une expression authentique, un langage corporel appropri\u00e9 et un souci du d\u00e9tail.<br\/>Car les recruteurs per\u00e7oivent la diff\u00e9rence : <strong>De v\u00e9ritables photographies inspirent confiance.<\/strong><\/p>\n\n<hr class=\"wp-block-separator has-alpha-channel-opacity\"\/>\n\n<figure class=\"wp-block-image alignleft size-large is-resized is-style-default\"><a href=\"https:\/\/www.light-style.eu\/fr\/photographie\/pourquoi-sommes-nous-differents\/bienvenue\/portraits\/photos-du-passeport-et-de-la-demande\/bewerbung-22020-bewerbungsfoto-freigabe-durch-kunden-rodowski-1-2\/\"><img data-recalc-dims=\"1\" decoding=\"async\" src=\"https:\/\/i0.wp.com\/www.light-style.eu\/studiosite\/wp-content\/uploads\/2020\/07\/pa%C3%9F-bewerbungsfotos-2.jpg?w=980&#038;ssl=1\" alt=\"\" class=\"wp-image-33811\" style=\"width:353px;height:auto\"\/><\/a><\/figure>\n\n<p><strong>Pourquoi nos photos d\u2019application ?<\/strong><\/p>\n\n<p class=\"has-medium-font-size\">\u2705<strong>\u00c9clairage ma\u00eetris\u00e9<\/strong> : Nous vous pla\u00e7ons sous un \u00e9clairage optimal et mettons en valeur vos meilleures qualit\u00e9s. Gr\u00e2ce \u00e0 un \u00e9clairage personnalis\u00e9, nous cr\u00e9ons une image \u00e0 la fois naturelle et saisissante. <\/p>\n\n<p class=\"has-medium-font-size\">\u2705<strong>Langage corporel expressif<\/strong> : Par des directives cibl\u00e9es, nous veillons \u00e0 ce que votre posture et votre expression faciale refl\u00e8tent votre assurance et votre comp\u00e9tence.<\/p>\n\n<p class=\"has-medium-font-size\">\u2705<strong>Retouche professionnelle<\/strong> : Nous affinons votre image par une retouche subtile qui pr\u00e9serve votre aura naturelle sans para\u00eetre artificielle \u2013 pour une impression g\u00e9n\u00e9rale authentique et convaincante.<\/p>\n\n<p>Misez sur une photo d\u2019application qui met vos points forts au premier plan. Prenez rendez-vous d\u00e8s aujourd\u2019hui et montrez votre meilleur c\u00f4t\u00e9 ! <\/p>\n\n<p><span style=\"font-size: 21px;\"><em>Nous sommes \u00e9galement heureux de vous conseiller sur les v\u00eatements, le style. Ici aussi, notre maquilleuse peut \u00eatre engag\u00e9e avec un d\u00e9lai appropri\u00e9 <\/em>n.  <\/span><\/p>\n\n<p><span style=\"font-size: 21px;\"><em>Et un traitement discret est \u00e9galement attendu des responsables RH. Entre autres choses, les responsables du personnel utilisent \u00e9galement le professionnalisme de la photo pour d\u00e9terminer le s\u00e9rieux d\u2019un candidat. <\/em><\/span><\/p>\n\nngg_shortcode_0_placeholder\n\n<p>En r\u00e8gle g\u00e9n\u00e9rale, nous proposons les options suivantes : tirages papier, fichier num\u00e9rique ou les deux, ainsi que des photographies non retouch\u00e9es ou retouch\u00e9es professionnellement (ce que nous recommandons g\u00e9n\u00e9ralement). Pour le fichier num\u00e9rique, vous recevrez \u00e0 la fois la version en couleur et en noir et blanc de votre photographie.<\/p>\n\n<p><span style=\"font-size: 21px;\">Pour conclure, posez-vous la question suivante : imaginez que vous soyez le directeur. Deux candidatures reposent sur votre bureau \u2013 l&rsquo;une avec une photo d&rsquo;identit\u00e9 ou un clich\u00e9 personnel, l&rsquo;autre avec une photographie de candidature professionnelle et impressionnante. Laquelle de ces candidatures convieriez-vous en premier pour un entretien ? La r\u00e9ponse est \u00e9vidente.   <\/span><\/p>\n\n<figure class=\"wp-block-image aligncenter size-large is-resized is-style-default\"><a href=\"https:\/\/www.light-style.eu\/bonjour\/willkommen\/portraets\/pass-bewerbungsfotos\/bewerbung-282020-bewerbungsfoto-freigabe-durch-kunden-justin\/\"><img data-recalc-dims=\"1\" decoding=\"async\" src=\"https:\/\/i0.wp.com\/www.light-style.eu\/studiosite\/wp-content\/uploads\/2020\/07\/pa%C3%9F-bewerbungsfotos.jpg?w=980&#038;ssl=1\" alt=\"\" class=\"wp-image-33812\" style=\"width:306px;height:auto\"\/><\/a><\/figure>\n\n<p><\/p>\n\n<p><strong>\n  <span style=\"font-size: 21px;\">Rendez-vous sous 06184-930505<\/span>\n<\/strong> ou via <strong>\n  <a href=\"https:\/\/www.light-style.eu\/fr\/photographie\/prenez-rendez-vous-maintenant\/\">notre outil en ligne<\/a>\n<\/strong><\/p>\n","protected":false},"excerpt":{"rendered":"<p>Sur rendez-vous seulement. Ici, vous pouvez r\u00e9server directement en ligne. Rapide et facile \u2013 Vers l\u2019outil de r\u00e9servation Directement aux photos de l\u2019application NOUVEAU \u00c0 PARTIR DU 1ER MAI 2025 \u2013 PHOTO D&rsquo;IDENTIT\u00c9 \u00c9LECTRONIQUE UNIQUEMENT PAR UN PHOTOGRAPHE AGR\u00c9\u00c9S\u00e9curit\u00e9, qualit\u00e9 et transmission num\u00e9rique en un seul service \u00c0 partir du 1er mai 2025, de nouvelles&hellip;<\/p>\n","protected":false},"author":1,"featured_media":0,"parent":67209,"menu_order":0,"comment_status":"closed","ping_status":"closed","template":"","meta":{"advanced_seo_description":"","jetpack_seo_html_title":"","jetpack_seo_noindex":false,"ngg_post_thumbnail":0,"footnotes":""},"class_list":["post-67195","page","type-page","status-publish","hentry","entry","no-media"],"jetpack_likes_enabled":true,"jetpack_sharing_enabled":true,"_links":{"self":[{"href":"https:\/\/www.light-style.eu\/fr\/wp-json\/wp\/v2\/pages\/67195","targetHints":{"allow":["GET"]}}],"collection":[{"href":"https:\/\/www.light-style.eu\/fr\/wp-json\/wp\/v2\/pages"}],"about":[{"href":"https:\/\/www.light-style.eu\/fr\/wp-json\/wp\/v2\/types\/page"}],"author":[{"embeddable":true,"href":"https:\/\/www.light-style.eu\/fr\/wp-json\/wp\/v2\/users\/1"}],"replies":[{"embeddable":true,"href":"https:\/\/www.light-style.eu\/fr\/wp-json\/wp\/v2\/comments?post=67195"}],"version-history":[{"count":0,"href":"https:\/\/www.light-style.eu\/fr\/wp-json\/wp\/v2\/pages\/67195\/revisions"}],"up":[{"embeddable":true,"href":"https:\/\/www.light-style.eu\/fr\/wp-json\/wp\/v2\/pages\/67209"}],"wp:attachment":[{"href":"https:\/\/www.light-style.eu\/fr\/wp-json\/wp\/v2\/media?parent=67195"}],"curies":[{"name":"wp","href":"https:\/\/api.w.org\/{rel}","templated":true}]}}